{"id":10464,"date":"2020-11-05T07:33:12","date_gmt":"2020-11-05T07:33:12","guid":{"rendered":"https:\/\/www.deepchill.com\/end-to-end-solutions\/system-configurations\/"},"modified":"2023-04-18T23:43:57","modified_gmt":"2023-04-18T23:43:57","slug":"system-configurations","status":"publish","type":"page","link":"https:\/\/www.deepchill.com\/es\/end-to-end-solutions\/system-configurations\/","title":{"rendered":"Configuraciones del Sistema"},"content":{"rendered":"<section class=\"l-section wpb_row height_medium dc-normal-font\"><div class=\"l-section-h i-cf\"><div class=\"g-cols vc_row type_default valign_top\"><div class=\"vc_col-sm-12 wpb_column vc_column_container\"><div class=\"vc_column-inner\"><div class=\"wpb_wrapper\"><div class=\"wpb_text_column\" ><div class=\"wpb_wrapper\"><h4>Los sistemas Deepchill<sup>\u00ae<\/sup> est\u00e1n disponibles en una variedad de configuraciones dise\u00f1adas para adaptarse a cualquier operaci\u00f3n.<\/h4>\n<\/div><\/div><\/div><\/div><\/div><\/div><\/div><\/section><section class=\"l-section wpb_row us_custom_887a049b height_medium dc-system-configuration-points-section dc-system-configurations-section\"><div class=\"l-section-h i-cf\"><div class=\"g-cols vc_row type_default valign_top\"><div class=\"vc_col-sm-4 wpb_column vc_column_container\"><div class=\"vc_column-inner\"><div class=\"wpb_wrapper\"><div class=\"w-image align_center\"><div class=\"w-image-h\"><img loading=\"lazy\" decoding=\"async\" width=\"8534\" height=\"8534\" src=\"https:\/\/www.deepchill.com\/wp-content\/uploads\/2023\/01\/storage-silo-based-systems-img.png\" class=\"attachment-full size-full\" alt=\"storage-silo-based-systems-img\" srcset=\"https:\/\/www.deepchill.com\/wp-content\/uploads\/2023\/01\/storage-silo-based-systems-img.png 8534w, https:\/\/www.deepchill.com\/wp-content\/uploads\/2023\/01\/storage-silo-based-systems-img-300x300.png 300w, https:\/\/www.deepchill.com\/wp-content\/uploads\/2023\/01\/storage-silo-based-systems-img-1024x1024.png 1024w, https:\/\/www.deepchill.com\/wp-content\/uploads\/2023\/01\/storage-silo-based-systems-img-150x150.png 150w\" sizes=\"auto, (max-width: 8534px) 100vw, 8534px\" \/><\/div><\/div><div class=\"wpb_text_column\" ><div class=\"wpb_wrapper\"><h3>Sistemas basados en silos de almacenamiento<\/h3>\n<p>Los sistemas basados en silos funcionan como una unidad de almacenamiento pasiva. El sistema de almacenamiento est\u00e1tico no requiere de agitaci\u00f3n continua o refrigeraci\u00f3n externa, lo que resulta en un bajo consumo de energ\u00eda.<\/p>\n<p><strong>Ventajas clave:<\/strong><\/p>\n<ul>\n<li>Muy pocas p\u00e9rdidas de energ\u00eda debido a un sistema bien aislado<\/li>\n<li>Minimiza la cantidad de generadores mientras le permite manejar picos de demanda<\/li>\n<li>Almacenamiento a largo plazo de Deepchill\u00ae sin contaminaci\u00f3n ni compactaci\u00f3n<\/li>\n<li>P\u00e9rdida menor al 2% por fusi\u00f3n del hielo en comparaci\u00f3n con el 10% con el almacenaje de hielo convencional<\/li>\n<li>Obtenci\u00f3n de Deepchill\u00ae con un contenido m\u00ednimo de sal (aproximadamente de 0,5%)<\/li>\n<li>Permite el almacenamiento de Deepchill\u00ae de alta densidad (al 70% de fracci\u00f3n de hielo), minimizando la necesidad de espacio de almacenamiento<\/li>\n<li>Produce diferentes tipos de cristales (a trav\u00e9s de la recristalizaci\u00f3n) para diferentes aplicaciones.<\/li>\n<li>Dise\u00f1ado seg\u00fan el m\u00e9todo FIFO (primero en entrar, primero en salir)<\/li>\n<li>Deepchill\u00ae se puede medir y distribuir con precisi\u00f3n a m\u00faltiples ubicaciones<\/li>\n<\/ul>\n<\/div><\/div><\/div><\/div><\/div><div class=\"vc_col-sm-4 wpb_column vc_column_container\"><div class=\"vc_column-inner\"><div class=\"wpb_wrapper\"><div class=\"w-image align_center\"><div class=\"w-image-h\"><img loading=\"lazy\" decoding=\"async\" width=\"8534\" height=\"8534\" src=\"https:\/\/www.deepchill.com\/wp-content\/uploads\/2023\/01\/mixing-storage-based-systems-img.png\" class=\"attachment-full size-full\" alt=\"mixing-storage-based-systems-img\" srcset=\"https:\/\/www.deepchill.com\/wp-content\/uploads\/2023\/01\/mixing-storage-based-systems-img.png 8534w, https:\/\/www.deepchill.com\/wp-content\/uploads\/2023\/01\/mixing-storage-based-systems-img-300x300.png 300w, https:\/\/www.deepchill.com\/wp-content\/uploads\/2023\/01\/mixing-storage-based-systems-img-1024x1024.png 1024w, https:\/\/www.deepchill.com\/wp-content\/uploads\/2023\/01\/mixing-storage-based-systems-img-150x150.png 150w\" sizes=\"auto, (max-width: 8534px) 100vw, 8534px\" \/><\/div><\/div><div class=\"wpb_text_column\" ><div class=\"wpb_wrapper\"><h3>Sistemas basados en tanques de mezcla<\/h3>\n<p>Los sistemas basados en tanques de mezcla tienen como carater\u00edstica contar con un almacenamiento activo \/ dispensadores. Requieren de una menor inversi\u00f3n en comparaci\u00f3n con los sistemas basados en silos.<\/p>\n<p><strong>Ventajas clave:<\/strong><\/p>\n<ul>\n<li>Ideal para espacios m\u00e1s peque\u00f1os debido a que requieren poco espacio<\/li>\n<li>Capacidad de almacenamiento m\u00e1s peque\u00f1a, f\u00e1cil instalaci\u00f3n<\/li>\n<li>Produzca, almacene y bombee hasta una fracci\u00f3n de hielo altamente densa del 60% &#8211; minimizando el tama\u00f1o de almacenamiento<\/li>\n<li>El dise\u00f1o exclusivo de recirculaci\u00f3n brinda la capacidad de mantener la uniformidad y consistencia de Deepchill<sup>\u00ae<\/sup><\/li>\n<li>Deepchill<sup>\u00ae<\/sup> se puede medir y distribuir con precisi\u00f3n a m\u00faltiples ubicaciones<\/li>\n<li>Los tanques son aislados por lo cual hay p\u00e9rdidas m\u00ednimas de energ\u00eda<\/li>\n<\/ul>\n<\/div><\/div><\/div><\/div><\/div><div class=\"vc_col-sm-4 wpb_column vc_column_container\"><div class=\"vc_column-inner\"><div class=\"wpb_wrapper\"><div class=\"w-image align_center\"><div class=\"w-image-h\"><img loading=\"lazy\" decoding=\"async\" width=\"8534\" height=\"8534\" src=\"https:\/\/www.deepchill.com\/wp-content\/uploads\/2023\/01\/inline-systems-img.png\" class=\"attachment-full size-full\" alt=\"inline-systems-img\" srcset=\"https:\/\/www.deepchill.com\/wp-content\/uploads\/2023\/01\/inline-systems-img.png 8534w, https:\/\/www.deepchill.com\/wp-content\/uploads\/2023\/01\/inline-systems-img-300x300.png 300w, https:\/\/www.deepchill.com\/wp-content\/uploads\/2023\/01\/inline-systems-img-1024x1024.png 1024w, https:\/\/www.deepchill.com\/wp-content\/uploads\/2023\/01\/inline-systems-img-150x150.png 150w\" sizes=\"auto, (max-width: 8534px) 100vw, 8534px\" \/><\/div><\/div><div class=\"wpb_text_column\" ><div class=\"wpb_wrapper\"><h3>Sistemas en l\u00ednea<\/h3>\n<p>A trav\u00e9s de estos sistemas compactos se entrega Deepchill<sup>\u00ae<\/sup> en l\u00ednea y se pueden usar tanques auxiliares para el almacenamiento.<\/p>\n<p><strong>Ventajas clave:<\/strong><\/p>\n<ul>\n<li>Menor inversi\u00f3n en comparaci\u00f3n con otros sistemas<\/li>\n<li>Altamente eficiente en cuanto al espacio, se adapta a espacios reducidos<\/li>\n<li>Proporciona una alta tasa de enfriamiento debido al tipo de cristales que se descargan directamente desde el generador.<\/li>\n<li>Aplicable donde se requiere un flujo constante de Deepchill<sup>\u00ae<\/sup><\/li>\n<\/ul>\n<\/div><\/div><\/div><\/div><\/div><\/div><\/div><\/section>\n","protected":false},"excerpt":{"rendered":"Los sistemas Deepchill\u00ae est\u00e1n disponibles en una variedad de configuraciones dise\u00f1adas para adaptarse a cualquier operaci\u00f3n. Sistemas basados en silos de almacenamiento Los sistemas basados en silos funcionan como una unidad de almacenamiento pasiva. El sistema de almacenamiento est\u00e1tico no requiere de agitaci\u00f3n continua o refrigeraci\u00f3n externa, lo que resulta en un bajo consumo de...","protected":false},"author":2,"featured_media":0,"parent":10460,"menu_order":0,"comment_status":"closed","ping_status":"closed","template":"","meta":{"footnotes":""},"class_list":["post-10464","page","type-page","status-publish","hentry"],"aioseo_notices":[],"_links":{"self":[{"href":"https:\/\/www.deepchill.com\/es\/wp-json\/wp\/v2\/pages\/10464","targetHints":{"allow":["GET"]}}],"collection":[{"href":"https:\/\/www.deepchill.com\/es\/wp-json\/wp\/v2\/pages"}],"about":[{"href":"https:\/\/www.deepchill.com\/es\/wp-json\/wp\/v2\/types\/page"}],"author":[{"embeddable":true,"href":"https:\/\/www.deepchill.com\/es\/wp-json\/wp\/v2\/users\/2"}],"replies":[{"embeddable":true,"href":"https:\/\/www.deepchill.com\/es\/wp-json\/wp\/v2\/comments?post=10464"}],"version-history":[{"count":17,"href":"https:\/\/www.deepchill.com\/es\/wp-json\/wp\/v2\/pages\/10464\/revisions"}],"predecessor-version":[{"id":17173,"href":"https:\/\/www.deepchill.com\/es\/wp-json\/wp\/v2\/pages\/10464\/revisions\/17173"}],"up":[{"embeddable":true,"href":"https:\/\/www.deepchill.com\/es\/wp-json\/wp\/v2\/pages\/10460"}],"wp:attachment":[{"href":"https:\/\/www.deepchill.com\/es\/wp-json\/wp\/v2\/media?parent=10464"}],"curies":[{"name":"wp","href":"https:\/\/api.w.org\/{rel}","templated":true}]}}