{"id":10477,"date":"2020-11-05T07:35:28","date_gmt":"2020-11-05T07:35:28","guid":{"rendered":"https:\/\/www.deepchill.com\/ideal-for-every-application\/"},"modified":"2023-04-18T23:46:49","modified_gmt":"2023-04-18T23:46:49","slug":"ideal-for-every-application","status":"publish","type":"page","link":"https:\/\/www.deepchill.com\/es\/ideal-for-every-application\/","title":{"rendered":"Ideal para cada aplicaci\u00f3n"},"content":{"rendered":"<section class=\"l-section wpb_row height_medium dc-normal-font\"><div class=\"l-section-h i-cf\"><div class=\"g-cols vc_row type_default valign_top\"><div class=\"vc_col-sm-12 wpb_column vc_column_container\"><div class=\"vc_column-inner\"><div class=\"wpb_wrapper\"><div class=\"wpb_text_column\" ><div class=\"wpb_wrapper\"><h4>Deepchill<sup>\u00ae<\/sup> proporciona un proceso de conservaci\u00f3n y enfriamiento adaptable que es ideal para una amplia gama de aplicaciones. Empresas alrededor del mundo de diferentes industrias utilizan el sistema Deepchill<sup>\u00ae<\/sup> para lograr un enfriamiento r\u00e1pido, uniforme y duradero. Se puede aplicar en diferentes formas para adaptarse a aplicaciones espec\u00edficas, desde una pasta l\u00edquida hasta en forma de cristales secos, seg\u00fan sus necesidades. Deepchill<sup>\u00ae<\/sup> es completamente natural y seguro para su uso donde hay contacto directo con productos alimenticios.<\/h4>\n<p><a class=\"dc-caret-link dc-download-link\" href=\"https:\/\/www.deepchill.com\/download-brochure\/?lang=es&amp;b=app\/\"><img decoding=\"async\" src=\"http:\/\/www.deepchill.com\/wp-content\/uploads\/2020\/10\/download-pdf-icon.png\" alt=\"download-pdf-icon\" \/> <i class=\"dc-link-text\">Download the brochure <i class=\"fa fa-angle-down\"><\/i><\/i><\/a><\/p>\n<\/div><\/div><div class=\"g-cols wpb_row  type_default valign_top vc_inner dc-ideal-application-points-section dc-industries-range dc-small-height-img-box\"><div class=\"vc_col-sm-12 vc_col-lg-4 vc_col-md-12 vc_col-xs-12 wpb_column vc_column_container dc-ideal-application-points-col-1\"><div class=\"vc_column-inner\"><div class=\"wpb_wrapper\"><div class=\"w-image align_center meta_modern\"><div class=\"w-image-h\"><img loading=\"lazy\" decoding=\"async\" width=\"768\" height=\"768\" src=\"https:\/\/www.deepchill.com\/wp-content\/uploads\/2020\/10\/cooling-and-preservation-img.jpg\" class=\"attachment-full size-full\" alt=\"Enfriamiento y conservaci\u00f3n\" srcset=\"https:\/\/www.deepchill.com\/wp-content\/uploads\/2020\/10\/cooling-and-preservation-img.jpg 768w, https:\/\/www.deepchill.com\/wp-content\/uploads\/2020\/10\/cooling-and-preservation-img-300x300.jpg 300w, https:\/\/www.deepchill.com\/wp-content\/uploads\/2020\/10\/cooling-and-preservation-img-150x150.jpg 150w\" sizes=\"auto, (max-width: 768px) 100vw, 768px\" \/><\/div><div class=\"w-image-meta\"><div class=\"w-image-title\">Enfriamiento y conservaci\u00f3n<\/div><\/div><\/div><div class=\"wpb_text_column\" ><div class=\"wpb_wrapper\"><ul>\n<li><a href=\"https:\/\/www.deepchill.com\/industries\/seafood\/wild-caught-fish\/?lang=es\">Pesca comercial<\/a><\/li>\n<li><a href=\"https:\/\/www.deepchill.com\/industries\/seafood\/farmed-fish\/?lang=es\">Acuicultura y procesamiento de mariscos<\/a><\/li>\n<li><a href=\"https:\/\/www.deepchill.com\/industries\/produce\/?lang=es\">Empaque de vegetales<\/a><\/li>\n<li><a href=\"https:\/\/www.deepchill.com\/industries\/poultry\/?lang=es\">Procesamiento de pollos<\/a><\/li>\n<\/ul>\n<\/div><\/div><\/div><\/div><\/div><div class=\"vc_col-sm-12 vc_col-lg-4 vc_col-md-12 vc_col-xs-12 wpb_column vc_column_container dc-ideal-application-points-col-2\"><div class=\"vc_column-inner\"><div class=\"wpb_wrapper\"><div class=\"w-image align_center meta_modern\"><div class=\"w-image-h\"><img loading=\"lazy\" decoding=\"async\" width=\"768\" height=\"768\" src=\"https:\/\/www.deepchill.com\/wp-content\/uploads\/2020\/10\/industrial-applications-img.jpg\" class=\"attachment-full size-full\" alt=\"Aplicaciones Industriales\" srcset=\"https:\/\/www.deepchill.com\/wp-content\/uploads\/2020\/10\/industrial-applications-img.jpg 768w, https:\/\/www.deepchill.com\/wp-content\/uploads\/2020\/10\/industrial-applications-img-300x300.jpg 300w, https:\/\/www.deepchill.com\/wp-content\/uploads\/2020\/10\/industrial-applications-img-150x150.jpg 150w\" sizes=\"auto, (max-width: 768px) 100vw, 768px\" \/><\/div><div class=\"w-image-meta\"><div class=\"w-image-title\">Aplicaciones Industriales<\/div><\/div><\/div><div class=\"wpb_text_column\" ><div class=\"wpb_wrapper\"><ul>\n<li><a href=\"https:\/\/www.deepchill.com\/industries\/ice-pigging-with-deepchill\/?lang=es\">Limpieza de tuber\u00edas<\/a><\/li>\n<li><a href=\"https:\/\/www.deepchill.com\/industries\/artificial-snow\/?lang=es\">Nieve artificial<\/a><\/li>\n<li><a href=\"https:\/\/www.deepchill.com\/industries\/hvac\/?lang=es\">Almacenamiento de energ\u00eda t\u00e9rmica<\/a><\/li>\n<\/ul>\n<\/div><\/div><\/div><\/div><\/div><div class=\"vc_col-sm-12 vc_col-lg-4 vc_col-md-12 vc_col-xs-12 wpb_column vc_column_container dc-ideal-application-points-col-3\"><div class=\"vc_column-inner\"><div class=\"wpb_wrapper\"><div class=\"w-image align_center meta_modern\"><div class=\"w-image-h\"><img loading=\"lazy\" decoding=\"async\" width=\"768\" height=\"768\" src=\"https:\/\/www.deepchill.com\/wp-content\/uploads\/2020\/10\/process-cooling-img.jpg\" class=\"attachment-full size-full\" alt=\"Porceso de Enfriamiento\" srcset=\"https:\/\/www.deepchill.com\/wp-content\/uploads\/2020\/10\/process-cooling-img.jpg 768w, https:\/\/www.deepchill.com\/wp-content\/uploads\/2020\/10\/process-cooling-img-300x300.jpg 300w, https:\/\/www.deepchill.com\/wp-content\/uploads\/2020\/10\/process-cooling-img-150x150.jpg 150w\" sizes=\"auto, (max-width: 768px) 100vw, 768px\" \/><\/div><div class=\"w-image-meta\"><div class=\"w-image-title\">Porceso de Enfriamiento<\/div><\/div><\/div><div class=\"wpb_text_column\" ><div class=\"wpb_wrapper\"><ul>\n<li><a href=\"https:\/\/www.deepchill.com\/industries\/food-processing\/?lang=es\">Procesamiento de alimentos<\/a><\/li>\n<li><a href=\"https:\/\/www.deepchill.com\/industries\/industrial-baking\/?lang=es\">Panader\u00eda industrial<\/a><\/li>\n<li><a href=\"https:\/\/www.deepchill.com\/industries\/meat-processing\/?lang=es\">Procesamiento de carne<\/a><\/li>\n<\/ul>\n<\/div><\/div><\/div><\/div><\/div><\/div><\/div><\/div><\/div><\/div><\/div><\/section><section class=\"l-section wpb_row height_medium color_alternate\"><div class=\"l-section-h i-cf\"><div class=\"g-cols vc_row type_default valign_top\"><div class=\"vc_col-sm-12 wpb_column vc_column_container\"><div class=\"vc_column-inner\"><div class=\"wpb_wrapper\"><div class=\"wpb_text_column\" ><div class=\"wpb_wrapper\"><h2 style=\"text-align: center;\">Adaptable a sus necesidades<\/h2>\n<\/div><\/div><div class=\"g-cols wpb_row  type_default valign_top vc_inner dc-grid-gap-section dc-adaptable-videos-section\"><div class=\"vc_col-sm-12 vc_col-lg-4 vc_col-md-12 vc_col-xs-12 wpb_column vc_column_container\"><div class=\"vc_column-inner\"><div class=\"wpb_wrapper\">[vc_raw_html]JTNDcCUzRSUzQ3ZpZGVvJTIwY29udHJvbHMlM0QlMjJjb250cm9scyUyMiUyMHdpZHRoJTNEJTIyMTAwJTI1JTIyJTIwaGVpZ2h0JTNEJTIyYXV0byUyMiUzRSUwQSUyMCUyMCUyMCUyMCUzQ3NvdXJjZSUyMHNyYyUzRCUyMmh0dHBzJTNBJTJGJTJGd3d3LnN1bndlbGwuY29tJTJGd3AtY29udGVudCUyRnVwbG9hZHMlMkYyMDIwJTJGMTAlMkZkZWVwLWNoaWxsLXNsaWRlcjAxLTEubXA0JTIyJTIwdHlwZSUzRCUyMnZpZGVvJTJGbXA0JTIyJTIwJTJGJTNFJTBBJTIwJTIwJTIwJTIwJTNDc291cmNlJTIwc3JjJTNEJTIyaHR0cHMlM0ElMkYlMkZ3d3cuc3Vud2VsbC5jb20lMkZ3cC1jb250ZW50JTJGdXBsb2FkcyUyRjIwMjAlMkYxMCUyRmRlZXAtY2hpbGwtc2xpZGVyMDEtMS5vZ2clMjIlMjB0eXBlJTNEJTIydmlkZW8lMkZvZ2clMjIlMjAlMkYlM0UlMEElM0Nzb3VyY2UlMjBzcmMlM0QlMjJodHRwcyUzQSUyRiUyRnd3dy5zdW53ZWxsLmNvbSUyRndwLWNvbnRlbnQlMkZ1cGxvYWRzJTJGMjAyMCUyRjEwJTJGZGVlcC1jaGlsbC1zbGlkZXIwMS0xLndlYm0lMjIlMjB0eXBlJTNEJTIydmlkZW8lMkZ3ZWJtJTIyJTIwJTJGJTNFJTBBJTIwJTIwJTIwJTIwWW91ciUyMGJyb3dzZXIlMjBkb2VzJTIwbm90JTIwc3VwcG9ydCUyMHRoZSUyMEhUTUw1JTIwVmlkZW8lMjBlbGVtZW50LiUzQyUyRnZpZGVvJTNFJTNDJTJGcCUzRQ==[\/vc_raw_html]<div class=\"wpb_text_column\" ><div class=\"wpb_wrapper\"><h3>Deepchill<sup>\u00ae<\/sup> 10-40<\/h3>\n<p>Una \u00abSuspenci\u00f3n\u00bb l\u00edquida de f\u00e1cil fluidez que ofrece una velocidad de enfriamiento m\u00e1s r\u00e1pida. La soluci\u00f3n ideal para aplicaciones que requieren un enfriamiento r\u00e1pido.<\/p>\n<\/div><\/div><\/div><\/div><\/div><div class=\"vc_col-sm-12 vc_col-lg-4 vc_col-md-12 vc_col-xs-12 wpb_column vc_column_container\"><div class=\"vc_column-inner\"><div class=\"wpb_wrapper\">[vc_raw_html]JTNDcCUzRSUzQ3ZpZGVvJTIwY29udHJvbHMlM0QlMjJjb250cm9scyUyMiUyMHdpZHRoJTNEJTIyMTAwJTI1JTIyJTIwaGVpZ2h0JTNEJTIyYXV0byUyMiUzRSUwQSUyMCUyMCUyMCUyMCUzQ3NvdXJjZSUyMHNyYyUzRCUyMmh0dHBzJTNBJTJGJTJGd3d3LnN1bndlbGwuY29tJTJGd3AtY29udGVudCUyRnVwbG9hZHMlMkYyMDIwJTJGMTAlMkZkZWVwLWNoaWxsLXNsaWRlcjAyLTEubXA0JTIyJTIwdHlwZSUzRCUyMnZpZGVvJTJGbXA0JTIyJTIwJTJGJTNFJTBBJTIwJTIwJTIwJTIwJTNDc291cmNlJTIwc3JjJTNEJTIyaHR0cHMlM0ElMkYlMkZ3d3cuc3Vud2VsbC5jb20lMkZ3cC1jb250ZW50JTJGdXBsb2FkcyUyRjIwMjAlMkYxMCUyRmRlZXAtY2hpbGwtc2xpZGVyMDItMS5vZ2clMjIlMjB0eXBlJTNEJTIydmlkZW8lMkZvZ2clMjIlMjAlMkYlM0UlMEElM0Nzb3VyY2UlMjBzcmMlM0QlMjJodHRwcyUzQSUyRiUyRnd3dy5zdW53ZWxsLmNvbSUyRndwLWNvbnRlbnQlMkZ1cGxvYWRzJTJGMjAyMCUyRjEwJTJGZGVlcC1jaGlsbC1zbGlkZXIwMi0xLndlYm0lMjIlMjB0eXBlJTNEJTIydmlkZW8lMkZ3ZWJtJTIyJTIwJTJGJTNFJTBBJTIwJTIwJTIwJTIwWW91ciUyMGJyb3dzZXIlMjBkb2VzJTIwbm90JTIwc3VwcG9ydCUyMHRoZSUyMEhUTUw1JTIwVmlkZW8lMjBlbGVtZW50LiUzQyUyRnZpZGVvJTNFJTNDJTJGcCUzRQ==[\/vc_raw_html]<div class=\"wpb_text_column\" ><div class=\"wpb_wrapper\"><h3>Deepchill<sup>\u00ae<\/sup> 50-60<\/h3>\n<p>Una \u201cpasta\u201d m\u00e1s espesa que contiene una mayor concentraci\u00f3n de cristales, lo que produce un enfriamiento duradero y brinda una mayor protecci\u00f3n alrededor de los productos delicados.<\/p>\n<\/div><\/div><\/div><\/div><\/div><div class=\"vc_col-sm-12 vc_col-lg-4 vc_col-md-12 vc_col-xs-12 wpb_column vc_column_container\"><div class=\"vc_column-inner\"><div class=\"wpb_wrapper\">[vc_raw_html]JTNDcCUzRSUzQ3ZpZGVvJTIwY29udHJvbHMlM0QlMjJjb250cm9scyUyMiUyMHdpZHRoJTNEJTIyMTAwJTI1JTIyJTIwaGVpZ2h0JTNEJTIyYXV0byUyMiUzRSUwQSUyMCUyMCUyMCUyMCUzQ3NvdXJjZSUyMHNyYyUzRCUyMmh0dHBzJTNBJTJGJTJGd3d3LnN1bndlbGwuY29tJTJGd3AtY29udGVudCUyRnVwbG9hZHMlMkYyMDIwJTJGMTAlMkZkZWVwLWNoaWxsLXNsaWRlcjAzLm1wNCUyMiUyMHR5cGUlM0QlMjJ2aWRlbyUyRm1wNCUyMiUyMCUyRiUzRSUwQSUyMCUyMCUyMCUyMCUzQ3NvdXJjZSUyMHNyYyUzRCUyMmh0dHBzJTNBJTJGJTJGd3d3LnN1bndlbGwuY29tJTJGd3AtY29udGVudCUyRnVwbG9hZHMlMkYyMDIwJTJGMTAlMkZkZWVwLWNoaWxsLXNsaWRlcjAzLTEub2dnJTIyJTIwdHlwZSUzRCUyMnZpZGVvJTJGb2dnJTIyJTIwJTJGJTNFJTBBJTNDc291cmNlJTIwc3JjJTNEJTIyaHR0cHMlM0ElMkYlMkZ3d3cuc3Vud2VsbC5jb20lMkZ3cC1jb250ZW50JTJGdXBsb2FkcyUyRjIwMjAlMkYxMCUyRmRlZXAtY2hpbGwtc2xpZGVyMDMtMS53ZWJtJTIyJTIwdHlwZSUzRCUyMnZpZGVvJTJGd2VibSUyMiUyMCUyRiUzRSUwQSUyMCUyMCUyMCUyMFlvdXIlMjBicm93c2VyJTIwZG9lcyUyMG5vdCUyMHN1cHBvcnQlMjB0aGUlMjBIVE1MNSUyMFZpZGVvJTIwZWxlbWVudC4lM0MlMkZ2aWRlbyUzRSUzQyUyRnAlM0U=[\/vc_raw_html]<div class=\"wpb_text_column\" ><div class=\"wpb_wrapper\"><h3>Deepchill<sup>\u00ae<\/sup> 100<\/h3>\n<p>\u201cCristales\u201d secos y de flujo libre que brindan un enfriamiento superior para ambientes sin l\u00edquidos o sin sal. Ideal para embalaje y env\u00edo de productos o como nieve artificial.<\/p>\n<\/div><\/div><\/div><\/div><\/div><\/div><\/div><\/div><\/div><\/div><\/div><\/section><section class=\"l-section wpb_row height_medium dc-light-blue-bg2 dc-deep-chilling-quality-section\"><div class=\"l-section-h i-cf\"><div class=\"g-cols vc_row type_default valign_top\"><div class=\"vc_col-sm-6 wpb_column vc_column_container\"><div class=\"vc_column-inner\"><div class=\"wpb_wrapper\"><div class=\"wpb_text_column\" ><div class=\"wpb_wrapper\"><h4>\u00bfSab\u00edas que?<\/h4>\n<h2>La tasa de enfriamiento est\u00e1 directamente relacionada con la cobertura de la superficie.<\/h2>\n<p>La velocidad de enfriamiento es proporcional al \u00e1rea de contacto de la superficie del hielo. En otras palabras, la cobertura de la superficie impacta directamente en la velocidad de eliminaci\u00f3n del calor de un producto. Deepchill<sup>\u00ae<\/sup> enfr\u00eda los productos al menos 3 veces m\u00e1s r\u00e1pido que el hielo convencional, ya que sus peque\u00f1os cristales esf\u00e9ricos envuelven completamente el producto y no dejan entrar aire ni bolsas de calor.<\/p>\n<\/div><\/div><\/div><\/div><\/div><div class=\"vc_col-sm-6 wpb_column vc_column_container\"><div class=\"vc_column-inner\"><div class=\"wpb_wrapper\"><div class=\"w-separator size_huge\"><\/div><div class=\"w-image align_center\"><div class=\"w-image-h\"><img loading=\"lazy\" decoding=\"async\" width=\"3237\" height=\"1179\" src=\"https:\/\/www.deepchill.com\/wp-content\/uploads\/2023\/03\/surface-coverage.png\" class=\"attachment-full size-full\" alt=\"surface-coverage-img\" srcset=\"https:\/\/www.deepchill.com\/wp-content\/uploads\/2023\/03\/surface-coverage.png 3237w, https:\/\/www.deepchill.com\/wp-content\/uploads\/2023\/03\/surface-coverage-300x109.png 300w, https:\/\/www.deepchill.com\/wp-content\/uploads\/2023\/03\/surface-coverage-1024x373.png 1024w\" sizes=\"auto, (max-width: 3237px) 100vw, 3237px\" \/><\/div><\/div><\/div><\/div><\/div><\/div><\/div><\/section><!-- Row Backgrounds --><div class=\"upb_color\" data-bg-override=\"0\" data-bg-color=\"#ffffff\" data-fadeout=\"\" data-fadeout-percentage=\"30\" data-parallax-content=\"\" data-parallax-content-sense=\"30\" data-row-effect-mobile-disable=\"true\" data-img-parallax-mobile-disable=\"true\" data-rtl=\"false\"  data-custom-vc-row=\"\"  data-vc=\"6.3.0\"  data-is_old_vc=\"\"  data-theme-support=\"\"   data-overlay=\"false\" data-overlay-color=\"\" data-overlay-pattern=\"\" data-overlay-pattern-opacity=\"\" data-overlay-pattern-size=\"\"    ><\/div><section class=\"l-section wpb_row height_medium dc-light-blue-bg2 dc-deep-chilling-quality-section\"><div class=\"l-section-h i-cf\"><div class=\"g-cols vc_row type_default valign_top\"><div class=\"vc_col-sm-6 wpb_column vc_column_container\"><div class=\"vc_column-inner\"><div class=\"wpb_wrapper\"><div class=\"wpb_text_column\" ><div class=\"wpb_wrapper\"><h4>\u00bfSab\u00edas que?<\/h4>\n<h2>\u00a1El tama\u00f1o del cristal importa!<\/h2>\n<p>El hielo l\u00edquido est\u00e1 formado por miles de millones de cristales suspendidos en agua. Pero no todas las suspensiones de hielo son iguales, incluso si contienen una concentraci\u00f3n similar de cristales (tambi\u00e9n conocida como fracci\u00f3n de hielo). Los cristales m\u00e1s peque\u00f1os forman un lodo m\u00e1s homog\u00e9neo que retiene el l\u00edquido y dif\u00edcilmente se separa.<\/p>\n<p>Sin embargo, la suspenci\u00f3n con cristales m\u00e1s grandes es m\u00e1s f\u00e1cil de drenar, y eso es algo revolucionario para aplicaciones como el embalaje de mariscos o vegetales. Si bien la capacidad de bombeo y la cobertura siguen siendo las mismas, el exceso de agua se puede drenar f\u00e1cilmente y quedando solo cristales para preservar el producto durante per\u00edodos de tiempo prolongados.<\/p>\n<p>Los sistemas Deepchill<sup>\u00ae<\/sup> son los \u00fanicos en el mundo en el\u00a0 que se pueden ajustar los tama\u00f1os de los cristales esf\u00e9ricos desde peque\u00f1os (0.1 mm) a grandes (1 mm) para adaptarse a cualquier aplicaci\u00f3n.<\/p>\n<\/div><\/div><\/div><\/div><\/div><div class=\"vc_col-sm-6 wpb_column vc_column_container\"><div class=\"vc_column-inner\"><div class=\"wpb_wrapper\"><div class=\"w-separator size_huge\"><\/div><div class=\"w-image us_custom_6e74c4b0 align_center\"><div class=\"w-image-h\"><img loading=\"lazy\" decoding=\"async\" width=\"2560\" height=\"1707\" src=\"https:\/\/www.deepchill.com\/wp-content\/uploads\/2020\/11\/DUBL3635-2-scaled.jpg\" class=\"attachment-full size-full\" alt=\"\" srcset=\"https:\/\/www.deepchill.com\/wp-content\/uploads\/2020\/11\/DUBL3635-2-scaled.jpg 2560w, https:\/\/www.deepchill.com\/wp-content\/uploads\/2020\/11\/DUBL3635-2-300x200.jpg 300w, https:\/\/www.deepchill.com\/wp-content\/uploads\/2020\/11\/DUBL3635-2-1024x683.jpg 1024w\" sizes=\"auto, (max-width: 2560px) 100vw, 2560px\" \/><\/div><\/div><\/div><\/div><\/div><\/div><\/div><\/section><!-- Row Backgrounds --><div class=\"upb_color\" data-bg-override=\"0\" data-bg-color=\"#ffffff\" data-fadeout=\"\" data-fadeout-percentage=\"30\" data-parallax-content=\"\" data-parallax-content-sense=\"30\" data-row-effect-mobile-disable=\"true\" data-img-parallax-mobile-disable=\"true\" data-rtl=\"false\"  data-custom-vc-row=\"\"  data-vc=\"6.3.0\"  data-is_old_vc=\"\"  data-theme-support=\"\"   data-overlay=\"false\" data-overlay-color=\"\" data-overlay-pattern=\"\" data-overlay-pattern-opacity=\"\" data-overlay-pattern-size=\"\"    ><\/div>\n","protected":false},"excerpt":{"rendered":"Deepchill\u00ae proporciona un proceso de conservaci\u00f3n y enfriamiento adaptable que es ideal para una amplia gama de aplicaciones. Empresas alrededor del mundo de diferentes industrias utilizan el sistema Deepchill\u00ae para lograr un enfriamiento r\u00e1pido, uniforme y duradero. Se puede aplicar en diferentes formas para adaptarse a aplicaciones espec\u00edficas, desde una pasta l\u00edquida hasta en forma...","protected":false},"author":2,"featured_media":0,"parent":0,"menu_order":0,"comment_status":"closed","ping_status":"closed","template":"","meta":{"footnotes":""},"class_list":["post-10477","page","type-page","status-publish","hentry"],"aioseo_notices":[],"_links":{"self":[{"href":"https:\/\/www.deepchill.com\/es\/wp-json\/wp\/v2\/pages\/10477","targetHints":{"allow":["GET"]}}],"collection":[{"href":"https:\/\/www.deepchill.com\/es\/wp-json\/wp\/v2\/pages"}],"about":[{"href":"https:\/\/www.deepchill.com\/es\/wp-json\/wp\/v2\/types\/page"}],"author":[{"embeddable":true,"href":"https:\/\/www.deepchill.com\/es\/wp-json\/wp\/v2\/users\/2"}],"replies":[{"embeddable":true,"href":"https:\/\/www.deepchill.com\/es\/wp-json\/wp\/v2\/comments?post=10477"}],"version-history":[{"count":16,"href":"https:\/\/www.deepchill.com\/es\/wp-json\/wp\/v2\/pages\/10477\/revisions"}],"predecessor-version":[{"id":12415,"href":"https:\/\/www.deepchill.com\/es\/wp-json\/wp\/v2\/pages\/10477\/revisions\/12415"}],"wp:attachment":[{"href":"https:\/\/www.deepchill.com\/es\/wp-json\/wp\/v2\/media?parent=10477"}],"curies":[{"name":"wp","href":"https:\/\/api.w.org\/{rel}","templated":true}]}}