{"id":10483,"date":"2020-11-05T07:36:25","date_gmt":"2020-11-05T07:36:25","guid":{"rendered":"https:\/\/www.deepchill.com\/industries-we-work-with\/artificial-snow\/"},"modified":"2023-04-19T21:19:05","modified_gmt":"2023-04-19T21:19:05","slug":"artificial-snow","status":"publish","type":"page","link":"https:\/\/www.deepchill.com\/es\/industries-we-work-with\/artificial-snow\/","title":{"rendered":"Nieve artificial"},"content":{"rendered":"<section class=\"l-section wpb_row height_medium\"><div class=\"l-section-h i-cf\"><div class=\"g-cols vc_row type_default valign_top\"><div class=\"vc_col-sm-12 wpb_column vc_column_container\"><div class=\"vc_column-inner\"><div class=\"wpb_wrapper\"><div class=\"wpb_text_column dc-normal-font\" ><div class=\"wpb_wrapper\"><h4>\u00a1Haz que nieve por solicitud!<\/h4>\n<\/div><\/div><\/div><\/div><\/div><\/div><\/div><\/section><section class=\"l-section wpb_row height_auto width_full dc-inner-banner-img\"><div class=\"l-section-h i-cf\"><div class=\"g-cols vc_row type_default valign_top\"><div class=\"vc_col-sm-12 wpb_column vc_column_container\"><div class=\"vc_column-inner\"><div class=\"wpb_wrapper\"><\/div><\/div><\/div><\/div><\/div><\/section><!-- Row Backgrounds --><div class=\"upb_content_video\" data-controls-color=\"\" data-controls=\"\" data-viewport-video=\"false\" data-ultimate-video=\"http:\/\/www.deepchill.com\/wp-content\/uploads\/2020\/10\/deep-chill-slider03.mp4\" data-ultimate-video2=\"http:\/\/www.deepchill.com\/wp-content\/uploads\/2020\/10\/deep-chill-slider03-1.webm\" data-ultimate-video-muted=\"muted\" data-ultimate-video-loop=\"loop\" data-ultimate-video-poster=\"\" data-ultimate-video-autoplay=\"autoplay\" data-bg-override=\"0\" data-upb-overlay-color=\"\" data-upb-bg-animation=\"\" data-fadeout=\"\" data-fadeout-percentage=\"30\" data-parallax-content=\"\" data-parallax-content-sense=\"30\" data-row-effect-mobile-disable=\"true\" data-rtl=\"false\" data-img-parallax-mobile-disable=\"true\"  data-custom-vc-row=\"\"  data-vc=\"6.3.0\"  data-is_old_vc=\"\"  data-theme-support=\"\"   data-overlay=\"false\" data-overlay-color=\"\" data-overlay-pattern=\"\" data-overlay-pattern-opacity=\"\" data-overlay-pattern-size=\"\"     data-video_fixer=\"true\"><\/div><section class=\"l-section wpb_row height_medium dc-difference-section\"><div class=\"l-section-h i-cf\"><div class=\"g-cols vc_row type_default valign_top\"><div class=\"vc_col-sm-12 wpb_column vc_column_container\"><div class=\"vc_column-inner\"><div class=\"wpb_wrapper\"><div class=\"wpb_text_column\" ><div class=\"wpb_wrapper\"><h2 style=\"text-align: center;\">La diferencia Deepchill<sup>\u00ae<\/sup><\/h2>\n<p>Cuando su negocio depende de tener nieve confiable, la imprevisibilidad puede afectar sus operaciones y sus resultados. Deepchill<sup>\u00ae<\/sup> es su seguro. El sistema Deepchill<sup>\u00ae<\/sup> le permite producir cristales de nieve a pedido, a cualquier temperatura ambiente, en cualquier momento que lo necesite.<\/p>\n<\/div><\/div><div class=\"g-cols wpb_row  type_default valign_top vc_inner dc-difference-points-section dc-shrimp-difference-points-section\"><div class=\"vc_col-sm-4 wpb_column vc_column_container\"><div class=\"vc_column-inner\"><div class=\"wpb_wrapper\"><div class=\"w-image align_left\"><div class=\"w-image-h\"><img loading=\"lazy\" decoding=\"async\" width=\"182\" height=\"182\" src=\"https:\/\/www.deepchill.com\/wp-content\/uploads\/2020\/10\/crystals-at-any-temperature-img.jpg\" class=\"attachment-full size-full\" alt=\"\" srcset=\"https:\/\/www.deepchill.com\/wp-content\/uploads\/2020\/10\/crystals-at-any-temperature-img.jpg 182w, https:\/\/www.deepchill.com\/wp-content\/uploads\/2020\/10\/crystals-at-any-temperature-img-150x150.jpg 150w\" sizes=\"auto, (max-width: 182px) 100vw, 182px\" \/><\/div><\/div><div class=\"wpb_text_column\" ><div class=\"wpb_wrapper\"><h3>Nieve a cualquier temperatura<\/h3>\n<p>Deepchill<sup>\u00ae<\/sup> snow crystals are formed using a unique distributed crystallization process inside a closed generator and storage silo. It allows you to produce powder snow, even in the summer.<\/p>\n<\/div><\/div><\/div><\/div><\/div><div class=\"vc_col-sm-4 wpb_column vc_column_container\"><div class=\"vc_column-inner\"><div class=\"wpb_wrapper\"><div class=\"w-image align_left\"><div class=\"w-image-h\"><img loading=\"lazy\" decoding=\"async\" width=\"182\" height=\"182\" src=\"https:\/\/www.deepchill.com\/wp-content\/uploads\/2020\/10\/superior-quality-img.jpg\" class=\"attachment-full size-full\" alt=\"\" srcset=\"https:\/\/www.deepchill.com\/wp-content\/uploads\/2020\/10\/superior-quality-img.jpg 182w, https:\/\/www.deepchill.com\/wp-content\/uploads\/2020\/10\/superior-quality-img-150x150.jpg 150w\" sizes=\"auto, (max-width: 182px) 100vw, 182px\" \/><\/div><\/div><div class=\"wpb_text_column\" ><div class=\"wpb_wrapper\"><h3>Calidad superior<\/h3>\n<p>La nieve producida a partir de cristales de hielo Deepchill<sup>\u00ae<\/sup> se distingue inmediatamente de los otros tipos de nieve artificial debido a su estructura y color uniforme.<\/p>\n<\/div><\/div><\/div><\/div><\/div><div class=\"vc_col-sm-4 wpb_column vc_column_container\"><div class=\"vc_column-inner\"><div class=\"wpb_wrapper\"><div class=\"w-image align_left\"><div class=\"w-image-h\"><img loading=\"lazy\" decoding=\"async\" width=\"182\" height=\"182\" src=\"https:\/\/www.deepchill.com\/wp-content\/uploads\/2020\/10\/automated-handling-img.jpg\" class=\"attachment-full size-full\" alt=\"\" srcset=\"https:\/\/www.deepchill.com\/wp-content\/uploads\/2020\/10\/automated-handling-img.jpg 182w, https:\/\/www.deepchill.com\/wp-content\/uploads\/2020\/10\/automated-handling-img-150x150.jpg 150w\" sizes=\"auto, (max-width: 182px) 100vw, 182px\" \/><\/div><\/div><div class=\"wpb_text_column\" ><div class=\"wpb_wrapper\"><h3>Manipulaci\u00f3n automatizada<\/h3>\n<p>Los cristales de hielo Deepchill<sup>\u00ae<\/sup> pueden generarse a granel y almacenarse en silos y dispensarse o soplarse autom\u00e1ticamente donde sea necesario.<\/p>\n<\/div><\/div><\/div><\/div><\/div><\/div><\/div><\/div><\/div><\/div><\/div><\/section><section class=\"l-section wpb_row height_medium color_alternate\"><div class=\"l-section-h i-cf\"><div class=\"g-cols vc_row type_default valign_top\"><div class=\"vc_col-sm-12 wpb_column vc_column_container\"><div class=\"vc_column-inner\"><div class=\"wpb_wrapper\"><div class=\"wpb_text_column\" ><div class=\"wpb_wrapper\"><h2 style=\"text-align: center;\">Nieve para cualquier aplicaci\u00f3n<\/h2>\n<p>Deepchill<sup>\u00ae<\/sup> es ideal para una amplia gama de aplicaciones que requieren una fuente confiable de nieve, como:<\/p>\n<ul>\n<li>Monta\u00f1as de esqu\u00ed e instalaciones de esqu\u00ed en interior<\/li>\n<li>Zool\u00f3gicos<\/li>\n<li>Sets de filmaci\u00f3n<\/li>\n<\/ul>\n<\/div><\/div><\/div><\/div><\/div><\/div><\/div><\/section><section class=\"l-section wpb_row height_medium color_footer-top\"><div class=\"l-section-h i-cf\"><div class=\"g-cols vc_row type_default valign_top\"><div class=\"vc_col-sm-12 wpb_column vc_column_container\"><div class=\"vc_column-inner\"><div class=\"wpb_wrapper\"><div class=\"g-cols wpb_row  type_default valign_top vc_inner dc-snow-for-any-application-section\"><div class=\"vc_col-sm-6 wpb_column vc_column_container\"><div class=\"vc_column-inner\"><div class=\"wpb_wrapper\"><div class=\"wpb_text_column\" ><div class=\"wpb_wrapper\"><h3>Centro de los Alpes, Bottrop, Alemania<\/h3>\n<p>Prueba de nieve Deepchill<sup>\u00ae<\/sup> en el Alp Center en Bottrop, Alemania. Las evaluaciones de la nieve Deepchill<sup>\u00ae<\/sup> han sido muy positivas, y los instructores de esqu\u00ed han reconocido la estructura y el color de la nieve artificial. La nieve Deepchill<sup>\u00ae<\/sup> tiene significativamente m\u00e1s brillo que otras nieves artificiales. Los instructores de snowboard tambi\u00e9n notaron un mejor deslizamiento con la nieve nueva.<\/p>\n<\/div><\/div><\/div><\/div><\/div><div class=\"vc_col-sm-6 wpb_column vc_column_container\"><div class=\"vc_column-inner\"><div class=\"wpb_wrapper\"><div class=\"w-image us_custom_50cc7d67 align_none\"><div class=\"w-image-h\"><img loading=\"lazy\" decoding=\"async\" width=\"768\" height=\"500\" src=\"https:\/\/www.deepchill.com\/wp-content\/uploads\/2020\/10\/alps-center-bottrop-germany-img.jpg\" class=\"attachment-full size-full\" alt=\"\" srcset=\"https:\/\/www.deepchill.com\/wp-content\/uploads\/2020\/10\/alps-center-bottrop-germany-img.jpg 768w, https:\/\/www.deepchill.com\/wp-content\/uploads\/2020\/10\/alps-center-bottrop-germany-img-300x195.jpg 300w\" sizes=\"auto, (max-width: 768px) 100vw, 768px\" \/><\/div><\/div><\/div><\/div><\/div><\/div><div class=\"g-cols wpb_row  type_default valign_top vc_inner dc-snow-for-any-application-section\"><div class=\"vc_col-sm-6 wpb_column vc_column_container\"><div class=\"vc_column-inner\"><div class=\"wpb_wrapper\"><div class=\"wpb_text_column\" ><div class=\"wpb_wrapper\"><h3>SeaWorld Penguin Habitat, San Diego, EE. UU.<\/h3>\n<p>Deepchill Solutions Inc. proporcion\u00f3 Deepchill<sup>\u00ae<\/sup> sin sal en forma seca para la exhibici\u00f3n de \u201cencuentro con ping\u00fcinos\u201d en Sea World. El \u201cencuentro\u201d reproduce el h\u00e1bitat natural de los ping\u00fcinos.<\/p>\n<p>Es un ambiente cerrado y se mantiene a aproximadamente 30\u00baF (-1\u00baC) de temperatura ambiente. Todo el entorno (suelo, rocas, trineo, etc.) est\u00e1 cubierto con unos 15 cm de nieve Deepchill<sup>\u00ae<\/sup>, que se sopla en el encuentro una vez al d\u00eda, los 7 d\u00edas de la semana.<\/p>\n<p>Debido a la ligereza de los cristales Deepchill<sup>\u00ae<\/sup>, se puede obtener una cobertura m\u00e1s uniforme del encuentro en menos tiempo y trabajo. Para los ping\u00fcinos, los cristales Deepchill<sup>\u00ae<\/sup> tienen la apariencia y el tacto m\u00e1s cercanos a la nieve, \u00a1y a los ping\u00fcinos les encanta!<\/p>\n<p>El sistema inicial se instal\u00f3 en 1999 y, despu\u00e9s de 18 a\u00f1os de desempe\u00f1o confiable, el sistema se actualiz\u00f3 y moderniz\u00f3 con una nueva generaci\u00f3n de sistema Deepchill<sup>\u00ae<\/sup> en el 2017.<\/p>\n<\/div><\/div><\/div><\/div><\/div><div class=\"vc_col-sm-6 wpb_column vc_column_container\"><div class=\"vc_column-inner\"><div class=\"wpb_wrapper\"><div class=\"w-separator size_medium\"><\/div><div class=\"w-image us_custom_50cc7d67 align_none\"><div class=\"w-image-h\"><img loading=\"lazy\" decoding=\"async\" width=\"768\" height=\"500\" src=\"https:\/\/www.deepchill.com\/wp-content\/uploads\/2020\/10\/seaworld-san-diego-usa-img.jpg\" class=\"attachment-full size-full\" alt=\"\" srcset=\"https:\/\/www.deepchill.com\/wp-content\/uploads\/2020\/10\/seaworld-san-diego-usa-img.jpg 768w, https:\/\/www.deepchill.com\/wp-content\/uploads\/2020\/10\/seaworld-san-diego-usa-img-300x195.jpg 300w\" sizes=\"auto, (max-width: 768px) 100vw, 768px\" \/><\/div><\/div><\/div><\/div><\/div><\/div><\/div><\/div><\/div><\/div><\/div><\/section>\n","protected":false},"excerpt":{"rendered":"\u00a1Haz que nieve por solicitud! La diferencia Deepchill\u00ae Cuando su negocio depende de tener nieve confiable, la imprevisibilidad puede afectar sus operaciones y sus resultados. Deepchill\u00ae es su seguro. El sistema Deepchill\u00ae le permite producir cristales de nieve a pedido, a cualquier temperatura ambiente, en cualquier momento que lo necesite. Nieve a cualquier temperatura Deepchill\u00ae...","protected":false},"author":2,"featured_media":0,"parent":10480,"menu_order":0,"comment_status":"closed","ping_status":"closed","template":"","meta":{"footnotes":""},"class_list":["post-10483","page","type-page","status-publish","hentry"],"aioseo_notices":[],"_links":{"self":[{"href":"https:\/\/www.deepchill.com\/es\/wp-json\/wp\/v2\/pages\/10483","targetHints":{"allow":["GET"]}}],"collection":[{"href":"https:\/\/www.deepchill.com\/es\/wp-json\/wp\/v2\/pages"}],"about":[{"href":"https:\/\/www.deepchill.com\/es\/wp-json\/wp\/v2\/types\/page"}],"author":[{"embeddable":true,"href":"https:\/\/www.deepchill.com\/es\/wp-json\/wp\/v2\/users\/2"}],"replies":[{"embeddable":true,"href":"https:\/\/www.deepchill.com\/es\/wp-json\/wp\/v2\/comments?post=10483"}],"version-history":[{"count":27,"href":"https:\/\/www.deepchill.com\/es\/wp-json\/wp\/v2\/pages\/10483\/revisions"}],"predecessor-version":[{"id":17264,"href":"https:\/\/www.deepchill.com\/es\/wp-json\/wp\/v2\/pages\/10483\/revisions\/17264"}],"up":[{"embeddable":true,"href":"https:\/\/www.deepchill.com\/es\/wp-json\/wp\/v2\/pages\/10480"}],"wp:attachment":[{"href":"https:\/\/www.deepchill.com\/es\/wp-json\/wp\/v2\/media?parent=10483"}],"curies":[{"name":"wp","href":"https:\/\/api.w.org\/{rel}","templated":true}]}}