{"id":10492,"date":"2020-11-05T07:38:11","date_gmt":"2020-11-05T07:38:11","guid":{"rendered":"https:\/\/www.deepchill.com\/industries-we-work-with\/ice-pigging-with-deepchill\/"},"modified":"2023-04-20T00:59:04","modified_gmt":"2023-04-20T00:59:04","slug":"ice-pigging-with-deepchill","status":"publish","type":"page","link":"https:\/\/www.deepchill.com\/es\/industries-we-work-with\/ice-pigging-with-deepchill\/","title":{"rendered":"Limpieza de tuber\u00edas con hielo Deepchill\u00ae"},"content":{"rendered":"<section class=\"l-section wpb_row height_medium\"><div class=\"l-section-h i-cf\"><div class=\"g-cols vc_row type_default valign_top\"><div class=\"vc_col-sm-12 wpb_column vc_column_container\"><div class=\"vc_column-inner\"><div class=\"wpb_wrapper\"><div class=\"wpb_text_column dc-normal-font\" ><div class=\"wpb_wrapper\"><h4>Soluci\u00f3n de limpieza de tuber\u00edas m\u00e1s segura, mejor y m\u00e1s rentable<\/h4>\n<\/div><\/div><\/div><\/div><\/div><\/div><\/div><\/section><section class=\"l-section wpb_row height_auto width_full dc-inner-banner-img with_img\"><div class=\"l-section-img\" style=\"background-image: url(https:\/\/www.deepchill.com\/wp-content\/uploads\/2020\/10\/ice-pigging-with-deepchill-img.jpg);background-repeat: no-repeat;\" data-img-width=\"1920\" data-img-height=\"520\"><\/div><div class=\"l-section-h i-cf\"><div class=\"g-cols vc_row type_default valign_top\"><div class=\"vc_col-sm-12 wpb_column vc_column_container\"><div class=\"vc_column-inner\"><div class=\"wpb_wrapper\"><\/div><\/div><\/div><\/div><\/div><\/section><section class=\"l-section wpb_row height_medium dc-difference-section\"><div class=\"l-section-h i-cf\"><div class=\"g-cols vc_row type_default valign_top\"><div class=\"vc_col-sm-12 wpb_column vc_column_container\"><div class=\"vc_column-inner\"><div class=\"wpb_wrapper\"><div class=\"wpb_text_column\" ><div class=\"wpb_wrapper\"><h2 style=\"text-align: center;\">Limpia con el poder del hielo l\u00edquido<\/h2>\n<p>Mantener la infraestructura es una parte esencial de una buena gesti\u00f3n de activos. Esto incluye mantener en buen estado las tuber\u00edas principales de agua de la ciudad y las de la planta.<\/p>\n<p>Sin embargo, los m\u00e9todos de limpieza tradicionales pueden presentar desaf\u00edos. El equipo de limpieza, por ejemplo, puede atascarse en la tuber\u00eda principal, lo que requiere una excavaci\u00f3n costosa y que requiere mucho tiempo para eliminarlo. Otras t\u00e9cnicas como el enjuague son ineficaces, menos efectivas y requieren grandes vol\u00famenes de agua.<\/p>\n<p>En el proceso de limpieza con hielo, Deepchill<sup>\u00ae<\/sup> se utiliza para limpiar el interior de las tuber\u00edas utilizando la calidad abrasiva del hielo para limpiar las tuber\u00edas, r\u00e1pidamente, con bajo riesgo y con un uso significativamente menor de agua.<\/p>\n<p>La limpieza de tuber\u00edas con\u00a0 hielo se puede aplicar en diferentes industrias, como cervecer\u00edas, l\u00e1cteos, alimentos y bebidas, cosm\u00e9ticos y productos para el hogar.<\/p>\n<\/div><\/div><div class=\"g-cols wpb_row  type_default valign_top vc_inner dc-difference-points-section dc-shrimp-difference-points-section\"><div class=\"vc_col-sm-12 vc_col-lg-3 vc_col-md-6 vc_col-xs-12 wpb_column vc_column_container\"><div class=\"vc_column-inner\"><div class=\"wpb_wrapper\"><div class=\"w-image align_left\"><div class=\"w-image-h\"><img loading=\"lazy\" decoding=\"async\" width=\"182\" height=\"182\" src=\"https:\/\/www.deepchill.com\/wp-content\/uploads\/2020\/10\/highly-effective-with-low-impact-img.jpg\" class=\"attachment-full size-full\" alt=\"Deepchill ice pigging cleaning pipe without damage\" srcset=\"https:\/\/www.deepchill.com\/wp-content\/uploads\/2020\/10\/highly-effective-with-low-impact-img.jpg 182w, https:\/\/www.deepchill.com\/wp-content\/uploads\/2020\/10\/highly-effective-with-low-impact-img-150x150.jpg 150w\" sizes=\"auto, (max-width: 182px) 100vw, 182px\" \/><\/div><\/div><div class=\"wpb_text_column\" ><div class=\"wpb_wrapper\"><h3>Altamente efectivo con bajo impacto<\/h3>\n<p>La limpieza de tuber\u00edas con Deepchill<sup>\u00ae<\/sup> combina la eficacia de las t\u00e9cnicas de limpieza invasivas como el raspado duro o el hisopado con la m\u00ednima interrupci\u00f3n de las descargas de agua.\u00a0 Deepchill<sup>\u00ae<\/sup> semis\u00f3lido se bombea a una tuber\u00eda, como una pasta, mientras adquiere las propiedades de un s\u00f3lido dentro de la tuber\u00eda, limpiando las paredes para eliminar los sedimentos y los dep\u00f3sitos acumulados.<\/p>\n<\/div><\/div><\/div><\/div><\/div><div class=\"vc_col-sm-12 vc_col-lg-3 vc_col-md-6 vc_col-xs-12 wpb_column vc_column_container\"><div class=\"vc_column-inner\"><div class=\"wpb_wrapper\"><div class=\"w-image align_left\"><div class=\"w-image-h\"><img loading=\"lazy\" decoding=\"async\" width=\"182\" height=\"182\" src=\"https:\/\/www.deepchill.com\/wp-content\/uploads\/2020\/10\/flexible-medium-img.jpg\" class=\"attachment-full size-full\" alt=\"Liquid ice machine cleaner flowing through complex pipe layouts\" srcset=\"https:\/\/www.deepchill.com\/wp-content\/uploads\/2020\/10\/flexible-medium-img.jpg 182w, https:\/\/www.deepchill.com\/wp-content\/uploads\/2020\/10\/flexible-medium-img-150x150.jpg 150w\" sizes=\"auto, (max-width: 182px) 100vw, 182px\" \/><\/div><\/div><div class=\"wpb_text_column\" ><div class=\"wpb_wrapper\"><h3>Un medio flexible<\/h3>\n<p>A diferencia de las herramientas tradicionales o los hisopos suaves, Deepchill<sup>\u00ae<\/sup> es un medio m\u00e1s flexible para viajar a trav\u00e9s de tuber\u00edas. El Deepchill<sup>\u00ae<\/sup> es bombeado y puede fluir a trav\u00e9s de cambios de di\u00e1metro, curvas, v\u00e1lvulas y dise\u00f1os complejos sin atascarse y causar obstrucciones, todo mientras deja intactas las paredes de la tuber\u00eda.<\/p>\n<\/div><\/div><\/div><\/div><\/div><div class=\"vc_col-sm-12 vc_col-lg-3 vc_col-md-6 vc_col-xs-12 wpb_column vc_column_container\"><div class=\"vc_column-inner\"><div class=\"wpb_wrapper\"><div class=\"w-image align_left\"><div class=\"w-image-h\"><img loading=\"lazy\" decoding=\"async\" width=\"182\" height=\"182\" src=\"https:\/\/www.deepchill.com\/wp-content\/uploads\/2020\/10\/minimal-downtime-img.jpg\" class=\"attachment-full size-full\" alt=\"Fast Deepchill ice pigging system reducing pipe cleaning downtime\" srcset=\"https:\/\/www.deepchill.com\/wp-content\/uploads\/2020\/10\/minimal-downtime-img.jpg 182w, https:\/\/www.deepchill.com\/wp-content\/uploads\/2020\/10\/minimal-downtime-img-150x150.jpg 150w\" sizes=\"auto, (max-width: 182px) 100vw, 182px\" \/><\/div><\/div><div class=\"wpb_text_column\" ><div class=\"wpb_wrapper\"><h3>Tiempo m\u00ednimo\u00a0 de inactividad<\/h3>\n<p>El raspado de hielo con Deepchill<sup>\u00ae<\/sup> es ideal para limpiar tuber\u00edas que no se pueden poner fuera de servicio durante un per\u00edodo prolongado. El Deepchill<sup>\u00ae<\/sup> simplemente se bombea a un hidrante en un extremo de la secci\u00f3n de la tuber\u00eda y se recupera de un hidrante en el otro extremo. No es necesario excavar ni desviar la red.<\/p>\n<\/div><\/div><\/div><\/div><\/div><div class=\"vc_col-sm-12 vc_col-lg-3 vc_col-md-6 vc_col-xs-12 wpb_column vc_column_container\"><div class=\"vc_column-inner\"><div class=\"wpb_wrapper\"><div class=\"w-image align_left\"><div class=\"w-image-h\"><img loading=\"lazy\" decoding=\"async\" width=\"182\" height=\"182\" src=\"https:\/\/www.deepchill.com\/wp-content\/uploads\/2020\/10\/environmentally-friendly-img.jpg\" class=\"attachment-full size-full\" alt=\"Eco-friendly liquid ice machine cleaner with reduced water use\" srcset=\"https:\/\/www.deepchill.com\/wp-content\/uploads\/2020\/10\/environmentally-friendly-img.jpg 182w, https:\/\/www.deepchill.com\/wp-content\/uploads\/2020\/10\/environmentally-friendly-img-150x150.jpg 150w\" sizes=\"auto, (max-width: 182px) 100vw, 182px\" \/><\/div><\/div><div class=\"wpb_text_column\" ><div class=\"wpb_wrapper\"><h3>Amigable con el medio ambiente<\/h3>\n<p>La limpieza con hielo con Deepchill<sup>\u00ae<\/sup> es completamente natural utiliza aproximadamente un 50% menos de agua que el lavado est\u00e1ndar, al tiempo que reduce dr\u00e1sticamente el volumen de efluente. En redes de alcantarillado, la limpieza con hielo aumenta la capacidad de la bomba, lo que reduce los tiempos de bombeo y, por lo tanto, el consumo de energ\u00eda.<\/p>\n<\/div><\/div><\/div><\/div><\/div><\/div><\/div><\/div><\/div><\/div><\/div><\/section><section class=\"l-section wpb_row height_medium dc-blue-bg dc-below-slider-section\"><div class=\"l-section-h i-cf\"><div class=\"g-cols vc_row type_default valign_top\"><div class=\"vc_col-sm-6 wpb_column vc_column_container\"><div class=\"vc_column-inner\"><div class=\"wpb_wrapper\"><div class=\"wpb_text_column\" ><div class=\"wpb_wrapper\"><p>Los sistemas m\u00f3viles Deepchill<sup>\u00ae<\/sup> son unidades poderosas dise\u00f1adas para generar, almacenar y entregar Deepchill<sup>\u00ae<\/sup> en la carretera. Estas unidades modulares son f\u00e1ciles de mantener y extremadamente fiables para soportar las duras condiciones de la carretera.<\/p>\n<p>Las unidades m\u00f3viles est\u00e1n dise\u00f1adas con un sistema de circuito cerrado que da como resultado una producci\u00f3n constante de hielo, lo que significa mejores resultados de limpieza de tuber\u00edas. Una sola unidad produce 10 toneladas m\u00e9tricas de Deepchill<sup>\u00ae<\/sup> en menos de 7 horas (durante la noche, utilizando poca energ\u00eda), por lo que se pueden completar m\u00e1s proyectos con menos gastos generales.<\/p>\n<p><a class=\"dc-caret-link\">Mira el video para aprender m\u00e1s <i class=\"fa fa-angle-right\"><\/i><\/a><\/p>\n<\/div><\/div><\/div><\/div><\/div><div class=\"vc_col-sm-6 wpb_column vc_column_container\"><div class=\"vc_column-inner\"><div class=\"wpb_wrapper\"><div id=\"ultimate-video-761269f62fbe97c36\" class=\"ult-video  ult-adjust-bottom-margin ultimate-video-761269f62fbe97c36 ultv-6215 \"><div class=\"ultv-video ultv-aspect-ratio-16_9 ultv-subscribe-responsive-none\" data-videotype=\"uv_iframe\">\r\n\t\t\t\t\t\t<div class=\"ultv-video__outer-wrap\" data-autoplay=\"0\" data-device=\"false\"  data-iconbg=\"#3a3a3a\" data-overcolor=\"\" data-defaultbg=\"#1f1f1e\" data-defaultplay=\"icon\"><div class=\"ultv-video__play\" data-src=\"https:\/\/www.youtube.com\/embed\/NQN95mUYiCE?rel=0&amp;start&amp;end&amp;controls=1&amp;mute=0&amp;modestbranding=0&amp;autoplay=1\">\r\n\t\t\t\t\t\t\t\t<img decoding=\"async\" class=\"ultv-video__thumb\" src=\"https:\/\/i.ytimg.com\/vi\/NQN95mUYiCE\/maxresdefault.jpg\"\/>\r\n\t\t\t\t\t\t\t\t<div class=\"ultv-video__play-icon Defaults-play-circle ultv-animation-none\" style=\"font-size:80px;\"><\/div> <\/div> <\/div><\/div><\/div><\/div><\/div><\/div><\/div><\/div><\/section><section class=\"l-section wpb_row height_medium dc-difference-section\"><div class=\"l-section-h i-cf\"><div class=\"g-cols vc_row type_default valign_top\"><div class=\"vc_col-sm-12 wpb_column vc_column_container\"><div class=\"vc_column-inner\"><div class=\"wpb_wrapper\"><div class=\"wpb_text_column\" ><div class=\"wpb_wrapper\"><h2 style=\"text-align: center;\">Sistema m\u00f3vil Deepchill<sup>\u00ae<\/sup><\/h2>\n<\/div><\/div><\/div><\/div><\/div><\/div><\/div><\/section><section class=\"l-section wpb_row height_medium dc-difference-section dc-light-blue-bg\"><div class=\"l-section-h i-cf\"><div class=\"g-cols vc_row type_default valign_top\"><div class=\"vc_col-sm-6 wpb_column vc_column_container\"><div class=\"vc_column-inner\"><div class=\"wpb_wrapper\"><div class=\"wpb_text_column\" ><div class=\"wpb_wrapper\"><h3>Caracteristicas<\/h3>\n<ul>\n<li>Unidades modulares con redundancia total<\/li>\n<li>Generadores Deepchill<sup>\u00ae<\/sup> con condensadores enfriados por aire<\/li>\n<li>Pantalla t\u00e1ctil en panel de control HMI con funci\u00f3n de control inal\u00e1mbrico<\/li>\n<li>Supervisi\u00f3n remota del funcionamiento del sistema a trav\u00e9s de Internet<\/li>\n<li>Opci\u00f3n de suministro de energ\u00eda fuera de red para paneles de control y calentadores<\/li>\n<li>Todos los tubos de acero est\u00e1n aislados, sin uniones flexibles ni tubos de cobre<\/li>\n<li>Sistema de calentamiento para evitar la congelaci\u00f3n<\/li>\n<li>Sistema de filtraci\u00f3n integrado<\/li>\n<\/ul>\n<\/div><\/div><\/div><\/div><\/div><div class=\"vc_col-sm-6 wpb_column vc_column_container\"><div class=\"vc_column-inner\"><div class=\"wpb_wrapper\"><div class=\"wpb_text_column\" ><div class=\"wpb_wrapper\"><h3>Funciones<\/h3>\n<ul>\n<li>Produce y entrega lotes de Deepchill<sup>\u00ae<\/sup> con unidades m\u00f3viles de generaci\u00f3n y mezcla<\/li>\n<li>Capaz de generar Deepchill<sup>\u00ae<\/sup> a partir de salmuera o agua de mar<\/li>\n<li>Concentraci\u00f3n m\u00e1xima de cristales del 95% (por volumen aparente usando el m\u00e9todo Cafetiere, para aplicaci\u00f3n en limpieza de tuber\u00edas con hielo)<\/li>\n<li>Concentraci\u00f3n Deepchill<sup>\u00ae<\/sup> ajustable<\/li>\n<\/ul>\n<\/div><\/div><\/div><\/div><\/div><\/div><\/div><\/section>\n","protected":false},"excerpt":{"rendered":"Soluci\u00f3n de limpieza de tuber\u00edas m\u00e1s segura, mejor y m\u00e1s rentable Limpia con el poder del hielo l\u00edquido Mantener la infraestructura es una parte esencial de una buena gesti\u00f3n de activos. Esto incluye mantener en buen estado las tuber\u00edas principales de agua de la ciudad y las de la planta. Sin embargo, los m\u00e9todos de...","protected":false},"author":2,"featured_media":0,"parent":10480,"menu_order":0,"comment_status":"closed","ping_status":"closed","template":"","meta":{"footnotes":""},"class_list":["post-10492","page","type-page","status-publish","hentry"],"aioseo_notices":[],"_links":{"self":[{"href":"https:\/\/www.deepchill.com\/es\/wp-json\/wp\/v2\/pages\/10492","targetHints":{"allow":["GET"]}}],"collection":[{"href":"https:\/\/www.deepchill.com\/es\/wp-json\/wp\/v2\/pages"}],"about":[{"href":"https:\/\/www.deepchill.com\/es\/wp-json\/wp\/v2\/types\/page"}],"author":[{"embeddable":true,"href":"https:\/\/www.deepchill.com\/es\/wp-json\/wp\/v2\/users\/2"}],"replies":[{"embeddable":true,"href":"https:\/\/www.deepchill.com\/es\/wp-json\/wp\/v2\/comments?post=10492"}],"version-history":[{"count":12,"href":"https:\/\/www.deepchill.com\/es\/wp-json\/wp\/v2\/pages\/10492\/revisions"}],"predecessor-version":[{"id":17307,"href":"https:\/\/www.deepchill.com\/es\/wp-json\/wp\/v2\/pages\/10492\/revisions\/17307"}],"up":[{"embeddable":true,"href":"https:\/\/www.deepchill.com\/es\/wp-json\/wp\/v2\/pages\/10480"}],"wp:attachment":[{"href":"https:\/\/www.deepchill.com\/es\/wp-json\/wp\/v2\/media?parent=10492"}],"curies":[{"name":"wp","href":"https:\/\/api.w.org\/{rel}","templated":true}]}}