{"id":10495,"date":"2020-11-05T07:38:39","date_gmt":"2020-11-05T07:38:39","guid":{"rendered":"https:\/\/www.deepchill.com\/industries-we-work-with\/industrial-baking\/"},"modified":"2023-04-19T06:53:59","modified_gmt":"2023-04-19T06:53:59","slug":"industrial-baking","status":"publish","type":"page","link":"https:\/\/www.deepchill.com\/es\/industries-we-work-with\/industrial-baking\/","title":{"rendered":"Panader\u00eda Industrial"},"content":{"rendered":"<section class=\"l-section wpb_row height_medium\"><div class=\"l-section-h i-cf\"><div class=\"g-cols vc_row type_default valign_top\"><div class=\"vc_col-sm-12 wpb_column vc_column_container\"><div class=\"vc_column-inner\"><div class=\"wpb_wrapper\"><div class=\"wpb_text_column dc-normal-font\" ><div class=\"wpb_wrapper\"><h4>Enfriamiento \u00f3ptimo para una mejor masa.<\/h4>\n<p><a class=\"dc-caret-link dc-download-link dc-download-brochure-link\" href=\"https:\/\/www.deepchill.com\/download-brochure?b=indbaking\/\" target=\"_blank\" rel=\"noopener noreferrer\"><img decoding=\"async\" src=\"http:\/\/www.deepchill.com\/wp-content\/uploads\/2020\/10\/download-pdf-icon.png\" alt=\"download-pdf-icon\" \/> <i class=\"dc-link-text\">Descarga el brochure <i class=\"fa fa-angle-down\"><\/i><\/i><\/a><\/p>\n<\/div><\/div><\/div><\/div><\/div><\/div><\/div><\/section><section class=\"l-section wpb_row height_auto width_full dc-inner-banner-img with_img\"><div class=\"l-section-img\" style=\"background-image: url(https:\/\/www.deepchill.com\/wp-content\/uploads\/2020\/10\/industrial-baking-img2.jpg);background-repeat: no-repeat;\" data-img-width=\"1920\" data-img-height=\"520\"><\/div><div class=\"l-section-h i-cf\"><div class=\"g-cols vc_row type_default valign_top\"><div class=\"vc_col-sm-12 wpb_column vc_column_container\"><div class=\"vc_column-inner\"><div class=\"wpb_wrapper\"><\/div><\/div><\/div><\/div><\/div><\/section><section class=\"l-section wpb_row height_medium dc-difference-section\"><div class=\"l-section-h i-cf\"><div class=\"g-cols vc_row type_default valign_top\"><div class=\"vc_col-sm-12 wpb_column vc_column_container\"><div class=\"vc_column-inner\"><div class=\"wpb_wrapper\"><div class=\"wpb_text_column\" ><div class=\"wpb_wrapper\"><h2 style=\"text-align: center;\">La diferencia Deepchill<sup>\u00ae<\/sup><\/h2>\n<p>El revolucionario hielo l\u00edquido Deepchill<sup>\u00ae<\/sup> proporciona un enfriamiento r\u00e1pido y uniforme para su masa, lo que resulta en una masa de mejor calidad, una mezcla m\u00e1s r\u00e1pida y eficiencias operativas.<\/p>\n<\/div><\/div><div class=\"g-cols wpb_row  type_default valign_top vc_inner dc-difference-points-section dc-industrial-baking-difference-points-section\"><div class=\"vc_col-sm-12 vc_col-lg-3 vc_col-md-6 vc_col-xs-12 wpb_column vc_column_container\"><div class=\"vc_column-inner\"><div class=\"wpb_wrapper\"><div class=\"w-image align_left\"><div class=\"w-image-h\"><img loading=\"lazy\" decoding=\"async\" width=\"182\" height=\"182\" src=\"https:\/\/www.deepchill.com\/wp-content\/uploads\/2020\/10\/improved-dough-quality-img.jpg\" class=\"attachment-full size-full\" alt=\"improved-dough-quality-img\" srcset=\"https:\/\/www.deepchill.com\/wp-content\/uploads\/2020\/10\/improved-dough-quality-img.jpg 182w, https:\/\/www.deepchill.com\/wp-content\/uploads\/2020\/10\/improved-dough-quality-img-150x150.jpg 150w\" sizes=\"auto, (max-width: 182px) 100vw, 182px\" \/><\/div><\/div><div class=\"wpb_text_column\" ><div class=\"wpb_wrapper\"><h3>Mejora la calidad de la masa<\/h3>\n<p>Deepchill<sup>\u00ae<\/sup> proporciona un enfriamiento inmediato y uniforme de la masa, lo que garantiza una hidrataci\u00f3n eficaz de la harina y una formaci\u00f3n consistente lo que da como resultado una masa uniforme y el\u00e1stica.<\/p>\n<\/div><\/div><\/div><\/div><\/div><div class=\"vc_col-sm-12 vc_col-lg-3 vc_col-md-6 vc_col-xs-12 wpb_column vc_column_container\"><div class=\"vc_column-inner\"><div class=\"wpb_wrapper\"><div class=\"w-image align_left\"><div class=\"w-image-h\"><img loading=\"lazy\" decoding=\"async\" width=\"182\" height=\"182\" src=\"https:\/\/www.deepchill.com\/wp-content\/uploads\/2020\/10\/food-grade-hygiene-img.jpg\" class=\"attachment-full size-full\" alt=\"food-grade-hygiene-img\" srcset=\"https:\/\/www.deepchill.com\/wp-content\/uploads\/2020\/10\/food-grade-hygiene-img.jpg 182w, https:\/\/www.deepchill.com\/wp-content\/uploads\/2020\/10\/food-grade-hygiene-img-150x150.jpg 150w\" sizes=\"auto, (max-width: 182px) 100vw, 182px\" \/><\/div><\/div><div class=\"wpb_text_column\" ><div class=\"wpb_wrapper\"><h3>Higiene de grado alimenticio<\/h3>\n<p>Deepchill<sup>\u00ae<\/sup> se produce y almacena en un ambiente cerrado, luego se distribuye a trav\u00e9s de un sistema de entrega sellado, sin exposici\u00f3n a contaminantes externos.<\/p>\n<\/div><\/div><\/div><\/div><\/div><div class=\"vc_col-sm-12 vc_col-lg-3 vc_col-md-6 vc_col-xs-12 wpb_column vc_column_container\"><div class=\"vc_column-inner\"><div class=\"wpb_wrapper\"><div class=\"w-image align_left\"><div class=\"w-image-h\"><img loading=\"lazy\" decoding=\"async\" width=\"182\" height=\"182\" src=\"https:\/\/www.deepchill.com\/wp-content\/uploads\/2020\/10\/reduced-mixing-times-img.jpg\" class=\"attachment-full size-full\" alt=\"reduced-mixing-times-img\" srcset=\"https:\/\/www.deepchill.com\/wp-content\/uploads\/2020\/10\/reduced-mixing-times-img.jpg 182w, https:\/\/www.deepchill.com\/wp-content\/uploads\/2020\/10\/reduced-mixing-times-img-150x150.jpg 150w\" sizes=\"auto, (max-width: 182px) 100vw, 182px\" \/><\/div><\/div><div class=\"wpb_text_column\" ><div class=\"wpb_wrapper\"><h3>Reducci\u00f3n en tiempos de mezcla<\/h3>\n<p>Con 3 veces m\u00e1s que la velocidad de enfriamiento del hielo convencional, Deepchill<sup>\u00ae<\/sup> puede reducir el tiempo de mezcla de la masa hasta en un 33%. A diferencia de los cubitos de hielo, Deepchill<sup>\u00ae<\/sup> se mezcla f\u00e1cil y r\u00e1pidamente en toda la masa.<\/p>\n<\/div><\/div><\/div><\/div><\/div><div class=\"vc_col-sm-12 vc_col-lg-3 vc_col-md-6 vc_col-xs-12 wpb_column vc_column_container\"><div class=\"vc_column-inner\"><div class=\"wpb_wrapper\"><div class=\"w-image align_left\"><div class=\"w-image-h\"><img loading=\"lazy\" decoding=\"async\" width=\"182\" height=\"182\" src=\"https:\/\/www.deepchill.com\/wp-content\/uploads\/2020\/10\/optimal-temperature-control-img.jpg\" class=\"attachment-full size-full\" alt=\"optimal-temperature-control-img\" srcset=\"https:\/\/www.deepchill.com\/wp-content\/uploads\/2020\/10\/optimal-temperature-control-img.jpg 182w, https:\/\/www.deepchill.com\/wp-content\/uploads\/2020\/10\/optimal-temperature-control-img-150x150.jpg 150w\" sizes=\"auto, (max-width: 182px) 100vw, 182px\" \/><\/div><\/div><div class=\"wpb_text_column\" ><div class=\"wpb_wrapper\"><h3>Control \u00f3ptimo de temperatura<\/h3>\n<p>La temperatura y la concentraci\u00f3n de cristales de Deepchill<sup>\u00ae<\/sup> son ajustables, lo que proporciona un control \u00f3ptimo de la temperatura de la masa durante el proceso de mezclado y da como resultado un mejor control del crecimiento de la levadura y las tasas de aumento de la masa.<\/p>\n<\/div><\/div><\/div><\/div><\/div><\/div><\/div><\/div><\/div><\/div><\/div><\/section><section class=\"l-section wpb_row height_medium dc-blue-bg dc-below-slider-section\"><div class=\"l-section-h i-cf\"><div class=\"g-cols vc_row type_default valign_top\"><div class=\"vc_col-sm-6 wpb_column vc_column_container\"><div class=\"vc_column-inner\"><div class=\"wpb_wrapper\"><div class=\"wpb_text_column\" ><div class=\"wpb_wrapper\"><p>El innovador Deepchill<sup>\u00ae<\/sup> Ingrediator<sup>\u2122<\/sup> (mezclador de ingredientes) es una tecnolog\u00eda 2 en 1: proporciona el m\u00e9todo m\u00e1s eficiente para controlar la temperatura de la masa, as\u00ed como para mezclar sus ingredientes clave y formular su agente de enfriamiento. Esta tecnolog\u00eda de vanguardia puede reemplazar la necesidad de enfriadores de agua, chaquetas de enfriamiento en mezcladores y m\u00e1quinas de hielo.<\/p>\n<p><a class=\"dc-caret-link\">Mira el video para aprender m\u00e1s <i class=\"fa fa-angle-right\"><\/i><\/a><\/p>\n<\/div><\/div><\/div><\/div><\/div><div class=\"vc_col-sm-6 wpb_column vc_column_container\"><div class=\"vc_column-inner\"><div class=\"wpb_wrapper\"><div id=\"ultimate-video-619869f2be947c765\" class=\"ult-video  ult-adjust-bottom-margin ultimate-video-619869f2be947c765 ultv-4551 \"><div class=\"ultv-video ultv-aspect-ratio-16_9 ultv-subscribe-responsive-none\" data-videotype=\"uv_iframe\">\r\n\t\t\t\t\t\t<div class=\"ultv-video__outer-wrap\" data-autoplay=\"0\" data-device=\"false\"  data-iconbg=\"#3a3a3a\" data-overcolor=\"\" data-defaultbg=\"#1f1f1e\" data-defaultplay=\"icon\"><div class=\"ultv-video__play\" data-src=\"https:\/\/www.youtube.com\/embed\/IQ-PXnNMWxc?rel=0&amp;start&amp;end&amp;controls=1&amp;mute=0&amp;modestbranding=0&amp;autoplay=1\">\r\n\t\t\t\t\t\t\t\t<img decoding=\"async\" class=\"ultv-video__thumb\" src=\"https:\/\/i.ytimg.com\/vi\/IQ-PXnNMWxc\/maxresdefault.jpg\"\/>\r\n\t\t\t\t\t\t\t\t<div class=\"ultv-video__play-icon Defaults-play-circle ultv-animation-none\" style=\"font-size:80px;\"><\/div> <\/div> <\/div><\/div><\/div><\/div><\/div><\/div><\/div><\/div><\/section><section class=\"l-section wpb_row height_medium\"><div class=\"l-section-h i-cf\"><div class=\"g-cols vc_row type_default valign_top\"><div class=\"vc_col-sm-12 wpb_column vc_column_container\"><div class=\"vc_column-inner\"><div class=\"wpb_wrapper\"><div class=\"wpb_text_column\" ><div class=\"wpb_wrapper\"><h2 style=\"text-align: center;\">El\u00a0Ingrediator<sup>\u2122\u00a0<\/sup>Deepchill<sup>\u00ae<\/sup><\/h2>\n<\/div><\/div><div class=\"g-cols wpb_row  type_default valign_top vc_inner dc-difference-points-section dc-shrimp-difference-points-section\"><div class=\"vc_col-sm-12 vc_col-lg-3 vc_col-md-6 vc_col-xs-12 wpb_column vc_column_container\"><div class=\"vc_column-inner\"><div class=\"wpb_wrapper\"><div class=\"w-image align_left\"><div class=\"w-image-h\"><img loading=\"lazy\" decoding=\"async\" width=\"182\" height=\"182\" src=\"https:\/\/www.deepchill.com\/wp-content\/uploads\/2020\/10\/flexible-formulation-img.jpg\" class=\"attachment-full size-full\" alt=\"flexible-formulation-img\" srcset=\"https:\/\/www.deepchill.com\/wp-content\/uploads\/2020\/10\/flexible-formulation-img.jpg 182w, https:\/\/www.deepchill.com\/wp-content\/uploads\/2020\/10\/flexible-formulation-img-150x150.jpg 150w\" sizes=\"auto, (max-width: 182px) 100vw, 182px\" \/><\/div><\/div><div class=\"wpb_text_column\" ><div class=\"wpb_wrapper\"><h3>Formulaci\u00f3n flexible<\/h3>\n<p>Deepchill<sup>\u00ae<\/sup> se puede formular con cantidades precisas de ingredientes (agua, sal y az\u00facar) en las recetas de masa, proporcionando eficiencia y consistencia.<\/p>\n<\/div><\/div><\/div><\/div><\/div><div class=\"vc_col-sm-12 vc_col-lg-3 vc_col-md-6 vc_col-xs-12 wpb_column vc_column_container\"><div class=\"vc_column-inner\"><div class=\"wpb_wrapper\"><div class=\"w-image align_left\"><div class=\"w-image-h\"><img loading=\"lazy\" decoding=\"async\" width=\"182\" height=\"182\" src=\"https:\/\/www.deepchill.com\/wp-content\/uploads\/2020\/10\/serve-multiple-mixers-img.jpg\" class=\"attachment-full size-full\" alt=\"serve-multiple-mixers-img\" srcset=\"https:\/\/www.deepchill.com\/wp-content\/uploads\/2020\/10\/serve-multiple-mixers-img.jpg 182w, https:\/\/www.deepchill.com\/wp-content\/uploads\/2020\/10\/serve-multiple-mixers-img-150x150.jpg 150w\" sizes=\"auto, (max-width: 182px) 100vw, 182px\" \/><\/div><\/div><div class=\"wpb_text_column\" ><div class=\"wpb_wrapper\"><h3>Precisi\u00f3n<\/h3>\n<p>El Ingrediator<sup>\u2122<\/sup> entrega autom\u00e1ticamente dosis precisas de Deepchill<sup>\u00ae<\/sup> a m\u00faltiples mezcladores al mismo tiempo. Esto se puede hacer incluso si cada batidora tiene una receta diferente.<\/p>\n<\/div><\/div><\/div><\/div><\/div><div class=\"vc_col-sm-12 vc_col-lg-3 vc_col-md-6 vc_col-xs-12 wpb_column vc_column_container\"><div class=\"vc_column-inner\"><div class=\"wpb_wrapper\"><div class=\"w-image align_left\"><div class=\"w-image-h\"><img loading=\"lazy\" decoding=\"async\" width=\"182\" height=\"182\" src=\"https:\/\/www.deepchill.com\/wp-content\/uploads\/2020\/10\/full-automation-img.jpg\" class=\"attachment-full size-full\" alt=\"full-automation-img\" srcset=\"https:\/\/www.deepchill.com\/wp-content\/uploads\/2020\/10\/full-automation-img.jpg 182w, https:\/\/www.deepchill.com\/wp-content\/uploads\/2020\/10\/full-automation-img-150x150.jpg 150w\" sizes=\"auto, (max-width: 182px) 100vw, 182px\" \/><\/div><\/div><div class=\"wpb_text_column\" ><div class=\"wpb_wrapper\"><h3>Completa Automatizaci\u00f3n<\/h3>\n<p>El Ingrediator<sup>\u2122<\/sup> es altamente programable, lo que permite una automatizaci\u00f3n completa de la producci\u00f3n y la dosificaci\u00f3n de Deepchill<sup>\u00ae<\/sup>. El monitoreo se realiza a trav\u00e9s de grandes pantallas t\u00e1ctiles HMI en los paneles de control, para los puntos de producci\u00f3n y uso.<\/p>\n<\/div><\/div><\/div><\/div><\/div><div class=\"vc_col-sm-12 vc_col-lg-3 vc_col-md-6 vc_col-xs-12 wpb_column vc_column_container\"><div class=\"vc_column-inner\"><div class=\"wpb_wrapper\"><div class=\"w-image align_left\"><div class=\"w-image-h\"><img loading=\"lazy\" decoding=\"async\" width=\"182\" height=\"182\" src=\"https:\/\/www.deepchill.com\/wp-content\/uploads\/2020\/10\/lower-energy-costs-img2.jpg\" class=\"attachment-full size-full\" alt=\"lower-energy-costs-img2\" srcset=\"https:\/\/www.deepchill.com\/wp-content\/uploads\/2020\/10\/lower-energy-costs-img2.jpg 182w, https:\/\/www.deepchill.com\/wp-content\/uploads\/2020\/10\/lower-energy-costs-img2-150x150.jpg 150w\" sizes=\"auto, (max-width: 182px) 100vw, 182px\" \/><\/div><\/div><div class=\"wpb_text_column\" ><div class=\"wpb_wrapper\"><h3>Menores costos de energ\u00eda<\/h3>\n<p>Los sistemas Deepchill<sup>\u00ae<\/sup> son energ\u00e9ticamente eficientes. Los generadores consumen al menos un 20% menos de energ\u00eda y requieren solo 1\/3 o menos de espacio, en comparaci\u00f3n con otros tipos de equipos de hielo.<\/p>\n<\/div><\/div><\/div><\/div><\/div><\/div><\/div><\/div><\/div><\/div><\/div><\/section>\n","protected":false},"excerpt":{"rendered":"Enfriamiento \u00f3ptimo para una mejor masa. Descarga el brochure La diferencia Deepchill\u00ae El revolucionario hielo l\u00edquido Deepchill\u00ae proporciona un enfriamiento r\u00e1pido y uniforme para su masa, lo que resulta en una masa de mejor calidad, una mezcla m\u00e1s r\u00e1pida y eficiencias operativas. Mejora la calidad de la masa Deepchill\u00ae proporciona un enfriamiento inmediato y uniforme...","protected":false},"author":2,"featured_media":0,"parent":10480,"menu_order":0,"comment_status":"closed","ping_status":"closed","template":"","meta":{"footnotes":""},"class_list":["post-10495","page","type-page","status-publish","hentry"],"aioseo_notices":[],"_links":{"self":[{"href":"https:\/\/www.deepchill.com\/es\/wp-json\/wp\/v2\/pages\/10495","targetHints":{"allow":["GET"]}}],"collection":[{"href":"https:\/\/www.deepchill.com\/es\/wp-json\/wp\/v2\/pages"}],"about":[{"href":"https:\/\/www.deepchill.com\/es\/wp-json\/wp\/v2\/types\/page"}],"author":[{"embeddable":true,"href":"https:\/\/www.deepchill.com\/es\/wp-json\/wp\/v2\/users\/2"}],"replies":[{"embeddable":true,"href":"https:\/\/www.deepchill.com\/es\/wp-json\/wp\/v2\/comments?post=10495"}],"version-history":[{"count":23,"href":"https:\/\/www.deepchill.com\/es\/wp-json\/wp\/v2\/pages\/10495\/revisions"}],"predecessor-version":[{"id":17229,"href":"https:\/\/www.deepchill.com\/es\/wp-json\/wp\/v2\/pages\/10495\/revisions\/17229"}],"up":[{"embeddable":true,"href":"https:\/\/www.deepchill.com\/es\/wp-json\/wp\/v2\/pages\/10480"}],"wp:attachment":[{"href":"https:\/\/www.deepchill.com\/es\/wp-json\/wp\/v2\/media?parent=10495"}],"curies":[{"name":"wp","href":"https:\/\/api.w.org\/{rel}","templated":true}]}}