{"id":10497,"date":"2020-11-05T07:39:12","date_gmt":"2020-11-05T07:39:12","guid":{"rendered":"https:\/\/www.deepchill.com\/industries-we-work-with\/meat-processing\/"},"modified":"2023-04-19T22:35:15","modified_gmt":"2023-04-19T22:35:15","slug":"meat-processing","status":"publish","type":"page","link":"https:\/\/www.deepchill.com\/es\/industries-we-work-with\/meat-processing\/","title":{"rendered":"Procesamiento de carne"},"content":{"rendered":"<section class=\"l-section wpb_row height_medium\"><div class=\"l-section-h i-cf\"><div class=\"g-cols vc_row type_default valign_top\"><div class=\"vc_col-sm-12 wpb_column vc_column_container\"><div class=\"vc_column-inner\"><div class=\"wpb_wrapper\"><div class=\"wpb_text_column dc-normal-font\" ><div class=\"wpb_wrapper\"><h4>La soluci\u00f3n para el\u00a0 enfriamiento de carne m\u00e1s eficaz<\/h4>\n<\/div><\/div><\/div><\/div><\/div><\/div><\/div><\/section><section class=\"l-section wpb_row height_auto width_full dc-inner-banner-img with_img\"><div class=\"l-section-img\" style=\"background-image: url(https:\/\/www.deepchill.com\/wp-content\/uploads\/2020\/10\/meat-processing-img2.jpg);background-repeat: no-repeat;\" data-img-width=\"1920\" data-img-height=\"520\"><\/div><div class=\"l-section-h i-cf\"><div class=\"g-cols vc_row type_default valign_top\"><div class=\"vc_col-sm-12 wpb_column vc_column_container\"><div class=\"vc_column-inner\"><div class=\"wpb_wrapper\"><\/div><\/div><\/div><\/div><\/div><\/section><section class=\"l-section wpb_row height_medium dc-difference-section\"><div class=\"l-section-h i-cf\"><div class=\"g-cols vc_row type_default valign_top\"><div class=\"vc_col-sm-12 wpb_column vc_column_container\"><div class=\"vc_column-inner\"><div class=\"wpb_wrapper\"><div class=\"wpb_text_column\" ><div class=\"wpb_wrapper\"><h2 style=\"text-align: center;\">La diferencia Deepchill<sup>\u00ae<\/sup><\/h2>\n<p>Mayor calidad, enfriamiento m\u00e1s r\u00e1pido, operaciones a\u00fan m\u00e1s eficientes: todas las ventajas que puede aprovechar para su negocio ayudan a mejorar su rentabilidad. Deepchilling es un proceso de enfriamiento muy avanzado que puede ayudarlo a mejorar su producci\u00f3n de carne y aprovechar al m\u00e1ximo su negocio.<\/p>\n<\/div><\/div><div class=\"g-cols wpb_row  type_default valign_top vc_inner dc-difference-points-section dc-shrimp-difference-points-section\"><div class=\"vc_col-sm-12 vc_col-lg-3 vc_col-md-6 vc_col-xs-12 wpb_column vc_column_container\"><div class=\"vc_column-inner\"><div class=\"wpb_wrapper\"><div class=\"w-image align_left\"><div class=\"w-image-h\"><img loading=\"lazy\" decoding=\"async\" width=\"182\" height=\"182\" src=\"https:\/\/www.deepchill.com\/wp-content\/uploads\/2020\/10\/fast-uniform-and-consistent-cooling-img2.jpg\" class=\"attachment-full size-full\" alt=\"fast-uniform-and-consistent-cooling-img2\" srcset=\"https:\/\/www.deepchill.com\/wp-content\/uploads\/2020\/10\/fast-uniform-and-consistent-cooling-img2.jpg 182w, https:\/\/www.deepchill.com\/wp-content\/uploads\/2020\/10\/fast-uniform-and-consistent-cooling-img2-150x150.jpg 150w\" sizes=\"auto, (max-width: 182px) 100vw, 182px\" \/><\/div><\/div><div class=\"wpb_text_column\" ><div class=\"wpb_wrapper\"><h3>Enfriamiento r\u00e1pido, uniforme y consistente<\/h3>\n<p>Con la mayor energ\u00eda de enfriamiento, Deepchill<sup>\u00ae<\/sup> proporciona a a la carne un enfriamiento inmediato y uniforme, sin afectar\u00a0 su proporci\u00f3n de agua y reduciendo el tiempo requerido para el licuado.<\/p>\n<\/div><\/div><\/div><\/div><\/div><div class=\"vc_col-sm-12 vc_col-lg-3 vc_col-md-6 vc_col-xs-12 wpb_column vc_column_container\"><div class=\"vc_column-inner\"><div class=\"wpb_wrapper\"><div class=\"w-image align_left\"><div class=\"w-image-h\"><img loading=\"lazy\" decoding=\"async\" width=\"182\" height=\"182\" src=\"https:\/\/www.deepchill.com\/wp-content\/uploads\/2020\/10\/retain-moisture-img.jpg\" class=\"attachment-full size-full\" alt=\"retain-moisture-img\" srcset=\"https:\/\/www.deepchill.com\/wp-content\/uploads\/2020\/10\/retain-moisture-img.jpg 182w, https:\/\/www.deepchill.com\/wp-content\/uploads\/2020\/10\/retain-moisture-img-150x150.jpg 150w\" sizes=\"auto, (max-width: 182px) 100vw, 182px\" \/><\/div><\/div><div class=\"wpb_text_column\" ><div class=\"wpb_wrapper\"><h3>Retiene la humedad<\/h3>\n<p>Con la conservaci\u00f3n Deepchill<sup>\u00ae<\/sup>, las fibras musculares de la carne retienen mejor la humedad natural que sale de la carne durante la molienda o el corte, e incluso durante los procesos posteriores.<\/p>\n<\/div><\/div><\/div><\/div><\/div><div class=\"vc_col-sm-12 vc_col-lg-3 vc_col-md-6 vc_col-xs-12 wpb_column vc_column_container\"><div class=\"vc_column-inner\"><div class=\"wpb_wrapper\"><div class=\"w-image align_left\"><div class=\"w-image-h\"><img loading=\"lazy\" decoding=\"async\" width=\"182\" height=\"182\" src=\"https:\/\/www.deepchill.com\/wp-content\/uploads\/2020\/10\/streamlined-operation-img3.jpg\" class=\"attachment-full size-full\" alt=\"streamlined-operation-img3\" srcset=\"https:\/\/www.deepchill.com\/wp-content\/uploads\/2020\/10\/streamlined-operation-img3.jpg 182w, https:\/\/www.deepchill.com\/wp-content\/uploads\/2020\/10\/streamlined-operation-img3-150x150.jpg 150w\" sizes=\"auto, (max-width: 182px) 100vw, 182px\" \/><\/div><\/div><div class=\"wpb_text_column\" ><div class=\"wpb_wrapper\"><h3>Operaci\u00f3n simplificada<\/h3>\n<p>Simplifique y acelere la operaci\u00f3n de procesamiento con la entrega automatizada de dosis medidas de Deepchill<sup>\u00ae<\/sup> a m\u00faltiples puntos de uso, reduciendo la mano de obra requerida para el manejo de hielo en la instalaci\u00f3n y eliminando el desperdicio de hielo.<\/p>\n<\/div><\/div><\/div><\/div><\/div><div class=\"vc_col-sm-12 vc_col-lg-3 vc_col-md-6 vc_col-xs-12 wpb_column vc_column_container\"><div class=\"vc_column-inner\"><div class=\"wpb_wrapper\"><div class=\"w-image align_left\"><div class=\"w-image-h\"><img loading=\"lazy\" decoding=\"async\" width=\"182\" height=\"182\" src=\"https:\/\/www.deepchill.com\/wp-content\/uploads\/2020\/10\/flexible-integration-img.jpg\" class=\"attachment-full size-full\" alt=\"flexible-integration-img\" srcset=\"https:\/\/www.deepchill.com\/wp-content\/uploads\/2020\/10\/flexible-integration-img.jpg 182w, https:\/\/www.deepchill.com\/wp-content\/uploads\/2020\/10\/flexible-integration-img-150x150.jpg 150w\" sizes=\"auto, (max-width: 182px) 100vw, 182px\" \/><\/div><\/div><div class=\"wpb_text_column\" ><div class=\"wpb_wrapper\"><h3>Integraci\u00f3n flexible<\/h3>\n<p>Los sistemas Deepchill<sup>\u00ae<\/sup> funcionan con mezcladores continuos o por lotes y se integran f\u00e1cilmente a sistemas autom\u00e1ticos por lotes.<\/p>\n<\/div><\/div><\/div><\/div><\/div><\/div><\/div><\/div><\/div><\/div><\/div><\/section><section class=\"l-section wpb_row height_medium color_footer-top\"><div class=\"l-section-h i-cf\"><div class=\"g-cols vc_row type_default valign_top\"><div class=\"vc_col-sm-12 wpb_column vc_column_container\"><div class=\"vc_column-inner\"><div class=\"wpb_wrapper\"><div class=\"wpb_text_column\" ><div class=\"wpb_wrapper\"><h2 style=\"text-align: center;\">Aplicaciones de Deepchill<sup>\u00ae<\/sup> para la industria de procesamiento de carne<\/h2>\n<\/div><\/div><div class=\"g-cols wpb_row  type_default valign_top vc_inner dc-meat-processing-methods-section\"><div class=\"vc_col-sm-6 wpb_column vc_column_container\"><div class=\"vc_column-inner\"><div class=\"wpb_wrapper\"><div class=\"wpb_text_column\" ><div class=\"wpb_wrapper\"><h3>Deepchill<sup>\u00ae<\/sup> enfriamiento directo para el proceso de picado de carne<\/h3>\n<p>El hielo l\u00edquido Deepchill<sup>\u00ae<\/sup> se bombea a trav\u00e9s de un circuito cerrado y se entrega directamente a las licuadoras de carne. Las bombas dosificadoras en cada lugar de entrega brindan un control preciso de la cantidad de Deepchill<sup>\u00ae<\/sup> descargado desde el circuito a los mezcladores. Gracias a la naturaleza homog\u00e9nea de Deepchill<sup>\u00ae<\/sup> y sus cristales de hielo microsc\u00f3picos, la carne se enfr\u00eda r\u00e1pida y uniformemente, mejorando la calidad de la carne.<\/p>\n<\/div><\/div><div class=\"w-image align_center\"><div class=\"w-image-h\"><img loading=\"lazy\" decoding=\"async\" width=\"768\" height=\"414\" src=\"https:\/\/www.deepchill.com\/wp-content\/uploads\/2020\/10\/deepchill-direct-cooling-for-meat-grinding-process-img.jpg\" class=\"attachment-full size-full\" alt=\"deepchill-direct-cooling-for-meat-grinding-process-img\" srcset=\"https:\/\/www.deepchill.com\/wp-content\/uploads\/2020\/10\/deepchill-direct-cooling-for-meat-grinding-process-img.jpg 768w, https:\/\/www.deepchill.com\/wp-content\/uploads\/2020\/10\/deepchill-direct-cooling-for-meat-grinding-process-img-300x162.jpg 300w\" sizes=\"auto, (max-width: 768px) 100vw, 768px\" \/><\/div><\/div><\/div><\/div><\/div><div class=\"vc_col-sm-6 wpb_column vc_column_container\"><div class=\"vc_column-inner\"><div class=\"wpb_wrapper\"><div class=\"wpb_text_column\" ><div class=\"wpb_wrapper\"><h3>Enfriamiento por asperci\u00f3n\u00a0 de Deepchill<sup>\u00ae<\/sup> para salchichas<\/h3>\n<p>Deepchill<sup>\u00ae<\/sup> se bombea a trav\u00e9s de un circuito cerrado conectado a la c\u00e1mara de enfriamiento de salchichas y se roc\u00eda sobre el producto. Esto puede reducir el tiempo de enfriamiento de las salchichas hasta en un 25%, por lo tanto, mejora la productividad y aumenta el rendimiento. En comparaci\u00f3n con los enfriadores de salmuera convencionales, este sistema reduce dr\u00e1sticamente el contenido de NaCl en el drenaje.<\/p>\n<\/div><\/div><div class=\"w-image align_center\"><div class=\"w-image-h\"><img loading=\"lazy\" decoding=\"async\" width=\"768\" height=\"414\" src=\"https:\/\/www.deepchill.com\/wp-content\/uploads\/2020\/10\/deepchill-spray-cooling-for-sausages-and-hotdogs-img.jpg\" class=\"attachment-full size-full\" alt=\"deepchill-spray-cooling-for-sausages-and-hotdogs-img\" srcset=\"https:\/\/www.deepchill.com\/wp-content\/uploads\/2020\/10\/deepchill-spray-cooling-for-sausages-and-hotdogs-img.jpg 768w, https:\/\/www.deepchill.com\/wp-content\/uploads\/2020\/10\/deepchill-spray-cooling-for-sausages-and-hotdogs-img-300x162.jpg 300w\" sizes=\"auto, (max-width: 768px) 100vw, 768px\" \/><\/div><\/div><\/div><\/div><\/div><\/div><\/div><\/div><\/div><\/div><\/div><\/section>\n","protected":false},"excerpt":{"rendered":"La soluci\u00f3n para el\u00a0 enfriamiento de carne m\u00e1s eficaz La diferencia Deepchill\u00ae Mayor calidad, enfriamiento m\u00e1s r\u00e1pido, operaciones a\u00fan m\u00e1s eficientes: todas las ventajas que puede aprovechar para su negocio ayudan a mejorar su rentabilidad. Deepchilling es un proceso de enfriamiento muy avanzado que puede ayudarlo a mejorar su producci\u00f3n de carne y aprovechar al...","protected":false},"author":2,"featured_media":0,"parent":10480,"menu_order":0,"comment_status":"closed","ping_status":"closed","template":"","meta":{"footnotes":""},"class_list":["post-10497","page","type-page","status-publish","hentry"],"aioseo_notices":[],"_links":{"self":[{"href":"https:\/\/www.deepchill.com\/es\/wp-json\/wp\/v2\/pages\/10497","targetHints":{"allow":["GET"]}}],"collection":[{"href":"https:\/\/www.deepchill.com\/es\/wp-json\/wp\/v2\/pages"}],"about":[{"href":"https:\/\/www.deepchill.com\/es\/wp-json\/wp\/v2\/types\/page"}],"author":[{"embeddable":true,"href":"https:\/\/www.deepchill.com\/es\/wp-json\/wp\/v2\/users\/2"}],"replies":[{"embeddable":true,"href":"https:\/\/www.deepchill.com\/es\/wp-json\/wp\/v2\/comments?post=10497"}],"version-history":[{"count":24,"href":"https:\/\/www.deepchill.com\/es\/wp-json\/wp\/v2\/pages\/10497\/revisions"}],"predecessor-version":[{"id":17291,"href":"https:\/\/www.deepchill.com\/es\/wp-json\/wp\/v2\/pages\/10497\/revisions\/17291"}],"up":[{"embeddable":true,"href":"https:\/\/www.deepchill.com\/es\/wp-json\/wp\/v2\/pages\/10480"}],"wp:attachment":[{"href":"https:\/\/www.deepchill.com\/es\/wp-json\/wp\/v2\/media?parent=10497"}],"curies":[{"name":"wp","href":"https:\/\/api.w.org\/{rel}","templated":true}]}}