{"id":10500,"date":"2020-11-05T07:39:36","date_gmt":"2020-11-05T07:39:36","guid":{"rendered":"https:\/\/www.deepchill.com\/industries-we-work-with\/poultry\/"},"modified":"2023-04-19T22:26:20","modified_gmt":"2023-04-19T22:26:20","slug":"poultry","status":"publish","type":"page","link":"https:\/\/www.deepchill.com\/es\/industries-we-work-with\/poultry\/","title":{"rendered":"Pollo"},"content":{"rendered":"<section class=\"l-section wpb_row height_medium\"><div class=\"l-section-h i-cf\"><div class=\"g-cols vc_row type_default valign_top\"><div class=\"vc_col-sm-12 wpb_column vc_column_container\"><div class=\"vc_column-inner\"><div class=\"wpb_wrapper\"><div class=\"wpb_text_column dc-normal-font\" ><div class=\"wpb_wrapper\"><h4>Enfriamiento superior para ayudar a mejorar su producci\u00f3n av\u00edcola.<\/h4>\n<\/div><\/div><\/div><\/div><\/div><\/div><\/div><\/section><section class=\"l-section wpb_row height_auto width_full dc-inner-banner-img with_img\"><div class=\"l-section-img\" style=\"background-image: url(https:\/\/www.deepchill.com\/wp-content\/uploads\/2020\/10\/poultry-img.jpg);background-repeat: no-repeat;\" data-img-width=\"1920\" data-img-height=\"520\"><\/div><div class=\"l-section-h i-cf\"><div class=\"g-cols vc_row type_default valign_top\"><div class=\"vc_col-sm-12 wpb_column vc_column_container\"><div class=\"vc_column-inner\"><div class=\"wpb_wrapper\"><\/div><\/div><\/div><\/div><\/div><\/section><section class=\"l-section wpb_row height_medium dc-difference-section\"><div class=\"l-section-h i-cf\"><div class=\"g-cols vc_row type_default valign_top\"><div class=\"vc_col-sm-12 wpb_column vc_column_container\"><div class=\"vc_column-inner\"><div class=\"wpb_wrapper\"><div class=\"wpb_text_column\" ><div class=\"wpb_wrapper\"><h2 style=\"text-align: center;\">La diferencia Deepchill<sup>\u00ae<\/sup><\/h2>\n<h4>Mayor calidad, enfriamiento m\u00e1s r\u00e1pido, operaciones a\u00fan m\u00e1s eficientes: todas las ventajas que puede aprovechar para su negocio ayudan a mejorar su rentabilidad. Deepchilling es un proceso de enfriamiento y conservaci\u00f3n altamente avanzado que puede ayudarlo a mejorar su producci\u00f3n av\u00edcola y aprovechar al m\u00e1ximo su negocio.<\/h4>\n<\/div><\/div><div class=\"g-cols wpb_row  type_default valign_top vc_inner dc-difference-points-section dc-shrimp-difference-points-section\"><div class=\"vc_col-sm-12 vc_col-lg-3 vc_col-md-6 vc_col-xs-12 wpb_column vc_column_container\"><div class=\"vc_column-inner\"><div class=\"wpb_wrapper\"><div class=\"w-image align_left\"><div class=\"w-image-h\"><img loading=\"lazy\" decoding=\"async\" width=\"182\" height=\"182\" src=\"https:\/\/www.deepchill.com\/wp-content\/uploads\/2020\/10\/fast-uniform-and-consistent-cooling-img.jpg\" class=\"attachment-full size-full\" alt=\"fast-uniform-and-consistent-cooling-img\" srcset=\"https:\/\/www.deepchill.com\/wp-content\/uploads\/2020\/10\/fast-uniform-and-consistent-cooling-img.jpg 182w, https:\/\/www.deepchill.com\/wp-content\/uploads\/2020\/10\/fast-uniform-and-consistent-cooling-img-150x150.jpg 150w\" sizes=\"auto, (max-width: 182px) 100vw, 182px\" \/><\/div><\/div><div class=\"wpb_text_column\" ><div class=\"wpb_wrapper\"><h3>Enfriamiento r\u00e1pido, uniforme y consistente<\/h3>\n<p>Con la tasa de enfriamiento m\u00e1s alta, Deepchill<sup>\u00ae<\/sup> proporciona un enfriamiento inmediato y uniforme sin congelaci\u00f3n, lo que ayuda a los procesadores de aves a cumplir con las estrictas regulaciones gubernamentales sobre el control de la temperatura de los productos.<\/p>\n<\/div><\/div><\/div><\/div><\/div><div class=\"vc_col-sm-12 vc_col-lg-3 vc_col-md-6 vc_col-xs-12 wpb_column vc_column_container\"><div class=\"vc_column-inner\"><div class=\"wpb_wrapper\"><div class=\"w-image align_left\"><div class=\"w-image-h\"><img loading=\"lazy\" decoding=\"async\" width=\"182\" height=\"182\" src=\"https:\/\/www.deepchill.com\/wp-content\/uploads\/2020\/10\/efficient-performance-img.jpg\" class=\"attachment-full size-full\" alt=\"efficient-performance-img\" srcset=\"https:\/\/www.deepchill.com\/wp-content\/uploads\/2020\/10\/efficient-performance-img.jpg 182w, https:\/\/www.deepchill.com\/wp-content\/uploads\/2020\/10\/efficient-performance-img-150x150.jpg 150w\" sizes=\"auto, (max-width: 182px) 100vw, 182px\" \/><\/div><\/div><div class=\"wpb_text_column\" ><div class=\"wpb_wrapper\"><h3>Eficiente Desempe\u00f1o<\/h3>\n<p>El enfriamiento m\u00e1s r\u00e1pido de Deepchill<sup>\u00ae<\/sup> ayuda a aumentar la capacidad y el rendimiento del enfriador de giratorio (enfriador de tornillo), acelerando sus operaciones, sin agregar equipo adicional.<\/p>\n<\/div><\/div><\/div><\/div><\/div><div class=\"vc_col-sm-12 vc_col-lg-3 vc_col-md-6 vc_col-xs-12 wpb_column vc_column_container\"><div class=\"vc_column-inner\"><div class=\"wpb_wrapper\"><div class=\"w-image align_left\"><div class=\"w-image-h\"><img loading=\"lazy\" decoding=\"async\" width=\"182\" height=\"182\" src=\"https:\/\/www.deepchill.com\/wp-content\/uploads\/2020\/10\/superior-hygiene-img.jpg\" class=\"attachment-full size-full\" alt=\"superior-hygiene-img\" srcset=\"https:\/\/www.deepchill.com\/wp-content\/uploads\/2020\/10\/superior-hygiene-img.jpg 182w, https:\/\/www.deepchill.com\/wp-content\/uploads\/2020\/10\/superior-hygiene-img-150x150.jpg 150w\" sizes=\"auto, (max-width: 182px) 100vw, 182px\" \/><\/div><\/div><div class=\"wpb_text_column\" ><div class=\"wpb_wrapper\"><h3>Higiene superior<\/h3>\n<p>Deepchill<sup>\u00ae<\/sup> se genera, almacena y distribuye en un ambiente cerrado y nunca se expone a contaminantes externos. La potente capacidad de enfriamiento de Deepchill<sup>\u00ae<\/sup> elimina la necesidad de recircular el agua roja en el enfriador giratorio (enfriador de tornillo), lo que reduce dr\u00e1sticamente el riesgo de contaminaci\u00f3n.<\/p>\n<\/div><\/div><\/div><\/div><\/div><div class=\"vc_col-sm-12 vc_col-lg-3 vc_col-md-6 vc_col-xs-12 wpb_column vc_column_container\"><div class=\"vc_column-inner\"><div class=\"wpb_wrapper\"><div class=\"w-image align_left\"><div class=\"w-image-h\"><img loading=\"lazy\" decoding=\"async\" width=\"182\" height=\"182\" src=\"https:\/\/www.deepchill.com\/wp-content\/uploads\/2020\/10\/streamlined-operation-img2.jpg\" class=\"attachment-full size-full\" alt=\"streamlined-operation-img2\" srcset=\"https:\/\/www.deepchill.com\/wp-content\/uploads\/2020\/10\/streamlined-operation-img2.jpg 182w, https:\/\/www.deepchill.com\/wp-content\/uploads\/2020\/10\/streamlined-operation-img2-150x150.jpg 150w\" sizes=\"auto, (max-width: 182px) 100vw, 182px\" \/><\/div><\/div><div class=\"wpb_text_column\" ><div class=\"wpb_wrapper\"><h3>Operaci\u00f3n simplificada<\/h3>\n<p>Simplifique y acelere las operaciones dentro del proceso facilitando la entrega de Deepchill<sup>\u00ae<\/sup> a m\u00faltiples puntos de uso, lo que reduce la mano de obra necesaria para mover el hielo en las instalaciones y elimina su desperdicio.<\/p>\n<\/div><\/div><\/div><\/div><\/div><\/div><\/div><\/div><\/div><\/div><\/div><\/section><section class=\"l-section wpb_row height_medium color_footer-top\"><div class=\"l-section-h i-cf\"><div class=\"g-cols vc_row type_default valign_top\"><div class=\"vc_col-sm-12 wpb_column vc_column_container\"><div class=\"vc_column-inner\"><div class=\"wpb_wrapper\"><div class=\"wpb_text_column\" ><div class=\"wpb_wrapper\"><h2 style=\"text-align: center;\">Producto congelado de mayor calidad a trav\u00e9s del enfriamiento profundo<\/h2>\n<\/div><\/div><\/div><\/div><\/div><\/div><\/div><\/section><section class=\"l-section wpb_row height_medium\"><div class=\"l-section-h i-cf\"><div class=\"g-cols vc_row type_default valign_top\"><div class=\"vc_col-sm-6 wpb_column vc_column_container\"><div class=\"vc_column-inner\"><div class=\"wpb_wrapper\"><div class=\"w-separator size_medium\"><\/div><div class=\"wpb_text_column\" ><div class=\"wpb_wrapper\"><p>Las aves con Deepchill<sup>\u00ae<\/sup> se congelan m\u00e1s r\u00e1pido. Esto no solo aumenta la eficiencia y el rendimiento de los congeladores, sino que tambi\u00e9n mejora la calidad del pollo. Durante el proceso de congelaci\u00f3n, los pollos enfriados previamente con Deepchill<sup>\u00ae<\/sup> formar\u00e1n cristales peque\u00f1os y redondos en lugar de los cristales largos y afilados (dendrita) que se forman durante la congelaci\u00f3n lenta. Estos cristales de dendrita perforan las c\u00e9lulas durante la descongelaci\u00f3n, lo que da como resultado un producto de menor calidad.<\/p>\n<\/div><\/div><\/div><\/div><\/div><div class=\"vc_col-sm-6 wpb_column vc_column_container\"><div class=\"vc_column-inner\"><div class=\"wpb_wrapper\"><div class=\"w-image align_center\"><div class=\"w-image-h\"><img loading=\"lazy\" decoding=\"async\" width=\"1801\" height=\"1313\" src=\"https:\/\/www.deepchill.com\/wp-content\/uploads\/2020\/12\/crystal-size-freezing.png\" class=\"attachment-full size-full\" alt=\"\" srcset=\"https:\/\/www.deepchill.com\/wp-content\/uploads\/2020\/12\/crystal-size-freezing.png 1801w, https:\/\/www.deepchill.com\/wp-content\/uploads\/2020\/12\/crystal-size-freezing-300x219.png 300w, https:\/\/www.deepchill.com\/wp-content\/uploads\/2020\/12\/crystal-size-freezing-1024x747.png 1024w\" sizes=\"auto, (max-width: 1801px) 100vw, 1801px\" \/><\/div><\/div><\/div><\/div><\/div><\/div><\/div><\/section>\n","protected":false},"excerpt":{"rendered":"Enfriamiento superior para ayudar a mejorar su producci\u00f3n av\u00edcola. La diferencia Deepchill\u00ae Mayor calidad, enfriamiento m\u00e1s r\u00e1pido, operaciones a\u00fan m\u00e1s eficientes: todas las ventajas que puede aprovechar para su negocio ayudan a mejorar su rentabilidad. Deepchilling es un proceso de enfriamiento y conservaci\u00f3n altamente avanzado que puede ayudarlo a mejorar su producci\u00f3n av\u00edcola y aprovechar...","protected":false},"author":2,"featured_media":0,"parent":10480,"menu_order":0,"comment_status":"closed","ping_status":"closed","template":"","meta":{"footnotes":""},"class_list":["post-10500","page","type-page","status-publish","hentry"],"aioseo_notices":[],"_links":{"self":[{"href":"https:\/\/www.deepchill.com\/es\/wp-json\/wp\/v2\/pages\/10500","targetHints":{"allow":["GET"]}}],"collection":[{"href":"https:\/\/www.deepchill.com\/es\/wp-json\/wp\/v2\/pages"}],"about":[{"href":"https:\/\/www.deepchill.com\/es\/wp-json\/wp\/v2\/types\/page"}],"author":[{"embeddable":true,"href":"https:\/\/www.deepchill.com\/es\/wp-json\/wp\/v2\/users\/2"}],"replies":[{"embeddable":true,"href":"https:\/\/www.deepchill.com\/es\/wp-json\/wp\/v2\/comments?post=10500"}],"version-history":[{"count":7,"href":"https:\/\/www.deepchill.com\/es\/wp-json\/wp\/v2\/pages\/10500\/revisions"}],"predecessor-version":[{"id":17285,"href":"https:\/\/www.deepchill.com\/es\/wp-json\/wp\/v2\/pages\/10500\/revisions\/17285"}],"up":[{"embeddable":true,"href":"https:\/\/www.deepchill.com\/es\/wp-json\/wp\/v2\/pages\/10480"}],"wp:attachment":[{"href":"https:\/\/www.deepchill.com\/es\/wp-json\/wp\/v2\/media?parent=10500"}],"curies":[{"name":"wp","href":"https:\/\/api.w.org\/{rel}","templated":true}]}}