{"id":10503,"date":"2020-11-05T07:40:10","date_gmt":"2020-11-05T07:40:10","guid":{"rendered":"https:\/\/www.deepchill.com\/industries-we-work-with\/produce\/"},"modified":"2023-04-19T06:44:39","modified_gmt":"2023-04-19T06:44:39","slug":"produce","status":"publish","type":"page","link":"https:\/\/www.deepchill.com\/es\/industries-we-work-with\/produce\/","title":{"rendered":"Vegetales"},"content":{"rendered":"<section class=\"l-section wpb_row height_medium\"><div class=\"l-section-h i-cf\"><div class=\"g-cols vc_row type_default valign_top\"><div class=\"vc_col-sm-12 wpb_column vc_column_container\"><div class=\"vc_column-inner\"><div class=\"wpb_wrapper\"><div class=\"wpb_text_column dc-normal-font\" ><div class=\"wpb_wrapper\"><h4>Enfriamiento superior para ayudar a mantener sus vegetales frescos.<\/h4>\n<\/div><\/div><\/div><\/div><\/div><\/div><\/div><\/section><section class=\"l-section wpb_row height_auto width_full dc-inner-banner-img\"><div class=\"l-section-h i-cf\"><div class=\"g-cols vc_row type_default valign_top\"><div class=\"vc_col-sm-12 wpb_column vc_column_container\"><div class=\"vc_column-inner\"><div class=\"wpb_wrapper\"><\/div><\/div><\/div><\/div><\/div><\/section><!-- Row Backgrounds --><div class=\"upb_content_video\" data-controls-color=\"\" data-controls=\"\" data-viewport-video=\"false\" data-ultimate-video=\"http:\/\/www.deepchill.com\/wp-content\/uploads\/2020\/10\/broccoli-video.m4v\" data-ultimate-video2=\"http:\/\/www.deepchill.com\/wp-content\/uploads\/2020\/10\/broccoli-video.ogg\" data-ultimate-video-muted=\"muted\" data-ultimate-video-loop=\"loop\" data-ultimate-video-poster=\"\" data-ultimate-video-autoplay=\"autoplay\" data-bg-override=\"0\" data-upb-overlay-color=\"\" data-upb-bg-animation=\"\" data-fadeout=\"\" data-fadeout-percentage=\"30\" data-parallax-content=\"\" data-parallax-content-sense=\"30\" data-row-effect-mobile-disable=\"true\" data-rtl=\"false\" data-img-parallax-mobile-disable=\"true\"  data-custom-vc-row=\"\"  data-vc=\"6.3.0\"  data-is_old_vc=\"\"  data-theme-support=\"\"   data-overlay=\"false\" data-overlay-color=\"\" data-overlay-pattern=\"\" data-overlay-pattern-opacity=\"\" data-overlay-pattern-size=\"\"     data-video_fixer=\"true\"><\/div><section class=\"l-section wpb_row height_medium dc-blue-bg dc-below-slider-section\"><div class=\"l-section-h i-cf\"><div class=\"g-cols vc_row type_default valign_top\"><div class=\"vc_col-sm-6 wpb_column vc_column_container\"><div class=\"vc_column-inner\"><div class=\"wpb_wrapper\"><div class=\"wpb_text_column\" ><div class=\"wpb_wrapper\"><h4>Envasado de productos con Deepchill<sup>\u00ae<\/sup><\/h4>\n<p>Sandovegetales, una finca con sede en M\u00e9xico, se especializa en la producci\u00f3n y comercializaci\u00f3n de vegetales de primera calidad. El cambio a un sistema Deepchill<sup>\u00ae<\/sup> para empaquetar sus productos le permiti\u00f3 a Sandovegetales mejorar la vida \u00fatil del producto, expandir la producci\u00f3n y vender su br\u00f3coli a nuevos mercados.<\/p>\n<p><a class=\"dc-caret-link\">Mira el video para aprender m\u00e1s <i class=\"fa fa-angle-right\"><\/i><\/a><\/p>\n<\/div><\/div><\/div><\/div><\/div><div class=\"vc_col-sm-6 wpb_column vc_column_container\"><div class=\"vc_column-inner\"><div class=\"wpb_wrapper\"><div id=\"ultimate-video-418369f62fbe77753\" class=\"ult-video  ult-adjust-bottom-margin ultimate-video-418369f62fbe77753 ultv-9372 \"><div class=\"ultv-video ultv-aspect-ratio-16_9 ultv-subscribe-responsive-none\" data-videotype=\"uv_iframe\">\r\n\t\t\t\t\t\t<div class=\"ultv-video__outer-wrap\" data-autoplay=\"0\" data-device=\"false\"  data-iconbg=\"#3A3A3A\" data-overcolor=\"\" data-defaultbg=\"#1f1f1e\" data-defaultplay=\"defaulticon\"><div class=\"ultv-video__play\" data-src=\"https:\/\/www.youtube.com\/embed\/19mzUxIJmZs?rel=0&amp;start&amp;end&amp;controls=1&amp;mute=0&amp;modestbranding=0&amp;autoplay=1\">\r\n\t\t\t\t\t\t\t\t<img decoding=\"async\" class=\"ultv-video__thumb\" src=\"https:\/\/i.ytimg.com\/vi\/19mzUxIJmZs\/maxresdefault.jpg\"\/>\r\n\t\t\t\t\t\t\t\t<div class=\"ultv-video__play-icon  ultv-animation-none\" style=\"width:80px\"><svg height=\"100%\" version=\"1.1\" viewBox=\"0 0 68 48\" width=\"100%\"><path class=\"ultv-youtube-icon-bg\" d=\"m .66,37.62 c 0,0 .66,4.70 2.70,6.77 2.58,2.71 5.98,2.63 7.49,2.91 5.43,.52 23.10,.68 23.12,.68 .00,-1.3e-5 14.29,-0.02 23.81,-0.71 1.32,-0.15 4.22,-0.17 6.81,-2.89 2.03,-2.07 2.70,-6.77 2.70,-6.77 0,0 .67,-5.52 .67,-11.04 l 0,-5.17 c 0,-5.52 -0.67,-11.04 -0.67,-11.04 0,0 -0.66,-4.70 -2.70,-6.77 C 62.03,.86 59.13,.84 57.80,.69 48.28,0 34.00,0 34.00,0 33.97,0 19.69,0 10.18,.69 8.85,.84 5.95,.86 3.36,3.58 1.32,5.65 .66,10.35 .66,10.35 c 0,0 -0.55,4.50 -0.66,9.45 l 0,8.36 c .10,4.94 .66,9.45 .66,9.45 z\" fill=\"#1f1f1e\" ><\/path><path d=\"m 26.96,13.67 18.37,9.62 -18.37,9.55 -0.00,-19.17 z\" fill=\"#fff\"><\/path><path d=\"M 45.02,23.46 45.32,23.28 26.96,13.67 43.32,22.34 45.02,23.46 z\" fill=\"#ccc\"><\/path><\/svg><\/div> <\/div> <\/div><\/div><\/div><\/div><\/div><\/div><\/div><\/div><\/section><section class=\"l-section wpb_row height_medium dc-difference-section\"><div class=\"l-section-h i-cf\"><div class=\"g-cols vc_row type_default valign_top\"><div class=\"vc_col-sm-12 wpb_column vc_column_container\"><div class=\"vc_column-inner\"><div class=\"wpb_wrapper\"><div class=\"wpb_text_column\" ><div class=\"wpb_wrapper\"><h2 style=\"text-align: center;\">La diferencia Deepchill<sup>\u00ae<\/sup><\/h2>\n<p>Deepchill<sup>\u00ae<\/sup> consta de miles de millones de microcristales con forma de perlas que recubren por completo productos como el br\u00f3coli, penetrando directamente en la corona y entre los floretes individuales para proporcionar el m\u00e1ximo poder de enfriamiento. Esto preserva la calidad del producto fresco en el campo desde la cosecha, empaque, almacenamiento y hasta el env\u00edo.<\/p>\n<p>Desde reducir los pesos de env\u00edo hasta aumentar la vida \u00fatil y las distancias de env\u00edo, Deepchill<sup>\u00ae<\/sup> ha permitido a los productores mejorar la calidad de sus productos, optimizar las operaciones y, en \u00faltima instancia, hacer crecer su negocio.<\/p>\n<p>Deepchill<sup>\u00ae<\/sup> es una soluci\u00f3n ideal para empacar productos como br\u00f3coli, col rizada, coles de Bruselas, zanahorias y esp\u00e1rragos.<\/p>\n<\/div><\/div><div class=\"g-cols wpb_row  type_default valign_top vc_inner dc-difference-points-section dc-shrimp-difference-points-section\"><div class=\"vc_col-sm-12 vc_col-lg-3 vc_col-md-6 vc_col-xs-12 wpb_column vc_column_container\"><div class=\"vc_column-inner\"><div class=\"wpb_wrapper\"><div class=\"w-image align_left\"><div class=\"w-image-h\"><img loading=\"lazy\" decoding=\"async\" width=\"182\" height=\"182\" src=\"https:\/\/www.deepchill.com\/wp-content\/uploads\/2020\/10\/fast-and-uniform-cooling-img.jpg\" class=\"attachment-full size-full\" alt=\"fast-and-uniform-cooling-img\" srcset=\"https:\/\/www.deepchill.com\/wp-content\/uploads\/2020\/10\/fast-and-uniform-cooling-img.jpg 182w, https:\/\/www.deepchill.com\/wp-content\/uploads\/2020\/10\/fast-and-uniform-cooling-img-150x150.jpg 150w\" sizes=\"auto, (max-width: 182px) 100vw, 182px\" \/><\/div><\/div><div class=\"wpb_text_column\" ><div class=\"wpb_wrapper\"><h3>Enfriamiento r\u00e1pido y uniforme<\/h3>\n<p>El calor del campo debe eliminarse lo antes posible para evitar que el producto se marchite y amarillee despu\u00e9s de la cosecha. Con la m\u00e1s r\u00e1pida velocidad de enfriamiento (reduzca la temperatura central del producto por encima del punto de congelaci\u00f3n en 10 minutos), Deepchill<sup>\u00ae<\/sup> proporciona el m\u00e9todo m\u00e1s eficaz para detener el proceso de degradaci\u00f3n.<\/p>\n<\/div><\/div><\/div><\/div><\/div><div class=\"vc_col-sm-12 vc_col-lg-3 vc_col-md-6 vc_col-xs-12 wpb_column vc_column_container\"><div class=\"vc_column-inner\"><div class=\"wpb_wrapper\"><div class=\"w-image align_left\"><div class=\"w-image-h\"><img loading=\"lazy\" decoding=\"async\" width=\"182\" height=\"182\" src=\"https:\/\/www.deepchill.com\/wp-content\/uploads\/2020\/10\/longer-shelf-life-img.jpg\" class=\"attachment-full size-full\" alt=\"longer-shelf-life-img\" srcset=\"https:\/\/www.deepchill.com\/wp-content\/uploads\/2020\/10\/longer-shelf-life-img.jpg 182w, https:\/\/www.deepchill.com\/wp-content\/uploads\/2020\/10\/longer-shelf-life-img-150x150.jpg 150w\" sizes=\"auto, (max-width: 182px) 100vw, 182px\" \/><\/div><\/div><div class=\"wpb_text_column\" ><div class=\"wpb_wrapper\"><h3>Extensi\u00f3n de vida \u00fatil<\/h3>\n<p>Deepchill<sup>\u00ae<\/sup> retiene la humedad mucho mejor que otros m\u00e9todos de producci\u00f3n de hielo, y evita que los productos se marchiten o se sequen, reduce la tasa de respiraci\u00f3n lo que prolonga la vida \u00fatil. El producto se conserva fresco y atractivo durante toda la cadena de fr\u00edo.<\/p>\n<\/div><\/div><\/div><\/div><\/div><div class=\"vc_col-sm-12 vc_col-lg-3 vc_col-md-6 vc_col-xs-12 wpb_column vc_column_container\"><div class=\"vc_column-inner\"><div class=\"wpb_wrapper\"><div class=\"w-image align_left\"><div class=\"w-image-h\"><img loading=\"lazy\" decoding=\"async\" width=\"182\" height=\"182\" src=\"https:\/\/www.deepchill.com\/wp-content\/uploads\/2020\/10\/long-lasting-cooling-img.jpg\" class=\"attachment-full size-full\" alt=\"long-lasting-cooling-img\" srcset=\"https:\/\/www.deepchill.com\/wp-content\/uploads\/2020\/10\/long-lasting-cooling-img.jpg 182w, https:\/\/www.deepchill.com\/wp-content\/uploads\/2020\/10\/long-lasting-cooling-img-150x150.jpg 150w\" sizes=\"auto, (max-width: 182px) 100vw, 182px\" \/><\/div><\/div><div class=\"wpb_text_column\" ><div class=\"wpb_wrapper\"><h3>Enfriamiento de larga duraci\u00f3n<\/h3>\n<p>Deepchill<sup>\u00ae<\/sup> no deja espacios calientes en las cajas de env\u00edo. Los peque\u00f1os cristales Deepchill<sup>\u00ae<\/sup> (0,16 mm de di\u00e1metro) cubren todas las superficies. Estos cristales duran m\u00e1s durante el transporte que el hielo en escamas o triturado y no requieren volver a congelarse, lo que ampl\u00eda la ventana para las ventas \/transporte\u00a0 y\u00a0 el alcance a mercados m\u00e1s lejanos.<\/p>\n<\/div><\/div><\/div><\/div><\/div><div class=\"vc_col-sm-12 vc_col-lg-3 vc_col-md-6 vc_col-xs-12 wpb_column vc_column_container\"><div class=\"vc_column-inner\"><div class=\"wpb_wrapper\"><div class=\"w-image align_left\"><div class=\"w-image-h\"><img loading=\"lazy\" decoding=\"async\" width=\"182\" height=\"182\" src=\"https:\/\/www.deepchill.com\/wp-content\/uploads\/2020\/10\/improved-efficiency-img.jpg\" class=\"attachment-full size-full\" alt=\"improved-efficiency-img\" srcset=\"https:\/\/www.deepchill.com\/wp-content\/uploads\/2020\/10\/improved-efficiency-img.jpg 182w, https:\/\/www.deepchill.com\/wp-content\/uploads\/2020\/10\/improved-efficiency-img-150x150.jpg 150w\" sizes=\"auto, (max-width: 182px) 100vw, 182px\" \/><\/div><\/div><div class=\"wpb_text_column\" ><div class=\"wpb_wrapper\"><h3>Eficiencia mejorada<\/h3>\n<p>Deepchill<sup>\u00ae<\/sup> se puede bombear directamente en cajas de embalaje, lo que reduce la mano de obra necesaria para mover el hielo en una instalaci\u00f3n y minimiza el desperdicio de agua y hielo. Una bandeja completa de 48 cajas de br\u00f3coli se puede enfriar en profundidad en solo 36 segundos. Deepchill<sup>\u00ae<\/sup> tambi\u00e9n tiene un 20% m\u00e1s de eficiencia energ\u00e9tica de producir y aplicar.<\/p>\n<\/div><\/div><\/div><\/div><\/div><\/div><\/div><\/div><\/div><\/div><\/div><\/section><section class=\"l-section wpb_row height_medium dc-light-blue-bg\"><div class=\"l-section-h i-cf\"><div class=\"g-cols vc_row type_default valign_top\"><div class=\"vc_col-sm-12 wpb_column vc_column_container\"><div class=\"vc_column-inner\"><div class=\"wpb_wrapper\"><div class=\"wpb_text_column\" ><div class=\"wpb_wrapper\"><h3>Cumplimiento de calidad<\/h3>\n<p>Los sistemas Deepchill<sup>\u00ae<\/sup> est\u00e1n certificados por el USDA y eliminan los puntos de contaminaci\u00f3n para facilitar el cumplimiento de HACCP(Puntos Cr\u00edticos de Control), lo que permite a los clientes cumplir con los requisitos de calidad y seguridad de los mercados m\u00e1s rentables.<\/p>\n<\/div><\/div><\/div><\/div><\/div><\/div><\/div><\/section><section class=\"l-section wpb_row height_medium\"><div class=\"l-section-h i-cf\"><div class=\"g-cols vc_row type_default valign_top\"><div class=\"vc_col-sm-6 wpb_column vc_column_container\"><div class=\"vc_column-inner\"><div class=\"wpb_wrapper\"><div class=\"wpb_text_column us_custom_d2199d32\" ><div class=\"wpb_wrapper\"><h3>Hacer crecer el negocio mediante un mejor proceso de enfriamiento y conservaci\u00f3n<\/h3>\n<p>Vea c\u00f3mo la adici\u00f3n de un sistema Deepchill<sup>\u00ae<\/sup> ayud\u00f3 a Sandovegetales a mejorar la vida \u00fatil del producto, expandir la producci\u00f3n y vender su br\u00f3coli a nuevos mercados.<\/p>\n<p><a class=\"dc-caret-link\" href=\"https:\/\/www.deepchill.com\/success-stories\/fresh-broccoli-packing\/?lang=es\">Lee la historia<i class=\"fa fa-angle-right\"><\/i><\/a><\/p>\n<\/div><\/div><\/div><\/div><\/div><div class=\"vc_col-sm-6 wpb_column vc_column_container\"><div class=\"vc_column-inner\"><div class=\"wpb_wrapper\"><div class=\"w-image align_center\"><div class=\"w-image-h\"><img loading=\"lazy\" decoding=\"async\" width=\"1662\" height=\"905\" src=\"https:\/\/www.deepchill.com\/wp-content\/uploads\/2020\/10\/quality-compliance-img.jpg\" class=\"attachment-full size-full\" alt=\"quality-compliance-img\" srcset=\"https:\/\/www.deepchill.com\/wp-content\/uploads\/2020\/10\/quality-compliance-img.jpg 1662w, https:\/\/www.deepchill.com\/wp-content\/uploads\/2020\/10\/quality-compliance-img-300x163.jpg 300w, https:\/\/www.deepchill.com\/wp-content\/uploads\/2020\/10\/quality-compliance-img-1024x558.jpg 1024w\" sizes=\"auto, (max-width: 1662px) 100vw, 1662px\" \/><\/div><\/div><\/div><\/div><\/div><\/div><\/div><\/section>\n","protected":false},"excerpt":{"rendered":"Enfriamiento superior para ayudar a mantener sus vegetales frescos. Envasado de productos con Deepchill\u00ae Sandovegetales, una finca con sede en M\u00e9xico, se especializa en la producci\u00f3n y comercializaci\u00f3n de vegetales de primera calidad. El cambio a un sistema Deepchill\u00ae para empaquetar sus productos le permiti\u00f3 a Sandovegetales mejorar la vida \u00fatil del producto, expandir la...","protected":false},"author":2,"featured_media":0,"parent":10480,"menu_order":0,"comment_status":"closed","ping_status":"closed","template":"","meta":{"footnotes":""},"class_list":["post-10503","page","type-page","status-publish","hentry"],"aioseo_notices":[],"_links":{"self":[{"href":"https:\/\/www.deepchill.com\/es\/wp-json\/wp\/v2\/pages\/10503","targetHints":{"allow":["GET"]}}],"collection":[{"href":"https:\/\/www.deepchill.com\/es\/wp-json\/wp\/v2\/pages"}],"about":[{"href":"https:\/\/www.deepchill.com\/es\/wp-json\/wp\/v2\/types\/page"}],"author":[{"embeddable":true,"href":"https:\/\/www.deepchill.com\/es\/wp-json\/wp\/v2\/users\/2"}],"replies":[{"embeddable":true,"href":"https:\/\/www.deepchill.com\/es\/wp-json\/wp\/v2\/comments?post=10503"}],"version-history":[{"count":21,"href":"https:\/\/www.deepchill.com\/es\/wp-json\/wp\/v2\/pages\/10503\/revisions"}],"predecessor-version":[{"id":17221,"href":"https:\/\/www.deepchill.com\/es\/wp-json\/wp\/v2\/pages\/10503\/revisions\/17221"}],"up":[{"embeddable":true,"href":"https:\/\/www.deepchill.com\/es\/wp-json\/wp\/v2\/pages\/10480"}],"wp:attachment":[{"href":"https:\/\/www.deepchill.com\/es\/wp-json\/wp\/v2\/media?parent=10503"}],"curies":[{"name":"wp","href":"https:\/\/api.w.org\/{rel}","templated":true}]}}