{"id":10506,"date":"2020-11-05T07:40:37","date_gmt":"2020-11-05T07:40:37","guid":{"rendered":"https:\/\/www.deepchill.com\/industries-we-work-with\/seafood\/"},"modified":"2023-04-19T06:35:21","modified_gmt":"2023-04-19T06:35:21","slug":"seafood","status":"publish","type":"page","link":"https:\/\/www.deepchill.com\/es\/industries-we-work-with\/seafood\/","title":{"rendered":"Mariscos"},"content":{"rendered":"<section class=\"l-section wpb_row height_medium dc-normal-font\"><div class=\"l-section-h i-cf\"><div class=\"g-cols vc_row type_default valign_top\"><div class=\"vc_col-sm-12 wpb_column vc_column_container\"><div class=\"vc_column-inner\"><div class=\"wpb_wrapper\"><div class=\"wpb_text_column\" ><div class=\"wpb_wrapper\"><h4>M\u00e1s fresco. por mucho m\u00e1s tiempo.<\/h4>\n<\/div><\/div><\/div><\/div><\/div><\/div><\/div><\/section><section class=\"l-section wpb_row height_auto width_full dc-inner-banner-img with_img\"><div class=\"l-section-img\" style=\"background-image: url(https:\/\/www.deepchill.com\/wp-content\/uploads\/2020\/10\/seafood-img3.jpg);background-repeat: no-repeat;\" data-img-width=\"1920\" data-img-height=\"520\"><\/div><div class=\"l-section-h i-cf\"><div class=\"g-cols vc_row type_default valign_top\"><div class=\"vc_col-sm-12 wpb_column vc_column_container\"><div class=\"vc_column-inner\"><div class=\"wpb_wrapper\"><\/div><\/div><\/div><\/div><\/div><\/section><section class=\"l-section wpb_row us_custom_19737bc8 height_medium dc-normal-font\"><div class=\"l-section-h i-cf\"><div class=\"g-cols vc_row type_default valign_top\"><div class=\"vc_col-sm-12 wpb_column vc_column_container\"><div class=\"vc_column-inner\"><div class=\"wpb_wrapper\"><div class=\"wpb_text_column\" ><div class=\"wpb_wrapper\"><p>Seg\u00fan las FAO, alrededor del 35% * del pescado y mariscos son desechados, se pierden o se desperdician en varias etapas de la cadena de suministro. La mayor parte de esta p\u00e9rdida (alrededor del 27%) ocurre antes de que los mariscos lleguen a los consumidores. Mejores tecnolog\u00edas de conservaci\u00f3n y manipulaci\u00f3n de alimentos pueden ayudar a marcar la diferencia en la reducci\u00f3n del desperdicio de mariscos.<\/p>\n<p>Desde 1982, Deepchill Solutions Inc. ha estado ayudando a las empresas de producci\u00f3n de mariscos alrededor del mundo a optimizar sus operaciones, a trav\u00e9s del aprovechamiento del poder de Deepchill<sup>\u00ae<\/sup> para un obtener un mejor desempe\u00f1o en la conservaci\u00f3n.<\/p>\n<p>Ya sea que opere un barco de pesca, una granja de acuicultura o una instalaci\u00f3n de procesamiento, Deepchill<sup>\u00ae<\/sup> se adapta f\u00e1cilmente a su operaci\u00f3n y le permite mantener las mejores condiciones de sus mariscos en cada etapa, desde la cosecha hasta el consumidor.<\/p>\n<\/div><\/div><\/div><\/div><\/div><\/div><\/div><\/section><section class=\"l-section wpb_row height_medium dc-image-zoom-effect\"><div class=\"l-section-h i-cf\"><div class=\"g-cols vc_row type_default valign_top\"><div class=\"vc_col-sm-12 wpb_column vc_column_container\"><div class=\"vc_column-inner\"><div class=\"wpb_wrapper\"><div class=\"g-cols wpb_row  type_default valign_top vc_inner dc-industries-range dc-industries-range2 dc-small-height-img-box\"><div class=\"vc_col-sm-4 wpb_column vc_column_container\"><div class=\"vc_column-inner\"><div class=\"wpb_wrapper\"><div class=\"w-image align_center meta_modern\"><a title=\"Camarones\" href=\"https:\/\/sunwell.com\/shrimp\/?lang=es\" aria-label=\"Camarones\" class=\"w-image-h\"><img loading=\"lazy\" decoding=\"async\" width=\"768\" height=\"768\" src=\"https:\/\/www.deepchill.com\/wp-content\/uploads\/2020\/10\/shrimp-img.jpg\" class=\"attachment-full size-full\" alt=\"Camarones\" srcset=\"https:\/\/www.deepchill.com\/wp-content\/uploads\/2020\/10\/shrimp-img.jpg 768w, https:\/\/www.deepchill.com\/wp-content\/uploads\/2020\/10\/shrimp-img-300x300.jpg 300w, https:\/\/www.deepchill.com\/wp-content\/uploads\/2020\/10\/shrimp-img-150x150.jpg 150w\" sizes=\"auto, (max-width: 768px) 100vw, 768px\" \/><\/a><div class=\"w-image-meta\"><div class=\"w-image-title\">Camarones<\/div><\/div><\/div><\/div><\/div><\/div><div class=\"vc_col-sm-4 wpb_column vc_column_container\"><div class=\"vc_column-inner\"><div class=\"wpb_wrapper\"><div class=\"w-image align_center meta_modern\"><a title=\"Mejillones\" href=\"https:\/\/sunwell.com\/industries-we-work-with\/seafood\/mussels\/?lang=es\" aria-label=\"Mejillones\" class=\"w-image-h\"><img loading=\"lazy\" decoding=\"async\" width=\"768\" height=\"768\" src=\"https:\/\/www.deepchill.com\/wp-content\/uploads\/2020\/10\/mussels-img.jpg\" class=\"attachment-full size-full\" alt=\"Mejillones\" srcset=\"https:\/\/www.deepchill.com\/wp-content\/uploads\/2020\/10\/mussels-img.jpg 768w, https:\/\/www.deepchill.com\/wp-content\/uploads\/2020\/10\/mussels-img-300x300.jpg 300w, https:\/\/www.deepchill.com\/wp-content\/uploads\/2020\/10\/mussels-img-150x150.jpg 150w\" sizes=\"auto, (max-width: 768px) 100vw, 768px\" \/><\/a><div class=\"w-image-meta\"><div class=\"w-image-title\">Mejillones<\/div><\/div><\/div><\/div><\/div><\/div><div class=\"vc_col-sm-4 wpb_column vc_column_container\"><div class=\"vc_column-inner\"><div class=\"wpb_wrapper\"><div class=\"w-image align_center meta_modern\"><a title=\"Cangrejo\" href=\"https:\/\/sunwell.com\/industries-we-work-with\/seafood\/crab\/?lang=es\" aria-label=\"Cangrejo\" class=\"w-image-h\"><img loading=\"lazy\" decoding=\"async\" width=\"768\" height=\"768\" src=\"https:\/\/www.deepchill.com\/wp-content\/uploads\/2020\/10\/crab-img.jpg\" class=\"attachment-full size-full\" alt=\"Cangrejo\" srcset=\"https:\/\/www.deepchill.com\/wp-content\/uploads\/2020\/10\/crab-img.jpg 768w, https:\/\/www.deepchill.com\/wp-content\/uploads\/2020\/10\/crab-img-300x300.jpg 300w, https:\/\/www.deepchill.com\/wp-content\/uploads\/2020\/10\/crab-img-150x150.jpg 150w\" sizes=\"auto, (max-width: 768px) 100vw, 768px\" \/><\/a><div class=\"w-image-meta\"><div class=\"w-image-title\">Cangrejo<\/div><\/div><\/div><\/div><\/div><\/div><\/div><div class=\"g-cols wpb_row  type_default valign_top vc_inner dc-industries-range dc-industries-range2 dc-small-height-img-box\"><div class=\"vc_col-sm-4 wpb_column vc_column_container\"><div class=\"vc_column-inner\"><div class=\"wpb_wrapper\"><div class=\"w-image align_center meta_modern\"><a title=\"Pescado silvestre\" href=\"https:\/\/sunwell.com\/industries-we-work-with\/seafood\/wild-caught-fish\/?lang=es\" aria-label=\"Pescado silvestre\" class=\"w-image-h\"><img loading=\"lazy\" decoding=\"async\" width=\"768\" height=\"768\" src=\"https:\/\/www.deepchill.com\/wp-content\/uploads\/2020\/10\/wild-caught-fish-img.jpg\" class=\"attachment-full size-full\" alt=\"Pescado silvestre\" srcset=\"https:\/\/www.deepchill.com\/wp-content\/uploads\/2020\/10\/wild-caught-fish-img.jpg 768w, https:\/\/www.deepchill.com\/wp-content\/uploads\/2020\/10\/wild-caught-fish-img-300x300.jpg 300w, https:\/\/www.deepchill.com\/wp-content\/uploads\/2020\/10\/wild-caught-fish-img-150x150.jpg 150w\" sizes=\"auto, (max-width: 768px) 100vw, 768px\" \/><\/a><div class=\"w-image-meta\"><div class=\"w-image-title\">Pescado silvestre<\/div><\/div><\/div><\/div><\/div><\/div><div class=\"vc_col-sm-4 wpb_column vc_column_container\"><div class=\"vc_column-inner\"><div class=\"wpb_wrapper\"><div class=\"w-image align_center meta_modern\"><a title=\"Pescado cultivado\" href=\"https:\/\/sunwell.com\/industries-we-work-with\/seafood\/farmed-fish\/?lang=es\" aria-label=\"Pescado cultivado\" class=\"w-image-h\"><img loading=\"lazy\" decoding=\"async\" width=\"768\" height=\"768\" src=\"https:\/\/www.deepchill.com\/wp-content\/uploads\/2020\/10\/farmed-fish-img.jpg\" class=\"attachment-full size-full\" alt=\"Pescado cultivado\" srcset=\"https:\/\/www.deepchill.com\/wp-content\/uploads\/2020\/10\/farmed-fish-img.jpg 768w, https:\/\/www.deepchill.com\/wp-content\/uploads\/2020\/10\/farmed-fish-img-300x300.jpg 300w, https:\/\/www.deepchill.com\/wp-content\/uploads\/2020\/10\/farmed-fish-img-150x150.jpg 150w\" sizes=\"auto, (max-width: 768px) 100vw, 768px\" \/><\/a><div class=\"w-image-meta\"><div class=\"w-image-title\">Pescado cultivado<\/div><\/div><\/div><\/div><\/div><\/div><div class=\"vc_col-sm-4 wpb_column vc_column_container\"><div class=\"vc_column-inner\"><div class=\"wpb_wrapper\"><div class=\"w-image align_center meta_modern\"><a title=\"Langosta\" href=\"https:\/\/sunwell.com\/industries-we-work-with\/seafood\/lobster\/?lang=es\" aria-label=\"Langosta\" class=\"w-image-h\"><img loading=\"lazy\" decoding=\"async\" width=\"768\" height=\"768\" src=\"https:\/\/www.deepchill.com\/wp-content\/uploads\/2020\/10\/lobster-img.jpg\" class=\"attachment-full size-full\" alt=\"Langosta\" srcset=\"https:\/\/www.deepchill.com\/wp-content\/uploads\/2020\/10\/lobster-img.jpg 768w, https:\/\/www.deepchill.com\/wp-content\/uploads\/2020\/10\/lobster-img-300x300.jpg 300w, https:\/\/www.deepchill.com\/wp-content\/uploads\/2020\/10\/lobster-img-150x150.jpg 150w\" sizes=\"auto, (max-width: 768px) 100vw, 768px\" \/><\/a><div class=\"w-image-meta\"><div class=\"w-image-title\">Langosta<\/div><\/div><\/div><\/div><\/div><\/div><\/div><\/div><\/div><\/div><\/div><\/div><\/section><section class=\"l-section wpb_row height_medium color_footer-top\"><div class=\"l-section-h i-cf\"><div class=\"g-cols vc_row type_default valign_top\"><div class=\"vc_col-sm-6 wpb_column vc_column_container\"><div class=\"vc_column-inner\"><div class=\"wpb_wrapper\"><div class=\"wpb_text_column\" ><div class=\"wpb_wrapper\"><p><strong>\u00bfSab\u00edas que?<\/strong><\/p>\n<h2>Enfriamiento profundo, calidad y vida \u00fatil<\/h2>\n<p>Los estudios muestran que reducir la temperatura de almacenamiento de 1,5 \u00b0 C a -1,5 \u00b0 C reduce el crecimiento bacteriano en un 50%, ralentiza el deterioro y prolonga la vida \u00fatil de los mariscos.<\/p>\n<p>El enfriamiento profundo, es el arte de enfriar r\u00e1pidamente los mariscos y mantener la temperatura entre 0 \u00b0 C y -1,5 \u00b0 C, justo por encima de su punto de congelaci\u00f3n. El enfriamiento profundo, produce mariscos de la m\u00e1s alta calidad y prolonga su vida \u00fatil.<\/p>\n<p>El pescado enfriado profundamente tiene una carne m\u00e1s firme y es m\u00e1s resistente para el procesamiento posterior. Se puede filetear y pelar con mayor precisi\u00f3n, mejorando as\u00ed el rendimiento.<\/p>\n<\/div><\/div><\/div><\/div><\/div><div class=\"vc_col-sm-6 wpb_column vc_column_container\"><div class=\"vc_column-inner\"><div class=\"wpb_wrapper\"><div class=\"w-separator size_medium\"><\/div><div class=\"w-image align_center\"><div class=\"w-image-h\"><img loading=\"lazy\" decoding=\"async\" width=\"586\" height=\"352\" src=\"https:\/\/www.deepchill.com\/wp-content\/uploads\/2020\/10\/deep-chilling-img.jpg\" class=\"attachment-full size-full\" alt=\"deep-chilling-img\" srcset=\"https:\/\/www.deepchill.com\/wp-content\/uploads\/2020\/10\/deep-chilling-img.jpg 586w, https:\/\/www.deepchill.com\/wp-content\/uploads\/2020\/10\/deep-chilling-img-300x180.jpg 300w\" sizes=\"auto, (max-width: 586px) 100vw, 586px\" \/><\/div><\/div><\/div><\/div><\/div><\/div><\/div><\/section>\n","protected":false},"excerpt":{"rendered":"M\u00e1s fresco. por mucho m\u00e1s tiempo. Seg\u00fan las FAO, alrededor del 35% * del pescado y mariscos son desechados, se pierden o se desperdician en varias etapas de la cadena de suministro. La mayor parte de esta p\u00e9rdida (alrededor del 27%) ocurre antes de que los mariscos lleguen a los consumidores. Mejores tecnolog\u00edas de conservaci\u00f3n...","protected":false},"author":2,"featured_media":0,"parent":10480,"menu_order":0,"comment_status":"closed","ping_status":"closed","template":"","meta":{"footnotes":""},"class_list":["post-10506","page","type-page","status-publish","hentry"],"aioseo_notices":[],"_links":{"self":[{"href":"https:\/\/www.deepchill.com\/es\/wp-json\/wp\/v2\/pages\/10506","targetHints":{"allow":["GET"]}}],"collection":[{"href":"https:\/\/www.deepchill.com\/es\/wp-json\/wp\/v2\/pages"}],"about":[{"href":"https:\/\/www.deepchill.com\/es\/wp-json\/wp\/v2\/types\/page"}],"author":[{"embeddable":true,"href":"https:\/\/www.deepchill.com\/es\/wp-json\/wp\/v2\/users\/2"}],"replies":[{"embeddable":true,"href":"https:\/\/www.deepchill.com\/es\/wp-json\/wp\/v2\/comments?post=10506"}],"version-history":[{"count":15,"href":"https:\/\/www.deepchill.com\/es\/wp-json\/wp\/v2\/pages\/10506\/revisions"}],"predecessor-version":[{"id":17214,"href":"https:\/\/www.deepchill.com\/es\/wp-json\/wp\/v2\/pages\/10506\/revisions\/17214"}],"up":[{"embeddable":true,"href":"https:\/\/www.deepchill.com\/es\/wp-json\/wp\/v2\/pages\/10480"}],"wp:attachment":[{"href":"https:\/\/www.deepchill.com\/es\/wp-json\/wp\/v2\/media?parent=10506"}],"curies":[{"name":"wp","href":"https:\/\/api.w.org\/{rel}","templated":true}]}}