{"id":10559,"date":"2020-11-05T08:07:52","date_gmt":"2020-11-05T08:07:52","guid":{"rendered":"https:\/\/www.deepchill.com\/sunwell-at-your-service\/"},"modified":"2023-04-18T05:00:48","modified_gmt":"2023-04-18T05:00:48","slug":"deepchill-at-your-service","status":"publish","type":"page","link":"https:\/\/www.deepchill.com\/es\/deepchill-at-your-service\/","title":{"rendered":"Deepchill a tu servicio"},"content":{"rendered":"<section class=\"l-section wpb_row height_medium dc-at-your-service-section\"><div class=\"l-section-h i-cf\"><div class=\"g-cols vc_row type_default valign_top\"><div class=\"vc_col-sm-6 wpb_column vc_column_container\"><div class=\"vc_column-inner\"><div class=\"wpb_wrapper\"><div class=\"w-iconbox iconpos_left style_default color_primary align_left icontype_img\"><div class=\"w-iconbox-icon\" style=\"font-size:81px;\"><img loading=\"lazy\" decoding=\"async\" width=\"81\" height=\"81\" src=\"https:\/\/www.deepchill.com\/wp-content\/uploads\/2020\/10\/phone-icon.png\" class=\"attachment-full size-full\" alt=\"phone-icon\" \/><\/div><div class=\"w-iconbox-meta\"><h4 class=\"w-iconbox-title\">L\u00ednea Directa de Servicio 24\/7<\/h4><div class=\"w-iconbox-text\"><p><a class=\"dc-tel-link\" href=\"tel:+14166701404\">+1 416-670-1404<\/a><\/p>\n<\/div><\/div><\/div><\/div><\/div><\/div><div class=\"vc_col-sm-6 wpb_column vc_column_container\"><div class=\"vc_column-inner\"><div class=\"wpb_wrapper\"><div class=\"w-iconbox iconpos_left style_default color_primary align_left icontype_img\"><div class=\"w-iconbox-icon\" style=\"font-size:81px;\"><img loading=\"lazy\" decoding=\"async\" width=\"81\" height=\"81\" src=\"https:\/\/www.deepchill.com\/wp-content\/uploads\/2020\/10\/email-icon.png\" class=\"attachment-full size-full\" alt=\"email-icon\" \/><\/div><div class=\"w-iconbox-meta\"><h4 class=\"w-iconbox-title\">Email<\/h4><div class=\"w-iconbox-text\"><p><a href=\"mailto:service@deepchill.com\">service@deepchill.com<\/a><\/p>\n<\/div><\/div><\/div><\/div><\/div><\/div><\/div><\/div><\/section><section class=\"l-section wpb_row height_medium\"><div class=\"l-section-h i-cf\"><div class=\"g-cols vc_row type_default valign_top\"><div class=\"vc_col-sm-12 wpb_column vc_column_container\"><div class=\"vc_column-inner\"><div class=\"wpb_wrapper\"><div class=\"wpb_text_column\" ><div class=\"wpb_wrapper\"><h2 style=\"text-align: center;\">C\u00f3mo podemos ayudar<\/h2>\n<\/div><\/div><div class=\"g-cols wpb_row  type_default valign_top reversed vc_inner dc-alternate-section\"><div class=\"vc_col-sm-6 wpb_column vc_column_container has-fill cd-alternate-img-box\"><div class=\"vc_column-inner us_custom_6c8e7cdc\"><div class=\"wpb_wrapper\"><\/div><\/div><\/div><div class=\"vc_col-sm-6 wpb_column vc_column_container dc-light-blue-bg dc-with-subtitle-section\"><div class=\"vc_column-inner\"><div class=\"wpb_wrapper\"><div class=\"wpb_text_column\" ><div class=\"wpb_wrapper\"><h3>Consultor\u00eda para aplicaciones y dise\u00f1o de ingenier\u00eda<\/h3>\n<p>Como pionero de la tecnolog\u00eda de hielo l\u00edquido, Deepchill Solutions Inc. ha acumulado m\u00e1s de 40 a\u00f1os de conocimientos y experiencia. Nuestro equipo de solucionadores de problemas ha estado a la vanguardia en la aplicaci\u00f3n de hielo l\u00edquido enlas nuevas industrias.<\/p>\n<p>Creemos que un tama\u00f1o no sirve para todos. Nuestras soluciones est\u00e1n dise\u00f1adas a medida y son construidas seg\u00fan los requisitos individuales de nuestros clientes. Dado que cada aplicaci\u00f3n es diferente y cada operaci\u00f3n es \u00fanica, proporcionamos consultor\u00eda para cada aplicaci\u00f3n. Nos aseguramos de que nuestros sistemas est\u00e9n completamente integrados en los procesos del cliente, ajust\u00e1ndose a su aplicaci\u00f3n espec\u00edfica para lograr resultados \u00f3ptimos.<\/p>\n<\/div><\/div><\/div><\/div><\/div><\/div><div class=\"g-cols wpb_row  type_default valign_top vc_inner dc-alternate-section\"><div class=\"vc_col-sm-6 wpb_column vc_column_container dc-light-blue-bg dc-with-subtitle-section\"><div class=\"vc_column-inner\"><div class=\"wpb_wrapper\"><div class=\"wpb_text_column\" ><div class=\"wpb_wrapper\"><h3>Puesta en marcha e instalaci\u00f3n<\/h3>\n<p>En el momento de la entrega, un t\u00e9cnico certificado de Deepchill\u00ae pondr\u00e1 en marcha el sistema en el lugar para garantizar una instalaci\u00f3n perfecta y el funcionamiento \u00f3ptimo del sistema.<\/p>\n<\/div><\/div><\/div><\/div><\/div><div class=\"vc_col-sm-6 wpb_column vc_column_container has-fill cd-alternate-img-box\"><div class=\"vc_column-inner us_custom_f61b2392\"><div class=\"wpb_wrapper\"><\/div><\/div><\/div><\/div><div class=\"g-cols wpb_row  type_default valign_top reversed vc_inner dc-alternate-section\"><div class=\"vc_col-sm-6 wpb_column vc_column_container has-fill cd-alternate-img-box\"><div class=\"vc_column-inner us_custom_0273858d\"><div class=\"wpb_wrapper\"><\/div><\/div><\/div><div class=\"vc_col-sm-6 wpb_column vc_column_container dc-light-blue-bg dc-with-subtitle-section\"><div class=\"vc_column-inner\"><div class=\"wpb_wrapper\"><div class=\"wpb_text_column\" ><div class=\"wpb_wrapper\"><h3>Entrenamiento certificado<\/h3>\n<p>Brindamos capacitaci\u00f3n integral en el lugar a su equipo para garantizar que puedan operar y mantener el sistema de manera adecuada y segura. La formaci\u00f3n pr\u00e1ctica la imparte un t\u00e9cnico de Deepchill\u00ae y se emite un certificado a los participantes al finalizar los m\u00f3dulos.<\/p>\n<\/div><\/div><\/div><\/div><\/div><\/div><div class=\"g-cols wpb_row  type_default valign_top vc_inner dc-alternate-section\"><div class=\"vc_col-sm-6 wpb_column vc_column_container dc-light-blue-bg dc-with-subtitle-section\"><div class=\"vc_column-inner\"><div class=\"wpb_wrapper\"><div class=\"wpb_text_column\" ><div class=\"wpb_wrapper\"><h3>Servicio y mantenimiento<\/h3>\n<p>Todos nuestros equipos est\u00e1n respaldados con garant\u00edas. Tambi\u00e9n ofrecemos acuerdos de servicio para optimizar el rendimiento y extender la vida \u00fatil de su sistema. Los acuerdos se adaptan a sus necesidades e incluyen supervisi\u00f3n remota, visitas anuales de mantenimiento y servicio,\u00a0 as\u00ed como precios beneficiales para piezas y en tarifas del t\u00e9cnico de servicio.<\/p>\n<\/div><\/div><\/div><\/div><\/div><div class=\"vc_col-sm-6 wpb_column vc_column_container has-fill cd-alternate-img-box\"><div class=\"vc_column-inner us_custom_8edcb07c\"><div class=\"wpb_wrapper\"><\/div><\/div><\/div><\/div><div class=\"g-cols wpb_row  type_default valign_top reversed vc_inner dc-alternate-section\"><div class=\"vc_col-sm-6 wpb_column vc_column_container has-fill cd-alternate-img-box\"><div class=\"vc_column-inner us_custom_8d81cf3d\"><div class=\"wpb_wrapper\"><\/div><\/div><\/div><div class=\"vc_col-sm-6 wpb_column vc_column_container dc-light-blue-bg dc-with-subtitle-section\"><div class=\"vc_column-inner\"><div class=\"wpb_wrapper\"><div class=\"wpb_text_column\" ><div class=\"wpb_wrapper\"><h3>Repuestos originales<\/h3>\n<p>Garantizamos la disponibilidad de repuestos originales en todo el mundo. Las piezas est\u00e1n disponibles para pedido individualmente o como paquetes de piezas de repuesto. Estos paquetes est\u00e1n dise\u00f1ados para proporcionar un acceso r\u00e1pido a piezas cr\u00edticas, reducir el tiempo de resoluci\u00f3n de problemas y ofrecer el mayor valor.<\/p>\n<\/div><\/div><\/div><\/div><\/div><\/div><div class=\"g-cols wpb_row  type_default valign_top vc_inner dc-alternate-section\"><div class=\"vc_col-sm-6 wpb_column vc_column_container dc-light-blue-bg dc-with-subtitle-section\"><div class=\"vc_column-inner\"><div class=\"wpb_wrapper\"><div class=\"wpb_text_column\" ><div class=\"wpb_wrapper\"><h3>L\u00ednea Directa de Servicio 24\/7<\/h3>\n<p>En cualquier momento, independientemente de su zona horaria, puede comunicarse f\u00e1cilmente con un t\u00e9cnico de Deepchill\u00ae llamando a nuestra l\u00ednea directa de servicio 24\/7 al 1-416-670-1404, o enviando un correo electr\u00f3nico a <a href=\"mailto:service@deepchill.com\">service@deepchill.com<\/a>. Si se requiere trabajo en el sitio, se organiza una visita al sitio por parte de un t\u00e9cnico de servicio lo antes posible.<\/p>\n<\/div><\/div><\/div><\/div><\/div><div class=\"vc_col-sm-6 wpb_column vc_column_container has-fill cd-alternate-img-box\"><div class=\"vc_column-inner us_custom_fff5d62c\"><div class=\"wpb_wrapper\"><\/div><\/div><\/div><\/div><div class=\"g-cols wpb_row  type_default valign_top reversed vc_inner dc-alternate-section\"><div class=\"vc_col-sm-6 wpb_column vc_column_container has-fill cd-alternate-img-box\"><div class=\"vc_column-inner us_custom_bc5fb501\"><div class=\"wpb_wrapper\"><\/div><\/div><\/div><div class=\"vc_col-sm-6 wpb_column vc_column_container dc-light-blue-bg dc-with-subtitle-section\"><div class=\"vc_column-inner\"><div class=\"wpb_wrapper\"><div class=\"wpb_text_column\" ><div class=\"wpb_wrapper\"><h3>Monitoreo remoto y resoluci\u00f3n de problemas<\/h3>\n<p>Nuestros sistemas est\u00e1n equipados con capacidades de monitoreo remoto que nos permiten monitorear proactivamente y solucionar problemas de su sistema en l\u00ednea. Este enfoque preventivo del servicio significa que podemos evitar posibles problemas de producci\u00f3n, garantizar que su sistema funcione siempre con la m\u00e1xima eficiencia y reduce los costos de mantenimiento.<\/p>\n<\/div><\/div><\/div><\/div><\/div><\/div><div class=\"g-cols wpb_row  type_default valign_top vc_inner dc-alternate-section\"><div class=\"vc_col-sm-6 wpb_column vc_column_container dc-light-blue-bg dc-with-subtitle-section\"><div class=\"vc_column-inner\"><div class=\"wpb_wrapper\"><div class=\"wpb_text_column\" ><div class=\"wpb_wrapper\"><h3>Personalizaci\u00f3n del software<\/h3>\n<p>Los sistemas Deepchill<sup>\u00ae<\/sup> completamente automatizados est\u00e1n controlados por un software equipado con pantallas HMI. Seg\u00fan los requisitos del cliente, el software, la interfaz y el idioma se pueden personalizar.<\/p>\n<\/div><\/div><\/div><\/div><\/div><div class=\"vc_col-sm-6 wpb_column vc_column_container has-fill cd-alternate-img-box\"><div class=\"vc_column-inner us_custom_6969fd1f\"><div class=\"wpb_wrapper\"><\/div><\/div><\/div><\/div><\/div><\/div><\/div><\/div><\/div><\/section>\n","protected":false},"excerpt":{"rendered":"L\u00ednea Directa de Servicio 24\/7+1 416-670-1404 Emailservice@deepchill.com C\u00f3mo podemos ayudar Consultor\u00eda para aplicaciones y dise\u00f1o de ingenier\u00eda Como pionero de la tecnolog\u00eda de hielo l\u00edquido, Deepchill Solutions Inc. ha acumulado m\u00e1s de 40 a\u00f1os de conocimientos y experiencia. Nuestro equipo de solucionadores de problemas ha estado a la vanguardia en la aplicaci\u00f3n de hielo l\u00edquido...","protected":false},"author":2,"featured_media":0,"parent":0,"menu_order":0,"comment_status":"closed","ping_status":"closed","template":"","meta":{"footnotes":""},"class_list":["post-10559","page","type-page","status-publish","hentry"],"aioseo_notices":[],"_links":{"self":[{"href":"https:\/\/www.deepchill.com\/es\/wp-json\/wp\/v2\/pages\/10559","targetHints":{"allow":["GET"]}}],"collection":[{"href":"https:\/\/www.deepchill.com\/es\/wp-json\/wp\/v2\/pages"}],"about":[{"href":"https:\/\/www.deepchill.com\/es\/wp-json\/wp\/v2\/types\/page"}],"author":[{"embeddable":true,"href":"https:\/\/www.deepchill.com\/es\/wp-json\/wp\/v2\/users\/2"}],"replies":[{"embeddable":true,"href":"https:\/\/www.deepchill.com\/es\/wp-json\/wp\/v2\/comments?post=10559"}],"version-history":[{"count":19,"href":"https:\/\/www.deepchill.com\/es\/wp-json\/wp\/v2\/pages\/10559\/revisions"}],"predecessor-version":[{"id":17079,"href":"https:\/\/www.deepchill.com\/es\/wp-json\/wp\/v2\/pages\/10559\/revisions\/17079"}],"wp:attachment":[{"href":"https:\/\/www.deepchill.com\/es\/wp-json\/wp\/v2\/media?parent=10559"}],"curies":[{"name":"wp","href":"https:\/\/api.w.org\/{rel}","templated":true}]}}