{"id":11836,"date":"2020-12-03T06:40:01","date_gmt":"2020-12-03T06:40:01","guid":{"rendered":"https:\/\/www.deepchill.com\/about-sunwell\/"},"modified":"2023-04-19T00:12:44","modified_gmt":"2023-04-19T00:12:44","slug":"about-deepchill","status":"publish","type":"page","link":"https:\/\/www.deepchill.com\/es\/about-deepchill\/","title":{"rendered":"Sobre Deepchill"},"content":{"rendered":"<section class=\"l-section wpb_row height_medium dc-normal-font\"><div class=\"l-section-h i-cf\"><div class=\"g-cols vc_row type_default valign_top\"><div class=\"vc_col-sm-12 wpb_column vc_column_container\"><div class=\"vc_column-inner\"><div class=\"wpb_wrapper\"><div class=\"wpb_text_column\" ><div class=\"wpb_wrapper\"><h4>Deepchill Solutions Inc. es el proveedor l\u00edder a nivel mundial de tecnolog\u00eda avanzada para la\u00a0 conservaci\u00f3n y enfriamiento de alimentos,\u00a0 a los l\u00edderes de la industria alrededor del\u00a0 mundo.<\/h4>\n<\/div><\/div><div class=\"g-cols wpb_row  type_default valign_top vc_inner\"><div class=\"vc_col-sm-6 wpb_column vc_column_container\"><div class=\"vc_column-inner\"><div class=\"wpb_wrapper\"><div class=\"wpb_text_column\" ><div class=\"wpb_wrapper\"><h3>Instalado y utilizado alrededor del mundo<\/h3>\n<p>Fundada en Canad\u00e1 en 1978, Deepchill\u00ae es el creador de la tecnolog\u00eda de hielo en l\u00edquido y sigue siendo el l\u00edder mundial en el campo de los sistemas de producci\u00f3n, almacenamiento y distribuci\u00f3n de hielo l\u00edquido. Durante m\u00e1s de 40 a\u00f1os, hemos introducido continuamente tecnolog\u00edas disruptivas en el mundo y nuestras tecnolog\u00edas patentadas han tra\u00eddo cambios revolucionarios a una variedad de industrias, desde el procesamiento de alimentos hasta el transporte y la HVAC (calefacci\u00f3n, ventilaci\u00f3n y aire acondicionado).<\/p>\n<p>Nuestra tecnolog\u00eda ha sido reconocida como el medio de enfriamiento y conservaci\u00f3n disponible m\u00e1s avanzado y eficaz para una amplia gama de aplicaciones. Estamos orgullosos del impacto que nuestra tecnolog\u00eda ofrece a nuestros clientes: alimentos m\u00e1s frescos, medio ambiente m\u00e1s limpio y ahorro energ\u00e9tico.<\/p>\n<p>No hay ning\u00fan desaf\u00edo que tengamos miedo de asumir, por lo cual seguimos innovando y ampliando los l\u00edmites de la tecnolog\u00eda. Desde carros de enfriamiento para proyectos de transporte futuristas, disrupci\u00f3n de la industria del transporte mar\u00edtimo con tecnolog\u00eda de bater\u00eda TES fuera de la red, aire acondicionado para algunos de los lugares m\u00e1s destacados de Jap\u00f3n, nieve artificial para ping\u00fcinos en SeaWorld, hielo que limpia las principales tuber\u00edas principales de agua de EE. UU. Con Suez Group, hasta enfriamiento profundo en minas de oro en Sud\u00e1frica; \u00a1Lo hemos hecho todo!<\/p>\n<\/div><\/div><\/div><\/div><\/div><div class=\"vc_col-sm-6 wpb_column vc_column_container\"><div class=\"vc_column-inner\"><div class=\"wpb_wrapper\"><div id=\"ultimate-video-83069e15086693b0\" class=\"ult-video  vc_custom_1606502097364 ult-adjust-bottom-margin ultimate-video-83069e15086693b0 ultv-9152 \"><div class=\"ultv-video ultv-aspect-ratio-16_9 ultv-subscribe-responsive-none\" data-videotype=\"uv_iframe\">\r\n\t\t\t\t\t\t<div class=\"ultv-video__outer-wrap\" data-autoplay=\"0\" data-device=\"false\"  data-iconbg=\"#3a3a3a\" data-overcolor=\"\" data-defaultbg=\"#1f1f1e\" data-defaultplay=\"icon\"><div class=\"ultv-video__play\" data-src=\"https:\/\/www.youtube.com\/embed\/a11ark55Jsc?rel=0&amp;start&amp;end&amp;controls=1&amp;mute=0&amp;modestbranding=0&amp;autoplay=1\">\r\n\t\t\t\t\t\t\t\t<img decoding=\"async\" class=\"ultv-video__thumb\" src=\"https:\/\/i.ytimg.com\/vi\/a11ark55Jsc\/maxresdefault.jpg\"\/>\r\n\t\t\t\t\t\t\t\t<div class=\"ultv-video__play-icon Defaults-play-circle ultv-animation-none\" style=\"font-size:81px;\"><\/div> <\/div> <\/div><\/div><\/div><\/div><\/div><\/div><\/div><\/div><\/div><\/div><\/div><\/div><\/section><section class=\"l-section wpb_row height_medium dc-blue-bg dc-map-section\"><div class=\"l-section-h i-cf\"><div class=\"g-cols vc_row type_default valign_middle\"><div class=\"vc_col-sm-6 wpb_column vc_column_container\"><div class=\"vc_column-inner\"><div class=\"wpb_wrapper\"><div class=\"wpb_text_column\" ><div class=\"wpb_wrapper\"><h2>M\u00e1s de 2.000 unidades instaladas<br \/>\ny utilizadas en m\u00e1s de 40<br \/>\npa\u00edses a nivel mundial.<\/h2>\n<\/div><\/div><\/div><\/div><\/div><div class=\"vc_col-sm-6 wpb_column vc_column_container\"><div class=\"vc_column-inner\"><div class=\"wpb_wrapper\"><div class=\"w-image align_center\"><div class=\"w-image-h\"><img loading=\"lazy\" decoding=\"async\" width=\"589\" height=\"295\" src=\"https:\/\/www.deepchill.com\/wp-content\/uploads\/2020\/10\/map-img.png\" class=\"attachment-full size-full\" alt=\"map-img\" srcset=\"https:\/\/www.deepchill.com\/wp-content\/uploads\/2020\/10\/map-img.png 589w, https:\/\/www.deepchill.com\/wp-content\/uploads\/2020\/10\/map-img-300x150.png 300w\" sizes=\"auto, (max-width: 589px) 100vw, 589px\" \/><\/div><\/div><\/div><\/div><\/div><\/div><\/div><\/section><section class=\"l-section wpb_row height_medium dc-light-blue-bg dc-years-of-innovation\"><div class=\"l-section-h i-cf\"><div class=\"g-cols vc_row type_default valign_top\"><div class=\"vc_col-sm-12 wpb_column vc_column_container\"><div class=\"vc_column-inner\"><div class=\"wpb_wrapper\"><div class=\"wpb_text_column\" ><div class=\"wpb_wrapper\"><h2 style=\"text-align: center;\">40 a\u00f1os de innovaci\u00f3n<\/h2>\n<\/div><\/div><div class=\"w-grid dc-innovation-timeline type_carousel layout_8793\" id=\"us_grid_1\" data-grid-filter=\"false\"><style id=\"us_grid_1_css\">#us_grid_1 .owl-nav div{font-size:1.8rem}#us_grid_1 .w-grid-item{padding:1.5rem}#us_grid_1 .w-grid-list{margin:-1.5rem}.w-grid + #us_grid_1 .w-grid-list{margin-top:1.5rem}<\/style><style>.layout_8793 .w-grid-item-h{}<\/style><div class=\"w-grid-list owl-carousel navstyle_circle navpos_outside\" ><article class=\"w-grid-item post-11411 timeline-and-process type-timeline-and-process status-publish format-standard hentry category-progress-timeline-es\" data-id=\"11411\">\r\n\t<div class=\"w-grid-item-h\">\r\n\t\t\t\t<div class=\"w-post-elm post_content usg_post_content_1\"><div class=\"wpb_text_column\" ><div class=\"wpb_wrapper\"><h3>1978<\/h3>\n<p>Pioneered &amp; patented world&#8217;s first slurry ice system<\/p>\n<\/div><\/div>\n<\/div>\t<\/div>\r\n<\/article>\r\n<article class=\"w-grid-item post-11417 timeline-and-process type-timeline-and-process status-publish format-standard hentry category-progress-timeline-es\" data-id=\"11417\">\r\n\t<div class=\"w-grid-item-h\">\r\n\t\t\t\t<div class=\"w-post-elm post_content usg_post_content_1\"><div class=\"wpb_text_column\" ><div class=\"wpb_wrapper\"><h3>1984<\/h3>\n<p>First Slurry Ice System onboard a fishing vessel, Canada<\/p>\n<\/div><\/div>\n<\/div>\t<\/div>\r\n<\/article>\r\n<article class=\"w-grid-item post-11423 timeline-and-process type-timeline-and-process status-publish format-standard hentry category-progress-timeline-es\" data-id=\"11423\">\r\n\t<div class=\"w-grid-item-h\">\r\n\t\t\t\t<div class=\"w-post-elm post_content usg_post_content_1\"><div class=\"wpb_text_column\" ><div class=\"wpb_wrapper\"><h3>1985<\/h3>\n<p>First seawater ice slurry plant to supply local fisheries in Barbados<\/p>\n<\/div><\/div>\n<\/div>\t<\/div>\r\n<\/article>\r\n<article class=\"w-grid-item post-11429 timeline-and-process type-timeline-and-process status-publish format-standard hentry category-progress-timeline-es\" data-id=\"11429\">\r\n\t<div class=\"w-grid-item-h\">\r\n\t\t\t\t<div class=\"w-post-elm post_content usg_post_content_1\"><div class=\"wpb_text_column\" ><div class=\"wpb_wrapper\"><h3>1986<\/h3>\n<p>DeepChill<sup>\u00ae<\/sup>-based cooling system for gold mine, South Africa<\/p>\n<\/div><\/div>\n<\/div>\t<\/div>\r\n<\/article>\r\n<article class=\"w-grid-item post-11435 timeline-and-process type-timeline-and-process status-publish format-standard hentry category-progress-timeline-es\" data-id=\"11435\">\r\n\t<div class=\"w-grid-item-h\">\r\n\t\t\t\t<div class=\"w-post-elm post_content usg_post_content_1\"><div class=\"wpb_text_column\" ><div class=\"wpb_wrapper\"><h3>1987<\/h3>\n<p>First DeepChill<sup>\u00ae<\/sup> system for poultry processing, Canada<\/p>\n<\/div><\/div>\n<\/div>\t<\/div>\r\n<\/article>\r\n<article class=\"w-grid-item post-11441 timeline-and-process type-timeline-and-process status-publish format-standard hentry category-progress-timeline-es\" data-id=\"11441\">\r\n\t<div class=\"w-grid-item-h\">\r\n\t\t\t\t<div class=\"w-post-elm post_content usg_post_content_1\"><div class=\"wpb_text_column\" ><div class=\"wpb_wrapper\"><h3>1988<\/h3>\n<p>First system for broccoli packing, Canada<\/p>\n<\/div><\/div>\n<\/div>\t<\/div>\r\n<\/article>\r\n<article class=\"w-grid-item post-11447 timeline-and-process type-timeline-and-process status-publish format-standard hentry category-progress-timeline-es\" data-id=\"11447\">\r\n\t<div class=\"w-grid-item-h\">\r\n\t\t\t\t<div class=\"w-post-elm post_content usg_post_content_1\"><div class=\"wpb_text_column\" ><div class=\"wpb_wrapper\"><h3>1999<\/h3>\n<p>Artificial snow to simulate arctic natural habitat, U.S.A.<\/p>\n<\/div><\/div>\n<\/div>\t<\/div>\r\n<\/article>\r\n<article class=\"w-grid-item post-11453 timeline-and-process type-timeline-and-process status-publish format-standard hentry category-progress-timeline-es\" data-id=\"11453\">\r\n\t<div class=\"w-grid-item-h\">\r\n\t\t\t\t<div class=\"w-post-elm post_content usg_post_content_1\"><div class=\"wpb_text_column\" ><div class=\"wpb_wrapper\"><h3>2001<\/h3>\n<p>First DeepChill<sup>\u00ae<\/sup> system for supermarket displays, Canada<\/p>\n<\/div><\/div>\n<\/div>\t<\/div>\r\n<\/article>\r\n<article class=\"w-grid-item post-11459 timeline-and-process type-timeline-and-process status-publish format-standard hentry category-progress-timeline-es\" data-id=\"11459\">\r\n\t<div class=\"w-grid-item-h\">\r\n\t\t\t\t<div class=\"w-post-elm post_content usg_post_content_1\"><div class=\"wpb_text_column\" ><div class=\"wpb_wrapper\"><h3>2004<\/h3>\n<p>First slurry ice dairy cooling system, Denmark<\/p>\n<\/div><\/div>\n<\/div>\t<\/div>\r\n<\/article>\r\n<article class=\"w-grid-item post-11465 timeline-and-process type-timeline-and-process status-publish format-standard hentry category-progress-timeline-es\" data-id=\"11465\">\r\n\t<div class=\"w-grid-item-h\">\r\n\t\t\t\t<div class=\"w-post-elm post_content usg_post_content_1\"><div class=\"wpb_text_column\" ><div class=\"wpb_wrapper\"><h3>2005<\/h3>\n<p>First slurry ice dough cooling system, Ecuado<\/p>\n<\/div><\/div>\n<\/div>\t<\/div>\r\n<\/article>\r\n<article class=\"w-grid-item post-11471 timeline-and-process type-timeline-and-process status-publish format-standard hentry category-progress-timeline-es\" data-id=\"11471\">\r\n\t<div class=\"w-grid-item-h\">\r\n\t\t\t\t<div class=\"w-post-elm post_content usg_post_content_1\"><div class=\"wpb_text_column\" ><div class=\"wpb_wrapper\"><h3>2009<\/h3>\n<p>High power device cooling system for military application, U.S.A<\/p>\n<\/div><\/div>\n<\/div>\t<\/div>\r\n<\/article>\r\n<article class=\"w-grid-item post-11477 timeline-and-process type-timeline-and-process status-publish format-standard hentry category-progress-timeline-es\" data-id=\"11477\">\r\n\t<div class=\"w-grid-item-h\">\r\n\t\t\t\t<div class=\"w-post-elm post_content usg_post_content_1\"><div class=\"wpb_text_column\" ><div class=\"wpb_wrapper\"><h3>2015<\/h3>\n<p>First DeepChill<sup>\u00ae<\/sup> based ice-pigging system, U.S.A<\/p>\n<\/div><\/div>\n<\/div>\t<\/div>\r\n<\/article>\r\n<article class=\"w-grid-item post-11483 timeline-and-process type-timeline-and-process status-publish format-standard hentry category-progress-timeline-es\" data-id=\"11483\">\r\n\t<div class=\"w-grid-item-h\">\r\n\t\t\t\t<div class=\"w-post-elm post_content usg_post_content_1\"><div class=\"wpb_text_column\" ><div class=\"wpb_wrapper\"><h3>2016<\/h3>\n<p>Chill-X Active Thermal Insulation for shipping containers<\/p>\n<\/div><\/div>\n<\/div>\t<\/div>\r\n<\/article>\r\n<article class=\"w-grid-item post-11489 timeline-and-process type-timeline-and-process status-publish format-standard hentry category-progress-timeline-es\" data-id=\"11489\">\r\n\t<div class=\"w-grid-item-h\">\r\n\t\t\t\t<div class=\"w-post-elm post_content usg_post_content_1\"><div class=\"wpb_text_column\" ><div class=\"wpb_wrapper\"><h3>2019<\/h3>\n<p>Next Generation DeepChill<sup>\u00ae<\/sup> Crystallisers<\/p>\n<\/div><\/div>\n<\/div>\t<\/div>\r\n<\/article>\r\n<article class=\"w-grid-item post-11495 timeline-and-process type-timeline-and-process status-publish format-standard hentry category-progress-timeline-es\" data-id=\"11495\">\r\n\t<div class=\"w-grid-item-h\">\r\n\t\t\t\t<div class=\"w-post-elm post_content usg_post_content_1\"><div class=\"wpb_text_column\" ><div class=\"wpb_wrapper\"><h3>2020<\/h3>\n<p>DeepChill<sup>\u00ae<\/sup> Ingrediator for industrial bakeries<\/p>\n<\/div><\/div>\n<\/div>\t<\/div>\r\n<\/article>\r\n<\/div><div class=\"g-preloader type_1\">\r\n\t<div><\/div>\r\n<\/div>\r\n\t<div class=\"w-grid-json hidden\" onclick='return {&quot;action&quot;:&quot;us_ajax_grid&quot;,&quot;ajax_url&quot;:&quot;https:\\\/\\\/www.deepchill.com\\\/wp-admin\\\/admin-ajax.php&quot;,&quot;infinite_scroll&quot;:0,&quot;max_num_pages&quot;:1,&quot;pagination&quot;:&quot;none&quot;,&quot;permalink_url&quot;:&quot;https:\\\/\\\/www.deepchill.com\\\/es\\\/wp-json\\\/wp\\\/v2\\\/pages\\\/11836\\\/&quot;,&quot;template_vars&quot;:{&quot;columns&quot;:&quot;6&quot;,&quot;exclude_items&quot;:&quot;none&quot;,&quot;img_size&quot;:&quot;default&quot;,&quot;ignore_items_size&quot;:false,&quot;items_layout&quot;:&quot;8793&quot;,&quot;items_offset&quot;:&quot;1&quot;,&quot;overriding_link&quot;:&quot;none&quot;,&quot;post_id&quot;:11836,&quot;query_args&quot;:{&quot;post_type&quot;:[&quot;timeline-and-process&quot;],&quot;tax_query&quot;:[{&quot;taxonomy&quot;:&quot;category&quot;,&quot;field&quot;:&quot;slug&quot;,&quot;terms&quot;:[&quot;progress-timeline&quot;]}],&quot;post_status&quot;:[&quot;publish&quot;,&quot;acf-disabled&quot;],&quot;orderby&quot;:{&quot;date&quot;:&quot;ASC&quot;},&quot;posts_per_page&quot;:&quot;15&quot;},&quot;type&quot;:&quot;carousel&quot;,&quot;us_grid_ajax_index&quot;:1,&quot;us_grid_filter_params&quot;:null,&quot;us_grid_index&quot;:1,&quot;_us_grid_post_type&quot;:&quot;timeline-and-process&quot;,&quot;lang&quot;:&quot;es&quot;},&quot;carousel_settings&quot;:{&quot;autoHeight&quot;:0,&quot;autoplay&quot;:0,&quot;carousel_fade&quot;:0,&quot;center&quot;:0,&quot;dots&quot;:0,&quot;items&quot;:&quot;6&quot;,&quot;loop&quot;:false,&quot;nav&quot;:1,&quot;slideby&quot;:&quot;1&quot;,&quot;smooth_play&quot;:0,&quot;speed&quot;:250,&quot;timeout&quot;:3000,&quot;transition&quot;:&quot;&quot;},&quot;carousel_breakpoints&quot;:{&quot;1200&quot;:{&quot;items&quot;:6},&quot;900&quot;:{&quot;autoHeight&quot;:0,&quot;autoplay&quot;:1,&quot;autoplayHoverPause&quot;:1,&quot;items&quot;:6,&quot;loop&quot;:false},&quot;600&quot;:{&quot;autoHeight&quot;:0,&quot;autoplay&quot;:1,&quot;autoplayHoverPause&quot;:1,&quot;items&quot;:4,&quot;loop&quot;:false},&quot;0&quot;:{&quot;autoHeight&quot;:0,&quot;autoplay&quot;:1,&quot;autoplayHoverPause&quot;:1,&quot;items&quot;:2,&quot;loop&quot;:false}}}'><\/div>\r\n<\/div><\/div><\/div><\/div><\/div><\/div><\/section><section class=\"l-section wpb_row height_medium\"><div class=\"l-section-h i-cf\"><div class=\"g-cols vc_row type_default valign_middle\"><div class=\"vc_col-sm-5 wpb_column vc_column_container\"><div class=\"vc_column-inner\"><div class=\"wpb_wrapper\"><div class=\"wpb_text_column\" ><div class=\"wpb_wrapper\"><h2>Tecnolog\u00eda patentada<\/h2>\n<\/div><\/div><\/div><\/div><\/div><div class=\"vc_col-sm-2 wpb_column vc_column_container\"><div class=\"vc_column-inner\"><div class=\"wpb_wrapper\"><div class=\"w-image align_center\"><div class=\"w-image-h\"><img loading=\"lazy\" decoding=\"async\" width=\"81\" height=\"15\" src=\"https:\/\/www.deepchill.com\/wp-content\/uploads\/2020\/10\/long-arrow-img2.png\" class=\"attachment-full size-full\" alt=\"long-arrow-img\" \/><\/div><\/div><\/div><\/div><\/div><div class=\"vc_col-sm-5 wpb_column vc_column_container\"><div class=\"vc_column-inner\"><div class=\"wpb_wrapper\"><div class=\"wpb_text_column\" ><div class=\"wpb_wrapper\"><p>Deepchill Solutions Inc. es el pionero de la tecnolog\u00eda de hielo l\u00edquido, con m\u00e1s de 30 patentes globales en el campo. Ning\u00fan otro sistema de hielo l\u00edquido ofrece la eficiencia, flexibilidad o facilidad de operaci\u00f3n. Hoy en d\u00eda, nuestra divisi\u00f3n de investigaci\u00f3n y desarrollo contin\u00faa innovando y ampliando los l\u00edmites de la tecnolog\u00eda.<\/p>\n<\/div><\/div><\/div><\/div><\/div><\/div><\/div><\/section><section class=\"l-section wpb_row height_large dc-testimonials-home-section with_img parallax_hor bgwidth_130\"><div class=\"l-section-img\" style=\"background-image: url(https:\/\/www.deepchill.com\/wp-content\/uploads\/2020\/10\/testimonial-bg.png);background-repeat: no-repeat;\" data-img-width=\"1920\" data-img-height=\"571\"><\/div><div class=\"l-section-h i-cf\"><div class=\"g-cols vc_row type_default valign_top\"><div class=\"vc_col-sm-6 wpb_column vc_column_container\"><div class=\"vc_column-inner\"><div class=\"wpb_wrapper\"><div class=\"w-grid type_carousel layout_7703\" id=\"us_grid_2\" data-grid-filter=\"false\"><style>.layout_7703 .w-grid-item-h{}<\/style><div class=\"w-grid-list owl-carousel navstyle_circle navpos_outside\" ><article class=\"w-grid-item post-10320 us_testimonial type-us_testimonial status-publish hentry\" data-id=\"10320\">\r\n\t<div class=\"w-grid-item-h\">\r\n\t\t\t\t<div class=\"w-post-elm post_content usg_post_content_1\">Deepchill\u00ae is indispensable for maintaining the freshness of our saury fish for consuming raw. Because of Deepchill\u00ae, the superiority of our products is now acknowledged in the market<\/div><div class=\"w-hwrapper usg_hwrapper_2 align_left valign_top\"><div class=\"w-post-elm post_custom_field usg_post_custom_field_1 type_text color_link_inherit dc-author-name\"><p>Mr. Haruo Yamamoto<\/p>\n<\/div><\/div><div class=\"w-hwrapper usg_hwrapper_3 align_left valign_top\"><div class=\"w-post-elm post_custom_field usg_post_custom_field_3 type_text color_link_inherit dc-author-role\"><p>President<\/p>\n<\/div><div class=\"w-post-elm post_custom_field usg_post_custom_field_2 type_text color_link_inherit dc-author-company\"><p>Yamahon Corporation<\/p>\n<\/div><\/div><div class=\"w-hwrapper usg_hwrapper_1 align_left valign_top\"><div class=\"w-post-elm post_custom_field usg_post_custom_field_4 type_text color_link_inherit dc-testimonial-country\"><\/div><\/div>\t<\/div>\r\n<\/article>\r\n<\/div><div class=\"g-preloader type_1\">\r\n\t<div><\/div>\r\n<\/div>\r\n\t<div class=\"w-grid-json hidden\" onclick='return {&quot;action&quot;:&quot;us_ajax_grid&quot;,&quot;ajax_url&quot;:&quot;https:\\\/\\\/www.deepchill.com\\\/wp-admin\\\/admin-ajax.php&quot;,&quot;infinite_scroll&quot;:0,&quot;max_num_pages&quot;:1,&quot;pagination&quot;:&quot;none&quot;,&quot;permalink_url&quot;:&quot;https:\\\/\\\/www.deepchill.com\\\/es\\\/wp-json\\\/wp\\\/v2\\\/pages\\\/11836\\\/&quot;,&quot;template_vars&quot;:{&quot;columns&quot;:&quot;1&quot;,&quot;exclude_items&quot;:&quot;none&quot;,&quot;img_size&quot;:&quot;default&quot;,&quot;ignore_items_size&quot;:false,&quot;items_layout&quot;:&quot;7703&quot;,&quot;items_offset&quot;:&quot;1&quot;,&quot;overriding_link&quot;:&quot;none&quot;,&quot;post_id&quot;:11495,&quot;query_args&quot;:{&quot;ignore_sticky_posts&quot;:1,&quot;post_type&quot;:&quot;any&quot;,&quot;post__in&quot;:[&quot;8216&quot;],&quot;orderby&quot;:{&quot;date&quot;:&quot;DESC&quot;},&quot;posts_per_page&quot;:&quot;1&quot;},&quot;type&quot;:&quot;carousel&quot;,&quot;us_grid_ajax_index&quot;:2,&quot;us_grid_filter_params&quot;:null,&quot;us_grid_index&quot;:2,&quot;_us_grid_post_type&quot;:&quot;ids&quot;,&quot;lang&quot;:&quot;es&quot;},&quot;carousel_settings&quot;:{&quot;autoHeight&quot;:0,&quot;autoplay&quot;:0,&quot;carousel_fade&quot;:0,&quot;center&quot;:0,&quot;dots&quot;:0,&quot;items&quot;:&quot;1&quot;,&quot;loop&quot;:false,&quot;nav&quot;:0,&quot;slideby&quot;:&quot;1&quot;,&quot;smooth_play&quot;:0,&quot;speed&quot;:250,&quot;timeout&quot;:3000,&quot;transition&quot;:&quot;&quot;},&quot;carousel_breakpoints&quot;:{&quot;1200&quot;:{&quot;items&quot;:1},&quot;900&quot;:{&quot;autoHeight&quot;:0,&quot;autoplay&quot;:0,&quot;autoplayHoverPause&quot;:0,&quot;items&quot;:1,&quot;loop&quot;:false},&quot;600&quot;:{&quot;autoHeight&quot;:0,&quot;autoplay&quot;:0,&quot;autoplayHoverPause&quot;:0,&quot;items&quot;:1,&quot;loop&quot;:false},&quot;0&quot;:{&quot;autoHeight&quot;:0,&quot;autoplay&quot;:0,&quot;autoplayHoverPause&quot;:0,&quot;items&quot;:1,&quot;loop&quot;:false}}}'><\/div>\r\n<\/div><\/div><\/div><\/div><div class=\"vc_col-sm-6 wpb_column vc_column_container\"><div class=\"vc_column-inner\"><div class=\"wpb_wrapper\"><\/div><\/div><\/div><\/div><\/div><\/section>\n","protected":false},"excerpt":{"rendered":"Deepchill\u00ae is indispensable for maintaining the freshness of our saury fish for consuming raw. Because of Deepchill\u00ae, the superiority of our products is now acknowledged in the market","protected":false},"author":2,"featured_media":0,"parent":0,"menu_order":0,"comment_status":"closed","ping_status":"closed","template":"","meta":{"footnotes":""},"class_list":["post-11836","page","type-page","status-publish","hentry"],"aioseo_notices":[],"_links":{"self":[{"href":"https:\/\/www.deepchill.com\/es\/wp-json\/wp\/v2\/pages\/11836","targetHints":{"allow":["GET"]}}],"collection":[{"href":"https:\/\/www.deepchill.com\/es\/wp-json\/wp\/v2\/pages"}],"about":[{"href":"https:\/\/www.deepchill.com\/es\/wp-json\/wp\/v2\/types\/page"}],"author":[{"embeddable":true,"href":"https:\/\/www.deepchill.com\/es\/wp-json\/wp\/v2\/users\/2"}],"replies":[{"embeddable":true,"href":"https:\/\/www.deepchill.com\/es\/wp-json\/wp\/v2\/comments?post=11836"}],"version-history":[{"count":17,"href":"https:\/\/www.deepchill.com\/es\/wp-json\/wp\/v2\/pages\/11836\/revisions"}],"predecessor-version":[{"id":17191,"href":"https:\/\/www.deepchill.com\/es\/wp-json\/wp\/v2\/pages\/11836\/revisions\/17191"}],"wp:attachment":[{"href":"https:\/\/www.deepchill.com\/es\/wp-json\/wp\/v2\/media?parent=11836"}],"curies":[{"name":"wp","href":"https:\/\/api.w.org\/{rel}","templated":true}]}}