{"id":12941,"date":"2020-10-18T09:16:54","date_gmt":"2020-10-18T09:16:54","guid":{"rendered":"https:\/\/www.deepchill.com\/solutions\/system-configurations\/"},"modified":"2023-04-18T23:48:19","modified_gmt":"2023-04-18T23:48:19","slug":"system-configurations","status":"publish","type":"page","link":"https:\/\/www.deepchill.com\/no\/solutions\/system-configurations\/","title":{"rendered":"Systemkonfigurasjoner"},"content":{"rendered":"<section class=\"l-section wpb_row height_medium dc-normal-font\"><div class=\"l-section-h i-cf\"><div class=\"g-cols vc_row type_default valign_top\"><div class=\"vc_col-sm-12 wpb_column vc_column_container\"><div class=\"vc_column-inner\"><div class=\"wpb_wrapper\"><div class=\"wpb_text_column\" ><div class=\"wpb_wrapper\"><h4>Deepchill\u00ae-systemer er tilgjengelige i en rekke konfigurasjoner, utviklet for \u00e5 passe et hvert bruksomr\u00e5de.<\/h4>\n<\/div><\/div><\/div><\/div><\/div><\/div><\/div><\/section><section class=\"l-section wpb_row us_custom_887a049b height_medium dc-system-configuration-points-section dc-system-configurations-section\"><div class=\"l-section-h i-cf\"><div class=\"g-cols vc_row type_default valign_top\"><div class=\"vc_col-sm-4 wpb_column vc_column_container\"><div class=\"vc_column-inner\"><div class=\"wpb_wrapper\"><div class=\"w-image align_center\"><div class=\"w-image-h\"><img loading=\"lazy\" decoding=\"async\" width=\"8534\" height=\"8534\" src=\"https:\/\/www.deepchill.com\/wp-content\/uploads\/2023\/01\/storage-silo-based-systems-img.png\" class=\"attachment-full size-full\" alt=\"storage-silo-based-systems-img\" srcset=\"https:\/\/www.deepchill.com\/wp-content\/uploads\/2023\/01\/storage-silo-based-systems-img.png 8534w, https:\/\/www.deepchill.com\/wp-content\/uploads\/2023\/01\/storage-silo-based-systems-img-300x300.png 300w, https:\/\/www.deepchill.com\/wp-content\/uploads\/2023\/01\/storage-silo-based-systems-img-1024x1024.png 1024w, https:\/\/www.deepchill.com\/wp-content\/uploads\/2023\/01\/storage-silo-based-systems-img-150x150.png 150w\" sizes=\"auto, (max-width: 8534px) 100vw, 8534px\" \/><\/div><\/div><div class=\"wpb_text_column\" ><div class=\"wpb_wrapper\"><h3>Silobaserte lagringssystemer<\/h3>\n<p>Silobaserte systemer har en passiv lagringsenhet. Det statiske lagringssystemet krever ikke kontinuerlig omr\u00f8ring eller kj\u00f8ling utvendig, noe som gir lavt energiforbruk.<\/p>\n<p><strong>Viktige fordeler:<\/strong><\/p>\n<ul>\n<li>Sv\u00e6rt lave energitap p\u00e5 grunn av et godt isolert system<\/li>\n<li>Minimerer antall generatorer samtidig som det h\u00e5ndterer peak-periodene.<\/li>\n<li>Langvarig lagring av Deepchill\u00ae uten forurensning eller utjevning<\/li>\n<li>Mindre enn 2% tap ved smelting sammenlignet med 10% ved konvensjonell lagring av is<\/li>\n<li>Kan oppn\u00e5 Deepchill\u00ae med minimalt saltinnhold (ca. 0,5%).<\/li>\n<li>Tillater lagring av Deepchill\u00ae med h\u00f8y tetthet (med 70% fraksjon is), noe som minimerer arealbruk.Produserer forskjellige typer krystaller (gjennom omkrystallisering) for ulike bruksomr\u00e5der<\/li>\n<li>Utviklet basert p\u00e5 FIFO-metoden (\u00abFirst In, First Out\u00bb)<\/li>\n<li>Deepchill\u00ae kan doseres n\u00f8yaktig og distribueres til flere steder<\/li>\n<\/ul>\n<\/div><\/div><\/div><\/div><\/div><div class=\"vc_col-sm-4 wpb_column vc_column_container\"><div class=\"vc_column-inner\"><div class=\"wpb_wrapper\"><div class=\"w-image align_center\"><div class=\"w-image-h\"><img loading=\"lazy\" decoding=\"async\" width=\"8534\" height=\"8534\" src=\"https:\/\/www.deepchill.com\/wp-content\/uploads\/2023\/01\/mixing-storage-based-systems-img.png\" class=\"attachment-full size-full\" alt=\"mixing-storage-based-systems-img\" srcset=\"https:\/\/www.deepchill.com\/wp-content\/uploads\/2023\/01\/mixing-storage-based-systems-img.png 8534w, https:\/\/www.deepchill.com\/wp-content\/uploads\/2023\/01\/mixing-storage-based-systems-img-300x300.png 300w, https:\/\/www.deepchill.com\/wp-content\/uploads\/2023\/01\/mixing-storage-based-systems-img-1024x1024.png 1024w, https:\/\/www.deepchill.com\/wp-content\/uploads\/2023\/01\/mixing-storage-based-systems-img-150x150.png 150w\" sizes=\"auto, (max-width: 8534px) 100vw, 8534px\" \/><\/div><\/div><div class=\"wpb_text_column\" ><div class=\"wpb_wrapper\"><h3>Blandede lagringssystemer<\/h3>\n<p>Kombinasjon av lagringsbaserte systemer som har aktiv lagring \/ dispensere. De krever en lavere investering sammenlignet med silobaserte systemer.<\/p>\n<p><strong>Viktige fordeler:<\/strong><\/p>\n<ul>\n<li>Ideell for mindre arealer p\u00e5 grunn av mindre fotavtrykk<\/li>\n<li>Mindre lagringskapasitet, enklere \u00e5 installere<\/li>\n<li>Produser, oppbevar og pump opptil sv\u00e6rt tett 60% fraksjon av is og minimerer lagringsst\u00f8rrelsen<\/li>\n<li>Den unike resirkulasjonsl\u00f8sningen gj\u00f8r det mulig \u00e5 ivareta Deepchill\u00ae sin ensartethet og konsistens<\/li>\n<li>Deepchill\u00ae kan doseres n\u00f8yaktig og distribueres til flere steder<\/li>\n<li>Har isolerte tanker med minimalt energitap<\/li>\n<\/ul>\n<\/div><\/div><\/div><\/div><\/div><div class=\"vc_col-sm-4 wpb_column vc_column_container\"><div class=\"vc_column-inner\"><div class=\"wpb_wrapper\"><div class=\"w-image align_center\"><div class=\"w-image-h\"><img loading=\"lazy\" decoding=\"async\" width=\"8534\" height=\"8534\" src=\"https:\/\/www.deepchill.com\/wp-content\/uploads\/2023\/01\/inline-systems-img.png\" class=\"attachment-full size-full\" alt=\"inline-systems-img\" srcset=\"https:\/\/www.deepchill.com\/wp-content\/uploads\/2023\/01\/inline-systems-img.png 8534w, https:\/\/www.deepchill.com\/wp-content\/uploads\/2023\/01\/inline-systems-img-300x300.png 300w, https:\/\/www.deepchill.com\/wp-content\/uploads\/2023\/01\/inline-systems-img-1024x1024.png 1024w, https:\/\/www.deepchill.com\/wp-content\/uploads\/2023\/01\/inline-systems-img-150x150.png 150w\" sizes=\"auto, (max-width: 8534px) 100vw, 8534px\" \/><\/div><\/div><div class=\"wpb_text_column\" ><div class=\"wpb_wrapper\"><h3>Inline systemer<\/h3>\n<p>Disse kompakte systemene leverer Deepchill\u00ae direkte, og kan bruke eksterne tanker til lagring.<\/p>\n<p><strong>Viktige fordeler:<\/strong><\/p>\n<ul>\n<li>Laveste investering sammenlignet med andre systemer<\/li>\n<li>Sv\u00e6rt plasseffektiv, passer i trange rom<\/li>\n<li>Gir en veldig h\u00f8y kj\u00f8lehastighet p\u00e5 grunn av typen krystaller som ledes ut direkte fra generatoren<\/li>\n<li>Best egnet der det er behov for jevn flyt av Deepchill\u00ae<\/li>\n<li>Fleksibilitet til \u00e5 operere kontinuerlig n\u00e5r du produserer med h\u00f8yere kapasitet enn vanlig<\/li>\n<\/ul>\n<\/div><\/div><\/div><\/div><\/div><\/div><\/div><\/section>\n","protected":false},"excerpt":{"rendered":"Deepchill\u00ae-systemer er tilgjengelige i en rekke konfigurasjoner, utviklet for \u00e5 passe et hvert bruksomr\u00e5de. Silobaserte lagringssystemer Silobaserte systemer har en passiv lagringsenhet. Det statiske lagringssystemet krever ikke kontinuerlig omr\u00f8ring eller kj\u00f8ling utvendig, noe som gir lavt energiforbruk. Viktige fordeler: Sv\u00e6rt lave energitap p\u00e5 grunn av et godt isolert system Minimerer antall generatorer samtidig som det...","protected":false},"author":2,"featured_media":0,"parent":12931,"menu_order":0,"comment_status":"closed","ping_status":"closed","template":"","meta":{"footnotes":""},"class_list":["post-12941","page","type-page","status-publish","hentry"],"aioseo_notices":[],"_links":{"self":[{"href":"https:\/\/www.deepchill.com\/no\/wp-json\/wp\/v2\/pages\/12941","targetHints":{"allow":["GET"]}}],"collection":[{"href":"https:\/\/www.deepchill.com\/no\/wp-json\/wp\/v2\/pages"}],"about":[{"href":"https:\/\/www.deepchill.com\/no\/wp-json\/wp\/v2\/types\/page"}],"author":[{"embeddable":true,"href":"https:\/\/www.deepchill.com\/no\/wp-json\/wp\/v2\/users\/2"}],"replies":[{"embeddable":true,"href":"https:\/\/www.deepchill.com\/no\/wp-json\/wp\/v2\/comments?post=12941"}],"version-history":[{"count":6,"href":"https:\/\/www.deepchill.com\/no\/wp-json\/wp\/v2\/pages\/12941\/revisions"}],"predecessor-version":[{"id":17177,"href":"https:\/\/www.deepchill.com\/no\/wp-json\/wp\/v2\/pages\/12941\/revisions\/17177"}],"up":[{"embeddable":true,"href":"https:\/\/www.deepchill.com\/no\/wp-json\/wp\/v2\/pages\/12931"}],"wp:attachment":[{"href":"https:\/\/www.deepchill.com\/no\/wp-json\/wp\/v2\/media?parent=12941"}],"curies":[{"name":"wp","href":"https:\/\/api.w.org\/{rel}","templated":true}]}}