{"id":12953,"date":"2020-10-12T05:25:12","date_gmt":"2020-10-12T05:25:12","guid":{"rendered":"https:\/\/www.deepchill.com\/industries\/"},"modified":"2023-04-19T06:48:31","modified_gmt":"2023-04-19T06:48:31","slug":"industries","status":"publish","type":"page","link":"https:\/\/www.deepchill.com\/no\/industries\/","title":{"rendered":"N\u00e6ringer vi jobber med"},"content":{"rendered":"<section class=\"l-section wpb_row height_medium dc-normal-font dc-image-zoom-effect\"><div class=\"l-section-h i-cf\"><div class=\"g-cols vc_row type_default valign_top\"><div class=\"vc_col-sm-12 wpb_column vc_column_container\"><div class=\"vc_column-inner\"><div class=\"wpb_wrapper\"><div class=\"wpb_text_column\" ><div class=\"wpb_wrapper\"><h4>Deepchill Solutions Inc.&#8217;s patenterte Deepchill\u00ae-teknologi er anerkjent som den mest avanserte og effektive m\u00e5ten \u00e5 kj\u00f8le og konservere p\u00e5. Bedrifter over hele verden i en rekke bransjer bruker Deepchill\u00ae-systemet for \u00e5 oppn\u00e5 den raske, ensartede og langvarige kj\u00f8ling de trenger.<\/h4>\n<p><a class=\"dc-caret-link dc-download-link\" href=\"https:\/\/www.deepchill.com\/download-brochure\/?b=ind\/\" target=\"_blank\" rel=\"noopener noreferrer\"><img decoding=\"async\" src=\"http:\/\/www.deepchill.com\/wp-content\/uploads\/2020\/10\/download-pdf-icon.png\" alt=\"download-pdf-icon\" \/> <i class=\"dc-link-text\">Last ned brosjyren <i class=\"fa fa-angle-down\"><\/i><\/i><\/a><\/p>\n<\/div><\/div><div class=\"g-cols wpb_row  type_default valign_top vc_inner dc-industries-range dc-industries-range2\"><div class=\"vc_col-sm-4 wpb_column vc_column_container\"><div class=\"vc_column-inner\"><div class=\"wpb_wrapper\"><div class=\"w-image align_center meta_modern\"><a title=\"Sj\u00f8mat\" href=\"https:\/\/sunwell.com\/seafood\/?lang=no\" aria-label=\"Sj\u00f8mat\" class=\"w-image-h\"><img loading=\"lazy\" decoding=\"async\" width=\"768\" height=\"768\" src=\"https:\/\/www.deepchill.com\/wp-content\/uploads\/2021\/06\/seafood-img2-1.jpg\" class=\"attachment-full size-full\" alt=\"Sj\u00f8mat\" srcset=\"https:\/\/www.deepchill.com\/wp-content\/uploads\/2021\/06\/seafood-img2-1.jpg 768w, https:\/\/www.deepchill.com\/wp-content\/uploads\/2021\/06\/seafood-img2-1-300x300.jpg 300w, https:\/\/www.deepchill.com\/wp-content\/uploads\/2021\/06\/seafood-img2-1-150x150.jpg 150w, https:\/\/www.deepchill.com\/wp-content\/uploads\/2021\/06\/seafood-img2-1-600x600.jpg 600w, https:\/\/www.deepchill.com\/wp-content\/uploads\/2021\/06\/seafood-img2-1-400x400.jpg 400w\" sizes=\"auto, (max-width: 768px) 100vw, 768px\" \/><\/a><div class=\"w-image-meta\"><div class=\"w-image-title\">Sj\u00f8mat<\/div><\/div><\/div><\/div><\/div><\/div><div class=\"vc_col-sm-4 wpb_column vc_column_container\"><div class=\"vc_column-inner\"><div class=\"wpb_wrapper\"><div class=\"w-image align_center meta_modern\"><a title=\"Produce\" href=\"https:\/\/sunwell.com\/industries-we-work-with\/produce\/?lang=no\" aria-label=\"Jordbruksprodukter\" class=\"w-image-h\"><img loading=\"lazy\" decoding=\"async\" width=\"768\" height=\"768\" src=\"https:\/\/www.deepchill.com\/wp-content\/uploads\/2021\/06\/produce-img2.jpg\" class=\"attachment-full size-full\" alt=\"Jordbruksprodukter\" srcset=\"https:\/\/www.deepchill.com\/wp-content\/uploads\/2021\/06\/produce-img2.jpg 768w, https:\/\/www.deepchill.com\/wp-content\/uploads\/2021\/06\/produce-img2-300x300.jpg 300w, https:\/\/www.deepchill.com\/wp-content\/uploads\/2021\/06\/produce-img2-150x150.jpg 150w, https:\/\/www.deepchill.com\/wp-content\/uploads\/2021\/06\/produce-img2-600x600.jpg 600w, https:\/\/www.deepchill.com\/wp-content\/uploads\/2021\/06\/produce-img2-400x400.jpg 400w\" sizes=\"auto, (max-width: 768px) 100vw, 768px\" \/><\/a><div class=\"w-image-meta\"><div class=\"w-image-title\">Jordbruksprodukter<\/div><\/div><\/div><\/div><\/div><\/div><div class=\"vc_col-sm-4 wpb_column vc_column_container\"><div class=\"vc_column-inner\"><div class=\"wpb_wrapper\"><div class=\"w-image align_center meta_modern\"><a title=\"Poultry\" href=\"https:\/\/sunwell.com\/industries-we-work-with\/poultry\/?lang=no\" aria-label=\"Fj\u00e6rfe\" class=\"w-image-h\"><img loading=\"lazy\" decoding=\"async\" width=\"768\" height=\"768\" src=\"https:\/\/www.deepchill.com\/wp-content\/uploads\/2021\/06\/poultry-img2.jpg\" class=\"attachment-full size-full\" alt=\"Fj\u00e6rfe\" srcset=\"https:\/\/www.deepchill.com\/wp-content\/uploads\/2021\/06\/poultry-img2.jpg 768w, https:\/\/www.deepchill.com\/wp-content\/uploads\/2021\/06\/poultry-img2-300x300.jpg 300w, https:\/\/www.deepchill.com\/wp-content\/uploads\/2021\/06\/poultry-img2-150x150.jpg 150w, https:\/\/www.deepchill.com\/wp-content\/uploads\/2021\/06\/poultry-img2-600x600.jpg 600w, https:\/\/www.deepchill.com\/wp-content\/uploads\/2021\/06\/poultry-img2-400x400.jpg 400w\" sizes=\"auto, (max-width: 768px) 100vw, 768px\" \/><\/a><div class=\"w-image-meta\"><div class=\"w-image-title\">Fj\u00e6rfe<\/div><\/div><\/div><\/div><\/div><\/div><\/div><div class=\"g-cols wpb_row  type_default valign_top vc_inner dc-industries-range dc-industries-range2\"><div class=\"vc_col-sm-4 wpb_column vc_column_container\"><div class=\"vc_column-inner\"><div class=\"wpb_wrapper\"><div class=\"w-image align_center meta_modern\"><a title=\"Meat Processing\" href=\"https:\/\/sunwell.com\/industries-we-work-with\/meat-processing\/?lang=no\" aria-label=\"Kj\u00f8ttforedling\" class=\"w-image-h\"><img loading=\"lazy\" decoding=\"async\" width=\"768\" height=\"768\" src=\"https:\/\/www.deepchill.com\/wp-content\/uploads\/2021\/06\/meat-processing-img.jpg\" class=\"attachment-full size-full\" alt=\"Kj\u00f8ttforedling\" srcset=\"https:\/\/www.deepchill.com\/wp-content\/uploads\/2021\/06\/meat-processing-img.jpg 768w, https:\/\/www.deepchill.com\/wp-content\/uploads\/2021\/06\/meat-processing-img-300x300.jpg 300w, https:\/\/www.deepchill.com\/wp-content\/uploads\/2021\/06\/meat-processing-img-150x150.jpg 150w, https:\/\/www.deepchill.com\/wp-content\/uploads\/2021\/06\/meat-processing-img-600x600.jpg 600w, https:\/\/www.deepchill.com\/wp-content\/uploads\/2021\/06\/meat-processing-img-400x400.jpg 400w\" sizes=\"auto, (max-width: 768px) 100vw, 768px\" \/><\/a><div class=\"w-image-meta\"><div class=\"w-image-title\">Kj\u00f8ttforedling<\/div><\/div><\/div><\/div><\/div><\/div><div class=\"vc_col-sm-4 wpb_column vc_column_container\"><div class=\"vc_column-inner\"><div class=\"wpb_wrapper\"><div class=\"w-image align_center meta_modern\"><a title=\"Food Processing\" href=\"https:\/\/sunwell.com\/industries-we-work-with\/food-processing\/?lang=no\" aria-label=\"Matforedling\" class=\"w-image-h\"><img loading=\"lazy\" decoding=\"async\" width=\"768\" height=\"768\" src=\"https:\/\/www.deepchill.com\/wp-content\/uploads\/2021\/06\/food-processing-img.jpg\" class=\"attachment-full size-full\" alt=\"Matforedling\" srcset=\"https:\/\/www.deepchill.com\/wp-content\/uploads\/2021\/06\/food-processing-img.jpg 768w, https:\/\/www.deepchill.com\/wp-content\/uploads\/2021\/06\/food-processing-img-300x300.jpg 300w, https:\/\/www.deepchill.com\/wp-content\/uploads\/2021\/06\/food-processing-img-150x150.jpg 150w, https:\/\/www.deepchill.com\/wp-content\/uploads\/2021\/06\/food-processing-img-600x600.jpg 600w, https:\/\/www.deepchill.com\/wp-content\/uploads\/2021\/06\/food-processing-img-400x400.jpg 400w\" sizes=\"auto, (max-width: 768px) 100vw, 768px\" \/><\/a><div class=\"w-image-meta\"><div class=\"w-image-title\">Matforedling<\/div><\/div><\/div><\/div><\/div><\/div><div class=\"vc_col-sm-4 wpb_column vc_column_container\"><div class=\"vc_column-inner\"><div class=\"wpb_wrapper\"><div class=\"w-image align_center meta_modern\"><a title=\"Industrial Baking\" href=\"https:\/\/sunwell.com\/industries-we-work-with\/industrial-baking\/?lang=no\" aria-label=\"Industriell baking\" class=\"w-image-h\"><img loading=\"lazy\" decoding=\"async\" width=\"768\" height=\"768\" src=\"https:\/\/www.deepchill.com\/wp-content\/uploads\/2021\/06\/industrial-baking-img.jpg\" class=\"attachment-full size-full\" alt=\"Industriell baking\" srcset=\"https:\/\/www.deepchill.com\/wp-content\/uploads\/2021\/06\/industrial-baking-img.jpg 768w, https:\/\/www.deepchill.com\/wp-content\/uploads\/2021\/06\/industrial-baking-img-300x300.jpg 300w, https:\/\/www.deepchill.com\/wp-content\/uploads\/2021\/06\/industrial-baking-img-150x150.jpg 150w, https:\/\/www.deepchill.com\/wp-content\/uploads\/2021\/06\/industrial-baking-img-600x600.jpg 600w, https:\/\/www.deepchill.com\/wp-content\/uploads\/2021\/06\/industrial-baking-img-400x400.jpg 400w\" sizes=\"auto, (max-width: 768px) 100vw, 768px\" \/><\/a><div class=\"w-image-meta\"><div class=\"w-image-title\">Industriell baking<\/div><\/div><\/div><\/div><\/div><\/div><\/div><div class=\"g-cols wpb_row  type_default valign_top vc_inner dc-industries-range dc-industries-range2\"><div class=\"vc_col-sm-4 wpb_column vc_column_container\"><div class=\"vc_column-inner\"><div class=\"wpb_wrapper\"><div class=\"w-image align_center meta_modern\"><a title=\"HVAC\" href=\"https:\/\/sunwell.com\/industries-we-work-with\/hvac\/?lang=no\" aria-label=\"Deepchill industrial chiller system for HVAC &amp; thermal energy storage\" class=\"w-image-h\"><img loading=\"lazy\" decoding=\"async\" width=\"768\" height=\"768\" src=\"https:\/\/www.deepchill.com\/wp-content\/uploads\/2020\/10\/havc-img.jpg\" class=\"attachment-full size-full\" alt=\"Deepchill industrial chiller system for HVAC &amp; thermal energy storage\" srcset=\"https:\/\/www.deepchill.com\/wp-content\/uploads\/2020\/10\/havc-img.jpg 768w, https:\/\/www.deepchill.com\/wp-content\/uploads\/2020\/10\/havc-img-300x300.jpg 300w, https:\/\/www.deepchill.com\/wp-content\/uploads\/2020\/10\/havc-img-150x150.jpg 150w, https:\/\/www.deepchill.com\/wp-content\/uploads\/2020\/10\/havc-img-600x600.jpg 600w, https:\/\/www.deepchill.com\/wp-content\/uploads\/2020\/10\/havc-img-400x400.jpg 400w\" sizes=\"auto, (max-width: 768px) 100vw, 768px\" \/><\/a><div class=\"w-image-meta\"><div class=\"w-image-title\">Deepchill industrial chiller system for HVAC & thermal energy storage<\/div><\/div><\/div><\/div><\/div><\/div><div class=\"vc_col-sm-4 wpb_column vc_column_container\"><div class=\"vc_column-inner\"><div class=\"wpb_wrapper\"><div class=\"w-image align_center meta_modern\"><a title=\"Ice Pigging with DeepChill\u00ae\" href=\"https:\/\/sunwell.com\/industries-we-work-with\/ice-pigging-with-deepchill\/?lang=no\" aria-label=\"Is-pigging\" class=\"w-image-h\"><img loading=\"lazy\" decoding=\"async\" width=\"768\" height=\"768\" src=\"https:\/\/www.deepchill.com\/wp-content\/uploads\/2021\/06\/watermain-maintenance-img.jpg\" class=\"attachment-full size-full\" alt=\"Is-pigging\" srcset=\"https:\/\/www.deepchill.com\/wp-content\/uploads\/2021\/06\/watermain-maintenance-img.jpg 768w, https:\/\/www.deepchill.com\/wp-content\/uploads\/2021\/06\/watermain-maintenance-img-300x300.jpg 300w, https:\/\/www.deepchill.com\/wp-content\/uploads\/2021\/06\/watermain-maintenance-img-150x150.jpg 150w, https:\/\/www.deepchill.com\/wp-content\/uploads\/2021\/06\/watermain-maintenance-img-600x600.jpg 600w, https:\/\/www.deepchill.com\/wp-content\/uploads\/2021\/06\/watermain-maintenance-img-400x400.jpg 400w\" sizes=\"auto, (max-width: 768px) 100vw, 768px\" \/><\/a><div class=\"w-image-meta\"><div class=\"w-image-title\">Is-pigging<\/div><\/div><\/div><\/div><\/div><\/div><div class=\"vc_col-sm-4 wpb_column vc_column_container\"><div class=\"vc_column-inner\"><div class=\"wpb_wrapper\"><div class=\"w-image align_center meta_modern\"><a title=\"Artificial Snow\" href=\"https:\/\/sunwell.com\/industries-we-work-with\/artificial-snow\/?lang=no\" aria-label=\"Kunstig sn\u00f8\" class=\"w-image-h\"><img loading=\"lazy\" decoding=\"async\" width=\"768\" height=\"768\" src=\"https:\/\/www.deepchill.com\/wp-content\/uploads\/2021\/06\/artificial-snow-img.jpg\" class=\"attachment-full size-full\" alt=\"Kunstig sn\u00f8\" srcset=\"https:\/\/www.deepchill.com\/wp-content\/uploads\/2021\/06\/artificial-snow-img.jpg 768w, https:\/\/www.deepchill.com\/wp-content\/uploads\/2021\/06\/artificial-snow-img-300x300.jpg 300w, https:\/\/www.deepchill.com\/wp-content\/uploads\/2021\/06\/artificial-snow-img-150x150.jpg 150w, https:\/\/www.deepchill.com\/wp-content\/uploads\/2021\/06\/artificial-snow-img-600x600.jpg 600w, https:\/\/www.deepchill.com\/wp-content\/uploads\/2021\/06\/artificial-snow-img-400x400.jpg 400w\" sizes=\"auto, (max-width: 768px) 100vw, 768px\" \/><\/a><div class=\"w-image-meta\"><div class=\"w-image-title\">Kunstig sn\u00f8<\/div><\/div><\/div><\/div><\/div><\/div><\/div><\/div><\/div><\/div><\/div><\/div><\/section>\n","protected":false},"excerpt":{"rendered":"Deepchill Solutions Inc.&#8217;s patenterte Deepchill\u00ae-teknologi er anerkjent som den mest avanserte og effektive m\u00e5ten \u00e5 kj\u00f8le og konservere p\u00e5. Bedrifter over hele verden i en rekke bransjer bruker Deepchill\u00ae-systemet for \u00e5 oppn\u00e5 den raske, ensartede og langvarige kj\u00f8ling de trenger. Last ned brosjyren Sj\u00f8matJordbruksprodukterFj\u00e6rfeKj\u00f8ttforedlingMatforedlingIndustriell bakingDeepchill industrial chiller system for HVAC & thermal energy storageIs-piggingKunstig sn\u00f8","protected":false},"author":2,"featured_media":0,"parent":0,"menu_order":0,"comment_status":"closed","ping_status":"closed","template":"","meta":{"footnotes":""},"class_list":["post-12953","page","type-page","status-publish","hentry"],"aioseo_notices":[],"_links":{"self":[{"href":"https:\/\/www.deepchill.com\/no\/wp-json\/wp\/v2\/pages\/12953","targetHints":{"allow":["GET"]}}],"collection":[{"href":"https:\/\/www.deepchill.com\/no\/wp-json\/wp\/v2\/pages"}],"about":[{"href":"https:\/\/www.deepchill.com\/no\/wp-json\/wp\/v2\/types\/page"}],"author":[{"embeddable":true,"href":"https:\/\/www.deepchill.com\/no\/wp-json\/wp\/v2\/users\/2"}],"replies":[{"embeddable":true,"href":"https:\/\/www.deepchill.com\/no\/wp-json\/wp\/v2\/comments?post=12953"}],"version-history":[{"count":9,"href":"https:\/\/www.deepchill.com\/no\/wp-json\/wp\/v2\/pages\/12953\/revisions"}],"predecessor-version":[{"id":17223,"href":"https:\/\/www.deepchill.com\/no\/wp-json\/wp\/v2\/pages\/12953\/revisions\/17223"}],"wp:attachment":[{"href":"https:\/\/www.deepchill.com\/no\/wp-json\/wp\/v2\/media?parent=12953"}],"curies":[{"name":"wp","href":"https:\/\/api.w.org\/{rel}","templated":true}]}}