{"id":13218,"date":"2020-10-19T07:37:21","date_gmt":"2020-10-19T07:37:21","guid":{"rendered":"https:\/\/www.deepchill.com\/crab\/"},"modified":"2023-04-19T23:31:14","modified_gmt":"2023-04-19T23:31:14","slug":"crab","status":"publish","type":"page","link":"https:\/\/www.deepchill.com\/no\/industries\/seafood\/crab\/","title":{"rendered":"Krabbe"},"content":{"rendered":"<section class=\"l-section wpb_row height_medium\"><div class=\"l-section-h i-cf\"><div class=\"g-cols vc_row type_default valign_top\"><div class=\"vc_col-sm-12 wpb_column vc_column_container\"><div class=\"vc_column-inner\"><div class=\"wpb_wrapper\"><div class=\"wpb_text_column dc-normal-font\" ><div class=\"wpb_wrapper\"><h4>Raskere kj\u00f8ling. H\u00f8yere avkastning. Rask avkj\u00f8ling for koke- og kj\u00f8l-bruksomr\u00e5der.<\/h4>\n<p><a class=\"dc-caret-link dc-download-link dc-download-brochure-link\" href=\"https:\/\/www.deepchill.com\/download-brochure\/?b=crab\/\" target=\"_blank\" rel=\"noopener noreferrer\"><img decoding=\"async\" src=\"http:\/\/www.deepchill.com\/wp-content\/uploads\/2020\/10\/download-pdf-icon.png\" alt=\"download-pdf-icon\" \/> <i class=\"dc-link-text\">Last ned brosjyren<i class=\"fa fa-angle-down\"><\/i><\/i><\/a><\/p>\n<\/div><\/div><\/div><\/div><\/div><\/div><\/div><\/section><section class=\"l-section wpb_row height_auto width_full dc-inner-banner-img with_img\"><div class=\"l-section-img\" style=\"background-image: url(https:\/\/www.deepchill.com\/wp-content\/uploads\/2020\/11\/crab-img2.jpg);background-repeat: no-repeat;\" data-img-width=\"1920\" data-img-height=\"520\"><\/div><div class=\"l-section-h i-cf\"><div class=\"g-cols vc_row type_default valign_top\"><div class=\"vc_col-sm-12 wpb_column vc_column_container\"><div class=\"vc_column-inner\"><div class=\"wpb_wrapper\"><\/div><\/div><\/div><\/div><\/div><\/section><section class=\"l-section wpb_row us_custom_19737bc8 height_medium dc-difference-section\"><div class=\"l-section-h i-cf\"><div class=\"g-cols vc_row type_default valign_top\"><div class=\"vc_col-sm-12 wpb_column vc_column_container\"><div class=\"vc_column-inner\"><div class=\"wpb_wrapper\"><div class=\"wpb_text_column\" ><div class=\"wpb_wrapper\"><h2 style=\"text-align: center;\">Forskjellen med Deepchill\u00ae<\/h2>\n<h4>Den uovertrufne kj\u00f8lehastigheten til Deepchill\u00ae gj\u00f8r den til et ideelt medium for kj\u00f8ling av kokte produkter som krabbe, der rask kj\u00f8ling er avgj\u00f8rende for \u00e5 forhindre vekttap og sikre h\u00f8yeste kvalitet. Uavhengige tester viser at Deepchilling krabbe resulterer i overlegen fargeretensjon, naturlig smak og kj\u00f8ttstruktur.<\/h4>\n<\/div><\/div><div class=\"g-cols wpb_row  type_default valign_top vc_inner dc-difference-points-section dc-shrimp-difference-points-section\"><div class=\"vc_col-sm-12 vc_col-lg-3 vc_col-md-6 vc_col-xs-12 wpb_column vc_column_container\"><div class=\"vc_column-inner\"><div class=\"wpb_wrapper\"><div class=\"w-image align_left\"><div class=\"w-image-h\"><img loading=\"lazy\" decoding=\"async\" width=\"182\" height=\"182\" src=\"https:\/\/www.deepchill.com\/wp-content\/uploads\/2020\/11\/rapid-chilling-img.jpg\" class=\"attachment-full size-full\" alt=\"rapid-chilling-img\" srcset=\"https:\/\/www.deepchill.com\/wp-content\/uploads\/2020\/11\/rapid-chilling-img.jpg 182w, https:\/\/www.deepchill.com\/wp-content\/uploads\/2020\/11\/rapid-chilling-img-150x150.jpg 150w\" sizes=\"auto, (max-width: 182px) 100vw, 182px\" \/><\/div><\/div><div class=\"wpb_text_column\" ><div class=\"wpb_wrapper\"><h3>Rask nedkj\u00f8ling<\/h3>\n<p>Deepchill\u00ae er et kj\u00f8lemedium uten sidestykke som kan kj\u00f8le et parti kokt krabbe til sin optimale temperatur p\u00e5 mindre enn 10 minutter. Dette er betydelig raskere enn RSW-vann eller vann med flakis. Prosessen er s\u00e5 rask at det praktisk talt ikke forekommer saltopptak.<\/p>\n<\/div><\/div><\/div><\/div><\/div><div class=\"vc_col-sm-12 vc_col-lg-3 vc_col-md-6 vc_col-xs-12 wpb_column vc_column_container\"><div class=\"vc_column-inner\"><div class=\"wpb_wrapper\"><div class=\"w-image align_left\"><div class=\"w-image-h\"><img loading=\"lazy\" decoding=\"async\" width=\"182\" height=\"182\" src=\"https:\/\/www.deepchill.com\/wp-content\/uploads\/2020\/11\/prevent-over-cooking-img.jpg\" class=\"attachment-full size-full\" alt=\"prevent-over-cooking-img\" srcset=\"https:\/\/www.deepchill.com\/wp-content\/uploads\/2020\/11\/prevent-over-cooking-img.jpg 182w, https:\/\/www.deepchill.com\/wp-content\/uploads\/2020\/11\/prevent-over-cooking-img-150x150.jpg 150w\" sizes=\"auto, (max-width: 182px) 100vw, 182px\" \/><\/div><\/div><div class=\"wpb_text_column\" ><div class=\"wpb_wrapper\"><h3>Forhindre overkoking<\/h3>\n<p>Kj\u00f8ling av kokt krabbe gir en unik utfordring fordi produktets h\u00f8ye temperatur raskt kan f\u00f8re til overkoking. Deepchill\u00ae stopper \u00f8yeblikkelig kokeprosessen, og hjelper til med \u00e5 levere et produkt av h\u00f8yere kvalitet.<\/p>\n<\/div><\/div><\/div><\/div><\/div><div class=\"vc_col-sm-12 vc_col-lg-3 vc_col-md-6 vc_col-xs-12 wpb_column vc_column_container\"><div class=\"vc_column-inner\"><div class=\"wpb_wrapper\"><div class=\"w-image align_left\"><div class=\"w-image-h\"><img loading=\"lazy\" decoding=\"async\" width=\"182\" height=\"182\" src=\"https:\/\/www.deepchill.com\/wp-content\/uploads\/2020\/11\/hygienic-handling-img.jpg\" class=\"attachment-full size-full\" alt=\"hygienic-handling-img\" srcset=\"https:\/\/www.deepchill.com\/wp-content\/uploads\/2020\/11\/hygienic-handling-img.jpg 182w, https:\/\/www.deepchill.com\/wp-content\/uploads\/2020\/11\/hygienic-handling-img-150x150.jpg 150w\" sizes=\"auto, (max-width: 182px) 100vw, 182px\" \/><\/div><\/div><div class=\"wpb_text_column\" ><div class=\"wpb_wrapper\"><h3>Hygienisk h\u00e5ndtering<\/h3>\n<p>Deepchill\u00ae produseres og lagres i et lukket system, og distribueres gjennom tette r\u00f8r uten kontakt med utvendige kontaminanter. Det er heller ingen resirkulasjon i systemet, noe som ogs\u00e5 forebygger kontaminering.<\/p>\n<\/div><\/div><\/div><\/div><\/div><div class=\"vc_col-sm-12 vc_col-lg-3 vc_col-md-6 vc_col-xs-12 wpb_column vc_column_container\"><div class=\"vc_column-inner\"><div class=\"wpb_wrapper\"><div class=\"w-image align_left\"><div class=\"w-image-h\"><img loading=\"lazy\" decoding=\"async\" width=\"182\" height=\"182\" src=\"https:\/\/www.deepchill.com\/wp-content\/uploads\/2020\/11\/less-weight-loss-img.jpg\" class=\"attachment-full size-full\" alt=\"less-weight-loss-img\" srcset=\"https:\/\/www.deepchill.com\/wp-content\/uploads\/2020\/11\/less-weight-loss-img.jpg 182w, https:\/\/www.deepchill.com\/wp-content\/uploads\/2020\/11\/less-weight-loss-img-150x150.jpg 150w\" sizes=\"auto, (max-width: 182px) 100vw, 182px\" \/><\/div><\/div><div class=\"wpb_text_column\" ><div class=\"wpb_wrapper\"><h3>Mindre vekttap<\/h3>\n<p>Uavhengige studier viser at kokt krabbe avkj\u00f8lt med Deepchill\u00ae taper mindre vekt og fuktighet, sammenliknet med konvensjonelle metoder.<\/p>\n<\/div><\/div><\/div><\/div><\/div><\/div><div class=\"w-separator size_medium\"><\/div><\/div><\/div><\/div><\/div><\/div><\/section><section class=\"l-section wpb_row height_medium color_footer-top\"><div class=\"l-section-h i-cf\"><div class=\"g-cols vc_row type_default valign_top\"><div class=\"vc_col-sm-12 wpb_column vc_column_container\"><div class=\"vc_column-inner\"><div class=\"wpb_wrapper\"><div class=\"wpb_text_column\" ><div class=\"wpb_wrapper\"><h3>Designet for din virksomhet<\/h3>\n<p>Deepchill<sup>\u00ae<\/sup> \u00a0gylleis kan brukes i ulike n\u00e6ringsmiddelforetak, og kan brukes b\u00e5de i partier eller til kontinuerlig drift.<\/p>\n<\/div><\/div><\/div><\/div><\/div><\/div><\/div><\/section><section class=\"l-section wpb_row height_medium dc-normal-font dc-maintain-freshness-section\"><div class=\"l-section-h i-cf\"><div class=\"g-cols vc_row type_default valign_top\"><div class=\"vc_col-sm-12 wpb_column vc_column_container\"><div class=\"vc_column-inner\"><div class=\"wpb_wrapper\"><div class=\"wpb_text_column\" ><div class=\"wpb_wrapper\"><h2 style=\"text-align: center;\">Effektiviser driften din<\/h2>\n<h4>H\u00f8yere kvalitet, \u00f8kt kapasitet, enda mer effektiv drift. Dette er alle fordeler du kan utnytte for din virksomhet og som bidrar til \u00e5 \u00f8ke l\u00f8nnsomheten din. Deepchill\u00ae er et avansert hurtigkj\u00f8lesystem som leverer den best mulige forh\u00e5ndskokte sj\u00f8maten. Deepchill\u00ae forbedrer ikke bare kvalitet og avkastning, det kan \u00f8ke produksjonslinjens kapasitet og optimalisere driften uten \u00e5 legge til ekstra utstyr.<\/h4>\n<\/div><\/div><\/div><\/div><\/div><\/div><\/div><\/section><section class=\"l-section wpb_row height_medium dc-desk-timeline dc-desk-timeline-crab\"><div class=\"l-section-h i-cf\"><div class=\"g-cols vc_row type_default valign_top\"><div class=\"vc_col-sm-12 wpb_column vc_column_container\"><div class=\"vc_column-inner\"><div class=\"wpb_wrapper\"><div class=\"g-cols wpb_row  type_default valign_top vc_inner dc-desk-timeline-row1\"><div class=\"vc_col-sm-4 wpb_column vc_column_container\"><div class=\"vc_column-inner\"><div class=\"wpb_wrapper\"><div class=\"wpb_text_column\" ><div class=\"wpb_wrapper\"><p><strong>1. Cook<\/strong><\/p>\n<p>Crab cooked in batch or continuous operations.<\/p>\n<\/div><\/div><div class=\"w-image align_center\"><div class=\"w-image-h\"><img loading=\"lazy\" decoding=\"async\" width=\"763\" height=\"305\" src=\"https:\/\/www.deepchill.com\/wp-content\/uploads\/2023\/04\/crab-step_one.png\" class=\"attachment-full size-full\" alt=\"T-Crab-Step-1\" srcset=\"https:\/\/www.deepchill.com\/wp-content\/uploads\/2023\/04\/crab-step_one.png 763w, https:\/\/www.deepchill.com\/wp-content\/uploads\/2023\/04\/crab-step_one-300x120.png 300w\" sizes=\"auto, (max-width: 763px) 100vw, 763px\" \/><\/div><\/div><\/div><\/div><\/div><div class=\"vc_col-sm-4 wpb_column vc_column_container\"><div class=\"vc_column-inner\"><div class=\"wpb_wrapper\"><div class=\"wpb_text_column\" ><div class=\"wpb_wrapper\"><p><strong>2. Chill<\/strong><\/p>\n<p>Cooked crab enter chilling tanks where Deepchill<sup>\u00ae<\/sup> is automatically charged with temperature-sensitive dosing system.<\/p>\n<\/div><\/div><div class=\"w-image align_center\"><div class=\"w-image-h\"><img loading=\"lazy\" decoding=\"async\" width=\"777\" height=\"309\" src=\"https:\/\/www.deepchill.com\/wp-content\/uploads\/2023\/04\/crab-step-2.png\" class=\"attachment-full size-full\" alt=\"T-Crab-Step-2\" srcset=\"https:\/\/www.deepchill.com\/wp-content\/uploads\/2023\/04\/crab-step-2.png 777w, https:\/\/www.deepchill.com\/wp-content\/uploads\/2023\/04\/crab-step-2-300x119.png 300w\" sizes=\"auto, (max-width: 777px) 100vw, 777px\" \/><\/div><\/div><\/div><\/div><\/div><div class=\"vc_col-sm-4 wpb_column vc_column_container\"><div class=\"vc_column-inner\"><div class=\"wpb_wrapper\"><div class=\"wpb_text_column\" ><div class=\"wpb_wrapper\"><p><strong>3. Process Line<\/strong><\/p>\n<p>Within minutes, Deepchilled crab is ready for meat extraction. The Deepchilled meat is easier to extract from the shell.<\/p>\n<\/div><\/div><div class=\"w-image align_center\"><div class=\"w-image-h\"><img loading=\"lazy\" decoding=\"async\" width=\"731\" height=\"864\" src=\"https:\/\/www.deepchill.com\/wp-content\/uploads\/2023\/04\/crab-step-three_.png\" class=\"attachment-full size-full\" alt=\"T-Crab-Step-3\" srcset=\"https:\/\/www.deepchill.com\/wp-content\/uploads\/2023\/04\/crab-step-three_.png 731w, https:\/\/www.deepchill.com\/wp-content\/uploads\/2023\/04\/crab-step-three_-254x300.png 254w\" sizes=\"auto, (max-width: 731px) 100vw, 731px\" \/><\/div><\/div><\/div><\/div><\/div><\/div><div class=\"g-cols wpb_row  type_default valign_top vc_inner dc-desk-timeline-row2\"><div class=\"vc_col-sm-4 wpb_column vc_column_container\"><div class=\"vc_column-inner\"><div class=\"wpb_wrapper\"><div class=\"wpb_text_column\" ><div class=\"wpb_wrapper\"><\/div><\/div><\/div><\/div><\/div><div class=\"vc_col-sm-4 wpb_column vc_column_container\"><div class=\"vc_column-inner\"><div class=\"wpb_wrapper\"><div class=\"wpb_text_column\" ><div class=\"wpb_wrapper\"><p><strong>5. Distribution<\/strong><\/p>\n<\/div><\/div><div class=\"w-image align_center\"><div class=\"w-image-h\"><img loading=\"lazy\" decoding=\"async\" width=\"796\" height=\"517\" src=\"https:\/\/www.deepchill.com\/wp-content\/uploads\/2023\/04\/crab_step-five.png\" class=\"attachment-full size-full\" alt=\"T-Crab-Step-5\" srcset=\"https:\/\/www.deepchill.com\/wp-content\/uploads\/2023\/04\/crab_step-five.png 796w, https:\/\/www.deepchill.com\/wp-content\/uploads\/2023\/04\/crab_step-five-300x195.png 300w\" sizes=\"auto, (max-width: 796px) 100vw, 796px\" \/><\/div><\/div><\/div><\/div><\/div><div class=\"vc_col-sm-4 wpb_column vc_column_container dc-right-line\"><div class=\"vc_column-inner\"><div class=\"wpb_wrapper\"><div class=\"wpb_text_column\" ><div class=\"wpb_wrapper\"><p><strong>4. Freezer<\/strong><\/p>\n<p>In case of frozen products, freezing capacity and efficiency is improved since crab is now pre-chilled before entering freezer, resulting in quick freezing and higher quality product.<\/p>\n<\/div><\/div><div class=\"w-image align_center\"><div class=\"w-image-h\"><img loading=\"lazy\" decoding=\"async\" width=\"731\" height=\"464\" src=\"https:\/\/www.deepchill.com\/wp-content\/uploads\/2023\/04\/crab_step_four.png\" class=\"attachment-full size-full\" alt=\"T-Crab-Step-4\" srcset=\"https:\/\/www.deepchill.com\/wp-content\/uploads\/2023\/04\/crab_step_four.png 731w, https:\/\/www.deepchill.com\/wp-content\/uploads\/2023\/04\/crab_step_four-300x190.png 300w\" sizes=\"auto, (max-width: 731px) 100vw, 731px\" \/><\/div><\/div><\/div><\/div><\/div><\/div><\/div><\/div><\/div><\/div><\/div><\/section><section class=\"l-section wpb_row height_medium dc-mobile-timeline dc-mobile-timeline-crab\"><div class=\"l-section-h i-cf\"><div class=\"g-cols vc_row type_default valign_top\"><div class=\"vc_col-sm-12 wpb_column vc_column_container\"><div class=\"vc_column-inner\"><div class=\"wpb_wrapper\"><div class=\"w-grid type_carousel layout_8793\" id=\"us_grid_1\" data-grid-filter=\"false\"><style id=\"us_grid_1_css\">#us_grid_1 .owl-nav div{font-size:1.8rem}#us_grid_1 .w-grid-item{padding:1.5rem}#us_grid_1 .w-grid-list{margin:-1.5rem}.w-grid + #us_grid_1 .w-grid-list{margin-top:1.5rem}<\/style><style>.layout_8793 .w-grid-item-h{}<\/style><div class=\"w-grid-list owl-carousel navstyle_circle navpos_outside\" ><\/div><div class=\"g-preloader type_1\">\r\n\t<div><\/div>\r\n<\/div>\r\n\t<div class=\"w-grid-json hidden\" onclick='return {&quot;action&quot;:&quot;us_ajax_grid&quot;,&quot;ajax_url&quot;:&quot;https:\\\/\\\/www.deepchill.com\\\/wp-admin\\\/admin-ajax.php&quot;,&quot;infinite_scroll&quot;:0,&quot;max_num_pages&quot;:0,&quot;pagination&quot;:&quot;none&quot;,&quot;permalink_url&quot;:&quot;https:\\\/\\\/www.deepchill.com\\\/no\\\/wp-json\\\/wp\\\/v2\\\/pages\\\/13218\\\/&quot;,&quot;template_vars&quot;:{&quot;columns&quot;:&quot;2&quot;,&quot;exclude_items&quot;:&quot;none&quot;,&quot;img_size&quot;:&quot;default&quot;,&quot;ignore_items_size&quot;:false,&quot;items_layout&quot;:&quot;8793&quot;,&quot;items_offset&quot;:&quot;1&quot;,&quot;overriding_link&quot;:&quot;none&quot;,&quot;post_id&quot;:13218,&quot;query_args&quot;:{&quot;post_type&quot;:[&quot;timeline-and-process&quot;],&quot;tax_query&quot;:[{&quot;taxonomy&quot;:&quot;category&quot;,&quot;field&quot;:&quot;slug&quot;,&quot;terms&quot;:[&quot;process-timeline&quot;,&quot;process-timeline-crab&quot;]}],&quot;post_status&quot;:[&quot;publish&quot;,&quot;acf-disabled&quot;],&quot;orderby&quot;:{&quot;date&quot;:&quot;ASC&quot;},&quot;posts_per_page&quot;:&quot;5&quot;},&quot;type&quot;:&quot;carousel&quot;,&quot;us_grid_ajax_index&quot;:1,&quot;us_grid_filter_params&quot;:null,&quot;us_grid_index&quot;:1,&quot;_us_grid_post_type&quot;:&quot;timeline-and-process&quot;,&quot;lang&quot;:&quot;no&quot;},&quot;carousel_settings&quot;:{&quot;autoHeight&quot;:0,&quot;autoplay&quot;:0,&quot;carousel_fade&quot;:0,&quot;center&quot;:0,&quot;dots&quot;:0,&quot;items&quot;:&quot;2&quot;,&quot;loop&quot;:true,&quot;nav&quot;:1,&quot;slideby&quot;:&quot;1&quot;,&quot;smooth_play&quot;:1,&quot;speed&quot;:600,&quot;timeout&quot;:5000,&quot;transition&quot;:&quot;&quot;},&quot;carousel_breakpoints&quot;:{&quot;1200&quot;:{&quot;items&quot;:2},&quot;767&quot;:{&quot;autoHeight&quot;:0,&quot;autoplay&quot;:1,&quot;autoplayHoverPause&quot;:1,&quot;items&quot;:&quot;2&quot;,&quot;loop&quot;:true},&quot;480&quot;:{&quot;autoHeight&quot;:0,&quot;autoplay&quot;:1,&quot;autoplayHoverPause&quot;:1,&quot;items&quot;:2,&quot;loop&quot;:true},&quot;0&quot;:{&quot;autoHeight&quot;:0,&quot;autoplay&quot;:1,&quot;autoplayHoverPause&quot;:1,&quot;items&quot;:1,&quot;loop&quot;:true}}}'><\/div>\r\n<h4 class=\"w-grid-none\">Ingen treff.<\/h4><\/div><\/div><\/div><\/div><\/div><\/div><\/section><section class=\"l-section wpb_row height_medium color_alternate\"><div class=\"l-section-h i-cf\"><div class=\"g-cols vc_row type_default valign_top\"><div class=\"vc_col-sm-6 wpb_column vc_column_container\"><div class=\"vc_column-inner\"><div class=\"wpb_wrapper\"><div class=\"wpb_text_column\" ><div class=\"wpb_wrapper\"><h2 style=\"text-align: left;\">Deepchill<sup>\u00ae<\/sup> vs. isvann best\u00e5ende av flak<\/h2>\n<p>I samarbeid med The Fisheries and Marine Institute of Memorial University of Newfoundland har Deepchill Solutions Inc. forsket for \u00e5 studere effekten av Deepchilling p\u00e5 kokt krabbe, sammenlignet med vanlige kj\u00f8lemetoder i industrien.<\/p>\n<p>I studien ble en kj\u00f8lekurve p\u00e5 2 sett krabbepr\u00f8ver i Deepchill<sup>\u00ae<\/sup> og 1 pr\u00f8vesett i is med flak og kj\u00f8lt vannblanding sammenlignet. Ved hjelp av nedsettingsmetode, ble kokte krabbepr\u00f8ver (Chionoecetes Opilio, vektomr\u00e5de 380g-720g) avkj\u00f8lt til 0 \u00b0 C i l\u00f8pet av 4-6 minutter i Deepchill\u00ae. Til sammenlikning n\u00e5dde krabbepr\u00f8ver i blanding av is og kaldt vann 10 \u00b0 C etter 6 minutter stanset temperatursenkningen nesten opp.<\/p>\n<\/div><\/div><div class=\"wpb_text_column us_custom_d2199d32\" ><div class=\"wpb_wrapper\"><p>Kilde: Independent study by The Fisheries and Marine Institute of Memorial University of Newfoundland<\/p>\n<\/div><\/div><\/div><\/div><\/div><div class=\"vc_col-sm-6 wpb_column vc_column_container\"><div class=\"vc_column-inner\"><div class=\"wpb_wrapper\"><div class=\"w-separator size_huge\"><\/div><div class=\"w-image us_custom_e815256e align_center\"><div class=\"w-image-h\"><img loading=\"lazy\" decoding=\"async\" width=\"2753\" height=\"1575\" src=\"https:\/\/www.deepchill.com\/wp-content\/uploads\/2023\/03\/crab-cooling-curve-img.png\" class=\"attachment-full size-full\" alt=\"crab-cooling-curve-img\" srcset=\"https:\/\/www.deepchill.com\/wp-content\/uploads\/2023\/03\/crab-cooling-curve-img.png 2753w, https:\/\/www.deepchill.com\/wp-content\/uploads\/2023\/03\/crab-cooling-curve-img-300x172.png 300w, https:\/\/www.deepchill.com\/wp-content\/uploads\/2023\/03\/crab-cooling-curve-img-1024x586.png 1024w\" sizes=\"auto, (max-width: 2753px) 100vw, 2753px\" \/><\/div><\/div><\/div><\/div><\/div><\/div><\/div><\/section><section class=\"l-section wpb_row height_medium color_footer-top\"><div class=\"l-section-h i-cf\"><div class=\"g-cols vc_row type_default valign_top\"><div class=\"vc_col-sm-6 wpb_column vc_column_container\"><div class=\"vc_column-inner\"><div class=\"wpb_wrapper\"><div class=\"wpb_text_column\" ><div class=\"wpb_wrapper\"><h2 style=\"text-align: left;\">Lavere drypptap og forbedre avkastningen<\/h2>\n<p>I den samme studien ble naturlig vekttap av kokt hel krabbe sammenlignet for begge avkj\u00f8lingsmetodene. Krabbepr\u00f8ven etter nedkj\u00f8ling i isvann mistet s\u00e5 mye som 8% av massevekten. Deepchilling reduserte vekttapet til mindre enn 3%.<\/p>\n<p>Det skal sies at vekttap hos kokt krabbe i industrielle omgivelser kan p\u00e5virkes av flere ukontrollerbare variabler som intern koketemperatur, st\u00f8rrelse, livlighet, mykt skjell osv. Likevel kan effekten av Deepchilling p\u00e5 vekttap v\u00e6re betydelig.<\/p>\n<\/div><\/div><div class=\"wpb_text_column us_custom_d2199d32\" ><div class=\"wpb_wrapper\"><p>Kilde: Fisheries and Marine Institute of Memorial University of Newfoundland<\/p>\n<\/div><\/div><\/div><\/div><\/div><div class=\"vc_col-sm-6 wpb_column vc_column_container\"><div class=\"vc_column-inner\"><div class=\"wpb_wrapper\"><div class=\"w-separator size_huge\"><\/div><div class=\"w-image align_center\"><div class=\"w-image-h\"><img loading=\"lazy\" decoding=\"async\" width=\"2750\" height=\"1623\" src=\"https:\/\/www.deepchill.com\/wp-content\/uploads\/2023\/03\/crab-drip-loss-img.png\" class=\"attachment-full size-full\" alt=\"crab-drip-loss-img\" srcset=\"https:\/\/www.deepchill.com\/wp-content\/uploads\/2023\/03\/crab-drip-loss-img.png 2750w, https:\/\/www.deepchill.com\/wp-content\/uploads\/2023\/03\/crab-drip-loss-img-300x177.png 300w, https:\/\/www.deepchill.com\/wp-content\/uploads\/2023\/03\/crab-drip-loss-img-1024x604.png 1024w\" sizes=\"auto, (max-width: 2750px) 100vw, 2750px\" \/><\/div><\/div><\/div><\/div><\/div><\/div><\/div><\/section><section class=\"l-section wpb_row height_medium dc-normal-font\"><div class=\"l-section-h i-cf\"><div class=\"g-cols vc_row type_default valign_top\"><div class=\"vc_col-sm-12 wpb_column vc_column_container\"><div class=\"vc_column-inner\"><div class=\"wpb_wrapper\"><div class=\"w-image align_center\"><div class=\"w-image-h\"><img loading=\"lazy\" decoding=\"async\" width=\"182\" height=\"64\" src=\"https:\/\/www.deepchill.com\/wp-content\/uploads\/2020\/10\/truck-icon-img2.jpg\" class=\"attachment-full size-full\" alt=\"truck-icon-img2\" \/><\/div><\/div><div class=\"wpb_text_column\" ><div class=\"wpb_wrapper\"><h2 style=\"text-align: center;\">Se hvor mye du kan spare<\/h2>\n<h4 style=\"text-align: center;\">La oss hjelpe deg med \u00e5 finne den beste l\u00f8sningen for \u00e5 oppn\u00e5 st\u00f8rre kostnadsbesparelser og l\u00f8nnsomhet for virksomheten din.<\/h4>\n<p style=\"text-align: center;\"><a class=\"dc-caret-link\" href=\"https:\/\/www.deepchill.com\/how-can-we-help-you-save\/\">La oss beregne besparelsene dine<i class=\"fa fa-angle-right\"><\/i><\/a><\/p>\n<\/div><\/div><\/div><\/div><\/div><\/div><\/div><\/section>\n","protected":false},"excerpt":{"rendered":"Raskere kj\u00f8ling. H\u00f8yere avkastning. Rask avkj\u00f8ling for koke- og kj\u00f8l-bruksomr\u00e5der. Last ned brosjyren Forskjellen med Deepchill\u00ae Den uovertrufne kj\u00f8lehastigheten til Deepchill\u00ae gj\u00f8r den til et ideelt medium for kj\u00f8ling av kokte produkter som krabbe, der rask kj\u00f8ling er avgj\u00f8rende for \u00e5 forhindre vekttap og sikre h\u00f8yeste kvalitet. Uavhengige tester viser at Deepchilling krabbe resulterer i...","protected":false},"author":2,"featured_media":0,"parent":13421,"menu_order":0,"comment_status":"closed","ping_status":"closed","template":"","meta":{"footnotes":""},"class_list":["post-13218","page","type-page","status-publish","hentry"],"aioseo_notices":[],"_links":{"self":[{"href":"https:\/\/www.deepchill.com\/no\/wp-json\/wp\/v2\/pages\/13218","targetHints":{"allow":["GET"]}}],"collection":[{"href":"https:\/\/www.deepchill.com\/no\/wp-json\/wp\/v2\/pages"}],"about":[{"href":"https:\/\/www.deepchill.com\/no\/wp-json\/wp\/v2\/types\/page"}],"author":[{"embeddable":true,"href":"https:\/\/www.deepchill.com\/no\/wp-json\/wp\/v2\/users\/2"}],"replies":[{"embeddable":true,"href":"https:\/\/www.deepchill.com\/no\/wp-json\/wp\/v2\/comments?post=13218"}],"version-history":[{"count":7,"href":"https:\/\/www.deepchill.com\/no\/wp-json\/wp\/v2\/pages\/13218\/revisions"}],"predecessor-version":[{"id":14188,"href":"https:\/\/www.deepchill.com\/no\/wp-json\/wp\/v2\/pages\/13218\/revisions\/14188"}],"up":[{"embeddable":true,"href":"https:\/\/www.deepchill.com\/no\/wp-json\/wp\/v2\/pages\/13421"}],"wp:attachment":[{"href":"https:\/\/www.deepchill.com\/no\/wp-json\/wp\/v2\/media?parent=13218"}],"curies":[{"name":"wp","href":"https:\/\/api.w.org\/{rel}","templated":true}]}}