{"id":13226,"date":"2020-10-19T07:09:54","date_gmt":"2020-10-19T07:09:54","guid":{"rendered":"https:\/\/www.deepchill.com\/mussels\/"},"modified":"2023-04-20T03:35:48","modified_gmt":"2023-04-20T03:35:48","slug":"mussels","status":"publish","type":"page","link":"https:\/\/www.deepchill.com\/no\/industries\/seafood\/mussels\/","title":{"rendered":"Bl\u00e5skjell"},"content":{"rendered":"<section class=\"l-section wpb_row height_medium\"><div class=\"l-section-h i-cf\"><div class=\"g-cols vc_row type_default valign_top\"><div class=\"vc_col-sm-12 wpb_column vc_column_container\"><div class=\"vc_column-inner\"><div class=\"wpb_wrapper\"><div class=\"wpb_text_column dc-normal-font\" ><div class=\"wpb_wrapper\"><h4>Lengre holdbarhet. Lavere dryppetap. F\u00e5 mest mulig ut av bl\u00e5skjellproduksjonen din.<\/h4>\n<p><a class=\"dc-caret-link dc-download-link dc-download-brochure-link\" href=\"https:\/\/www.deepchill.com\/download-brochure\/?b=mussels\/\" target=\"_blank\" rel=\"noopener noreferrer\"><img decoding=\"async\" src=\"http:\/\/www.deepchill.com\/wp-content\/uploads\/2020\/10\/download-pdf-icon.png\" alt=\"download-pdf-icon\" \/> <i class=\"dc-link-text\">Last ned brosjyren<i class=\"fa fa-angle-down\"><\/i><\/i><\/a><\/p>\n<\/div><\/div><\/div><\/div><\/div><\/div><\/div><\/section><section class=\"l-section wpb_row height_auto width_full dc-inner-banner-img with_img\"><div class=\"l-section-img\" style=\"background-image: url(https:\/\/www.deepchill.com\/wp-content\/uploads\/2020\/11\/mussels-img2.jpg);background-repeat: no-repeat;\" data-img-width=\"1920\" data-img-height=\"520\"><\/div><div class=\"l-section-h i-cf\"><div class=\"g-cols vc_row type_default valign_top\"><div class=\"vc_col-sm-12 wpb_column vc_column_container\"><div class=\"vc_column-inner\"><div class=\"wpb_wrapper\"><\/div><\/div><\/div><\/div><\/div><\/section><section class=\"l-section wpb_row height_medium dc-blue-bg dc-below-slider-section\"><div class=\"l-section-h i-cf\"><div class=\"g-cols vc_row type_default valign_top\"><div class=\"vc_col-sm-6 wpb_column vc_column_container\"><div class=\"vc_column-inner\"><div class=\"wpb_wrapper\"><div class=\"wpb_text_column\" ><div class=\"wpb_wrapper\"><h4>Bevarer topp ferskhet gjennom bedre kj\u00f8ling<\/h4>\n<p>Se hvordan Deepchill Solutions Inc. Deepchill\u00ae-system hjalp Prince Edward Aqua Farms med \u00e5 levere bl\u00e5skjell av h\u00f8y kvalitet, samtidig som de reduserte behovet for arbeidskraft og kuttet kostnader.<\/p>\n<p><a class=\"dc-caret-link\">Se videoen for \u00e5 l\u00e6re mer <i class=\"fa fa-angle-right\"><\/i><\/a><\/p>\n<\/div><\/div><\/div><\/div><\/div><div class=\"vc_col-sm-6 wpb_column vc_column_container\"><div class=\"vc_column-inner\"><div class=\"wpb_wrapper\"><div id=\"ultimate-video-130869f6464c3d7da\" class=\"ult-video  ult-adjust-bottom-margin ultimate-video-130869f6464c3d7da ultv-3935 \"><div class=\"ultv-video ultv-aspect-ratio-16_9 ultv-subscribe-responsive-none\" data-videotype=\"uv_iframe\">\r\n\t\t\t\t\t\t<div class=\"ultv-video__outer-wrap\" data-autoplay=\"0\" data-device=\"false\"  data-iconbg=\"#3a3a3a\" data-overcolor=\"\" data-defaultbg=\"#1f1f1e\" data-defaultplay=\"icon\"><div class=\"ultv-video__play\" data-src=\"https:\/\/www.youtube.com\/embed\/k9Ou-jotQ1Q?rel=0&amp;start&amp;end&amp;controls=1&amp;mute=0&amp;modestbranding=0&amp;autoplay=1\">\r\n\t\t\t\t\t\t\t\t<img decoding=\"async\" class=\"ultv-video__thumb\" src=\"https:\/\/i.ytimg.com\/vi\/k9Ou-jotQ1Q\/maxresdefault.jpg\"\/>\r\n\t\t\t\t\t\t\t\t<div class=\"ultv-video__play-icon Defaults-play-circle ultv-animation-none\" style=\"font-size:80px;\"><\/div> <\/div> <\/div><\/div><\/div><\/div><\/div><\/div><\/div><\/div><\/section><section class=\"l-section wpb_row height_medium dc-difference-section\"><div class=\"l-section-h i-cf\"><div class=\"g-cols vc_row type_default valign_top\"><div class=\"vc_col-sm-12 wpb_column vc_column_container\"><div class=\"vc_column-inner\"><div class=\"wpb_wrapper\"><div class=\"wpb_text_column\" ><div class=\"wpb_wrapper\"><h2 style=\"text-align: center;\">Forskjellen med Deepchill\u00ae<\/h2>\n<h4>Ferskere produkter, lengre holdbarhet og enda mer effektiv drift. Alt dette er fordeler din virksomhet kan dra nytte av, og som bidrar til \u00e5 \u00f8ke l\u00f8nnsomheten. Deepchilling er en sv\u00e6rt avansert prosess som raskt fryser bl\u00e5skjellene dine for \u00e5 bedre beholde fuktigheten og forhindre vekttap. Dette f\u00f8rer til et produkt med h\u00f8yest mulig kvalitet.<\/h4>\n<\/div><\/div><div class=\"g-cols wpb_row  type_default valign_top vc_inner dc-difference-points-section dc-shrimp-difference-points-section\"><div class=\"vc_col-sm-12 vc_col-lg-3 vc_col-md-6 vc_col-xs-12 wpb_column vc_column_container\"><div class=\"vc_column-inner\"><div class=\"wpb_wrapper\"><div class=\"w-image align_left\"><div class=\"w-image-h\"><img loading=\"lazy\" decoding=\"async\" width=\"182\" height=\"182\" src=\"https:\/\/www.deepchill.com\/wp-content\/uploads\/2020\/11\/fast-uniform-cooling-img-6.jpg\" class=\"attachment-full size-full\" alt=\"fast-uniform-cooling-img-6\" srcset=\"https:\/\/www.deepchill.com\/wp-content\/uploads\/2020\/11\/fast-uniform-cooling-img-6.jpg 182w, https:\/\/www.deepchill.com\/wp-content\/uploads\/2020\/11\/fast-uniform-cooling-img-6-150x150.jpg 150w\" sizes=\"auto, (max-width: 182px) 100vw, 182px\" \/><\/div><\/div><div class=\"wpb_text_column\" ><div class=\"wpb_wrapper\"><h3>Rask og jevn kj\u00f8ling<\/h3>\n<p>Med sine flytende egenskaper pumpes Deepchill\u00ae inn i hver beholder og flyter gjennom og rundt nettingposene. Dette avkj\u00f8ler raskt hvert enkelt bl\u00e5skjell til litt over 0\u00b0C og opprettholder kjernetemperaturen deres.<\/p>\n<\/div><\/div><\/div><\/div><\/div><div class=\"vc_col-sm-12 vc_col-lg-3 vc_col-md-6 vc_col-xs-12 wpb_column vc_column_container\"><div class=\"vc_column-inner\"><div class=\"wpb_wrapper\"><div class=\"w-image us_custom_1b04de86 align_left\"><div class=\"w-image-h\"><img loading=\"lazy\" decoding=\"async\" width=\"182\" height=\"182\" src=\"https:\/\/www.deepchill.com\/wp-content\/uploads\/2020\/11\/superior-preservation-img-6.jpg\" class=\"attachment-full size-full\" alt=\"superior-preservation-img-6\" srcset=\"https:\/\/www.deepchill.com\/wp-content\/uploads\/2020\/11\/superior-preservation-img-6.jpg 182w, https:\/\/www.deepchill.com\/wp-content\/uploads\/2020\/11\/superior-preservation-img-6-150x150.jpg 150w\" sizes=\"auto, (max-width: 182px) 100vw, 182px\" \/><\/div><\/div><div class=\"wpb_text_column\" ><div class=\"wpb_wrapper\"><h3>Overlegen bevaring<\/h3>\n<p>Deepchill\u00ae omgir og beskytter bl\u00e5skjellene, holder dem ved en konstant lav temperatur og beholder fuktighetsinnholdet deres for \u00e5 bedre bevare produktet ditt.<\/p>\n<\/div><\/div><\/div><\/div><\/div><div class=\"vc_col-sm-12 vc_col-lg-3 vc_col-md-6 vc_col-xs-12 wpb_column vc_column_container\"><div class=\"vc_column-inner\"><div class=\"wpb_wrapper\"><div class=\"w-image align_left\"><div class=\"w-image-h\"><img loading=\"lazy\" decoding=\"async\" width=\"182\" height=\"182\" src=\"https:\/\/www.deepchill.com\/wp-content\/uploads\/2020\/11\/reduce-overpack-img.jpg\" class=\"attachment-full size-full\" alt=\"reduce-overpack-img\" srcset=\"https:\/\/www.deepchill.com\/wp-content\/uploads\/2020\/11\/reduce-overpack-img.jpg 182w, https:\/\/www.deepchill.com\/wp-content\/uploads\/2020\/11\/reduce-overpack-img-150x150.jpg 150w\" sizes=\"auto, (max-width: 182px) 100vw, 182px\" \/><\/div><\/div><div class=\"wpb_text_column\" ><div class=\"wpb_wrapper\"><h3>Redusere overpakking<\/h3>\n<p>Bedre fuktretensjon gj\u00f8r at bl\u00e5skjellene opprettholder vekten lenger. Ved \u00e5 begrense drypptap kan Deepchilling hjelpe deg med \u00e5 redusere overpakking med over 50%<\/p>\n<\/div><\/div><\/div><\/div><\/div><div class=\"vc_col-sm-12 vc_col-lg-3 vc_col-md-6 vc_col-xs-12 wpb_column vc_column_container\"><div class=\"vc_column-inner\"><div class=\"wpb_wrapper\"><div class=\"w-image align_left\"><div class=\"w-image-h\"><img loading=\"lazy\" decoding=\"async\" width=\"182\" height=\"182\" src=\"https:\/\/www.deepchill.com\/wp-content\/uploads\/2020\/11\/long-lasting-solution-img.jpg\" class=\"attachment-full size-full\" alt=\"long-lasting-solution-img\" srcset=\"https:\/\/www.deepchill.com\/wp-content\/uploads\/2020\/11\/long-lasting-solution-img.jpg 182w, https:\/\/www.deepchill.com\/wp-content\/uploads\/2020\/11\/long-lasting-solution-img-150x150.jpg 150w\" sizes=\"auto, (max-width: 182px) 100vw, 182px\" \/><\/div><\/div><div class=\"wpb_text_column\" ><div class=\"wpb_wrapper\"><h3>Langvarig l\u00f8sning<\/h3>\n<p>Deepchill\u00ae varer lenger under transport eller lagring da tettpakkede iskrystaller hemmer luftstr\u00f8m. Opp til 14 dager lengre holdbarhet gj\u00f8r at du kan utvide markedet ditt, fordi du kan sende varene lenger.<\/p>\n<\/div><\/div><\/div><\/div><\/div><\/div><\/div><\/div><\/div><\/div><\/div><\/section><section class=\"l-section wpb_row height_medium dc-normal-font dc-maintain-freshness-section\"><div class=\"l-section-h i-cf\"><div class=\"g-cols vc_row type_default valign_top\"><div class=\"vc_col-sm-12 wpb_column vc_column_container\"><div class=\"vc_column-inner\"><div class=\"wpb_wrapper\"><div class=\"wpb_text_column\" ><div class=\"wpb_wrapper\"><h2 style=\"text-align: center;\">Oppretthold ferskhet i kj\u00f8le- og frysekjeden<\/h2>\n<h4>Deepchill\u00ae lar deg opprettholde ferskheten til produktet ditt gjennom hele kj\u00f8le- og frysekjeden. Det automatiserte systemet er enkelt \u00e5 betjene og vedlikeholde. Deepchill\u00ae kan levere is hvor som helst i anlegget ditt, og kan ogs\u00e5 integreres med automatiserte pakkemaskiner.<\/h4>\n<\/div><\/div><\/div><\/div><\/div><\/div><\/div><\/section><section class=\"l-section wpb_row height_medium dc-desk-timeline dc-desk-timeline-mussels\"><div class=\"l-section-h i-cf\"><div class=\"g-cols vc_row type_default valign_top\"><div class=\"vc_col-sm-12 wpb_column vc_column_container\"><div class=\"vc_column-inner\"><div class=\"wpb_wrapper\"><div class=\"g-cols wpb_row  type_default valign_top vc_inner dc-desk-timeline-row1\"><div class=\"vc_col-sm-4 wpb_column vc_column_container\"><div class=\"vc_column-inner\"><div class=\"wpb_wrapper\"><div class=\"wpb_text_column\" ><div class=\"wpb_wrapper\"><p><strong>1. Harvest &amp; Transport<\/strong><\/p>\n<\/div><\/div><div class=\"w-image align_center\"><div class=\"w-image-h\"><img loading=\"lazy\" decoding=\"async\" width=\"764\" height=\"346\" src=\"https:\/\/www.deepchill.com\/wp-content\/uploads\/2023\/04\/mussels-step_1.png\" class=\"attachment-full size-full\" alt=\"T-Mussels-Step-1\" srcset=\"https:\/\/www.deepchill.com\/wp-content\/uploads\/2023\/04\/mussels-step_1.png 764w, https:\/\/www.deepchill.com\/wp-content\/uploads\/2023\/04\/mussels-step_1-300x136.png 300w\" sizes=\"auto, (max-width: 764px) 100vw, 764px\" \/><\/div><\/div><\/div><\/div><\/div><div class=\"vc_col-sm-4 wpb_column vc_column_container\"><div class=\"vc_column-inner\"><div class=\"wpb_wrapper\"><div class=\"wpb_text_column\" ><div class=\"wpb_wrapper\"><p><strong>2. Process<\/strong><\/p>\n<\/div><\/div><div class=\"w-image align_center\"><div class=\"w-image-h\"><img loading=\"lazy\" decoding=\"async\" width=\"776\" height=\"242\" src=\"https:\/\/www.deepchill.com\/wp-content\/uploads\/2023\/04\/mussels-step_2.png\" class=\"attachment-full size-full\" alt=\"T-Mussels-Step-2\" srcset=\"https:\/\/www.deepchill.com\/wp-content\/uploads\/2023\/04\/mussels-step_2.png 776w, https:\/\/www.deepchill.com\/wp-content\/uploads\/2023\/04\/mussels-step_2-300x94.png 300w\" sizes=\"auto, (max-width: 776px) 100vw, 776px\" \/><\/div><\/div><\/div><\/div><\/div><div class=\"vc_col-sm-4 wpb_column vc_column_container\"><div class=\"vc_column-inner\"><div class=\"wpb_wrapper\"><div class=\"wpb_text_column\" ><div class=\"wpb_wrapper\"><p><strong>3. Pre-Chill<\/strong><\/p>\n<p>Deepchill<sup>\u00ae<\/sup> can be used to prechill mussels prior to packing. This buffer allows for a smoother operation and reduces the amount of Deepchill<sup>\u00ae<\/sup> needed for shipping.<\/p>\n<\/div><\/div><div class=\"w-image align_center\"><div class=\"w-image-h\"><img loading=\"lazy\" decoding=\"async\" width=\"731\" height=\"509\" src=\"https:\/\/www.deepchill.com\/wp-content\/uploads\/2023\/04\/mussels-step-three.png\" class=\"attachment-full size-full\" alt=\"T-Mussels-Step-3\" srcset=\"https:\/\/www.deepchill.com\/wp-content\/uploads\/2023\/04\/mussels-step-three.png 731w, https:\/\/www.deepchill.com\/wp-content\/uploads\/2023\/04\/mussels-step-three-300x209.png 300w\" sizes=\"auto, (max-width: 731px) 100vw, 731px\" \/><\/div><\/div><\/div><\/div><\/div><\/div><div class=\"g-cols wpb_row  type_default valign_top vc_inner dc-desk-timeline-row2\"><div class=\"vc_col-sm-4 wpb_column vc_column_container dc-timeline-down-arrow\"><div class=\"vc_column-inner\"><div class=\"wpb_wrapper\"><div class=\"wpb_text_column\" ><div class=\"wpb_wrapper\"><\/div><\/div><div class=\"w-image align_center\"><div class=\"w-image-h\"><img loading=\"lazy\" decoding=\"async\" width=\"788\" height=\"472\" src=\"https:\/\/www.deepchill.com\/wp-content\/uploads\/2023\/04\/mussel-linetwo.png\" class=\"attachment-full size-full\" alt=\"T-Mussels-Line-2\" srcset=\"https:\/\/www.deepchill.com\/wp-content\/uploads\/2023\/04\/mussel-linetwo.png 788w, https:\/\/www.deepchill.com\/wp-content\/uploads\/2023\/04\/mussel-linetwo-300x180.png 300w\" sizes=\"auto, (max-width: 788px) 100vw, 788px\" \/><\/div><\/div><\/div><\/div><\/div><div class=\"vc_col-sm-4 wpb_column vc_column_container\"><div class=\"vc_column-inner\"><div class=\"wpb_wrapper\"><div class=\"wpb_text_column\" ><div class=\"wpb_wrapper\"><\/div><\/div><div class=\"w-image align_center\"><div class=\"w-image-h\"><img loading=\"lazy\" decoding=\"async\" width=\"840\" height=\"429\" src=\"https:\/\/www.deepchill.com\/wp-content\/uploads\/2023\/04\/mussels_line_one.png\" class=\"attachment-full size-full\" alt=\"T-Mussels-Line-1\" srcset=\"https:\/\/www.deepchill.com\/wp-content\/uploads\/2023\/04\/mussels_line_one.png 840w, https:\/\/www.deepchill.com\/wp-content\/uploads\/2023\/04\/mussels_line_one-300x153.png 300w\" sizes=\"auto, (max-width: 840px) 100vw, 840px\" \/><\/div><\/div><\/div><\/div><\/div><div class=\"vc_col-sm-4 wpb_column vc_column_container\"><div class=\"vc_column-inner\"><div class=\"wpb_wrapper\"><div class=\"wpb_text_column\" ><div class=\"wpb_wrapper\"><p><strong>4. Packing (Sealed Trays)<\/strong><\/p>\n<p>Mussels are packed in sealable trays with a measured dose of Deepchill<sup>\u00ae<\/sup> automatically discharged into the trays.<\/p>\n<\/div><\/div><div class=\"w-image align_center\"><div class=\"w-image-h\"><img loading=\"lazy\" decoding=\"async\" width=\"731\" height=\"375\" src=\"https:\/\/www.deepchill.com\/wp-content\/uploads\/2023\/04\/mussels-step-four.png\" class=\"attachment-full size-full\" alt=\"T-Mussels-Step-4\" srcset=\"https:\/\/www.deepchill.com\/wp-content\/uploads\/2023\/04\/mussels-step-four.png 731w, https:\/\/www.deepchill.com\/wp-content\/uploads\/2023\/04\/mussels-step-four-300x154.png 300w\" sizes=\"auto, (max-width: 731px) 100vw, 731px\" \/><\/div><\/div><\/div><\/div><\/div><\/div><div class=\"g-cols wpb_row  type_default valign_top vc_inner dc-desk-timeline-row3\"><div class=\"vc_col-sm-4 wpb_column vc_column_container\"><div class=\"vc_column-inner\"><div class=\"wpb_wrapper\"><div class=\"wpb_text_column\" ><div class=\"wpb_wrapper\"><p><strong>7. Distribution<\/strong><\/p>\n<p>Mussels are protected and preserved in long-lasting Deepchill<sup>\u00ae<\/sup> throughout the distribution chain<\/p>\n<\/div><\/div><div class=\"w-image align_center\"><div class=\"w-image-h\"><img loading=\"lazy\" decoding=\"async\" width=\"760\" height=\"624\" src=\"https:\/\/www.deepchill.com\/wp-content\/uploads\/2023\/04\/mussel_step-7.png\" class=\"attachment-full size-full\" alt=\"T-Mussels-Step-7\" srcset=\"https:\/\/www.deepchill.com\/wp-content\/uploads\/2023\/04\/mussel_step-7.png 760w, https:\/\/www.deepchill.com\/wp-content\/uploads\/2023\/04\/mussel_step-7-300x246.png 300w\" sizes=\"auto, (max-width: 760px) 100vw, 760px\" \/><\/div><\/div><\/div><\/div><\/div><div class=\"vc_col-sm-4 wpb_column vc_column_container\"><div class=\"vc_column-inner\"><div class=\"wpb_wrapper\"><div class=\"wpb_text_column\" ><div class=\"wpb_wrapper\"><p><strong>6. Deepchilling<\/strong><\/p>\n<p>Deepchill<sup>\u00ae<\/sup> is pumped into the boxes, flowing through and surrounding bags.\u00a0 The excess water is drained, leaving the box fully packed<\/p>\n<\/div><\/div><div class=\"w-image align_center\"><div class=\"w-image-h\"><img loading=\"lazy\" decoding=\"async\" width=\"780\" height=\"642\" src=\"https:\/\/www.deepchill.com\/wp-content\/uploads\/2023\/04\/mussel_step-6.png\" class=\"attachment-full size-full\" alt=\"T-Mussels-Step-6\" srcset=\"https:\/\/www.deepchill.com\/wp-content\/uploads\/2023\/04\/mussel_step-6.png 780w, https:\/\/www.deepchill.com\/wp-content\/uploads\/2023\/04\/mussel_step-6-300x247.png 300w\" sizes=\"auto, (max-width: 780px) 100vw, 780px\" \/><\/div><\/div><\/div><\/div><\/div><div class=\"vc_col-sm-4 wpb_column vc_column_container\"><div class=\"vc_column-inner\"><div class=\"wpb_wrapper\"><div class=\"wpb_text_column\" ><div class=\"wpb_wrapper\"><p><strong>5. Packing (Mesh Bags)<\/strong><\/p>\n<p>Mussels are packed in mesh bags and placed in boxes before Deepchilling.<\/p>\n<\/div><\/div><div class=\"w-image align_center\"><div class=\"w-image-h\"><img loading=\"lazy\" decoding=\"async\" width=\"731\" height=\"588\" src=\"https:\/\/www.deepchill.com\/wp-content\/uploads\/2023\/04\/mussels-step-five.png\" class=\"attachment-full size-full\" alt=\"T-Mussels-Step-5\" srcset=\"https:\/\/www.deepchill.com\/wp-content\/uploads\/2023\/04\/mussels-step-five.png 731w, https:\/\/www.deepchill.com\/wp-content\/uploads\/2023\/04\/mussels-step-five-300x241.png 300w\" sizes=\"auto, (max-width: 731px) 100vw, 731px\" \/><\/div><\/div><\/div><\/div><\/div><\/div><\/div><\/div><\/div><\/div><\/div><\/section><section class=\"l-section wpb_row height_medium dc-mobile-timeline dc-mobile-timeline-mussels\"><div class=\"l-section-h i-cf\"><div class=\"g-cols vc_row type_default valign_top\"><div class=\"vc_col-sm-12 wpb_column vc_column_container\"><div class=\"vc_column-inner\"><div class=\"wpb_wrapper\"><div class=\"w-grid type_carousel layout_8793\" id=\"us_grid_1\" data-grid-filter=\"false\"><style id=\"us_grid_1_css\">#us_grid_1 .owl-nav div{font-size:1.8rem}#us_grid_1 .w-grid-item{padding:1.5rem}#us_grid_1 .w-grid-list{margin:-1.5rem}.w-grid + #us_grid_1 .w-grid-list{margin-top:1.5rem}<\/style><style>.layout_8793 .w-grid-item-h{}<\/style><div class=\"w-grid-list owl-carousel navstyle_circle navpos_outside\" ><\/div><div class=\"g-preloader type_1\">\r\n\t<div><\/div>\r\n<\/div>\r\n\t<div class=\"w-grid-json hidden\" onclick='return {&quot;action&quot;:&quot;us_ajax_grid&quot;,&quot;ajax_url&quot;:&quot;https:\\\/\\\/www.deepchill.com\\\/wp-admin\\\/admin-ajax.php&quot;,&quot;infinite_scroll&quot;:0,&quot;max_num_pages&quot;:0,&quot;pagination&quot;:&quot;none&quot;,&quot;permalink_url&quot;:&quot;https:\\\/\\\/www.deepchill.com\\\/no\\\/wp-json\\\/wp\\\/v2\\\/pages\\\/13226\\\/&quot;,&quot;template_vars&quot;:{&quot;columns&quot;:&quot;2&quot;,&quot;exclude_items&quot;:&quot;none&quot;,&quot;img_size&quot;:&quot;default&quot;,&quot;ignore_items_size&quot;:false,&quot;items_layout&quot;:&quot;8793&quot;,&quot;items_offset&quot;:&quot;1&quot;,&quot;overriding_link&quot;:&quot;none&quot;,&quot;post_id&quot;:13226,&quot;query_args&quot;:{&quot;post_type&quot;:[&quot;timeline-and-process&quot;],&quot;tax_query&quot;:[{&quot;taxonomy&quot;:&quot;category&quot;,&quot;field&quot;:&quot;slug&quot;,&quot;terms&quot;:[&quot;process-timeline&quot;,&quot;process-timeline-mussels&quot;]}],&quot;post_status&quot;:[&quot;publish&quot;,&quot;acf-disabled&quot;],&quot;orderby&quot;:{&quot;date&quot;:&quot;ASC&quot;},&quot;posts_per_page&quot;:&quot;8&quot;},&quot;type&quot;:&quot;carousel&quot;,&quot;us_grid_ajax_index&quot;:1,&quot;us_grid_filter_params&quot;:null,&quot;us_grid_index&quot;:1,&quot;_us_grid_post_type&quot;:&quot;timeline-and-process&quot;,&quot;lang&quot;:&quot;no&quot;},&quot;carousel_settings&quot;:{&quot;autoHeight&quot;:0,&quot;autoplay&quot;:0,&quot;carousel_fade&quot;:0,&quot;center&quot;:0,&quot;dots&quot;:0,&quot;items&quot;:&quot;2&quot;,&quot;loop&quot;:true,&quot;nav&quot;:1,&quot;slideby&quot;:&quot;1&quot;,&quot;smooth_play&quot;:1,&quot;speed&quot;:600,&quot;timeout&quot;:5000,&quot;transition&quot;:&quot;&quot;},&quot;carousel_breakpoints&quot;:{&quot;1200&quot;:{&quot;items&quot;:2},&quot;767&quot;:{&quot;autoHeight&quot;:0,&quot;autoplay&quot;:1,&quot;autoplayHoverPause&quot;:1,&quot;items&quot;:&quot;2&quot;,&quot;loop&quot;:true},&quot;480&quot;:{&quot;autoHeight&quot;:0,&quot;autoplay&quot;:1,&quot;autoplayHoverPause&quot;:1,&quot;items&quot;:2,&quot;loop&quot;:true},&quot;0&quot;:{&quot;autoHeight&quot;:0,&quot;autoplay&quot;:1,&quot;autoplayHoverPause&quot;:1,&quot;items&quot;:1,&quot;loop&quot;:true}}}'><\/div>\r\n<h4 class=\"w-grid-none\">Ingen treff.<\/h4><\/div><\/div><\/div><\/div><\/div><\/div><\/section><section class=\"l-section wpb_row height_medium dc-light-blue-bg\"><div class=\"l-section-h i-cf\"><div class=\"g-cols vc_row type_default valign_top\"><div class=\"vc_col-sm-12 wpb_column vc_column_container\"><div class=\"vc_column-inner\"><div class=\"wpb_wrapper\"><div class=\"wpb_text_column\" ><div class=\"wpb_wrapper\"><h2 style=\"text-align: center;\">Deepchill\u00ae vs. is med flak<\/h2>\n<p>I samarbeid med Center for Aquaculture and Seafood Development (CASD) ved Fisheries and Marine Institute, Memorial University of Newfoundland, har Deepchill Solutions Inc. forsket p\u00e5 effekten av Deepchilling p\u00e5 bl\u00e5skjell sammenlignet med flakis over en 14-dagers periode.<\/p>\n<p>De forel\u00f8pige resultatene av denne 2017-studien antyder at bl\u00e5skjell (Mytilus edulis) avkj\u00f8lt med Deepchill\u00ae hadde tre ganger raskere avkj\u00f8ling, redusert d\u00f8delighet og drypptap, sammenlignet med bl\u00e5skjell avkj\u00f8lt med flakis.<\/p>\n<p>Frisk karakteristisk lukt ble ogs\u00e5 opprettholdt gjennom hele lagringsperioden for bl\u00e5skjell i Deepchill\u00ae, mens bl\u00e5skjell i is med flak utviklet lukt fra dag 9 av lagringen, og luktet vondt p\u00e5 dag 14.<\/p>\n<\/div><\/div><div class=\"g-cols wpb_row  type_default valign_top vc_inner\"><div class=\"vc_col-sm-6 wpb_column vc_column_container\"><div class=\"vc_column-inner\"><div class=\"wpb_wrapper\"><div class=\"w-image align_center\"><div class=\"w-image-h\"><img loading=\"lazy\" decoding=\"async\" width=\"768\" height=\"594\" src=\"https:\/\/www.deepchill.com\/wp-content\/uploads\/2020\/11\/mussels-test-fi.jpg\" class=\"attachment-full size-full\" alt=\"mussels-test-fi\" srcset=\"https:\/\/www.deepchill.com\/wp-content\/uploads\/2020\/11\/mussels-test-fi.jpg 768w, https:\/\/www.deepchill.com\/wp-content\/uploads\/2020\/11\/mussels-test-fi-300x232.jpg 300w, https:\/\/www.deepchill.com\/wp-content\/uploads\/2020\/11\/mussels-test-fi-600x464.jpg 600w, https:\/\/www.deepchill.com\/wp-content\/uploads\/2020\/11\/mussels-test-fi-517x400.jpg 517w\" sizes=\"auto, (max-width: 768px) 100vw, 768px\" \/><\/div><\/div><div class=\"wpb_text_column\" ><div class=\"wpb_wrapper\"><p>Termoelementprober i bl\u00e5skjell<\/p>\n<\/div><\/div><\/div><\/div><\/div><div class=\"vc_col-sm-6 wpb_column vc_column_container\"><div class=\"vc_column-inner\"><div class=\"wpb_wrapper\"><div class=\"w-image align_center\"><div class=\"w-image-h\"><img loading=\"lazy\" decoding=\"async\" width=\"768\" height=\"594\" src=\"https:\/\/www.deepchill.com\/wp-content\/uploads\/2020\/11\/mussels-test-dc.jpg\" class=\"attachment-full size-full\" alt=\"mussels test-dc\" srcset=\"https:\/\/www.deepchill.com\/wp-content\/uploads\/2020\/11\/mussels-test-dc.jpg 768w, https:\/\/www.deepchill.com\/wp-content\/uploads\/2020\/11\/mussels-test-dc-300x232.jpg 300w, https:\/\/www.deepchill.com\/wp-content\/uploads\/2020\/11\/mussels-test-dc-600x464.jpg 600w, https:\/\/www.deepchill.com\/wp-content\/uploads\/2020\/11\/mussels-test-dc-517x400.jpg 517w\" sizes=\"auto, (max-width: 768px) 100vw, 768px\" \/><\/div><\/div><div class=\"wpb_text_column\" ><div class=\"wpb_wrapper\"><p>Deepchill\u00ae vs. is med flak<\/p>\n<\/div><\/div><\/div><\/div><\/div><\/div><div class=\"wpb_text_column us_custom_553db7cc\" ><div class=\"wpb_wrapper\"><p>Kilde: Uavhengig studie fra The Fisheries and Marine Institute of Memorial University of Newfoundland<\/p>\n<\/div><\/div><\/div><\/div><\/div><\/div><\/div><\/section><section class=\"l-section wpb_row height_medium dc-normal-font\"><div class=\"l-section-h i-cf\"><div class=\"g-cols vc_row type_default valign_top\"><div class=\"vc_col-sm-12 wpb_column vc_column_container\"><div class=\"vc_column-inner\"><div class=\"wpb_wrapper\"><div class=\"w-image align_center\"><div class=\"w-image-h\"><img loading=\"lazy\" decoding=\"async\" width=\"182\" height=\"64\" src=\"https:\/\/www.deepchill.com\/wp-content\/uploads\/2020\/10\/truck-icon-img2.jpg\" class=\"attachment-full size-full\" alt=\"truck-icon-img2\" \/><\/div><\/div><div class=\"wpb_text_column\" ><div class=\"wpb_wrapper\"><h2 style=\"text-align: center;\">Se hvor mye du kan spare<\/h2>\n<h4 style=\"text-align: center;\">La oss hjelpe deg med \u00e5 finne den beste l\u00f8sningen for \u00e5 oppn\u00e5 st\u00f8rre kostnadsbesparelser og l\u00f8nnsomhet for virksomheten din.<\/h4>\n<p style=\"text-align: center;\"><a class=\"dc-caret-link\" href=\"https:\/\/www.deepchill.com\/how-can-we-help-you-save\/\">La oss beregne besparelsene dine<i class=\"fa fa-angle-right\"><\/i><\/a><\/p>\n<\/div><\/div><\/div><\/div><\/div><\/div><\/div><\/section>\n","protected":false},"excerpt":{"rendered":"Lengre holdbarhet. Lavere dryppetap. F\u00e5 mest mulig ut av bl\u00e5skjellproduksjonen din. Last ned brosjyren Bevarer topp ferskhet gjennom bedre kj\u00f8ling Se hvordan Deepchill Solutions Inc. Deepchill\u00ae-system hjalp Prince Edward Aqua Farms med \u00e5 levere bl\u00e5skjell av h\u00f8y kvalitet, samtidig som de reduserte behovet for arbeidskraft og kuttet kostnader. Se videoen for \u00e5 l\u00e6re mer Forskjellen...","protected":false},"author":2,"featured_media":0,"parent":13421,"menu_order":0,"comment_status":"closed","ping_status":"closed","template":"","meta":{"footnotes":""},"class_list":["post-13226","page","type-page","status-publish","hentry"],"aioseo_notices":[],"_links":{"self":[{"href":"https:\/\/www.deepchill.com\/no\/wp-json\/wp\/v2\/pages\/13226","targetHints":{"allow":["GET"]}}],"collection":[{"href":"https:\/\/www.deepchill.com\/no\/wp-json\/wp\/v2\/pages"}],"about":[{"href":"https:\/\/www.deepchill.com\/no\/wp-json\/wp\/v2\/types\/page"}],"author":[{"embeddable":true,"href":"https:\/\/www.deepchill.com\/no\/wp-json\/wp\/v2\/users\/2"}],"replies":[{"embeddable":true,"href":"https:\/\/www.deepchill.com\/no\/wp-json\/wp\/v2\/comments?post=13226"}],"version-history":[{"count":6,"href":"https:\/\/www.deepchill.com\/no\/wp-json\/wp\/v2\/pages\/13226\/revisions"}],"predecessor-version":[{"id":17341,"href":"https:\/\/www.deepchill.com\/no\/wp-json\/wp\/v2\/pages\/13226\/revisions\/17341"}],"up":[{"embeddable":true,"href":"https:\/\/www.deepchill.com\/no\/wp-json\/wp\/v2\/pages\/13421"}],"wp:attachment":[{"href":"https:\/\/www.deepchill.com\/no\/wp-json\/wp\/v2\/media?parent=13226"}],"curies":[{"name":"wp","href":"https:\/\/api.w.org\/{rel}","templated":true}]}}