{"id":13229,"date":"2020-10-28T08:12:46","date_gmt":"2020-10-28T08:12:46","guid":{"rendered":"https:\/\/www.deepchill.com\/industries\/produce\/"},"modified":"2023-04-19T06:41:00","modified_gmt":"2023-04-19T06:41:00","slug":"produce","status":"publish","type":"page","link":"https:\/\/www.deepchill.com\/no\/industries\/produce\/","title":{"rendered":"Jordbruksprodukter"},"content":{"rendered":"<section class=\"l-section wpb_row height_medium\"><div class=\"l-section-h i-cf\"><div class=\"g-cols vc_row type_default valign_top\"><div class=\"vc_col-sm-12 wpb_column vc_column_container\"><div class=\"vc_column-inner\"><div class=\"wpb_wrapper\"><div class=\"wpb_text_column dc-normal-font\" ><div class=\"wpb_wrapper\"><h2 style=\"font-family: 'AvenirNextLTProRegular'!important; font-size: 24px !important;\">Overlegen kj\u00f8ling for \u00e5 holde produktene dine ferske.<\/h2>\n<\/div><\/div><\/div><\/div><\/div><\/div><\/div><\/section><section class=\"l-section wpb_row height_auto width_full dc-inner-banner-img\"><div class=\"l-section-h i-cf\"><div class=\"g-cols vc_row type_default valign_top\"><div class=\"vc_col-sm-12 wpb_column vc_column_container\"><div class=\"vc_column-inner\"><div class=\"wpb_wrapper\"><\/div><\/div><\/div><\/div><\/div><\/section><!-- Row Backgrounds --><div class=\"upb_content_video\" data-controls-color=\"\" data-controls=\"\" data-viewport-video=\"false\" data-ultimate-video=\"http:\/\/www.deepchill.com\/wp-content\/uploads\/2020\/10\/broccoli-video.m4v\" data-ultimate-video2=\"http:\/\/www.deepchill.com\/wp-content\/uploads\/2020\/10\/broccoli-video.ogg\" data-ultimate-video-muted=\"muted\" data-ultimate-video-loop=\"loop\" data-ultimate-video-poster=\"\" data-ultimate-video-autoplay=\"autoplay\" data-bg-override=\"0\" data-upb-overlay-color=\"\" data-upb-bg-animation=\"\" data-fadeout=\"\" data-fadeout-percentage=\"30\" data-parallax-content=\"\" data-parallax-content-sense=\"30\" data-row-effect-mobile-disable=\"true\" data-rtl=\"false\" data-img-parallax-mobile-disable=\"true\"  data-custom-vc-row=\"\"  data-vc=\"6.3.0\"  data-is_old_vc=\"\"  data-theme-support=\"\"   data-overlay=\"false\" data-overlay-color=\"\" data-overlay-pattern=\"\" data-overlay-pattern-opacity=\"\" data-overlay-pattern-size=\"\"     data-video_fixer=\"true\"><\/div><section class=\"l-section wpb_row height_medium dc-blue-bg dc-below-slider-section\"><div class=\"l-section-h i-cf\"><div class=\"g-cols vc_row type_default valign_top\"><div class=\"vc_col-sm-6 wpb_column vc_column_container\"><div class=\"vc_column-inner\"><div class=\"wpb_wrapper\"><div class=\"wpb_text_column\" ><div class=\"wpb_wrapper\"><h4>Pakking av produkter med Deepchill\u00ae<\/h4>\n<p>Sandovegetales, en meksikansk g\u00e5rd, spesialiserer seg p\u00e5 produksjon og salg av gr\u00f8nnsaker av f\u00f8rsteklasses kvalitet. Ved \u00e5 bytte til et Deepchill\u00ae-system for pakking av r\u00e5varer, ble Sandovegetales i stand til \u00e5 forbedre produktets holdbarhet, utvide produksjonen og selge brokkoli til nye markeder.<\/p>\n<p><a class=\"dc-caret-link\">Se videoen for \u00e5 l\u00e6re mer <i class=\"fa fa-angle-right\"><\/i><\/a><\/p>\n<\/div><\/div><\/div><\/div><\/div><div class=\"vc_col-sm-6 wpb_column vc_column_container\"><div class=\"vc_column-inner\"><div class=\"wpb_wrapper\"><div id=\"ultimate-video-174969f61f5e4218d\" class=\"ult-video  ult-adjust-bottom-margin ultimate-video-174969f61f5e4218d ultv-6330 \"><div class=\"ultv-video ultv-aspect-ratio-16_9 ultv-subscribe-responsive-none\" data-videotype=\"uv_iframe\">\r\n\t\t\t\t\t\t<div class=\"ultv-video__outer-wrap\" data-autoplay=\"0\" data-device=\"false\"  data-iconbg=\"#3A3A3A\" data-overcolor=\"\" data-defaultbg=\"#1f1f1e\" data-defaultplay=\"defaulticon\"><div class=\"ultv-video__play\" data-src=\"https:\/\/www.youtube.com\/embed\/19mzUxIJmZs?rel=0&amp;start&amp;end&amp;controls=1&amp;mute=0&amp;modestbranding=0&amp;autoplay=1\">\r\n\t\t\t\t\t\t\t\t<img decoding=\"async\" class=\"ultv-video__thumb\" src=\"https:\/\/i.ytimg.com\/vi\/19mzUxIJmZs\/maxresdefault.jpg\"\/>\r\n\t\t\t\t\t\t\t\t<div class=\"ultv-video__play-icon  ultv-animation-none\" style=\"width:80px\"><svg height=\"100%\" version=\"1.1\" viewBox=\"0 0 68 48\" width=\"100%\"><path class=\"ultv-youtube-icon-bg\" d=\"m .66,37.62 c 0,0 .66,4.70 2.70,6.77 2.58,2.71 5.98,2.63 7.49,2.91 5.43,.52 23.10,.68 23.12,.68 .00,-1.3e-5 14.29,-0.02 23.81,-0.71 1.32,-0.15 4.22,-0.17 6.81,-2.89 2.03,-2.07 2.70,-6.77 2.70,-6.77 0,0 .67,-5.52 .67,-11.04 l 0,-5.17 c 0,-5.52 -0.67,-11.04 -0.67,-11.04 0,0 -0.66,-4.70 -2.70,-6.77 C 62.03,.86 59.13,.84 57.80,.69 48.28,0 34.00,0 34.00,0 33.97,0 19.69,0 10.18,.69 8.85,.84 5.95,.86 3.36,3.58 1.32,5.65 .66,10.35 .66,10.35 c 0,0 -0.55,4.50 -0.66,9.45 l 0,8.36 c .10,4.94 .66,9.45 .66,9.45 z\" fill=\"#1f1f1e\" ><\/path><path d=\"m 26.96,13.67 18.37,9.62 -18.37,9.55 -0.00,-19.17 z\" fill=\"#fff\"><\/path><path d=\"M 45.02,23.46 45.32,23.28 26.96,13.67 43.32,22.34 45.02,23.46 z\" fill=\"#ccc\"><\/path><\/svg><\/div> <\/div> <\/div><\/div><\/div><\/div><\/div><\/div><\/div><\/div><\/section><section class=\"l-section wpb_row height_medium dc-difference-section\"><div class=\"l-section-h i-cf\"><div class=\"g-cols vc_row type_default valign_top\"><div class=\"vc_col-sm-12 wpb_column vc_column_container\"><div class=\"vc_column-inner\"><div class=\"wpb_wrapper\"><div class=\"wpb_text_column\" ><div class=\"wpb_wrapper\"><h3 style=\"text-align: center;\">Forskjellen med Deepchill\u00ae<\/h3>\n<p>Deepchill\u00ae best\u00e5r av milliarder perlelignende mikrokrystaller som helt belegger produkter som brokkoli, kommer rett inn i kronen og mellom de enkelte blomstene for \u00e5 gi maksimal kj\u00f8leeffekt. Dette bevarer den ferske kvaliteten p\u00e5 produktet fra h\u00f8sting til pakking til lagring og forsendelse.<\/p>\n<p>Ved \u00e5 redusere fraktvekt \u00f8ke holdbarheten og muliggj\u00f8re st\u00f8rre fraktavstander, har Deepchill\u00ae gjort det mulig for produsenter \u00e5 forbedre produktkvaliteten, optimalisere driften og til slutt utvide virksomheten.<\/p>\n<p>Deepchill\u00ae er en ideell l\u00f8sning for pakking av produkter som brokkoli, gr\u00f8nnk\u00e5l, rosenk\u00e5l, gulr\u00f8tter og asparges.<\/p>\n<\/div><\/div><div class=\"g-cols wpb_row  type_default valign_top vc_inner dc-difference-points-section dc-shrimp-difference-points-section\"><div class=\"vc_col-sm-12 vc_col-lg-3 vc_col-md-6 vc_col-xs-12 wpb_column vc_column_container\"><div class=\"vc_column-inner\"><div class=\"wpb_wrapper\"><div class=\"w-image align_left\"><div class=\"w-image-h\"><img loading=\"lazy\" decoding=\"async\" width=\"182\" height=\"182\" src=\"https:\/\/www.deepchill.com\/wp-content\/uploads\/2020\/10\/fast-and-uniform-cooling-img.jpg\" class=\"attachment-full size-full\" alt=\"Deepchill produce cooling rapidly removing field heat from fresh vegetables\" srcset=\"https:\/\/www.deepchill.com\/wp-content\/uploads\/2020\/10\/fast-and-uniform-cooling-img.jpg 182w, https:\/\/www.deepchill.com\/wp-content\/uploads\/2020\/10\/fast-and-uniform-cooling-img-150x150.jpg 150w\" sizes=\"auto, (max-width: 182px) 100vw, 182px\" \/><\/div><\/div><div class=\"wpb_text_column\" ><div class=\"wpb_wrapper\"><h3>Rask og jevn kj\u00f8ling<\/h3>\n<p>Feltvarmen m\u00e5 fjernes s\u00e5 snart som mulig for \u00e5 unng\u00e5 vissning og gulfarging etter h\u00f8sting. Med den raskeste kj\u00f8lehastigheten (reduser kjernetemperatur til like over over frysepunktet p\u00e5 10 minutter), gir Deepchill\u00ae den mest effektive metoden for \u00e5 stoppe nedbrytningsprosessen.<\/p>\n<\/div><\/div><\/div><\/div><\/div><div class=\"vc_col-sm-12 vc_col-lg-3 vc_col-md-6 vc_col-xs-12 wpb_column vc_column_container\"><div class=\"vc_column-inner\"><div class=\"wpb_wrapper\"><div class=\"w-image align_left\"><div class=\"w-image-h\"><img loading=\"lazy\" decoding=\"async\" width=\"182\" height=\"182\" src=\"https:\/\/www.deepchill.com\/wp-content\/uploads\/2020\/10\/longer-shelf-life-img.jpg\" class=\"attachment-full size-full\" alt=\"produce cooling method extending shelf life by retaining moisture &amp; freshness\" srcset=\"https:\/\/www.deepchill.com\/wp-content\/uploads\/2020\/10\/longer-shelf-life-img.jpg 182w, https:\/\/www.deepchill.com\/wp-content\/uploads\/2020\/10\/longer-shelf-life-img-150x150.jpg 150w\" sizes=\"auto, (max-width: 182px) 100vw, 182px\" \/><\/div><\/div><div class=\"wpb_text_column\" ><div class=\"wpb_wrapper\"><h3>Lengre holdbarhet<\/h3>\n<p>Deepchill\u00ae bevarer fuktighet langt bedre enn andre metoder og forhindrer at produkter visner eller t\u00f8rker, reduserer pustefrekvensen og forlenger holdbarheten. Produktet holdes i en frisk og attraktiv tilstand gjennom hele kj\u00f8lingen.<\/p>\n<\/div><\/div><\/div><\/div><\/div><div class=\"vc_col-sm-12 vc_col-lg-3 vc_col-md-6 vc_col-xs-12 wpb_column vc_column_container\"><div class=\"vc_column-inner\"><div class=\"wpb_wrapper\"><div class=\"w-image align_left\"><div class=\"w-image-h\"><img loading=\"lazy\" decoding=\"async\" width=\"182\" height=\"182\" src=\"https:\/\/www.deepchill.com\/wp-content\/uploads\/2020\/10\/long-lasting-cooling-img.jpg\" class=\"attachment-full size-full\" alt=\"micro-crystal produce cooling covering all surfaces for extended shipping duration\" srcset=\"https:\/\/www.deepchill.com\/wp-content\/uploads\/2020\/10\/long-lasting-cooling-img.jpg 182w, https:\/\/www.deepchill.com\/wp-content\/uploads\/2020\/10\/long-lasting-cooling-img-150x150.jpg 150w\" sizes=\"auto, (max-width: 182px) 100vw, 182px\" \/><\/div><\/div><div class=\"wpb_text_column\" ><div class=\"wpb_wrapper\"><h3>Langvarig kj\u00f8ling<\/h3>\n<p>Deepchill\u00ae etterlater ikke varme lommer i fraktbokser. Deepchill\u00ae er liten (0.16mm<\/p>\n<p>in diameter) krystaller flyter over og belegger alle overflater. De varer lenger under forsendelse enn flak eller knust is og krever ikke ising. Dette utvider salgs-\/fraktvinduet og utvider rekkevidden til markeder unnalengre.<\/p>\n<\/div><\/div><\/div><\/div><\/div><div class=\"vc_col-sm-12 vc_col-lg-3 vc_col-md-6 vc_col-xs-12 wpb_column vc_column_container\"><div class=\"vc_column-inner\"><div class=\"wpb_wrapper\"><div class=\"w-image align_left\"><div class=\"w-image-h\"><img loading=\"lazy\" decoding=\"async\" width=\"182\" height=\"182\" src=\"https:\/\/www.deepchill.com\/wp-content\/uploads\/2020\/10\/improved-efficiency-img.jpg\" class=\"attachment-full size-full\" alt=\"Efficient produce cooling with Deepchill system\" srcset=\"https:\/\/www.deepchill.com\/wp-content\/uploads\/2020\/10\/improved-efficiency-img.jpg 182w, https:\/\/www.deepchill.com\/wp-content\/uploads\/2020\/10\/improved-efficiency-img-150x150.jpg 150w\" sizes=\"auto, (max-width: 182px) 100vw, 182px\" \/><\/div><\/div><div class=\"wpb_text_column\" ><div class=\"wpb_wrapper\"><h3>Forbedret effektivitet<\/h3>\n<p>Deepchill\u00ae kan pumpes direkte i emballasjer, noe som reduserer arbeidskraften som kreves for \u00e5 flytte is i et anlegg, samt minimerer vann og is-svinn. En hel ramme med 48 esker brokkoli kan bli kj\u00f8les p\u00e5 bare 36 sekunder. Deepchill\u00ae er ogs\u00e5 20% mer energieffektiv \u00e5 produsere og p\u00e5f\u00f8re.<\/p>\n<\/div><\/div><\/div><\/div><\/div><\/div><\/div><\/div><\/div><\/div><\/div><\/section><section class=\"l-section wpb_row height_medium dc-light-blue-bg\"><div class=\"l-section-h i-cf\"><div class=\"g-cols vc_row type_default valign_top\"><div class=\"vc_col-sm-12 wpb_column vc_column_container\"><div class=\"vc_column-inner\"><div class=\"wpb_wrapper\"><div class=\"wpb_text_column\" ><div class=\"wpb_wrapper\"><h3 style=\"text-align: center;\">Etterlevelse av kvalitet<\/h3>\n<p>Deepchill\u00ae-systemene er USDA-sertifiserte og eliminerer forurensningspunkter for \u00e5 m\u00f8te HACCP-kravene. Dette sikrer at kundene kan oppfylle kvalitets- og sikkerhetskravene til de mest l\u00f8nnsomme markedene.<\/p>\n<\/div><\/div><\/div><\/div><\/div><\/div><\/div><\/section><section class=\"l-section wpb_row height_medium\"><div class=\"l-section-h i-cf\"><div class=\"g-cols vc_row type_default valign_top\"><div class=\"vc_col-sm-6 wpb_column vc_column_container\"><div class=\"vc_column-inner\"><div class=\"wpb_wrapper\"><div class=\"wpb_text_column us_custom_d2199d32\" ><div class=\"wpb_wrapper\"><h3>Voksende virksomhet gjennom bedre kj\u00f8ling og bevaring<\/h3>\n<p>Se hvordan Deepchill\u00ae hjalp Sandovegetales med \u00e5 forbedre produktets holdbarhet, utvide produksjonen og selge brokkoli til nye markeder.<\/p>\n<p><a class=\"dc-caret-link\" href=\"https:\/\/www.deepchill.com\/success-stories\/fresh-broccoli-packing\/\">Les historien<i class=\"fa fa-angle-right\"><\/i><\/a><\/p>\n<\/div><\/div><\/div><\/div><\/div><div class=\"vc_col-sm-6 wpb_column vc_column_container\"><div class=\"vc_column-inner\"><div class=\"wpb_wrapper\"><div class=\"w-image align_center\"><div class=\"w-image-h\"><img loading=\"lazy\" decoding=\"async\" width=\"1662\" height=\"905\" src=\"https:\/\/www.deepchill.com\/wp-content\/uploads\/2020\/10\/quality-compliance-img.jpg\" class=\"attachment-full size-full\" alt=\"produce cooling success story of helping Sandovegetales\" srcset=\"https:\/\/www.deepchill.com\/wp-content\/uploads\/2020\/10\/quality-compliance-img.jpg 1662w, https:\/\/www.deepchill.com\/wp-content\/uploads\/2020\/10\/quality-compliance-img-300x163.jpg 300w, https:\/\/www.deepchill.com\/wp-content\/uploads\/2020\/10\/quality-compliance-img-1024x558.jpg 1024w, https:\/\/www.deepchill.com\/wp-content\/uploads\/2020\/10\/quality-compliance-img-600x327.jpg 600w\" sizes=\"auto, (max-width: 1662px) 100vw, 1662px\" \/><\/div><\/div><\/div><\/div><\/div><\/div><\/div><\/section>\n","protected":false},"excerpt":{"rendered":"Overlegen kj\u00f8ling for \u00e5 holde produktene dine ferske. Pakking av produkter med Deepchill\u00ae Sandovegetales, en meksikansk g\u00e5rd, spesialiserer seg p\u00e5 produksjon og salg av gr\u00f8nnsaker av f\u00f8rsteklasses kvalitet. Ved \u00e5 bytte til et Deepchill\u00ae-system for pakking av r\u00e5varer, ble Sandovegetales i stand til \u00e5 forbedre produktets holdbarhet, utvide produksjonen og selge brokkoli til nye markeder....","protected":false},"author":2,"featured_media":0,"parent":12953,"menu_order":0,"comment_status":"closed","ping_status":"closed","template":"","meta":{"footnotes":""},"class_list":["post-13229","page","type-page","status-publish","hentry"],"aioseo_notices":[],"_links":{"self":[{"href":"https:\/\/www.deepchill.com\/no\/wp-json\/wp\/v2\/pages\/13229","targetHints":{"allow":["GET"]}}],"collection":[{"href":"https:\/\/www.deepchill.com\/no\/wp-json\/wp\/v2\/pages"}],"about":[{"href":"https:\/\/www.deepchill.com\/no\/wp-json\/wp\/v2\/types\/page"}],"author":[{"embeddable":true,"href":"https:\/\/www.deepchill.com\/no\/wp-json\/wp\/v2\/users\/2"}],"replies":[{"embeddable":true,"href":"https:\/\/www.deepchill.com\/no\/wp-json\/wp\/v2\/comments?post=13229"}],"version-history":[{"count":6,"href":"https:\/\/www.deepchill.com\/no\/wp-json\/wp\/v2\/pages\/13229\/revisions"}],"predecessor-version":[{"id":17218,"href":"https:\/\/www.deepchill.com\/no\/wp-json\/wp\/v2\/pages\/13229\/revisions\/17218"}],"up":[{"embeddable":true,"href":"https:\/\/www.deepchill.com\/no\/wp-json\/wp\/v2\/pages\/12953"}],"wp:attachment":[{"href":"https:\/\/www.deepchill.com\/no\/wp-json\/wp\/v2\/media?parent=13229"}],"curies":[{"name":"wp","href":"https:\/\/api.w.org\/{rel}","templated":true}]}}