{"id":13234,"date":"2020-10-28T09:33:43","date_gmt":"2020-10-28T09:33:43","guid":{"rendered":"https:\/\/www.deepchill.com\/industries\/poultry\/"},"modified":"2023-04-19T22:20:45","modified_gmt":"2023-04-19T22:20:45","slug":"poultry","status":"publish","type":"page","link":"https:\/\/www.deepchill.com\/no\/industries\/poultry\/","title":{"rendered":"Fj\u00e6rfe"},"content":{"rendered":"<section class=\"l-section wpb_row height_medium\"><div class=\"l-section-h i-cf\"><div class=\"g-cols vc_row type_default valign_top\"><div class=\"vc_col-sm-12 wpb_column vc_column_container\"><div class=\"vc_column-inner\"><div class=\"wpb_wrapper\"><div class=\"wpb_text_column dc-normal-font\" ><div class=\"wpb_wrapper\"><h4>Overlegen kj\u00f8ling for \u00e5 forbedre fj\u00f8rfeproduksjonen din.<\/h4>\n<\/div><\/div><\/div><\/div><\/div><\/div><\/div><\/section><section class=\"l-section wpb_row height_auto width_full dc-inner-banner-img with_img\"><div class=\"l-section-img\" style=\"background-image: url(https:\/\/www.deepchill.com\/wp-content\/uploads\/2020\/10\/poultry-img.jpg);background-repeat: no-repeat;\" data-img-width=\"1920\" data-img-height=\"520\"><\/div><div class=\"l-section-h i-cf\"><div class=\"g-cols vc_row type_default valign_top\"><div class=\"vc_col-sm-12 wpb_column vc_column_container\"><div class=\"vc_column-inner\"><div class=\"wpb_wrapper\"><\/div><\/div><\/div><\/div><\/div><\/section><section class=\"l-section wpb_row height_medium dc-difference-section\"><div class=\"l-section-h i-cf\"><div class=\"g-cols vc_row type_default valign_top\"><div class=\"vc_col-sm-12 wpb_column vc_column_container\"><div class=\"vc_column-inner\"><div class=\"wpb_wrapper\"><div class=\"wpb_text_column\" ><div class=\"wpb_wrapper\"><h2 style=\"text-align: center;\">Forskjellen med Deepchill\u00ae<\/h2>\n<h4>H\u00f8yere kvalitet, raskere kj\u00f8ling, enda mer effektiv drift. Dette er alle fordeler du kan utnytte for din virksomhet og som bidrar til \u00e5 \u00f8ke l\u00f8nnsomheten din. Deepchilling er en sv\u00e6rt avansert kj\u00f8le- og konserveringsprosess som kan hjelpe deg med \u00e5 forbedre fj\u00e6rkreproduksjonen og f\u00e5 mest mulig ut av virksomheten din.<\/h4>\n<\/div><\/div><div class=\"g-cols wpb_row  type_default valign_top vc_inner dc-difference-points-section dc-shrimp-difference-points-section\"><div class=\"vc_col-sm-12 vc_col-lg-3 vc_col-md-6 vc_col-xs-12 wpb_column vc_column_container\"><div class=\"vc_column-inner\"><div class=\"wpb_wrapper\"><div class=\"w-image align_left\"><div class=\"w-image-h\"><img loading=\"lazy\" decoding=\"async\" width=\"182\" height=\"182\" src=\"https:\/\/www.deepchill.com\/wp-content\/uploads\/2020\/10\/fast-uniform-and-consistent-cooling-img.jpg\" class=\"attachment-full size-full\" alt=\"fast-uniform-and-consistent-cooling-img\" srcset=\"https:\/\/www.deepchill.com\/wp-content\/uploads\/2020\/10\/fast-uniform-and-consistent-cooling-img.jpg 182w, https:\/\/www.deepchill.com\/wp-content\/uploads\/2020\/10\/fast-uniform-and-consistent-cooling-img-150x150.jpg 150w\" sizes=\"auto, (max-width: 182px) 100vw, 182px\" \/><\/div><\/div><div class=\"wpb_text_column\" ><div class=\"wpb_wrapper\"><h3>Rask, ensartet og jevn kj\u00f8ling<\/h3>\n<p>Med den h\u00f8yeste kj\u00f8lehastigheten gir Deepchill\u00ae \u00f8yeblikkelig og jevn kj\u00f8ling uten \u00e5 fryse. Dette hjelper fj\u00e6rfevirksomheter \u00e5 overholde strenge myndighetsregler for temperaturkontroll.<\/p>\n<\/div><\/div><\/div><\/div><\/div><div class=\"vc_col-sm-12 vc_col-lg-3 vc_col-md-6 vc_col-xs-12 wpb_column vc_column_container\"><div class=\"vc_column-inner\"><div class=\"wpb_wrapper\"><div class=\"w-image align_left\"><div class=\"w-image-h\"><img loading=\"lazy\" decoding=\"async\" width=\"182\" height=\"182\" src=\"https:\/\/www.deepchill.com\/wp-content\/uploads\/2020\/10\/efficient-performance-img.jpg\" class=\"attachment-full size-full\" alt=\"efficient-performance-img\" srcset=\"https:\/\/www.deepchill.com\/wp-content\/uploads\/2020\/10\/efficient-performance-img.jpg 182w, https:\/\/www.deepchill.com\/wp-content\/uploads\/2020\/10\/efficient-performance-img-150x150.jpg 150w\" sizes=\"auto, (max-width: 182px) 100vw, 182px\" \/><\/div><\/div><div class=\"wpb_text_column\" ><div class=\"wpb_wrapper\"><h3>Effektiv ytelse<\/h3>\n<p>Raskere kj\u00f8ling med Deepchill\u00ae hjelper til med \u00e5 \u00f8ke kapasiteten og ytelsen til sentrifugekj\u00f8leren (skruekj\u00f8ler), og effektiviserer driften, uten \u00e5 legge til ekstra utstyr.<\/p>\n<\/div><\/div><\/div><\/div><\/div><div class=\"vc_col-sm-12 vc_col-lg-3 vc_col-md-6 vc_col-xs-12 wpb_column vc_column_container\"><div class=\"vc_column-inner\"><div class=\"wpb_wrapper\"><div class=\"w-image align_left\"><div class=\"w-image-h\"><img loading=\"lazy\" decoding=\"async\" width=\"182\" height=\"182\" src=\"https:\/\/www.deepchill.com\/wp-content\/uploads\/2020\/10\/superior-hygiene-img.jpg\" class=\"attachment-full size-full\" alt=\"superior-hygiene-img\" srcset=\"https:\/\/www.deepchill.com\/wp-content\/uploads\/2020\/10\/superior-hygiene-img.jpg 182w, https:\/\/www.deepchill.com\/wp-content\/uploads\/2020\/10\/superior-hygiene-img-150x150.jpg 150w\" sizes=\"auto, (max-width: 182px) 100vw, 182px\" \/><\/div><\/div><div class=\"wpb_text_column\" ><div class=\"wpb_wrapper\"><h3>Overlegen hygiene<\/h3>\n<p>Deepchill\u00ae genereres, lagres og distribueres i et lukket milj\u00f8 og utsettes aldri for forurensninger utenfra. Den kraftige kj\u00f8lekapasiteten eliminerer behovet for \u00e5 resirkulere r\u00f8dt vann i sentrifuger (skruekj\u00f8ler), noe som reduserer risikoen for kontaminering<\/p>\n<\/div><\/div><\/div><\/div><\/div><div class=\"vc_col-sm-12 vc_col-lg-3 vc_col-md-6 vc_col-xs-12 wpb_column vc_column_container\"><div class=\"vc_column-inner\"><div class=\"wpb_wrapper\"><div class=\"w-image align_left\"><div class=\"w-image-h\"><img loading=\"lazy\" decoding=\"async\" width=\"182\" height=\"182\" src=\"https:\/\/www.deepchill.com\/wp-content\/uploads\/2020\/10\/streamlined-operation-img2.jpg\" class=\"attachment-full size-full\" alt=\"streamlined-operation-img2\" srcset=\"https:\/\/www.deepchill.com\/wp-content\/uploads\/2020\/10\/streamlined-operation-img2.jpg 182w, https:\/\/www.deepchill.com\/wp-content\/uploads\/2020\/10\/streamlined-operation-img2-150x150.jpg 150w\" sizes=\"auto, (max-width: 182px) 100vw, 182px\" \/><\/div><\/div><div class=\"wpb_text_column\" ><div class=\"wpb_wrapper\"><h3>Str\u00f8mlinjeformet drift<\/h3>\n<p>Forenkle og fremskynde produksjonen med enkel levering av Deepchill\u00ae til flere brukssteder, noe som redusert kostnadene med \u00e5 flytte is rundt i fabrikken, samt eliminerer is-svinn.<\/p>\n<\/div><\/div><\/div><\/div><\/div><\/div><\/div><\/div><\/div><\/div><\/div><\/section><section class=\"l-section wpb_row height_medium color_footer-top\"><div class=\"l-section-h i-cf\"><div class=\"g-cols vc_row type_default valign_top\"><div class=\"vc_col-sm-12 wpb_column vc_column_container\"><div class=\"vc_column-inner\"><div class=\"wpb_wrapper\"><div class=\"wpb_text_column\" ><div class=\"wpb_wrapper\"><h2 style=\"text-align: center;\">Frossent produkt av h\u00f8yere kvalitet gjennom Deepchilling<\/h2>\n<\/div><\/div><\/div><\/div><\/div><\/div><\/div><\/section><section class=\"l-section wpb_row height_medium\"><div class=\"l-section-h i-cf\"><div class=\"g-cols vc_row type_default valign_top\"><div class=\"vc_col-sm-6 wpb_column vc_column_container\"><div class=\"vc_column-inner\"><div class=\"wpb_wrapper\"><div class=\"w-separator size_medium\"><\/div><div class=\"wpb_text_column\" ><div class=\"wpb_wrapper\"><p>Fulger forkj\u00f8lt med Deepchill\u00ae er raskere \u00e5 fryse. Dette \u00f8ker ikke bare effektiviteten og gjennomstr\u00f8mningen til fryserne, det forbedrer kvaliteten p\u00e5 kyllingen.<\/p>\n<p>Under frysing vil kyllinger som er avkj\u00f8lt med Deepchill\u00ae danne sm\u00e5, runde krystaller i stedet for de skarpe lange (dendritt) krystallene som dannes under langsom frysing. Disse dendritt-krystallene punkterer cellene under avriming, noe som reduserer kvaliteten.<\/p>\n<h4><img loading=\"lazy\" decoding=\"async\" class=\"alignnone size-full wp-image-8128\" src=\"http:\/\/www.deepchill.com\/wp-content\/uploads\/2020\/10\/long-arrow-img2.png\" alt=\"long-arrow-img\" width=\"81\" height=\"15\" \/><\/h4>\n<\/div><\/div><\/div><\/div><\/div><div class=\"vc_col-sm-6 wpb_column vc_column_container\"><div class=\"vc_column-inner\"><div class=\"wpb_wrapper\"><div class=\"w-image align_center\"><div class=\"w-image-h\"><img loading=\"lazy\" decoding=\"async\" width=\"1801\" height=\"1313\" src=\"https:\/\/www.deepchill.com\/wp-content\/uploads\/2020\/12\/crystal-size-freezing.png\" class=\"attachment-full size-full\" alt=\"\" srcset=\"https:\/\/www.deepchill.com\/wp-content\/uploads\/2020\/12\/crystal-size-freezing.png 1801w, https:\/\/www.deepchill.com\/wp-content\/uploads\/2020\/12\/crystal-size-freezing-300x219.png 300w, https:\/\/www.deepchill.com\/wp-content\/uploads\/2020\/12\/crystal-size-freezing-1024x747.png 1024w, https:\/\/www.deepchill.com\/wp-content\/uploads\/2020\/12\/crystal-size-freezing-600x437.png 600w, https:\/\/www.deepchill.com\/wp-content\/uploads\/2020\/12\/crystal-size-freezing-549x400.png 549w\" sizes=\"auto, (max-width: 1801px) 100vw, 1801px\" \/><\/div><\/div><\/div><\/div><\/div><\/div><\/div><\/section>\n","protected":false},"excerpt":{"rendered":"Overlegen kj\u00f8ling for \u00e5 forbedre fj\u00f8rfeproduksjonen din. Forskjellen med Deepchill\u00ae H\u00f8yere kvalitet, raskere kj\u00f8ling, enda mer effektiv drift. Dette er alle fordeler du kan utnytte for din virksomhet og som bidrar til \u00e5 \u00f8ke l\u00f8nnsomheten din. Deepchilling er en sv\u00e6rt avansert kj\u00f8le- og konserveringsprosess som kan hjelpe deg med \u00e5 forbedre fj\u00e6rkreproduksjonen og f\u00e5 mest...","protected":false},"author":2,"featured_media":0,"parent":12953,"menu_order":0,"comment_status":"closed","ping_status":"closed","template":"","meta":{"footnotes":""},"class_list":["post-13234","page","type-page","status-publish","hentry"],"aioseo_notices":[],"_links":{"self":[{"href":"https:\/\/www.deepchill.com\/no\/wp-json\/wp\/v2\/pages\/13234","targetHints":{"allow":["GET"]}}],"collection":[{"href":"https:\/\/www.deepchill.com\/no\/wp-json\/wp\/v2\/pages"}],"about":[{"href":"https:\/\/www.deepchill.com\/no\/wp-json\/wp\/v2\/types\/page"}],"author":[{"embeddable":true,"href":"https:\/\/www.deepchill.com\/no\/wp-json\/wp\/v2\/users\/2"}],"replies":[{"embeddable":true,"href":"https:\/\/www.deepchill.com\/no\/wp-json\/wp\/v2\/comments?post=13234"}],"version-history":[{"count":5,"href":"https:\/\/www.deepchill.com\/no\/wp-json\/wp\/v2\/pages\/13234\/revisions"}],"predecessor-version":[{"id":17281,"href":"https:\/\/www.deepchill.com\/no\/wp-json\/wp\/v2\/pages\/13234\/revisions\/17281"}],"up":[{"embeddable":true,"href":"https:\/\/www.deepchill.com\/no\/wp-json\/wp\/v2\/pages\/12953"}],"wp:attachment":[{"href":"https:\/\/www.deepchill.com\/no\/wp-json\/wp\/v2\/media?parent=13234"}],"curies":[{"name":"wp","href":"https:\/\/api.w.org\/{rel}","templated":true}]}}