{"id":13239,"date":"2020-10-28T09:40:45","date_gmt":"2020-10-28T09:40:45","guid":{"rendered":"https:\/\/www.deepchill.com\/industries\/meat-processing\/"},"modified":"2023-04-19T22:28:45","modified_gmt":"2023-04-19T22:28:45","slug":"meat-processing","status":"publish","type":"page","link":"https:\/\/www.deepchill.com\/no\/industries\/meat-processing\/","title":{"rendered":"Kj\u00f8ttforedling"},"content":{"rendered":"<section class=\"l-section wpb_row height_medium\"><div class=\"l-section-h i-cf\"><div class=\"g-cols vc_row type_default valign_top\"><div class=\"vc_col-sm-12 wpb_column vc_column_container\"><div class=\"vc_column-inner\"><div class=\"wpb_wrapper\"><div class=\"wpb_text_column dc-normal-font\" ><div class=\"wpb_wrapper\"><h4>Den mest effektive kj\u00f8lel\u00f8sningen for kj\u00f8tt<\/h4>\n<\/div><\/div><\/div><\/div><\/div><\/div><\/div><\/section><section class=\"l-section wpb_row height_auto width_full dc-inner-banner-img with_img\"><div class=\"l-section-img\" style=\"background-image: url(https:\/\/www.deepchill.com\/wp-content\/uploads\/2020\/10\/meat-processing-img2.jpg);background-repeat: no-repeat;\" data-img-width=\"1920\" data-img-height=\"520\"><\/div><div class=\"l-section-h i-cf\"><div class=\"g-cols vc_row type_default valign_top\"><div class=\"vc_col-sm-12 wpb_column vc_column_container\"><div class=\"vc_column-inner\"><div class=\"wpb_wrapper\"><\/div><\/div><\/div><\/div><\/div><\/section><section class=\"l-section wpb_row height_medium dc-difference-section\"><div class=\"l-section-h i-cf\"><div class=\"g-cols vc_row type_default valign_top\"><div class=\"vc_col-sm-12 wpb_column vc_column_container\"><div class=\"vc_column-inner\"><div class=\"wpb_wrapper\"><div class=\"wpb_text_column\" ><div class=\"wpb_wrapper\"><h2 style=\"text-align: center;\">Forskjellen med Deepchill\u00ae<\/h2>\n<p>H\u00f8yere kvalitet, raskere kj\u00f8ling, enda mer effektiv drift. alt dette er fordeler du kan utnytte for \u00e5 \u00f8ke l\u00f8nnsomheten din. Deepchilling er en sv\u00e6rt avansert kj\u00f8leprosess som kan hjelpe deg med \u00e5 forbedre kj\u00f8ttproduksjonen og f\u00e5 mest mulig ut av virksomheten din.<\/p>\n<\/div><\/div><div class=\"g-cols wpb_row  type_default valign_top vc_inner dc-difference-points-section dc-shrimp-difference-points-section\"><div class=\"vc_col-sm-12 vc_col-lg-3 vc_col-md-6 vc_col-xs-12 wpb_column vc_column_container\"><div class=\"vc_column-inner\"><div class=\"wpb_wrapper\"><div class=\"w-image align_left\"><div class=\"w-image-h\"><img loading=\"lazy\" decoding=\"async\" width=\"182\" height=\"182\" src=\"https:\/\/www.deepchill.com\/wp-content\/uploads\/2020\/10\/fast-uniform-and-consistent-cooling-img2.jpg\" class=\"attachment-full size-full\" alt=\"Fast and uniform cooling with Deepchill food processing chillers\" srcset=\"https:\/\/www.deepchill.com\/wp-content\/uploads\/2020\/10\/fast-uniform-and-consistent-cooling-img2.jpg 182w, https:\/\/www.deepchill.com\/wp-content\/uploads\/2020\/10\/fast-uniform-and-consistent-cooling-img2-150x150.jpg 150w\" sizes=\"auto, (max-width: 182px) 100vw, 182px\" \/><\/div><\/div><div class=\"wpb_text_column\" ><div class=\"wpb_wrapper\"><h3>Rask, ensartet og jevn kj\u00f8ling<\/h3>\n<p>Med h\u00f8y kj\u00f8leenergi gir Deepchill\u00ae \u00f8yeblikkelig og jevn kj\u00f8ling av kj\u00f8ttet, uten \u00e5 p\u00e5virke forholdet mellom vann og kj\u00f8tt og redusere den n\u00f8dvendige blandingstiden.<\/p>\n<\/div><\/div><\/div><\/div><\/div><div class=\"vc_col-sm-12 vc_col-lg-3 vc_col-md-6 vc_col-xs-12 wpb_column vc_column_container\"><div class=\"vc_column-inner\"><div class=\"wpb_wrapper\"><div class=\"w-image align_left\"><div class=\"w-image-h\"><img loading=\"lazy\" decoding=\"async\" width=\"182\" height=\"182\" src=\"https:\/\/www.deepchill.com\/wp-content\/uploads\/2020\/10\/retain-moisture-img.jpg\" class=\"attachment-full size-full\" alt=\"retain-moisture-img\" srcset=\"https:\/\/www.deepchill.com\/wp-content\/uploads\/2020\/10\/retain-moisture-img.jpg 182w, https:\/\/www.deepchill.com\/wp-content\/uploads\/2020\/10\/retain-moisture-img-150x150.jpg 150w\" sizes=\"auto, (max-width: 182px) 100vw, 182px\" \/><\/div><\/div><div class=\"wpb_text_column\" ><div class=\"wpb_wrapper\"><h3>Bevar fuktigheten<\/h3>\n<p>Med Deepchill\u00ae holder muskelfibrene i kj\u00f8ttet bedre p\u00e5 den naturlige fuktigheten som kommer ut av kj\u00f8ttet under sliping eller kutting, og gjennom videre bearbeiding.<\/p>\n<\/div><\/div><\/div><\/div><\/div><div class=\"vc_col-sm-12 vc_col-lg-3 vc_col-md-6 vc_col-xs-12 wpb_column vc_column_container\"><div class=\"vc_column-inner\"><div class=\"wpb_wrapper\"><div class=\"w-image align_left\"><div class=\"w-image-h\"><img loading=\"lazy\" decoding=\"async\" width=\"182\" height=\"182\" src=\"https:\/\/www.deepchill.com\/wp-content\/uploads\/2020\/10\/streamlined-operation-img3.jpg\" class=\"attachment-full size-full\" alt=\"streamlined-operation-img3\" srcset=\"https:\/\/www.deepchill.com\/wp-content\/uploads\/2020\/10\/streamlined-operation-img3.jpg 182w, https:\/\/www.deepchill.com\/wp-content\/uploads\/2020\/10\/streamlined-operation-img3-150x150.jpg 150w\" sizes=\"auto, (max-width: 182px) 100vw, 182px\" \/><\/div><\/div><div class=\"wpb_text_column\" ><div class=\"wpb_wrapper\"><h3>Str\u00f8mlinjeformet drift<\/h3>\n<p>Ved \u00e5 levere Deepchill\u00ae til fledre steder i fabrikken kan du effektivisere driften og redusere arbeidskraft som i dag brukes til ish\u00e5ndtering i anlegget, samt eliminere issvinn.<\/p>\n<\/div><\/div><\/div><\/div><\/div><div class=\"vc_col-sm-12 vc_col-lg-3 vc_col-md-6 vc_col-xs-12 wpb_column vc_column_container\"><div class=\"vc_column-inner\"><div class=\"wpb_wrapper\"><div class=\"w-image align_left\"><div class=\"w-image-h\"><img loading=\"lazy\" decoding=\"async\" width=\"182\" height=\"182\" src=\"https:\/\/www.deepchill.com\/wp-content\/uploads\/2020\/10\/flexible-integration-img.jpg\" class=\"attachment-full size-full\" alt=\"flexible-integration-img\" srcset=\"https:\/\/www.deepchill.com\/wp-content\/uploads\/2020\/10\/flexible-integration-img.jpg 182w, https:\/\/www.deepchill.com\/wp-content\/uploads\/2020\/10\/flexible-integration-img-150x150.jpg 150w\" sizes=\"auto, (max-width: 182px) 100vw, 182px\" \/><\/div><\/div><div class=\"wpb_text_column\" ><div class=\"wpb_wrapper\"><h3>Fleksibel integrering<\/h3>\n<p>Deepchill\u00ae-systemer fungerer med kontinuerlige mikser eller blendemaskiner og integreres enkelt i automatiserte batch-systemer.<\/p>\n<\/div><\/div><\/div><\/div><\/div><\/div><\/div><\/div><\/div><\/div><\/div><\/section><section class=\"l-section wpb_row height_medium color_footer-top\"><div class=\"l-section-h i-cf\"><div class=\"g-cols vc_row type_default valign_top\"><div class=\"vc_col-sm-12 wpb_column vc_column_container\"><div class=\"vc_column-inner\"><div class=\"wpb_wrapper\"><div class=\"wpb_text_column\" ><div class=\"wpb_wrapper\"><h2 style=\"text-align: center;\">Deepchill\u00ae-l\u00f8sninger for kj\u00f8ttindustrien<\/h2>\n<\/div><\/div><div class=\"g-cols wpb_row  type_default valign_top vc_inner dc-meat-processing-methods-section\"><div class=\"vc_col-sm-6 wpb_column vc_column_container\"><div class=\"vc_column-inner\"><div class=\"wpb_wrapper\"><div class=\"wpb_text_column\" ><div class=\"wpb_wrapper\"><h3>Deepchill\u00ae direkte kj\u00f8ling for prosessen med maling av kj\u00f8tt<\/h3>\n<p>Deepchill\u00ae-slurry pumpes gjennom en lukket sl\u00f8yfe og leveres direkte til kj\u00f8ttblenderne. M\u00e5lepumper p\u00e5 hvert leveringssted gir en n\u00f8yaktig kontroll av Deepchill\u00ae som slippes ut fra r\u00f8rsystemet til blenderne. Takket v\u00e6re den homogene naturen til Deepchill\u00ae og dens mikroskopiske iskrystaller, kj\u00f8les kj\u00f8tt raskt og jevnt, noe som forbedrer kj\u00f8ttkvaliteten.<\/p>\n<\/div><\/div><div class=\"w-image align_center\"><div class=\"w-image-h\"><img loading=\"lazy\" decoding=\"async\" width=\"768\" height=\"414\" src=\"https:\/\/www.deepchill.com\/wp-content\/uploads\/2020\/10\/deepchill-direct-cooling-for-meat-grinding-process-img.jpg\" class=\"attachment-full size-full\" alt=\"deepchill-direct-cooling-for-meat-grinding-process-img\" srcset=\"https:\/\/www.deepchill.com\/wp-content\/uploads\/2020\/10\/deepchill-direct-cooling-for-meat-grinding-process-img.jpg 768w, https:\/\/www.deepchill.com\/wp-content\/uploads\/2020\/10\/deepchill-direct-cooling-for-meat-grinding-process-img-300x162.jpg 300w, https:\/\/www.deepchill.com\/wp-content\/uploads\/2020\/10\/deepchill-direct-cooling-for-meat-grinding-process-img-600x323.jpg 600w\" sizes=\"auto, (max-width: 768px) 100vw, 768px\" \/><\/div><\/div><\/div><\/div><\/div><div class=\"vc_col-sm-6 wpb_column vc_column_container\"><div class=\"vc_column-inner\"><div class=\"wpb_wrapper\"><div class=\"wpb_text_column\" ><div class=\"wpb_wrapper\"><h3>Deepchill\u00ae spraykj\u00f8ling for p\u00f8lser<\/h3>\n<p>Deepchill\u00ae pumpes gjennom en lukket sl\u00f8yfe som er koblet kj\u00f8lekammeret og sprayes p\u00e5 produktet. Dette kan redusere kj\u00f8letiden til p\u00f8lser med s\u00e5 mye som 25% og dermed forbedre produktiviteten og \u00f8ke gjennomstr\u00f8mningen.<\/p>\n<p>Sammenlignet med konvensjonelle saltvannskj\u00f8ler, reduserer dette systemet dramatisk NaCl-innholdet i dreneringen<\/p>\n<\/div><\/div><div class=\"w-image align_center\"><div class=\"w-image-h\"><img loading=\"lazy\" decoding=\"async\" width=\"768\" height=\"414\" src=\"https:\/\/www.deepchill.com\/wp-content\/uploads\/2020\/10\/deepchill-spray-cooling-for-sausages-and-hotdogs-img.jpg\" class=\"attachment-full size-full\" alt=\"\" srcset=\"https:\/\/www.deepchill.com\/wp-content\/uploads\/2020\/10\/deepchill-spray-cooling-for-sausages-and-hotdogs-img.jpg 768w, https:\/\/www.deepchill.com\/wp-content\/uploads\/2020\/10\/deepchill-spray-cooling-for-sausages-and-hotdogs-img-300x162.jpg 300w\" sizes=\"auto, (max-width: 768px) 100vw, 768px\" \/><\/div><\/div><\/div><\/div><\/div><\/div><\/div><\/div><\/div><\/div><\/div><\/section>\n","protected":false},"excerpt":{"rendered":"Den mest effektive kj\u00f8lel\u00f8sningen for kj\u00f8tt Forskjellen med Deepchill\u00ae H\u00f8yere kvalitet, raskere kj\u00f8ling, enda mer effektiv drift. alt dette er fordeler du kan utnytte for \u00e5 \u00f8ke l\u00f8nnsomheten din. Deepchilling er en sv\u00e6rt avansert kj\u00f8leprosess som kan hjelpe deg med \u00e5 forbedre kj\u00f8ttproduksjonen og f\u00e5 mest mulig ut av virksomheten din. Rask, ensartet og jevn...","protected":false},"author":2,"featured_media":0,"parent":12953,"menu_order":0,"comment_status":"closed","ping_status":"closed","template":"","meta":{"footnotes":""},"class_list":["post-13239","page","type-page","status-publish","hentry"],"aioseo_notices":[],"_links":{"self":[{"href":"https:\/\/www.deepchill.com\/no\/wp-json\/wp\/v2\/pages\/13239","targetHints":{"allow":["GET"]}}],"collection":[{"href":"https:\/\/www.deepchill.com\/no\/wp-json\/wp\/v2\/pages"}],"about":[{"href":"https:\/\/www.deepchill.com\/no\/wp-json\/wp\/v2\/types\/page"}],"author":[{"embeddable":true,"href":"https:\/\/www.deepchill.com\/no\/wp-json\/wp\/v2\/users\/2"}],"replies":[{"embeddable":true,"href":"https:\/\/www.deepchill.com\/no\/wp-json\/wp\/v2\/comments?post=13239"}],"version-history":[{"count":4,"href":"https:\/\/www.deepchill.com\/no\/wp-json\/wp\/v2\/pages\/13239\/revisions"}],"predecessor-version":[{"id":17287,"href":"https:\/\/www.deepchill.com\/no\/wp-json\/wp\/v2\/pages\/13239\/revisions\/17287"}],"up":[{"embeddable":true,"href":"https:\/\/www.deepchill.com\/no\/wp-json\/wp\/v2\/pages\/12953"}],"wp:attachment":[{"href":"https:\/\/www.deepchill.com\/no\/wp-json\/wp\/v2\/media?parent=13239"}],"curies":[{"name":"wp","href":"https:\/\/api.w.org\/{rel}","templated":true}]}}