{"id":13244,"date":"2020-10-28T10:07:28","date_gmt":"2020-10-28T10:07:28","guid":{"rendered":"https:\/\/www.deepchill.com\/industries\/food-processing\/"},"modified":"2023-04-19T21:30:49","modified_gmt":"2023-04-19T21:30:49","slug":"food-processing","status":"publish","type":"page","link":"https:\/\/www.deepchill.com\/no\/industries\/food-processing\/","title":{"rendered":"Matforedling"},"content":{"rendered":"<section class=\"l-section wpb_row height_medium\"><div class=\"l-section-h i-cf\"><div class=\"g-cols vc_row type_default valign_top\"><div class=\"vc_col-sm-12 wpb_column vc_column_container\"><div class=\"vc_column-inner\"><div class=\"wpb_wrapper\"><div class=\"wpb_text_column dc-normal-font\" ><div class=\"wpb_wrapper\"><h4>Det perfekte kj\u00f8lemediet i virksomheter for matfordeling<\/h4>\n<\/div><\/div><\/div><\/div><\/div><\/div><\/div><\/section><section class=\"l-section wpb_row height_auto width_full dc-inner-banner-img with_img\"><div class=\"l-section-img\" style=\"background-image: url(https:\/\/www.deepchill.com\/wp-content\/uploads\/2020\/10\/food-processing-plant-img.jpg);background-repeat: no-repeat;\" data-img-width=\"1920\" data-img-height=\"520\"><\/div><div class=\"l-section-h i-cf\"><div class=\"g-cols vc_row type_default valign_top\"><div class=\"vc_col-sm-12 wpb_column vc_column_container\"><div class=\"vc_column-inner\"><div class=\"wpb_wrapper\"><\/div><\/div><\/div><\/div><\/div><\/section><section class=\"l-section wpb_row height_medium dc-difference-section\"><div class=\"l-section-h i-cf\"><div class=\"g-cols vc_row type_default valign_top\"><div class=\"vc_col-sm-12 wpb_column vc_column_container\"><div class=\"vc_column-inner\"><div class=\"wpb_wrapper\"><div class=\"wpb_text_column\" ><div class=\"wpb_wrapper\"><h2 style=\"text-align: center;\">Forskjellen med Deepchill\u00ae<\/h2>\n<p>Friskere kvalitet, raskere kj\u00f8ling og enda mer effektiv drift. Dette er alle fordeler du kan utnytte for din virksomhet og som bidrar til \u00e5 \u00f8ke l\u00f8nnsomheten din. Deepchill\u00ae slurry-is gir en sv\u00e6rt avansert kj\u00f8leprosess som kan hjelpe deg med \u00e5 f\u00e5 mest mulig ut av virksomheten din.<\/p>\n<\/div><\/div><div class=\"g-cols wpb_row  type_default valign_top vc_inner dc-difference-points-section dc-shrimp-difference-points-section\"><div class=\"vc_col-sm-12 vc_col-lg-3 vc_col-md-6 vc_col-xs-12 wpb_column vc_column_container\"><div class=\"vc_column-inner\"><div class=\"wpb_wrapper\"><div class=\"w-image align_left\"><div class=\"w-image-h\"><img loading=\"lazy\" decoding=\"async\" width=\"182\" height=\"182\" src=\"https:\/\/www.deepchill.com\/wp-content\/uploads\/2020\/10\/fast-uniform-and-consistent-cooling-img2.jpg\" class=\"attachment-full size-full\" alt=\"Fast and uniform cooling with Deepchill food processing chillers\" srcset=\"https:\/\/www.deepchill.com\/wp-content\/uploads\/2020\/10\/fast-uniform-and-consistent-cooling-img2.jpg 182w, https:\/\/www.deepchill.com\/wp-content\/uploads\/2020\/10\/fast-uniform-and-consistent-cooling-img2-150x150.jpg 150w\" sizes=\"auto, (max-width: 182px) 100vw, 182px\" \/><\/div><\/div><div class=\"wpb_text_column\" ><div class=\"wpb_wrapper\"><h3>Rask og jevn kj\u00f8ling<\/h3>\n<p>Med sin h\u00f8ye latente energi kan Deepchill\u00ae raskt og konsistent kj\u00f8le ned store mengder produkt.<\/p>\n<\/div><\/div><\/div><\/div><\/div><div class=\"vc_col-sm-12 vc_col-lg-3 vc_col-md-6 vc_col-xs-12 wpb_column vc_column_container\"><div class=\"vc_column-inner\"><div class=\"wpb_wrapper\"><div class=\"w-image align_left\"><div class=\"w-image-h\"><img loading=\"lazy\" decoding=\"async\" width=\"182\" height=\"182\" src=\"https:\/\/www.deepchill.com\/wp-content\/uploads\/2020\/10\/food-safe-img.jpg\" class=\"attachment-full size-full\" alt=\"Deepchill food processing chillers with stainless steel components\" srcset=\"https:\/\/www.deepchill.com\/wp-content\/uploads\/2020\/10\/food-safe-img.jpg 182w, https:\/\/www.deepchill.com\/wp-content\/uploads\/2020\/10\/food-safe-img-150x150.jpg 150w\" sizes=\"auto, (max-width: 182px) 100vw, 182px\" \/><\/div><\/div><div class=\"wpb_text_column\" ><div class=\"wpb_wrapper\"><h3>Trygg mat<\/h3>\n<p>Deepchill\u00ae slurry-is er naturlig og trygt \u00e5 bruke i direkte kontakt med mat. Systemkomponentene er alle i rustfritt st\u00e5l..<\/p>\n<\/div><\/div><\/div><\/div><\/div><div class=\"vc_col-sm-12 vc_col-lg-3 vc_col-md-6 vc_col-xs-12 wpb_column vc_column_container\"><div class=\"vc_column-inner\"><div class=\"wpb_wrapper\"><div class=\"w-image align_left\"><div class=\"w-image-h\"><img loading=\"lazy\" decoding=\"async\" width=\"182\" height=\"182\" src=\"https:\/\/www.deepchill.com\/wp-content\/uploads\/2020\/10\/superior-hygiene-img4.jpg\" class=\"attachment-full size-full\" alt=\"food processing chillers with closed system and USDA approval\" srcset=\"https:\/\/www.deepchill.com\/wp-content\/uploads\/2020\/10\/superior-hygiene-img4.jpg 182w, https:\/\/www.deepchill.com\/wp-content\/uploads\/2020\/10\/superior-hygiene-img4-150x150.jpg 150w\" sizes=\"auto, (max-width: 182px) 100vw, 182px\" \/><\/div><\/div><div class=\"wpb_text_column\" ><div class=\"wpb_wrapper\"><h3>Overlegen hygiene<\/h3>\n<p>Deepchill\u00ae-systemer er lukket og automatisert uten kontaktpunkter med utvendige kontaminanter. Systemene er USDA-godkjente og HACCP-kompatible.<\/p>\n<\/div><\/div><\/div><\/div><\/div><div class=\"vc_col-sm-12 vc_col-lg-3 vc_col-md-6 vc_col-xs-12 wpb_column vc_column_container\"><div class=\"vc_column-inner\"><div class=\"wpb_wrapper\"><div class=\"w-image align_left\"><div class=\"w-image-h\"><img loading=\"lazy\" decoding=\"async\" width=\"182\" height=\"182\" src=\"https:\/\/www.deepchill.com\/wp-content\/uploads\/2020\/10\/streamlined-operation-img4.jpg\" class=\"attachment-full size-full\" alt=\"Automated Deepchill food processing chillers streamlining production operations\" srcset=\"https:\/\/www.deepchill.com\/wp-content\/uploads\/2020\/10\/streamlined-operation-img4.jpg 182w, https:\/\/www.deepchill.com\/wp-content\/uploads\/2020\/10\/streamlined-operation-img4-150x150.jpg 150w\" sizes=\"auto, (max-width: 182px) 100vw, 182px\" \/><\/div><\/div><div class=\"wpb_text_column\" ><div class=\"wpb_wrapper\"><h3>Str\u00f8mlinjeformet drift<\/h3>\n<p>Forenkle og fremskynde foredlingsvirksomheten med automatisk levering av Deepchill\u00ae til flere brukersteder.<\/p>\n<\/div><\/div><\/div><\/div><\/div><\/div><\/div><\/div><\/div><\/div><\/div><\/section><section class=\"l-section wpb_row height_medium dc-blue-bg\"><div class=\"l-section-h i-cf\"><div class=\"g-cols vc_row type_default valign_top\"><div class=\"vc_col-sm-12 wpb_column vc_column_container\"><div class=\"vc_column-inner\"><div class=\"wpb_wrapper\"><div class=\"g-cols wpb_row  type_default valign_top vc_inner\"><div class=\"vc_col-sm-12 wpb_column vc_column_container has_text_color\"><div class=\"vc_column-inner us_custom_6df4bc3a\"><div class=\"wpb_wrapper\"><div class=\"wpb_text_column\" ><div class=\"wpb_wrapper\"><h3>Ideell for en rekke bruksomr\u00e5der<\/h3>\n<p>Deepchill\u00ae slurry-is kan brukes i ulike virksomheter som foredler mat slik som forh\u00e5ndskokt mat, meieriproduksjon, bryggerier og mer, og kan brukes b\u00e5de i parti eller for kontinuerlig drift.<\/p>\n<p>Deepchill\u00ae kan tilpasses forskjellige prosesser og apparater:<\/p>\n<ul>\n<li>Produkter kan sprayes med eller senkes ned i Deepchill\u00ae<\/li>\n<li>Deepchill\u00ae kan pumpes gjennom en plate og ramme varmeveksler for indirekte kj\u00f8ling<\/li>\n<li>Deepchill\u00ae kan brukes i forskjellige kj\u00f8leapparater, for eksempel nedsenkningstanker (med eller uten transport\u00f8r), hydrokj\u00f8ler eller sentrifuger.<\/li>\n<li>Deepchill\u00ae kan brukes i forskjellige kj\u00f8leapparater, for eksempel nedsenkningstanker (med eller uten transport\u00f8r), hydrokj\u00f8ler eller sentrifuger.<\/li>\n<\/ul>\n<\/div><\/div><\/div><\/div><\/div><\/div><\/div><\/div><\/div><\/div><\/div><\/section><section class=\"l-section wpb_row height_medium\"><div class=\"l-section-h i-cf\"><div class=\"g-cols vc_row type_default valign_top\"><div class=\"vc_col-sm-6 wpb_column vc_column_container\"><div class=\"vc_column-inner\"><div class=\"wpb_wrapper\"><div class=\"wpb_text_column\" ><div class=\"wpb_wrapper\"><h3>Nedsenkning for kopper med suppe<\/h3>\n<p>Et Deepchill\u00ae-nedsenkningsbad ble brukt i en kontinuerlig str\u00f8mningsoperasjon for \u00e5 kj\u00f8le ned kopper med kokt suppe.<\/p>\n<p>Resultater:<\/p>\n<ul>\n<li>Deepchill\u00ae forkortet tiden det tok \u00e5 kj\u00f8le 0,68 kg suppe fra 88\u00b0C til 2 \u00b0 C med 75%.<\/li>\n<li>Deepchill\u00ae reduserte kj\u00f8ling for Linear Chiller fra 165 minutter ned til 40 minutter.<\/li>\n<\/ul>\n<\/div><\/div><\/div><\/div><\/div><div class=\"vc_col-sm-6 wpb_column vc_column_container\"><div class=\"vc_column-inner\"><div class=\"wpb_wrapper\"><div class=\"w-image align_center\"><div class=\"w-image-h\"><img loading=\"lazy\" decoding=\"async\" width=\"840\" height=\"311\" src=\"https:\/\/www.deepchill.com\/wp-content\/uploads\/2020\/10\/immersion-cooling-for-soup-cups-img.jpg\" class=\"attachment-full size-full\" alt=\"Deepchill food processing chiller graph\" srcset=\"https:\/\/www.deepchill.com\/wp-content\/uploads\/2020\/10\/immersion-cooling-for-soup-cups-img.jpg 840w, https:\/\/www.deepchill.com\/wp-content\/uploads\/2020\/10\/immersion-cooling-for-soup-cups-img-300x111.jpg 300w, https:\/\/www.deepchill.com\/wp-content\/uploads\/2020\/10\/immersion-cooling-for-soup-cups-img-600x222.jpg 600w\" sizes=\"auto, (max-width: 840px) 100vw, 840px\" \/><\/div><\/div><\/div><\/div><\/div><\/div><\/div><\/section><!-- Row Backgrounds --><div class=\"upb_color\" data-bg-override=\"0\" data-bg-color=\"#ffffff\" data-fadeout=\"\" data-fadeout-percentage=\"30\" data-parallax-content=\"\" data-parallax-content-sense=\"30\" data-row-effect-mobile-disable=\"true\" data-img-parallax-mobile-disable=\"true\" data-rtl=\"false\"  data-custom-vc-row=\"\"  data-vc=\"6.3.0\"  data-is_old_vc=\"\"  data-theme-support=\"\"   data-overlay=\"false\" data-overlay-color=\"\" data-overlay-pattern=\"\" data-overlay-pattern-opacity=\"\" data-overlay-pattern-size=\"\"    ><\/div>\n","protected":false},"excerpt":{"rendered":"Det perfekte kj\u00f8lemediet i virksomheter for matfordeling Forskjellen med Deepchill\u00ae Friskere kvalitet, raskere kj\u00f8ling og enda mer effektiv drift. Dette er alle fordeler du kan utnytte for din virksomhet og som bidrar til \u00e5 \u00f8ke l\u00f8nnsomheten din. Deepchill\u00ae slurry-is gir en sv\u00e6rt avansert kj\u00f8leprosess som kan hjelpe deg med \u00e5 f\u00e5 mest mulig ut av...","protected":false},"author":2,"featured_media":0,"parent":12953,"menu_order":0,"comment_status":"closed","ping_status":"closed","template":"","meta":{"footnotes":""},"class_list":["post-13244","page","type-page","status-publish","hentry"],"aioseo_notices":[],"_links":{"self":[{"href":"https:\/\/www.deepchill.com\/no\/wp-json\/wp\/v2\/pages\/13244","targetHints":{"allow":["GET"]}}],"collection":[{"href":"https:\/\/www.deepchill.com\/no\/wp-json\/wp\/v2\/pages"}],"about":[{"href":"https:\/\/www.deepchill.com\/no\/wp-json\/wp\/v2\/types\/page"}],"author":[{"embeddable":true,"href":"https:\/\/www.deepchill.com\/no\/wp-json\/wp\/v2\/users\/2"}],"replies":[{"embeddable":true,"href":"https:\/\/www.deepchill.com\/no\/wp-json\/wp\/v2\/comments?post=13244"}],"version-history":[{"count":5,"href":"https:\/\/www.deepchill.com\/no\/wp-json\/wp\/v2\/pages\/13244\/revisions"}],"predecessor-version":[{"id":17269,"href":"https:\/\/www.deepchill.com\/no\/wp-json\/wp\/v2\/pages\/13244\/revisions\/17269"}],"up":[{"embeddable":true,"href":"https:\/\/www.deepchill.com\/no\/wp-json\/wp\/v2\/pages\/12953"}],"wp:attachment":[{"href":"https:\/\/www.deepchill.com\/no\/wp-json\/wp\/v2\/media?parent=13244"}],"curies":[{"name":"wp","href":"https:\/\/api.w.org\/{rel}","templated":true}]}}