{"id":13248,"date":"2020-10-28T10:17:59","date_gmt":"2020-10-28T10:17:59","guid":{"rendered":"https:\/\/www.deepchill.com\/industries\/industrial-baking\/"},"modified":"2023-04-19T06:55:13","modified_gmt":"2023-04-19T06:55:13","slug":"industrial-baking","status":"publish","type":"page","link":"https:\/\/www.deepchill.com\/no\/industries\/industrial-baking\/","title":{"rendered":"Industriell baking"},"content":{"rendered":"<section class=\"l-section wpb_row height_medium\"><div class=\"l-section-h i-cf\"><div class=\"g-cols vc_row type_default valign_top\"><div class=\"vc_col-sm-12 wpb_column vc_column_container\"><div class=\"vc_column-inner\"><div class=\"wpb_wrapper\"><div class=\"wpb_text_column dc-normal-font\" ><div class=\"wpb_wrapper\"><h2 style=\"font-family: 'AvenirNextLTProRegular'!important; font-size: 24px !important;\">Optimal kj\u00f8ling for bedre deig.<\/h2>\n<p><a class=\"dc-caret-link dc-download-link dc-download-brochure-link\" href=\"https:\/\/www.deepchill.com\/download-brochure\/?b=indbaking\/\" target=\"_blank\" rel=\"noopener noreferrer\"><img decoding=\"async\" src=\"http:\/\/www.deepchill.com\/wp-content\/uploads\/2020\/10\/download-pdf-icon.png\" alt=\"download-pdf-icon\" \/> <i class=\"dc-link-text\">Last ned brosjyren <i class=\"fa fa-angle-down\"><\/i><\/i><\/a><\/p>\n<\/div><\/div><\/div><\/div><\/div><\/div><\/div><\/section><section class=\"l-section wpb_row height_auto width_full dc-inner-banner-img with_img\"><div class=\"l-section-img\" style=\"background-image: url(https:\/\/www.deepchill.com\/wp-content\/uploads\/2020\/10\/industrial-baking-img2.jpg);background-repeat: no-repeat;\" data-img-width=\"1920\" data-img-height=\"520\"><\/div><div class=\"l-section-h i-cf\"><div class=\"g-cols vc_row type_default valign_top\"><div class=\"vc_col-sm-12 wpb_column vc_column_container\"><div class=\"vc_column-inner\"><div class=\"wpb_wrapper\"><\/div><\/div><\/div><\/div><\/div><\/section><section class=\"l-section wpb_row height_medium dc-difference-section\"><div class=\"l-section-h i-cf\"><div class=\"g-cols vc_row type_default valign_top\"><div class=\"vc_col-sm-12 wpb_column vc_column_container\"><div class=\"vc_column-inner\"><div class=\"wpb_wrapper\"><div class=\"wpb_text_column\" ><div class=\"wpb_wrapper\"><h3 style=\"text-align: center;\">Forskjellen med Deepchill\u00ae<\/h3>\n<p>Den revolusjonerende Deepchill\u00ae slurry-isen gir rask og jevn kj\u00f8ling av deigen din. Dertte resulterer i en bedre kvalitet p\u00e5 deigen, raskere blanding og driftseffektivitet.<\/p>\n<\/div><\/div><div class=\"g-cols wpb_row  type_default valign_top vc_inner dc-difference-points-section dc-industrial-baking-difference-points-section\"><div class=\"vc_col-sm-12 vc_col-lg-3 vc_col-md-6 vc_col-xs-12 wpb_column vc_column_container\"><div class=\"vc_column-inner\"><div class=\"wpb_wrapper\"><div class=\"w-image align_left\"><div class=\"w-image-h\"><img loading=\"lazy\" decoding=\"async\" width=\"182\" height=\"182\" src=\"https:\/\/www.deepchill.com\/wp-content\/uploads\/2020\/10\/improved-dough-quality-img.jpg\" class=\"attachment-full size-full\" alt=\"Improved dough quality with uniform Deepchill\u00ae cooling\" srcset=\"https:\/\/www.deepchill.com\/wp-content\/uploads\/2020\/10\/improved-dough-quality-img.jpg 182w, https:\/\/www.deepchill.com\/wp-content\/uploads\/2020\/10\/improved-dough-quality-img-150x150.jpg 150w\" sizes=\"auto, (max-width: 182px) 100vw, 182px\" \/><\/div><\/div><div class=\"wpb_text_column\" ><div class=\"wpb_wrapper\"><h3>Forbedret deigkvalitet<\/h3>\n<p>Deepchill\u00ae gir umiddelbar og jevn deigavkj\u00f8ling, som sikrer effektiv fukting av mel og jevn deigdannelse som resulterer i en jevn og elastisk deig.<\/p>\n<\/div><\/div><\/div><\/div><\/div><div class=\"vc_col-sm-12 vc_col-lg-3 vc_col-md-6 vc_col-xs-12 wpb_column vc_column_container\"><div class=\"vc_column-inner\"><div class=\"wpb_wrapper\"><div class=\"w-image align_left\"><div class=\"w-image-h\"><img loading=\"lazy\" decoding=\"async\" width=\"182\" height=\"182\" src=\"https:\/\/www.deepchill.com\/wp-content\/uploads\/2020\/10\/food-grade-hygiene-img.jpg\" class=\"attachment-full size-full\" alt=\"Dough chiller reducing dough wastage with precise temperature control\" srcset=\"https:\/\/www.deepchill.com\/wp-content\/uploads\/2020\/10\/food-grade-hygiene-img.jpg 182w, https:\/\/www.deepchill.com\/wp-content\/uploads\/2020\/10\/food-grade-hygiene-img-150x150.jpg 150w\" sizes=\"auto, (max-width: 182px) 100vw, 182px\" \/><\/div><\/div><div class=\"wpb_text_column\" ><div class=\"wpb_wrapper\"><h3>Trygg mat<\/h3>\n<p>Deepchill\u00ae produseres og lagres i et lukket milj\u00f8 og distribueres gjennom et forseglet leveringssystem uten eksponering for utvendige kontaminanter.<\/p>\n<\/div><\/div><\/div><\/div><\/div><div class=\"vc_col-sm-12 vc_col-lg-3 vc_col-md-6 vc_col-xs-12 wpb_column vc_column_container\"><div class=\"vc_column-inner\"><div class=\"wpb_wrapper\"><div class=\"w-image align_left\"><div class=\"w-image-h\"><img loading=\"lazy\" decoding=\"async\" width=\"182\" height=\"182\" src=\"https:\/\/www.deepchill.com\/wp-content\/uploads\/2020\/10\/reduced-mixing-times-img.jpg\" class=\"attachment-full size-full\" alt=\"Dough chiller reducing mixing time with fast, even cooling\" srcset=\"https:\/\/www.deepchill.com\/wp-content\/uploads\/2020\/10\/reduced-mixing-times-img.jpg 182w, https:\/\/www.deepchill.com\/wp-content\/uploads\/2020\/10\/reduced-mixing-times-img-150x150.jpg 150w\" sizes=\"auto, (max-width: 182px) 100vw, 182px\" \/><\/div><\/div><div class=\"wpb_text_column\" ><div class=\"wpb_wrapper\"><h3>Reduserte blandetider<\/h3>\n<p>Med 3 ganger kj\u00f8lehastigheten til vanlig is, kan Deepchill\u00ae redusere tiden det tar \u00e5 lage en deig med opptil 33%. I motsetning til isbiter blandes den flytende Deepchill\u00ae lett og raskt gjennom deigen.<\/p>\n<\/div><\/div><\/div><\/div><\/div><div class=\"vc_col-sm-12 vc_col-lg-3 vc_col-md-6 vc_col-xs-12 wpb_column vc_column_container\"><div class=\"vc_column-inner\"><div class=\"wpb_wrapper\"><div class=\"w-image align_left\"><div class=\"w-image-h\"><img loading=\"lazy\" decoding=\"async\" width=\"182\" height=\"182\" src=\"https:\/\/www.deepchill.com\/wp-content\/uploads\/2020\/10\/optimal-temperature-control-img.jpg\" class=\"attachment-full size-full\" alt=\"Dough chiller with adjustable temperature for optimal mixing\" srcset=\"https:\/\/www.deepchill.com\/wp-content\/uploads\/2020\/10\/optimal-temperature-control-img.jpg 182w, https:\/\/www.deepchill.com\/wp-content\/uploads\/2020\/10\/optimal-temperature-control-img-150x150.jpg 150w\" sizes=\"auto, (max-width: 182px) 100vw, 182px\" \/><\/div><\/div><div class=\"wpb_text_column\" ><div class=\"wpb_wrapper\"><h3>Optimal temperaturkontroll<\/h3>\n<p>Deepchill\u00ae-temperaturen og konsentrasjonen til krystallene er justerbar, noe som gir optimal kontroll av temperaturen til deigen under blandingsprosessen og resulterer i bedre kontroll av gj\u00e6rvekst og hastigheten p\u00e5 hevingen.<\/p>\n<\/div><\/div><\/div><\/div><\/div><\/div><\/div><\/div><\/div><\/div><\/div><\/section><section class=\"l-section wpb_row height_medium dc-blue-bg dc-below-slider-section\"><div class=\"l-section-h i-cf\"><div class=\"g-cols vc_row type_default valign_top\"><div class=\"vc_col-sm-6 wpb_column vc_column_container\"><div class=\"vc_column-inner\"><div class=\"wpb_wrapper\"><div class=\"wpb_text_column\" ><div class=\"wpb_wrapper\"><p>Den innovative Deepchill\u00ae Ingrediator\u2122 er en 2-i-1 teknologi: Det gir den mest effektive metoden for temperaturregulering av deig, samt for \u00e5 blande bestanddelene og formulere kj\u00f8lev\u00e6sken. Denne banebrytende teknologien kan vannkj\u00f8lere, blandebatterier og ismaskiner.<\/p>\n<p><a class=\"dc-caret-link\">Se videoen for \u00e5 finne ut mer<i class=\"fa fa-angle-right\"><\/i><\/a><\/p>\n<\/div><\/div><\/div><\/div><\/div><div class=\"vc_col-sm-6 wpb_column vc_column_container\"><div class=\"vc_column-inner\"><div class=\"wpb_wrapper\"><div id=\"ultimate-video-84469f8823324c0e\" class=\"ult-video  ult-adjust-bottom-margin ultimate-video-84469f8823324c0e ultv-3028 \"><div class=\"ultv-video ultv-aspect-ratio-16_9 ultv-subscribe-responsive-none\" data-videotype=\"uv_iframe\">\r\n\t\t\t\t\t\t<div class=\"ultv-video__outer-wrap\" data-autoplay=\"0\" data-device=\"false\"  data-iconbg=\"#3a3a3a\" data-overcolor=\"\" data-defaultbg=\"#1f1f1e\" data-defaultplay=\"icon\"><div class=\"ultv-video__play\" data-src=\"https:\/\/www.youtube.com\/embed\/IQ-PXnNMWxc?rel=0&amp;start&amp;end&amp;controls=1&amp;mute=0&amp;modestbranding=0&amp;autoplay=1\">\r\n\t\t\t\t\t\t\t\t<img decoding=\"async\" class=\"ultv-video__thumb\" src=\"https:\/\/i.ytimg.com\/vi\/IQ-PXnNMWxc\/maxresdefault.jpg\"\/>\r\n\t\t\t\t\t\t\t\t<div class=\"ultv-video__play-icon Defaults-play-circle ultv-animation-none\" style=\"font-size:80px;\"><\/div> <\/div> <\/div><\/div><\/div><\/div><\/div><\/div><\/div><\/div><\/section><section class=\"l-section wpb_row height_medium\"><div class=\"l-section-h i-cf\"><div class=\"g-cols vc_row type_default valign_top\"><div class=\"vc_col-sm-12 wpb_column vc_column_container\"><div class=\"vc_column-inner\"><div class=\"wpb_wrapper\"><div class=\"wpb_text_column\" ><div class=\"wpb_wrapper\"><h3 style=\"text-align: center;\">The Deepchill<sup>\u00ae<\/sup> Ingrediator<sup>\u2122<\/sup><\/h3>\n<\/div><\/div><div class=\"g-cols wpb_row  type_default valign_top vc_inner dc-difference-points-section dc-shrimp-difference-points-section\"><div class=\"vc_col-sm-12 vc_col-lg-3 vc_col-md-6 vc_col-xs-12 wpb_column vc_column_container\"><div class=\"vc_column-inner\"><div class=\"wpb_wrapper\"><div class=\"w-image align_left\"><div class=\"w-image-h\"><img loading=\"lazy\" decoding=\"async\" width=\"182\" height=\"182\" src=\"https:\/\/www.deepchill.com\/wp-content\/uploads\/2020\/10\/flexible-formulation-img.jpg\" class=\"attachment-full size-full\" alt=\"Flexible dough chiller formulation for multi-mixer baking operations\" srcset=\"https:\/\/www.deepchill.com\/wp-content\/uploads\/2020\/10\/flexible-formulation-img.jpg 182w, https:\/\/www.deepchill.com\/wp-content\/uploads\/2020\/10\/flexible-formulation-img-150x150.jpg 150w\" sizes=\"auto, (max-width: 182px) 100vw, 182px\" \/><\/div><\/div><div class=\"wpb_text_column\" ><div class=\"wpb_wrapper\"><h3>Flexible formulation<\/h3>\n<p>Deepchill\u00ae kan formuleres med n\u00f8yaktige mengder ingredienser (vann, salt og sukker) i oppskriftene for deig, noe som gir effektivitet og konsistens.<\/p>\n<\/div><\/div><\/div><\/div><\/div><div class=\"vc_col-sm-12 vc_col-lg-3 vc_col-md-6 vc_col-xs-12 wpb_column vc_column_container\"><div class=\"vc_column-inner\"><div class=\"wpb_wrapper\"><div class=\"w-image align_left\"><div class=\"w-image-h\"><img loading=\"lazy\" decoding=\"async\" width=\"182\" height=\"182\" src=\"https:\/\/www.deepchill.com\/wp-content\/uploads\/2020\/10\/serve-multiple-mixers-img.jpg\" class=\"attachment-full size-full\" alt=\"Dough chiller reducing line downtime and boosting efficiency\" srcset=\"https:\/\/www.deepchill.com\/wp-content\/uploads\/2020\/10\/serve-multiple-mixers-img.jpg 182w, https:\/\/www.deepchill.com\/wp-content\/uploads\/2020\/10\/serve-multiple-mixers-img-150x150.jpg 150w\" sizes=\"auto, (max-width: 182px) 100vw, 182px\" \/><\/div><\/div><div class=\"wpb_text_column\" ><div class=\"wpb_wrapper\"><h3>Presisjon<\/h3>\n<p>Ingrediator\u2122 leverer automatisk presise doser av Deepchill\u00ae til flere miksere samtidig. Dette kan gj\u00f8res selv om hver mikser har en annen oppskrift.<\/p>\n<\/div><\/div><\/div><\/div><\/div><div class=\"vc_col-sm-12 vc_col-lg-3 vc_col-md-6 vc_col-xs-12 wpb_column vc_column_container\"><div class=\"vc_column-inner\"><div class=\"wpb_wrapper\"><div class=\"w-image align_left\"><div class=\"w-image-h\"><img loading=\"lazy\" decoding=\"async\" width=\"182\" height=\"182\" src=\"https:\/\/www.deepchill.com\/wp-content\/uploads\/2020\/10\/full-automation-img.jpg\" class=\"attachment-full size-full\" alt=\"Fully automated dough chiller system with HMI control\" srcset=\"https:\/\/www.deepchill.com\/wp-content\/uploads\/2020\/10\/full-automation-img.jpg 182w, https:\/\/www.deepchill.com\/wp-content\/uploads\/2020\/10\/full-automation-img-150x150.jpg 150w\" sizes=\"auto, (max-width: 182px) 100vw, 182px\" \/><\/div><\/div><div class=\"wpb_text_column\" ><div class=\"wpb_wrapper\"><h3>Full automatisering<\/h3>\n<p>Ingrediator\u2122 er sv\u00e6rt programmerbar, og muliggj\u00f8r full automatisering av Deepchill\u00ae-produksjon og dosert levering. Overv\u00e5king skjer via store HMI ber\u00f8ringsskjermer p\u00e5 produksjons- og brukersteder.<\/p>\n<\/div><\/div><\/div><\/div><\/div><div class=\"vc_col-sm-12 vc_col-lg-3 vc_col-md-6 vc_col-xs-12 wpb_column vc_column_container\"><div class=\"vc_column-inner\"><div class=\"wpb_wrapper\"><div class=\"w-image align_left\"><div class=\"w-image-h\"><img loading=\"lazy\" decoding=\"async\" width=\"182\" height=\"182\" src=\"https:\/\/www.deepchill.com\/wp-content\/uploads\/2020\/10\/lower-energy-costs-img2.jpg\" class=\"attachment-full size-full\" alt=\"Sealed dough chiller system reducing contamination risks\" srcset=\"https:\/\/www.deepchill.com\/wp-content\/uploads\/2020\/10\/lower-energy-costs-img2.jpg 182w, https:\/\/www.deepchill.com\/wp-content\/uploads\/2020\/10\/lower-energy-costs-img2-150x150.jpg 150w\" sizes=\"auto, (max-width: 182px) 100vw, 182px\" \/><\/div><\/div><div class=\"wpb_text_column\" ><div class=\"wpb_wrapper\"><h3>Lavere energiutgifter<\/h3>\n<p>Deepchill\u00ae systemer er energieffektive. Generatorene bruker minst 20% mindre energi, mens de bare krever 1\/3 eller mindre plass, sammenlignet med andre typer isutstyr.<\/p>\n<\/div><\/div><\/div><\/div><\/div><\/div><\/div><\/div><\/div><\/div><\/div><\/section>\n","protected":false},"excerpt":{"rendered":"Optimal kj\u00f8ling for bedre deig. Last ned brosjyren Forskjellen med Deepchill\u00ae Den revolusjonerende Deepchill\u00ae slurry-isen gir rask og jevn kj\u00f8ling av deigen din. Dertte resulterer i en bedre kvalitet p\u00e5 deigen, raskere blanding og driftseffektivitet. Forbedret deigkvalitet Deepchill\u00ae gir umiddelbar og jevn deigavkj\u00f8ling, som sikrer effektiv fukting av mel og jevn deigdannelse som resulterer i...","protected":false},"author":2,"featured_media":0,"parent":12953,"menu_order":0,"comment_status":"closed","ping_status":"closed","template":"","meta":{"footnotes":""},"class_list":["post-13248","page","type-page","status-publish","hentry"],"aioseo_notices":[],"_links":{"self":[{"href":"https:\/\/www.deepchill.com\/no\/wp-json\/wp\/v2\/pages\/13248","targetHints":{"allow":["GET"]}}],"collection":[{"href":"https:\/\/www.deepchill.com\/no\/wp-json\/wp\/v2\/pages"}],"about":[{"href":"https:\/\/www.deepchill.com\/no\/wp-json\/wp\/v2\/types\/page"}],"author":[{"embeddable":true,"href":"https:\/\/www.deepchill.com\/no\/wp-json\/wp\/v2\/users\/2"}],"replies":[{"embeddable":true,"href":"https:\/\/www.deepchill.com\/no\/wp-json\/wp\/v2\/comments?post=13248"}],"version-history":[{"count":4,"href":"https:\/\/www.deepchill.com\/no\/wp-json\/wp\/v2\/pages\/13248\/revisions"}],"predecessor-version":[{"id":17231,"href":"https:\/\/www.deepchill.com\/no\/wp-json\/wp\/v2\/pages\/13248\/revisions\/17231"}],"up":[{"embeddable":true,"href":"https:\/\/www.deepchill.com\/no\/wp-json\/wp\/v2\/pages\/12953"}],"wp:attachment":[{"href":"https:\/\/www.deepchill.com\/no\/wp-json\/wp\/v2\/media?parent=13248"}],"curies":[{"name":"wp","href":"https:\/\/api.w.org\/{rel}","templated":true}]}}