{"id":13256,"date":"2020-10-28T11:30:26","date_gmt":"2020-10-28T11:30:26","guid":{"rendered":"https:\/\/www.deepchill.com\/industries\/artificial-snow\/"},"modified":"2023-04-19T21:20:23","modified_gmt":"2023-04-19T21:20:23","slug":"artificial-snow","status":"publish","type":"page","link":"https:\/\/www.deepchill.com\/no\/industries\/artificial-snow\/","title":{"rendered":"Kunstig sn\u00f8"},"content":{"rendered":"<section class=\"l-section wpb_row height_medium\"><div class=\"l-section-h i-cf\"><div class=\"g-cols vc_row type_default valign_top\"><div class=\"vc_col-sm-12 wpb_column vc_column_container\"><div class=\"vc_column-inner\"><div class=\"wpb_wrapper\"><div class=\"wpb_text_column dc-normal-font\" ><div class=\"wpb_wrapper\"><h4>La det sn\u00f8!<\/h4>\n<\/div><\/div><\/div><\/div><\/div><\/div><\/div><\/section><section class=\"l-section wpb_row height_auto width_full dc-inner-banner-img\"><div class=\"l-section-h i-cf\"><div class=\"g-cols vc_row type_default valign_top\"><div class=\"vc_col-sm-12 wpb_column vc_column_container\"><div class=\"vc_column-inner\"><div class=\"wpb_wrapper\"><\/div><\/div><\/div><\/div><\/div><\/section><!-- Row Backgrounds --><div class=\"upb_content_video\" data-controls-color=\"\" data-controls=\"\" data-viewport-video=\"false\" data-ultimate-video=\"http:\/\/www.deepchill.com\/wp-content\/uploads\/2020\/10\/deep-chill-slider03.mp4\" data-ultimate-video2=\"http:\/\/www.deepchill.com\/wp-content\/uploads\/2020\/10\/deep-chill-slider03-1.webm\" data-ultimate-video-muted=\"muted\" data-ultimate-video-loop=\"loop\" data-ultimate-video-poster=\"\" data-ultimate-video-autoplay=\"autoplay\" data-bg-override=\"0\" data-upb-overlay-color=\"\" data-upb-bg-animation=\"\" data-fadeout=\"\" data-fadeout-percentage=\"30\" data-parallax-content=\"\" data-parallax-content-sense=\"30\" data-row-effect-mobile-disable=\"true\" data-rtl=\"false\" data-img-parallax-mobile-disable=\"true\"  data-custom-vc-row=\"\"  data-vc=\"6.3.0\"  data-is_old_vc=\"\"  data-theme-support=\"\"   data-overlay=\"false\" data-overlay-color=\"\" data-overlay-pattern=\"\" data-overlay-pattern-opacity=\"\" data-overlay-pattern-size=\"\"     data-video_fixer=\"true\"><\/div><section class=\"l-section wpb_row height_medium dc-difference-section\"><div class=\"l-section-h i-cf\"><div class=\"g-cols vc_row type_default valign_top\"><div class=\"vc_col-sm-12 wpb_column vc_column_container\"><div class=\"vc_column-inner\"><div class=\"wpb_wrapper\"><div class=\"wpb_text_column\" ><div class=\"wpb_wrapper\"><h2 style=\"text-align: center;\">Forskjellen med Deepchill\u00ae<\/h2>\n<p>N\u00e5r virksomheten din er avhengig av \u00e5 ha p\u00e5litelig sn\u00f8, kan uforutsigbarhet p\u00e5virke driften og bunnlinjen.. Deepchill\u00ae-systemet lar deg produsere sn\u00f8krystaller n\u00e5r du vil, ved enhver temperatur.<\/p>\n<\/div><\/div><div class=\"g-cols wpb_row  type_default valign_top vc_inner dc-difference-points-section dc-shrimp-difference-points-section\"><div class=\"vc_col-sm-4 wpb_column vc_column_container\"><div class=\"vc_column-inner\"><div class=\"wpb_wrapper\"><div class=\"w-image align_left\"><div class=\"w-image-h\"><img loading=\"lazy\" decoding=\"async\" width=\"182\" height=\"182\" src=\"https:\/\/www.deepchill.com\/wp-content\/uploads\/2020\/10\/crystals-at-any-temperature-img.jpg\" class=\"attachment-full size-full\" alt=\"crystals-at-any-temperature-img\" srcset=\"https:\/\/www.deepchill.com\/wp-content\/uploads\/2020\/10\/crystals-at-any-temperature-img.jpg 182w, https:\/\/www.deepchill.com\/wp-content\/uploads\/2020\/10\/crystals-at-any-temperature-img-150x150.jpg 150w\" sizes=\"auto, (max-width: 182px) 100vw, 182px\" \/><\/div><\/div><div class=\"wpb_text_column\" ><div class=\"wpb_wrapper\"><h3>Sn\u00f8 ved hvilken som helst temperatur<\/h3>\n<p>Deepchill\u00ae sn\u00f8lignende krystaller dannes ved hjelp av en unik distribuert krystallisasjonsprosess inne i en lukket generator og lagringssilo. Det lar deg produsere pulversn\u00f8, selv om sommeren.<\/p>\n<\/div><\/div><\/div><\/div><\/div><div class=\"vc_col-sm-4 wpb_column vc_column_container\"><div class=\"vc_column-inner\"><div class=\"wpb_wrapper\"><div class=\"w-image align_left\"><div class=\"w-image-h\"><img loading=\"lazy\" decoding=\"async\" width=\"182\" height=\"182\" src=\"https:\/\/www.deepchill.com\/wp-content\/uploads\/2020\/10\/superior-quality-img.jpg\" class=\"attachment-full size-full\" alt=\"superior-quality-img\" srcset=\"https:\/\/www.deepchill.com\/wp-content\/uploads\/2020\/10\/superior-quality-img.jpg 182w, https:\/\/www.deepchill.com\/wp-content\/uploads\/2020\/10\/superior-quality-img-150x150.jpg 150w\" sizes=\"auto, (max-width: 182px) 100vw, 182px\" \/><\/div><\/div><div class=\"wpb_text_column\" ><div class=\"wpb_wrapper\"><h3>Overlegen kvalitet<\/h3>\n<p>Sn\u00f8 produsert fra Deepchill\u00ae-iskrystall skiller seg umiddelbart fra de andre typer kunstige sn\u00f8 p\u00e5 grunn av sin struktur og ensartede farge.<\/p>\n<\/div><\/div><\/div><\/div><\/div><div class=\"vc_col-sm-4 wpb_column vc_column_container\"><div class=\"vc_column-inner\"><div class=\"wpb_wrapper\"><div class=\"w-image align_left\"><div class=\"w-image-h\"><img loading=\"lazy\" decoding=\"async\" width=\"182\" height=\"182\" src=\"https:\/\/www.deepchill.com\/wp-content\/uploads\/2020\/10\/automated-handling-img.jpg\" class=\"attachment-full size-full\" alt=\"automated-handling-img\" srcset=\"https:\/\/www.deepchill.com\/wp-content\/uploads\/2020\/10\/automated-handling-img.jpg 182w, https:\/\/www.deepchill.com\/wp-content\/uploads\/2020\/10\/automated-handling-img-150x150.jpg 150w\" sizes=\"auto, (max-width: 182px) 100vw, 182px\" \/><\/div><\/div><div class=\"wpb_text_column\" ><div class=\"wpb_wrapper\"><h3>Automatisert h\u00e5ndtering<\/h3>\n<p>Deepchill\u00ae-iskrystaller kan genereres i volum og lagres i siloer og automatisk dispenseres eller bl\u00e5ses der det er behov for det.<\/p>\n<\/div><\/div><\/div><\/div><\/div><\/div><\/div><\/div><\/div><\/div><\/div><\/section><section class=\"l-section wpb_row height_medium color_alternate\"><div class=\"l-section-h i-cf\"><div class=\"g-cols vc_row type_default valign_top\"><div class=\"vc_col-sm-12 wpb_column vc_column_container\"><div class=\"vc_column-inner\"><div class=\"wpb_wrapper\"><div class=\"wpb_text_column\" ><div class=\"wpb_wrapper\"><h2 style=\"text-align: center;\">Sn\u00f8 for ethvert bruksomr\u00e5de<\/h2>\n<p>Deepchill\u00ae er ideell for et bredt spekter av bruksomr\u00e5der som krever en p\u00e5litelig kilde til sn\u00f8, for eksempel:<\/p>\n<ul>\n<li>Skibakker og innend\u00f8rs skianlegg<\/li>\n<li>Dyrehager<\/li>\n<li>Filmsett<\/li>\n<\/ul>\n<\/div><\/div><\/div><\/div><\/div><\/div><\/div><\/section><section class=\"l-section wpb_row height_medium color_footer-top\"><div class=\"l-section-h i-cf\"><div class=\"g-cols vc_row type_default valign_top\"><div class=\"vc_col-sm-12 wpb_column vc_column_container\"><div class=\"vc_column-inner\"><div class=\"wpb_wrapper\"><div class=\"g-cols wpb_row  type_default valign_top vc_inner dc-snow-for-any-application-section\"><div class=\"vc_col-sm-6 wpb_column vc_column_container\"><div class=\"vc_column-inner\"><div class=\"wpb_wrapper\"><div class=\"wpb_text_column\" ><div class=\"wpb_wrapper\"><h3>Alps Center, Bottrop, Tyskland<\/h3>\n<p>Deepchill\u00ae sn\u00f8 testes p\u00e5 Alp Center i Bottrop, Tyskland. Vurderinger av Deepchill\u00ae-sn\u00f8en har v\u00e6rt veldig positive, med skiinstrukt\u00f8rer som erkjenner strukturen og fargen p\u00e5 den kunstige sn\u00f8en. Deepchill\u00ae-sn\u00f8 hadde betydelig mer gnist enn annen kunstige sn\u00f8. Snowboardinstrukt\u00f8rer bemerket ogs\u00e5 den forbedrede gliden i den nye sn\u00f8en.<\/p>\n<\/div><\/div><\/div><\/div><\/div><div class=\"vc_col-sm-6 wpb_column vc_column_container\"><div class=\"vc_column-inner\"><div class=\"wpb_wrapper\"><div class=\"w-image us_custom_50cc7d67 align_none\"><div class=\"w-image-h\"><img loading=\"lazy\" decoding=\"async\" width=\"768\" height=\"500\" src=\"https:\/\/www.deepchill.com\/wp-content\/uploads\/2020\/10\/alps-center-bottrop-germany-img.jpg\" class=\"attachment-full size-full\" alt=\"alps-center-bottrop-germany-img\" srcset=\"https:\/\/www.deepchill.com\/wp-content\/uploads\/2020\/10\/alps-center-bottrop-germany-img.jpg 768w, https:\/\/www.deepchill.com\/wp-content\/uploads\/2020\/10\/alps-center-bottrop-germany-img-300x195.jpg 300w, https:\/\/www.deepchill.com\/wp-content\/uploads\/2020\/10\/alps-center-bottrop-germany-img-600x391.jpg 600w\" sizes=\"auto, (max-width: 768px) 100vw, 768px\" \/><\/div><\/div><\/div><\/div><\/div><\/div><div class=\"g-cols wpb_row  type_default valign_top vc_inner dc-snow-for-any-application-section\"><div class=\"vc_col-sm-6 wpb_column vc_column_container\"><div class=\"vc_column-inner\"><div class=\"wpb_wrapper\"><div class=\"wpb_text_column\" ><div class=\"wpb_wrapper\"><h3>SeaWorld Penguin Habitat, San Diego, USA.<\/h3>\n<p>Deepchill Solutions Inc. leverte saltfritt Deepchill\u00ae i t\u00f8rr form for utstillingen pingvinene i \u00a0Sea World. Utstillingen viser pingvinenes naturlige habitat.<\/p>\n<p>Det er et lukket milj\u00f8 som holder omtrent -1\u00baC. Hele milj\u00f8et (gulv, berg, slede osv.) Er dekket med ca 15 cm Deepchill\u00ae-sn\u00f8, som bl\u00e5ses inn i utstillingen en gang om dagen, 7 dager i uken.<\/p>\n<p>Fordi Deepchill\u00ae-krystallene er s\u00e5 lette, kan en mer jevn dekning av utstillingen oppn\u00e5s p\u00e5 kortere tid og med mindre innsats. Deepchill\u00ae-krystaller det n\u00e6rmeste utseendet og f\u00f8lelsen av sn\u00f8, og pingvinene elsker det!<\/p>\n<p>Det opprinnelige systemet ble installert i 1999, og etter 18 \u00e5r med p\u00e5litelig ytelse ble systemet oppgradert og modernisert med en ny generasjon Deepchill\u00ae-system i 2017.<\/p>\n<\/div><\/div><\/div><\/div><\/div><div class=\"vc_col-sm-6 wpb_column vc_column_container\"><div class=\"vc_column-inner\"><div class=\"wpb_wrapper\"><div class=\"w-separator size_huge\"><\/div><div class=\"w-image us_custom_50cc7d67 align_none\"><div class=\"w-image-h\"><img loading=\"lazy\" decoding=\"async\" width=\"768\" height=\"500\" src=\"https:\/\/www.deepchill.com\/wp-content\/uploads\/2020\/10\/seaworld-san-diego-usa-img.jpg\" class=\"attachment-full size-full\" alt=\"seaworld-san-diego-usa-img\" srcset=\"https:\/\/www.deepchill.com\/wp-content\/uploads\/2020\/10\/seaworld-san-diego-usa-img.jpg 768w, https:\/\/www.deepchill.com\/wp-content\/uploads\/2020\/10\/seaworld-san-diego-usa-img-300x195.jpg 300w, https:\/\/www.deepchill.com\/wp-content\/uploads\/2020\/10\/seaworld-san-diego-usa-img-600x391.jpg 600w\" sizes=\"auto, (max-width: 768px) 100vw, 768px\" \/><\/div><\/div><\/div><\/div><\/div><\/div><\/div><\/div><\/div><\/div><\/div><\/section>\n","protected":false},"excerpt":{"rendered":"La det sn\u00f8! Forskjellen med Deepchill\u00ae N\u00e5r virksomheten din er avhengig av \u00e5 ha p\u00e5litelig sn\u00f8, kan uforutsigbarhet p\u00e5virke driften og bunnlinjen.. Deepchill\u00ae-systemet lar deg produsere sn\u00f8krystaller n\u00e5r du vil, ved enhver temperatur. Sn\u00f8 ved hvilken som helst temperatur Deepchill\u00ae sn\u00f8lignende krystaller dannes ved hjelp av en unik distribuert krystallisasjonsprosess inne i en lukket generator...","protected":false},"author":2,"featured_media":0,"parent":12953,"menu_order":0,"comment_status":"closed","ping_status":"closed","template":"","meta":{"footnotes":""},"class_list":["post-13256","page","type-page","status-publish","hentry"],"aioseo_notices":[],"_links":{"self":[{"href":"https:\/\/www.deepchill.com\/no\/wp-json\/wp\/v2\/pages\/13256","targetHints":{"allow":["GET"]}}],"collection":[{"href":"https:\/\/www.deepchill.com\/no\/wp-json\/wp\/v2\/pages"}],"about":[{"href":"https:\/\/www.deepchill.com\/no\/wp-json\/wp\/v2\/types\/page"}],"author":[{"embeddable":true,"href":"https:\/\/www.deepchill.com\/no\/wp-json\/wp\/v2\/users\/2"}],"replies":[{"embeddable":true,"href":"https:\/\/www.deepchill.com\/no\/wp-json\/wp\/v2\/comments?post=13256"}],"version-history":[{"count":6,"href":"https:\/\/www.deepchill.com\/no\/wp-json\/wp\/v2\/pages\/13256\/revisions"}],"predecessor-version":[{"id":17258,"href":"https:\/\/www.deepchill.com\/no\/wp-json\/wp\/v2\/pages\/13256\/revisions\/17258"}],"up":[{"embeddable":true,"href":"https:\/\/www.deepchill.com\/no\/wp-json\/wp\/v2\/pages\/12953"}],"wp:attachment":[{"href":"https:\/\/www.deepchill.com\/no\/wp-json\/wp\/v2\/media?parent=13256"}],"curies":[{"name":"wp","href":"https:\/\/api.w.org\/{rel}","templated":true}]}}