{"id":13259,"date":"2020-10-19T09:45:33","date_gmt":"2020-10-19T09:45:33","guid":{"rendered":"https:\/\/www.deepchill.com\/success-stories\/"},"modified":"2023-04-18T07:51:40","modified_gmt":"2023-04-18T07:51:40","slug":"success-stories","status":"publish","type":"page","link":"https:\/\/www.deepchill.com\/no\/success-stories\/","title":{"rendered":"Suksesshistorier"},"content":{"rendered":"<section class=\"l-section wpb_row height_small dc-normal-font\"><div class=\"l-section-h i-cf\"><div class=\"g-cols vc_row type_default valign_top\"><div class=\"vc_col-sm-12 wpb_column vc_column_container\"><div class=\"vc_column-inner\"><div class=\"wpb_wrapper\"><div class=\"wpb_text_column\" ><div class=\"wpb_wrapper\"><h4>Vi har inng\u00e5tt et samarbeid med mange suksessrike selskaper over hele verden, og hjelper dem med \u00e5 oppn\u00e5 st\u00f8rre ytelse ved \u00e5 bruke v\u00e5rt Deepchill\u00ae-system for \u00e5 dekke deres kj\u00f8le- og konserveringsbehov.<\/h4>\n<\/div><\/div><\/div><\/div><\/div><\/div><\/div><\/section><section class=\"l-section wpb_row us_custom_887a049b height_medium\"><div class=\"l-section-h i-cf\"><div class=\"g-cols vc_row type_default valign_top\"><div class=\"vc_col-sm-12 wpb_column vc_column_container\"><div class=\"vc_column-inner\"><div class=\"wpb_wrapper\"><div class=\"g-cols wpb_row  type_default valign_top reversed vc_inner dc-alternate-section\"><div class=\"vc_col-sm-6 wpb_column vc_column_container has-fill cd-alternate-img-box\"><div class=\"vc_column-inner us_custom_7188c039\"><div class=\"wpb_wrapper\"><\/div><\/div><\/div><div class=\"vc_col-sm-6 wpb_column vc_column_container dc-light-blue-bg dc-with-subtitle-section\"><div class=\"vc_column-inner\"><div class=\"wpb_wrapper\"><div class=\"wpb_text_column\" ><div class=\"wpb_wrapper\"><p><strong>McCarthy\u2019s Fisheries Limited<\/strong><\/p>\n<h3>Innebygd kj\u00f8ling<\/h3>\n<p>Et Deepchill\u00ae-system installert om bord p\u00e5 deres nye fart\u00f8y hjalp McCarthy\u2019s med \u00e5 forbedre drift og bunnlinje.<\/p>\n<p><a class=\"dc-caret-link\" href=\"https:\/\/www.deepchill.com\/success-stories\/onboard-cooling\/?lang=no\">Finn ut mer<i class=\"fa fa-angle-right\"><\/i><\/a><\/p>\n<\/div><\/div><\/div><\/div><\/div><\/div><div class=\"g-cols wpb_row  type_default valign_top vc_inner dc-alternate-section\"><div class=\"vc_col-sm-6 wpb_column vc_column_container dc-light-blue-bg dc-with-subtitle-section\"><div class=\"vc_column-inner\"><div class=\"wpb_wrapper\"><div class=\"wpb_text_column\" ><div class=\"wpb_wrapper\"><p><strong>Yamahon Corporation<\/strong><\/p>\n<h3>Kj\u00f8ling og pakking av fersk fisk<\/h3>\n<p>Integrering av et Deepchill\u00ae-system i hele virksomheten gjorde det mulig for Yamahon Corporation \u00e5 skille seg ut fra konkurransen med sin \u00absaury\u00bb fisk av f\u00f8rsteklasses kvalitet.<\/p>\n<p><a class=\"dc-caret-link\" href=\"https:\/\/www.deepchill.com\/success-stories\/fresh-fish-chilling-and-packing\/?lang=no\">Finn ut mer <i class=\"fa fa-angle-right\"><\/i><\/a><\/p>\n<\/div><\/div><\/div><\/div><\/div><div class=\"vc_col-sm-6 wpb_column vc_column_container has-fill cd-alternate-img-box\"><div class=\"vc_column-inner us_custom_6bbbdefb\"><div class=\"wpb_wrapper\"><\/div><\/div><\/div><\/div><div class=\"g-cols wpb_row  type_default valign_top reversed vc_inner dc-alternate-section\"><div class=\"vc_col-sm-6 wpb_column vc_column_container has-fill cd-alternate-img-box\"><div class=\"vc_column-inner us_custom_10213254\"><div class=\"wpb_wrapper\"><\/div><\/div><\/div><div class=\"vc_col-sm-6 wpb_column vc_column_container dc-light-blue-bg dc-with-subtitle-section\"><div class=\"vc_column-inner\"><div class=\"wpb_wrapper\"><div class=\"wpb_text_column\" ><div class=\"wpb_wrapper\"><p><strong>Sandovegetales<\/strong><\/p>\n<h3>Pakking av fersk brokkoli<\/h3>\n<p>Integrering av et Deepchill\u00ae-system i det nye anlegget hjalp Sandovegetales med \u00e5 utvide produksjonen og n\u00e5 nye markeder for produkter med h\u00f8y kvalitet.<\/p>\n<p><a class=\"dc-caret-link\" href=\"https:\/\/www.deepchill.com\/success-stories\/fresh-broccoli-packing\/?lang=no\">Finn ut mer<i class=\"fa fa-angle-right\"><\/i><\/a><\/p>\n<\/div><\/div><\/div><\/div><\/div><\/div><div class=\"g-cols wpb_row  type_default valign_top vc_inner dc-alternate-section\"><div class=\"vc_col-sm-6 wpb_column vc_column_container dc-light-blue-bg dc-with-subtitle-section\"><div class=\"vc_column-inner\"><div class=\"wpb_wrapper\"><div class=\"wpb_text_column\" ><div class=\"wpb_wrapper\"><p><strong>National Aquaculture Group (NAQUA)<\/strong><\/p>\n<h3>Sashimi-reker fra \u00f8rkenen.<\/h3>\n<p>Fra oppdrett til prosessering er et integrert Deepchill\u00ae-system brukt av NAQUA for \u00e5 \u00f8ke produksjonen av f\u00f8rsteklasses reker og sikre jevn levering av produkter av h\u00f8y kvalitet.<\/p>\n<p><a class=\"dc-caret-link\" href=\"https:\/\/www.deepchill.com\/success-stories\/sashimi-quality-shrimp-from-the-desert\/?lang=no\">Finn ut mer<i class=\"fa fa-angle-right\"><\/i><\/a><\/p>\n<\/div><\/div><\/div><\/div><\/div><div class=\"vc_col-sm-6 wpb_column vc_column_container has-fill cd-alternate-img-box\"><div class=\"vc_column-inner us_custom_1f753968\"><div class=\"wpb_wrapper\"><\/div><\/div><\/div><\/div><\/div><\/div><\/div><\/div><\/div><\/section>\n","protected":false},"excerpt":{"rendered":"Vi har inng\u00e5tt et samarbeid med mange suksessrike selskaper over hele verden, og hjelper dem med \u00e5 oppn\u00e5 st\u00f8rre ytelse ved \u00e5 bruke v\u00e5rt Deepchill\u00ae-system for \u00e5 dekke deres kj\u00f8le- og konserveringsbehov. McCarthy\u2019s Fisheries Limited Innebygd kj\u00f8ling Et Deepchill\u00ae-system installert om bord p\u00e5 deres nye fart\u00f8y hjalp McCarthy\u2019s med \u00e5 forbedre drift og bunnlinje. Finn...","protected":false},"author":2,"featured_media":0,"parent":0,"menu_order":0,"comment_status":"closed","ping_status":"closed","template":"","meta":{"footnotes":""},"class_list":["post-13259","page","type-page","status-publish","hentry"],"aioseo_notices":[],"_links":{"self":[{"href":"https:\/\/www.deepchill.com\/no\/wp-json\/wp\/v2\/pages\/13259","targetHints":{"allow":["GET"]}}],"collection":[{"href":"https:\/\/www.deepchill.com\/no\/wp-json\/wp\/v2\/pages"}],"about":[{"href":"https:\/\/www.deepchill.com\/no\/wp-json\/wp\/v2\/types\/page"}],"author":[{"embeddable":true,"href":"https:\/\/www.deepchill.com\/no\/wp-json\/wp\/v2\/users\/2"}],"replies":[{"embeddable":true,"href":"https:\/\/www.deepchill.com\/no\/wp-json\/wp\/v2\/comments?post=13259"}],"version-history":[{"count":5,"href":"https:\/\/www.deepchill.com\/no\/wp-json\/wp\/v2\/pages\/13259\/revisions"}],"predecessor-version":[{"id":19399,"href":"https:\/\/www.deepchill.com\/no\/wp-json\/wp\/v2\/pages\/13259\/revisions\/19399"}],"wp:attachment":[{"href":"https:\/\/www.deepchill.com\/no\/wp-json\/wp\/v2\/media?parent=13259"}],"curies":[{"name":"wp","href":"https:\/\/api.w.org\/{rel}","templated":true}]}}