{"id":13266,"date":"2020-10-29T08:22:44","date_gmt":"2020-10-29T08:22:44","guid":{"rendered":"https:\/\/www.deepchill.com\/success-stories\/fresh-broccoli-packing\/"},"modified":"2023-04-18T08:47:30","modified_gmt":"2023-04-18T08:47:30","slug":"fresh-broccoli-packing","status":"publish","type":"page","link":"https:\/\/www.deepchill.com\/no\/success-stories\/fresh-broccoli-packing\/","title":{"rendered":"Pakking av fersk brokkoli"},"content":{"rendered":"<section class=\"l-section wpb_row height_medium\"><div class=\"l-section-h i-cf\"><div class=\"g-cols vc_row type_default valign_top\"><div class=\"vc_col-sm-12 wpb_column vc_column_container\"><div class=\"vc_column-inner\"><div class=\"wpb_wrapper\"><div class=\"wpb_text_column dc-normal-font\" ><div class=\"wpb_wrapper\"><h4>Guanajuato, Mexico<\/h4>\n<\/div><\/div>[vc_raw_html]JTNDYSUyMGlkJTNEJTIyc2FuZG8lMjIlMjBjbGFzcyUzRCUyMmRjLWNhcmV0LWxpbmslMjBkYy1kb3dubG9hZC1saW5rJTIwZGMtZG93bmxvYWQtYnJvY2h1cmUtbGluayUyMGRjLXN1Y2Nlc3Mtc3Rvcmllcy1icm9jaHVyZS1saW5rJTIyJTIwaHJlZiUzRCUyMmphdmFzY3JpcHQlM0F2b2lkJTI4MCUyOSUzQiUyMiUzRSUzQ2ltZyUyMHNyYyUzRCUyMiUyMGh0dHBzJTNBJTJGJTJGc3Vud2VsbC5jb20lMkZ3cC1jb250ZW50JTJGdXBsb2FkcyUyRjIwMjAlMkYxMCUyRmRvd25sb2FkLXBkZi1pY29uLnBuZyUyMiUyMGFsdCUzRCUyMmRvd25sb2FkLXBkZi1pY29uJTIyJTIwJTJGJTNFJTIwJTNDaSUyMGNsYXNzJTNEJTIyZGMtbGluay10ZXh0JTIyJTNFTGFzdCUyMG5lZCUyMHN1a3Nlc3NoaXN0b3JpZW4uJTNDaSUyMGNsYXNzJTNEJTIyZmElMjBmYS1hbmdsZS1kb3duJTIyJTNFJTNDJTJGaSUzRSUzQyUyRmklM0UlM0MlMkZhJTNF[\/vc_raw_html]<\/div><\/div><\/div><\/div><\/div><\/section><section class=\"l-section wpb_row height_auto width_full dc-inner-banner-img with_img\"><div class=\"l-section-img\" style=\"background-image: url(https:\/\/www.deepchill.com\/wp-content\/uploads\/2020\/10\/fresh-broccoli-packing-img2.jpg);background-repeat: no-repeat;\" data-img-width=\"1920\" data-img-height=\"520\"><\/div><div class=\"l-section-h i-cf\"><div class=\"g-cols vc_row type_default valign_top\"><div class=\"vc_col-sm-12 wpb_column vc_column_container\"><div class=\"vc_column-inner\"><div class=\"wpb_wrapper\"><\/div><\/div><\/div><\/div><\/div><\/section><section class=\"l-section wpb_row height_medium dc-blue-bg dc-below-slider-section\"><div class=\"l-section-h i-cf\"><div class=\"g-cols vc_row type_default valign_top\"><div class=\"vc_col-sm-6 wpb_column vc_column_container\"><div class=\"vc_column-inner\"><div class=\"wpb_wrapper\"><div class=\"wpb_text_column\" ><div class=\"wpb_wrapper\"><h4>Luis Guillermo Sandoval Mora fra Sandovegetales deler sine erfaringer med Deepchill Solutions Inc.&#8217;s Deepchill\u00ae System p\u00e5 g\u00e5rden deres hvor de pakker paller med brokkoli med Deepchill\u00ae.<\/h4>\n<p><a class=\"dc-caret-link\">Se videoen for \u00e5 finne ut mer<i class=\"fa fa-angle-right\"><\/i><\/a><\/p>\n<\/div><\/div><\/div><\/div><\/div><div class=\"vc_col-sm-6 wpb_column vc_column_container\"><div class=\"vc_column-inner\"><div class=\"wpb_wrapper\"><div id=\"ultimate-video-597169f36e99ad5a2\" class=\"ult-video  ult-adjust-bottom-margin ultimate-video-597169f36e99ad5a2 ultv-5570 \"><div class=\"ultv-video ultv-aspect-ratio-16_9 ultv-subscribe-responsive-none\" data-videotype=\"uv_iframe\">\r\n\t\t\t\t\t\t<div class=\"ultv-video__outer-wrap\" data-autoplay=\"0\" data-device=\"false\"  data-iconbg=\"#3a3a3a\" data-overcolor=\"\" data-defaultbg=\"#1f1f1e\" data-defaultplay=\"icon\"><div class=\"ultv-video__play\" data-src=\"https:\/\/www.youtube.com\/embed\/19mzUxIJmZs?rel=0&amp;start&amp;end&amp;controls=1&amp;mute=0&amp;modestbranding=0&amp;autoplay=1\">\r\n\t\t\t\t\t\t\t\t<img decoding=\"async\" class=\"ultv-video__thumb\" src=\"https:\/\/i.ytimg.com\/vi\/19mzUxIJmZs\/maxresdefault.jpg\"\/>\r\n\t\t\t\t\t\t\t\t<div class=\"ultv-video__play-icon Defaults-play-circle ultv-animation-none\" style=\"font-size:80px;\"><\/div> <\/div> <\/div><\/div><\/div><\/div><\/div><\/div><\/div><\/div><\/section><section class=\"l-section wpb_row us_custom_19737bc8 height_medium dc-normal-font\"><div class=\"l-section-h i-cf\"><div class=\"g-cols vc_row type_default valign_top\"><div class=\"vc_col-sm-12 wpb_column vc_column_container\"><div class=\"vc_column-inner\"><div class=\"wpb_wrapper\"><div class=\"wpb_text_column\" ><div class=\"wpb_wrapper\"><h2 style=\"text-align: center;\">Pakking av fersk brokkoli<\/h2>\n<h4 style=\"text-align: center;\">Integrering av et Deepchill\u00ae-system i det nye anlegget hjalp Sandovegetales med \u00e5 utvide produksjonen og n\u00e5 nye markeder med produkter av h\u00f8y kvalitet.<\/h4>\n<\/div><\/div><\/div><\/div><\/div><\/div><\/div><\/section><section class=\"l-section wpb_row height_medium dc-success-story-section\"><div class=\"l-section-h i-cf\"><div class=\"g-cols vc_row type_default valign_top\"><div class=\"vc_col-sm-6 wpb_column vc_column_container dc-success-story-left-box\"><div class=\"vc_column-inner\"><div class=\"wpb_wrapper\"><div class=\"wpb_text_column\" ><div class=\"wpb_wrapper\"><h2>\u00d8kt salg<\/h2>\n<p>Etter installasjon av Deepchill\u00ae \u00f8kte Sandovegetales bestillingen av sin asiatiske kuttede brokkoli med mer enn 700 %. De har tiltrukket seg nye kunder og distribut\u00f8rer, og eksisterende kunder begynte \u00e5 bestille mer. Som et resultat utvidet de virksomheten. I dag er de ikke bare en stor produsent, de er ogs\u00e5 en stor grossist.<\/p>\n<h2>N\u00e5r flere og st\u00f8rre markeder<\/h2>\n<p>Kasser med produkter pakket i Deepchill\u00ae kan n\u00e5 sendes fra Mexico til fjerne markeder som Asia, mens kvaliteten og friskheten p\u00e5 produktet fortsatt opprettholdes. Dette har gjort det mulig for selskapet \u00e5 skaffe seg nye kunder i flere deler av verden.<\/p>\n<h2>Effektiv drift<\/h2>\n<p>Med Deepchill\u00ae i egen virksomhet har selskapet n\u00e5 mer kontroll over isingsprosessen. Brokkolien deres trenger ikke \u00e5 vente p\u00e5 is mens den taper kvalitet. Det automatiserte Deepchill\u00ae-systemet eliminerer ogs\u00e5 kostbart og vedlikeholdsintensivt utstyr som raker, skruer og knusere, og sparer samtidig tid og penger.<\/p>\n<\/div><\/div><\/div><\/div><\/div><div class=\"vc_col-sm-6 wpb_column vc_column_container dc-normal-font dc-success-story-right-box\"><div class=\"vc_column-inner\"><div class=\"wpb_wrapper\"><div class=\"wpb_text_column\" ><div class=\"wpb_wrapper\"><h4>Download the success story and find out more about the Deepchill<sup>\u00ae<\/sup> application and results.<\/h4>\n<\/div><\/div><div role=\"form\" class=\"wpcf7\" id=\"wpcf7-f10002-o1\" lang=\"en-US\" dir=\"ltr\">\n<div class=\"screen-reader-response\"><p role=\"status\" aria-live=\"polite\" aria-atomic=\"true\"><\/p> <ul><\/ul><\/div>\n<form action=\"\/no\/wp-json\/wp\/v2\/pages\/13266#wpcf7-f10002-o1\" method=\"post\" class=\"wpcf7-form init\" novalidate=\"novalidate\" data-status=\"init\">\n<div style=\"display: none;\">\n<input type=\"hidden\" name=\"_wpcf7\" value=\"10002\" \/>\n<input type=\"hidden\" name=\"_wpcf7_version\" value=\"5.4.2\" \/>\n<input type=\"hidden\" name=\"_wpcf7_locale\" value=\"en_US\" \/>\n<input type=\"hidden\" name=\"_wpcf7_unit_tag\" value=\"wpcf7-f10002-o1\" \/>\n<input type=\"hidden\" name=\"_wpcf7_container_post\" value=\"0\" \/>\n<input type=\"hidden\" name=\"_wpcf7_posted_data_hash\" value=\"\" \/>\n<input type=\"hidden\" name=\"_cf7a__timestamp\" value=\"lpGjX6aUmZF1OfsK9H5FBA==\" \/>\n<input type=\"hidden\" name=\"_cf7a_version\" value=\"1.0\" \/>\n<input type=\"hidden\" name=\"_cf7a_address\" value=\"ZmYiKKMY0116gv2bT8tnXA==\" \/>\n<input type=\"hidden\" name=\"_cf7a_referer\" value=\"afvH1J1ZaRHqhSK6FhxB0A==\" \/>\n<input type=\"hidden\" name=\"_cf7a_protocol\" value=\"pWtprw5AzwDCaANKy52cYA==\" \/>\n<input type=\"hidden\" name=\"_wpcf7_recaptcha_response\" value=\"\" \/>\n<input type=\"hidden\" name=\"_cf7a_bot_fingerprint\" value=\"lpGjX6aUmZF1OfsK9H5FBA==\" \/>\n<input type=\"hidden\" name=\"_cf7a_bot_fingerprint_extras\" value=\"\" \/>\n<input type=\"hidden\" name=\"_cf7a_append_on_submit\" value=\"\" \/>\n<\/div>\n<div class=\"dc-success-story\">\n<p><label> Company name<\/label><br \/>\n<span class=\"wpcf7-form-control-wrap company-name\"><input type=\"text\" name=\"name\" value=\"\" autocomplete=\"fill\" class=\"fit-the-fullspace\" aria-hidden=\"true\" tabindex=\"-1\" \/><input type=\"text\" name=\"company-name\" value=\"\" size=\"40\" maxlength=\"200\" class=\"wpcf7-form-control wpcf7-text wpcf7-validates-as-required\" aria-required=\"true\" aria-invalid=\"false\" \/><\/span> <\/p>\n<p><label> First name<\/label><br \/>\n<span class=\"wpcf7-form-control-wrap first-name\"><input type=\"text\" name=\"first-name\" value=\"\" size=\"40\" maxlength=\"100\" class=\"wpcf7-form-control wpcf7-text wpcf7-validates-as-required\" aria-required=\"true\" aria-invalid=\"false\" \/><input type=\"text\" name=\"email\" value=\"\" autocomplete=\"fill\" class=\"fit-the-fullspace\" aria-hidden=\"true\" tabindex=\"-1\" \/><\/span> <\/p>\n<p><label> Last name<\/label><br \/>\n<span class=\"wpcf7-form-control-wrap last-name\"><input type=\"text\" name=\"last-name\" value=\"\" size=\"40\" maxlength=\"100\" class=\"wpcf7-form-control wpcf7-text wpcf7-validates-as-required\" aria-required=\"true\" aria-invalid=\"false\" \/><input type=\"text\" name=\"address\" value=\"\" autocomplete=\"fill\" class=\"fit-the-fullspace\" aria-hidden=\"true\" tabindex=\"-1\" \/><\/span> <\/p>\n<p><label> Email<\/label><br \/>\n<span class=\"wpcf7-form-control-wrap your-email\"><input type=\"email\" name=\"your-email\" value=\"\" size=\"40\" maxlength=\"200\" class=\"wpcf7-form-control wpcf7-text wpcf7-email wpcf7-validates-as-required wpcf7-validates-as-email\" aria-required=\"true\" aria-invalid=\"false\" \/><\/span><\/p>\n<p><label> Phone Number <\/label><br \/>\n<span class=\"wpcf7-form-control-wrap phone-number\"><input type=\"tel\" name=\"phone-number\" value=\"\" size=\"40\" class=\"wpcf7-form-control wpcf7-text wpcf7-tel wpcf7-validates-as-required wpcf7-validates-as-tel\" aria-required=\"true\" aria-invalid=\"false\" \/><\/span><\/p>\n<p><label>How did you hear about us?*<\/label><br \/>\n<span class=\"wpcf7-form-control-wrap find-us\"><select name=\"find-us\" class=\"wpcf7-form-control wpcf7-select\" aria-invalid=\"false\"><option value=\"\">---<\/option><option value=\"Google Search\">Google Search<\/option><option value=\"LinkedIn\">LinkedIn<\/option><option value=\"Instagram\">Instagram<\/option><option value=\"Facebook\">Facebook<\/option><option value=\"Company Email\">Company Email<\/option><option value=\"Tradeshow\">Tradeshow<\/option><option value=\"Other\">Other<\/option><\/select><\/span><\/p>\n<p><span class=\"wpcf7-form-control-wrap dc-agree\"><span class=\"wpcf7-form-control wpcf7-checkbox wpcf7-validates-as-required\"><span class=\"wpcf7-list-item first last\"><label><input type=\"checkbox\" name=\"dc-agree[]\" value=\"I agree to the Terms and Conditions\" \/><span class=\"wpcf7-list-item-label\">I agree to the Terms and Conditions<\/span><\/label><\/span><\/span><\/span><\/p>\n<input type=\"hidden\" name=\"bro_id\" value=\"\" class=\"wpcf7-form-control wpcf7-hidden\" id=\"bro_id\" \/>\n<div class=\"dc-form-submit-link\"><input type=\"submit\" value=\"Download file\" class=\"wpcf7-form-control wpcf7-submit\" \/><\/div>\n<\/div>\n<div class=\"wpcf7-response-output\" aria-hidden=\"true\"><\/div><\/form><\/div><\/div><\/div><\/div><\/div><\/div><\/section><section class=\"l-section wpb_row us_custom_887a049b height_medium\"><div class=\"l-section-h i-cf\"><div class=\"g-cols vc_row type_default valign_top\"><div class=\"vc_col-sm-12 wpb_column vc_column_container\"><div class=\"vc_column-inner\"><div class=\"wpb_wrapper\"><div class=\"wpb_text_column\" ><div class=\"wpb_wrapper\"><h2>Vil du oppn\u00e5 lignende resultater?<\/h2>\n<p><a href=\"https:\/\/www.deepchill.com\/get-in-touch\/\">Kontakt oss <\/a> for \u00e5 designe et Deepchill\u00ae-system som passer de spesifikke behovene til din virksomhet.<\/p>\n<\/div><\/div><\/div><\/div><\/div><\/div><\/div><\/section>\n","protected":false},"excerpt":{"rendered":"Guanajuato, Mexico [vc_raw_html]JTNDYSUyMGlkJTNEJTIyc2FuZG8lMjIlMjBjbGFzcyUzRCUyMmRjLWNhcmV0LWxpbmslMjBkYy1kb3dubG9hZC1saW5rJTIwZGMtZG93bmxvYWQtYnJvY2h1cmUtbGluayUyMGRjLXN1Y2Nlc3Mtc3Rvcmllcy1icm9jaHVyZS1saW5rJTIyJTIwaHJlZiUzRCUyMmphdmFzY3JpcHQlM0F2b2lkJTI4MCUyOSUzQiUyMiUzRSUzQ2ltZyUyMHNyYyUzRCUyMiUyMGh0dHBzJTNBJTJGJTJGc3Vud2VsbC5jb20lMkZ3cC1jb250ZW50JTJGdXBsb2FkcyUyRjIwMjAlMkYxMCUyRmRvd25sb2FkLXBkZi1pY29uLnBuZyUyMiUyMGFsdCUzRCUyMmRvd25sb2FkLXBkZi1pY29uJTIyJTIwJTJGJTNFJTIwJTNDaSUyMGNsYXNzJTNEJTIyZGMtbGluay10ZXh0JTIyJTNFTGFzdCUyMG5lZCUyMHN1a3Nlc3NoaXN0b3JpZW4uJTNDaSUyMGNsYXNzJTNEJTIyZmElMjBmYS1hbmdsZS1kb3duJTIyJTNFJTNDJTJGaSUzRSUzQyUyRmklM0UlM0MlMkZhJTNF[\/vc_raw_html]Luis Guillermo Sandoval Mora fra Sandovegetales deler sine erfaringer med Deepchill Solutions Inc.&#8217;s Deepchill\u00ae System p\u00e5 g\u00e5rden deres hvor de pakker paller med brokkoli med Deepchill\u00ae. Se videoen for \u00e5 finne ut mer Pakking av fersk brokkoli Integrering av et Deepchill\u00ae-system i det nye anlegget hjalp Sandovegetales med \u00e5 utvide produksjonen og n\u00e5...","protected":false},"author":2,"featured_media":0,"parent":13259,"menu_order":0,"comment_status":"closed","ping_status":"closed","template":"","meta":{"footnotes":""},"class_list":["post-13266","page","type-page","status-publish","hentry"],"aioseo_notices":[],"_links":{"self":[{"href":"https:\/\/www.deepchill.com\/no\/wp-json\/wp\/v2\/pages\/13266","targetHints":{"allow":["GET"]}}],"collection":[{"href":"https:\/\/www.deepchill.com\/no\/wp-json\/wp\/v2\/pages"}],"about":[{"href":"https:\/\/www.deepchill.com\/no\/wp-json\/wp\/v2\/types\/page"}],"author":[{"embeddable":true,"href":"https:\/\/www.deepchill.com\/no\/wp-json\/wp\/v2\/users\/2"}],"replies":[{"embeddable":true,"href":"https:\/\/www.deepchill.com\/no\/wp-json\/wp\/v2\/comments?post=13266"}],"version-history":[{"count":4,"href":"https:\/\/www.deepchill.com\/no\/wp-json\/wp\/v2\/pages\/13266\/revisions"}],"predecessor-version":[{"id":17091,"href":"https:\/\/www.deepchill.com\/no\/wp-json\/wp\/v2\/pages\/13266\/revisions\/17091"}],"up":[{"embeddable":true,"href":"https:\/\/www.deepchill.com\/no\/wp-json\/wp\/v2\/pages\/13259"}],"wp:attachment":[{"href":"https:\/\/www.deepchill.com\/no\/wp-json\/wp\/v2\/media?parent=13266"}],"curies":[{"name":"wp","href":"https:\/\/api.w.org\/{rel}","templated":true}]}}