{"id":13272,"date":"2020-10-29T09:38:03","date_gmt":"2020-10-29T09:38:03","guid":{"rendered":"https:\/\/www.deepchill.com\/success-stories\/fresh-fish-chilling-and-packing\/"},"modified":"2023-04-18T09:12:21","modified_gmt":"2023-04-18T09:12:21","slug":"fresh-fish-chilling-and-packing","status":"publish","type":"page","link":"https:\/\/www.deepchill.com\/no\/success-stories\/fresh-fish-chilling-and-packing\/","title":{"rendered":"Fersk kj\u00f8ling og pakking av fersk fisk."},"content":{"rendered":"<section class=\"l-section wpb_row height_medium\"><div class=\"l-section-h i-cf\"><div class=\"g-cols vc_row type_default valign_top\"><div class=\"vc_col-sm-12 wpb_column vc_column_container\"><div class=\"vc_column-inner\"><div class=\"wpb_wrapper\"><div class=\"wpb_text_column dc-normal-font\" ><div class=\"wpb_wrapper\"><h4>Onagawa, Japan<\/h4>\n<\/div><\/div>[vc_raw_html]JTNDYSUyMGlkJTNEJTIyeWFtYWhvbiUyMiUyMGNsYXNzJTNEJTIyZGMtY2FyZXQtbGluayUyMGRjLWRvd25sb2FkLWxpbmslMjBkYy1kb3dubG9hZC1icm9jaHVyZS1saW5rJTIwZGMtc3VjY2Vzcy1zdG9yaWVzLWJyb2NodXJlLWxpbmslMjIlMjBocmVmJTNEJTIyamF2YXNjcmlwdCUzQXZvaWQlMjgwJTI5JTNCJTIyJTNFJTNDaW1nJTIwc3JjJTNEJTIyJTIwaHR0cHMlM0ElMkYlMkZzdW53ZWxsLmNvbSUyRndwLWNvbnRlbnQlMkZ1cGxvYWRzJTJGMjAyMCUyRjEwJTJGZG93bmxvYWQtcGRmLWljb24ucG5nJTIyJTIwYWx0JTNEJTIyZG93bmxvYWQtcGRmLWljb24lMjIlMjAlMkYlM0UlMjAlM0NpJTIwY2xhc3MlM0QlMjJkYy1saW5rLXRleHQlMjIlM0VMYXN0JTIwbmVkJTIwc3Vrc2Vzc2hpc3Rvcmllbi4lMjAlM0NpJTIwY2xhc3MlM0QlMjJmYSUyMGZhLWFuZ2xlLWRvd24lMjIlM0UlM0MlMkZpJTNFJTNDJTJGaSUzRSUzQyUyRmElM0U=[\/vc_raw_html]<\/div><\/div><\/div><\/div><\/div><\/section><section class=\"l-section wpb_row height_auto width_full dc-inner-banner-img with_img\"><div class=\"l-section-img\" style=\"background-image: url(https:\/\/www.deepchill.com\/wp-content\/uploads\/2020\/10\/fresh-fish-chilling-and-packing-img2.jpg);background-repeat: no-repeat;\" data-img-width=\"1920\" data-img-height=\"520\"><\/div><div class=\"l-section-h i-cf\"><div class=\"g-cols vc_row type_default valign_top\"><div class=\"vc_col-sm-12 wpb_column vc_column_container\"><div class=\"vc_column-inner\"><div class=\"wpb_wrapper\"><\/div><\/div><\/div><\/div><\/div><\/section><section class=\"l-section wpb_row height_medium dc-blue-bg dc-below-slider-section\"><div class=\"l-section-h i-cf\"><div class=\"g-cols vc_row type_default valign_top\"><div class=\"vc_col-sm-6 wpb_column vc_column_container\"><div class=\"vc_column-inner\"><div class=\"wpb_wrapper\"><div class=\"wpb_text_column\" ><div class=\"wpb_wrapper\"><h4>Yamahon, den ledende leverand\u00f8ren av fersk saury i Japan, integrerte Deepchill\u00ae i hele prosessen. Systemet er designet for \u00e5 generere og lagre Deepchill\u00ae for distribusjon og bruk etter behov p\u00e5 Deepchill\u00ae stasjoner langs prosesserings- og pakkelinjen.<\/h4>\n<p><a class=\"dc-caret-link\">Se videoen for \u00e5 finne ut mer<i class=\"fa fa-angle-right\"><\/i><\/a><\/p>\n<\/div><\/div><\/div><\/div><\/div><div class=\"vc_col-sm-6 wpb_column vc_column_container\"><div class=\"vc_column-inner\"><div class=\"wpb_wrapper\"><div id=\"ultimate-video-407169f6369b6cbbc\" class=\"ult-video  ult-adjust-bottom-margin ultimate-video-407169f6369b6cbbc ultv-3650 \"><div class=\"ultv-video ultv-aspect-ratio-16_9 ultv-subscribe-responsive-none\" data-videotype=\"uv_iframe\">\r\n\t\t\t\t\t\t<div class=\"ultv-video__outer-wrap\" data-autoplay=\"0\" data-device=\"false\"  data-iconbg=\"#3a3a3a\" data-overcolor=\"\" data-defaultbg=\"#1f1f1e\" data-defaultplay=\"icon\"><div class=\"ultv-video__play\" data-src=\"https:\/\/www.youtube.com\/embed\/QacFteIke9k?rel=0&amp;start&amp;end&amp;controls=1&amp;mute=0&amp;modestbranding=0&amp;autoplay=1\">\r\n\t\t\t\t\t\t\t\t<img decoding=\"async\" class=\"ultv-video__thumb\" src=\"https:\/\/i.ytimg.com\/vi\/QacFteIke9k\/maxresdefault.jpg\"\/>\r\n\t\t\t\t\t\t\t\t<div class=\"ultv-video__play-icon Defaults-play-circle ultv-animation-none\" style=\"font-size:80px;\"><\/div> <\/div> <\/div><\/div><\/div><\/div><\/div><\/div><\/div><\/div><\/section><section class=\"l-section wpb_row us_custom_19737bc8 height_medium dc-normal-font\"><div class=\"l-section-h i-cf\"><div class=\"g-cols vc_row type_default valign_top\"><div class=\"vc_col-sm-12 wpb_column vc_column_container\"><div class=\"vc_column-inner\"><div class=\"wpb_wrapper\"><div class=\"wpb_text_column\" ><div class=\"wpb_wrapper\"><h2 style=\"text-align: center;\">Fersk kj\u00f8ling og pakking av fersk fisk.<\/h2>\n<h4 style=\"text-align: center;\">Integrering av et Deepchill\u00ae-system i hele virksomheten gjorde det mulig for Yamahon Corporation \u00e5 skille seg ut fra konkurrentene med sin saury av f\u00f8rsteklasses kvalitet.<\/h4>\n<\/div><\/div><\/div><\/div><\/div><\/div><\/div><\/section><section class=\"l-section wpb_row height_medium dc-success-story-section\"><div class=\"l-section-h i-cf\"><div class=\"g-cols vc_row type_default valign_top\"><div class=\"vc_col-sm-6 wpb_column vc_column_container dc-success-story-left-box\"><div class=\"vc_column-inner\"><div class=\"wpb_wrapper\"><div class=\"wpb_text_column\" ><div class=\"wpb_wrapper\"><h2>St\u00f8rre markedsandel<\/h2>\n<p>Som et resultat av bruk av Deepchill\u00ae, var Yamahon i stand til \u00e5 f\u00e5 en betydelig markedsandel og med utvidet holdbarhet n\u00e5 uutnyttede markeder. Selskapet eksporterer n\u00e5 sin ferske saury av klasse A til det koreanske markedet.<\/p>\n<h2>Merke av f\u00f8rsteklasses kvalitet<\/h2>\n<p>Selskapet introduserte et nytt merke Deepchilled fersk saury til markedet som solgte raskere og til 10-15% h\u00f8yere pris. Yamahon introduserte ogs\u00e5 dette nye merket med direkte forsendelse til kunder, utenom distribusjonskjeden. Deepchill\u00ae gjorde det n\u00e5 mulig for selskapet \u00e5 sikre sin egen kj\u00f8le- og frysekjede, noe som resulterte i h\u00f8yere marginer.<\/p>\n<h2>Driftsvekst<\/h2>\n<p>Siden 1999 har selskapet utvidet sin virksomhet fem ganger og Deepchill\u00ae<\/p>\n<p>systemet ble utvidet hver gang for \u00e5 im\u00f8tekomme denne veksten. Etter at byen ble \u00f8delagt av en tsunami i 2011, bygde Yamahon et topp moderne anlegg som igjen tok i bruk Deepchill\u00ae-teknologien.<\/p>\n<\/div><\/div><\/div><\/div><\/div><div class=\"vc_col-sm-6 wpb_column vc_column_container dc-normal-font dc-success-story-right-box\"><div class=\"vc_column-inner\"><div class=\"wpb_wrapper\"><div class=\"wpb_text_column\" ><div class=\"wpb_wrapper\"><h4>Last ned suksesshistorien og finn ut mer om Deepchill\u00ae-applikasjonen og resultatene.<\/h4>\n<\/div><\/div><div role=\"form\" class=\"wpcf7\" id=\"wpcf7-f13270-o1\" lang=\"en-US\" dir=\"ltr\">\n<div class=\"screen-reader-response\"><p role=\"status\" aria-live=\"polite\" aria-atomic=\"true\"><\/p> <ul><\/ul><\/div>\n<form action=\"\/no\/wp-json\/wp\/v2\/pages\/13272#wpcf7-f13270-o1\" method=\"post\" class=\"wpcf7-form init\" novalidate=\"novalidate\" data-status=\"init\">\n<div style=\"display: none;\">\n<input type=\"hidden\" name=\"_wpcf7\" value=\"13270\" \/>\n<input type=\"hidden\" name=\"_wpcf7_version\" value=\"5.4.2\" \/>\n<input type=\"hidden\" name=\"_wpcf7_locale\" value=\"en_US\" \/>\n<input type=\"hidden\" name=\"_wpcf7_unit_tag\" value=\"wpcf7-f13270-o1\" \/>\n<input type=\"hidden\" name=\"_wpcf7_container_post\" value=\"0\" \/>\n<input type=\"hidden\" name=\"_wpcf7_posted_data_hash\" value=\"\" \/>\n<input type=\"hidden\" name=\"_cf7a__timestamp\" value=\"4Zp3MbFTBJtURr6uknNHHw==\" \/>\n<input type=\"hidden\" name=\"_cf7a_version\" value=\"1.0\" \/>\n<input type=\"hidden\" name=\"_cf7a_address\" value=\"\/vQuXUp9D7V3EzWuLJ6aww==\" \/>\n<input type=\"hidden\" name=\"_cf7a_referer\" value=\"afvH1J1ZaRHqhSK6FhxB0A==\" \/>\n<input type=\"hidden\" name=\"_cf7a_protocol\" value=\"pWtprw5AzwDCaANKy52cYA==\" \/>\n<input type=\"hidden\" name=\"_wpcf7_recaptcha_response\" value=\"\" \/>\n<input type=\"hidden\" name=\"_cf7a_bot_fingerprint\" value=\"4Zp3MbFTBJtURr6uknNHHw==\" \/>\n<input type=\"hidden\" name=\"_cf7a_bot_fingerprint_extras\" value=\"\" \/>\n<input type=\"hidden\" name=\"_cf7a_append_on_submit\" value=\"\" \/>\n<\/div>\n<div class=\"dc-success-story\">\n<p><label>Firma<\/label><br \/>\n<span class=\"wpcf7-form-control-wrap company-name\"><input type=\"text\" name=\"company-name\" value=\"\" size=\"40\" maxlength=\"200\" class=\"wpcf7-form-control wpcf7-text wpcf7-validates-as-required\" aria-required=\"true\" aria-invalid=\"false\" \/><input type=\"text\" name=\"name\" value=\"\" autocomplete=\"fill\" class=\"fit-the-fullspace\" aria-hidden=\"true\" tabindex=\"-1\" \/><\/span> <\/p>\n<p><label>fornavn<\/label><br \/>\n<span class=\"wpcf7-form-control-wrap first-name\"><input type=\"text\" name=\"first-name\" value=\"\" size=\"40\" maxlength=\"100\" class=\"wpcf7-form-control wpcf7-text wpcf7-validates-as-required\" aria-required=\"true\" aria-invalid=\"false\" \/><input type=\"text\" name=\"email\" value=\"\" autocomplete=\"fill\" class=\"fit-the-fullspace\" aria-hidden=\"true\" tabindex=\"-1\" \/><\/span> <\/p>\n<p><label>etternavn<\/label><br \/>\n<span class=\"wpcf7-form-control-wrap last-name\"><input type=\"text\" name=\"address\" value=\"\" autocomplete=\"fill\" class=\"fit-the-fullspace\" aria-hidden=\"true\" tabindex=\"-1\" \/><input type=\"text\" name=\"last-name\" value=\"\" size=\"40\" maxlength=\"100\" class=\"wpcf7-form-control wpcf7-text wpcf7-validates-as-required\" aria-required=\"true\" aria-invalid=\"false\" \/><\/span> <\/p>\n<p><label> e-post<\/label><br \/>\n<span class=\"wpcf7-form-control-wrap your-email\"><input type=\"email\" name=\"your-email\" value=\"\" size=\"40\" maxlength=\"200\" class=\"wpcf7-form-control wpcf7-text wpcf7-email wpcf7-validates-as-required wpcf7-validates-as-email\" aria-required=\"true\" aria-invalid=\"false\" \/><\/span><\/p>\n<p><span class=\"wpcf7-form-control-wrap dc-agree\"><span class=\"wpcf7-form-control wpcf7-checkbox wpcf7-validates-as-required\"><span class=\"wpcf7-list-item first last\"><label><input type=\"checkbox\" name=\"dc-agree[]\" value=\"jeg godtar vilk\u00e5rene\" \/><span class=\"wpcf7-list-item-label\">jeg godtar vilk\u00e5rene<\/span><\/label><\/span><\/span><\/span><\/p>\n<input type=\"hidden\" name=\"bro_id\" value=\"\" class=\"wpcf7-form-control wpcf7-hidden\" id=\"bro_id\" \/>\n<div class=\"dc-form-submit-link\"><input type=\"submit\" value=\"Last ned suksesshistorien\" class=\"wpcf7-form-control wpcf7-submit\" \/><\/div>\n<\/div>\n<div class=\"wpcf7-response-output\" aria-hidden=\"true\"><\/div><\/form><\/div><\/div><\/div><\/div><\/div><\/div><\/section><section class=\"l-section wpb_row us_custom_887a049b height_medium\"><div class=\"l-section-h i-cf\"><div class=\"g-cols vc_row type_default valign_top\"><div class=\"vc_col-sm-12 wpb_column vc_column_container\"><div class=\"vc_column-inner\"><div class=\"wpb_wrapper\"><div class=\"wpb_text_column\" ><div class=\"wpb_wrapper\"><h2>Vil du oppn\u00e5 lignende resultater?<\/h2>\n<p><a href=\"https:\/\/www.deepchill.com\/get-in-touch\/\">Kontakt oss <\/a> for \u00e5 designe et Deepchill\u00ae-system som passer de spesifikke behovene til din virksomhet.<\/p>\n<\/div><\/div><\/div><\/div><\/div><\/div><\/div><\/section>\n","protected":false},"excerpt":{"rendered":"Onagawa, Japan [vc_raw_html]JTNDYSUyMGlkJTNEJTIyeWFtYWhvbiUyMiUyMGNsYXNzJTNEJTIyZGMtY2FyZXQtbGluayUyMGRjLWRvd25sb2FkLWxpbmslMjBkYy1kb3dubG9hZC1icm9jaHVyZS1saW5rJTIwZGMtc3VjY2Vzcy1zdG9yaWVzLWJyb2NodXJlLWxpbmslMjIlMjBocmVmJTNEJTIyamF2YXNjcmlwdCUzQXZvaWQlMjgwJTI5JTNCJTIyJTNFJTNDaW1nJTIwc3JjJTNEJTIyJTIwaHR0cHMlM0ElMkYlMkZzdW53ZWxsLmNvbSUyRndwLWNvbnRlbnQlMkZ1cGxvYWRzJTJGMjAyMCUyRjEwJTJGZG93bmxvYWQtcGRmLWljb24ucG5nJTIyJTIwYWx0JTNEJTIyZG93bmxvYWQtcGRmLWljb24lMjIlMjAlMkYlM0UlMjAlM0NpJTIwY2xhc3MlM0QlMjJkYy1saW5rLXRleHQlMjIlM0VMYXN0JTIwbmVkJTIwc3Vrc2Vzc2hpc3Rvcmllbi4lMjAlM0NpJTIwY2xhc3MlM0QlMjJmYSUyMGZhLWFuZ2xlLWRvd24lMjIlM0UlM0MlMkZpJTNFJTNDJTJGaSUzRSUzQyUyRmElM0U=[\/vc_raw_html]Yamahon, den ledende leverand\u00f8ren av fersk saury i Japan, integrerte Deepchill\u00ae i hele prosessen. Systemet er designet for \u00e5 generere og lagre Deepchill\u00ae for distribusjon og bruk etter behov p\u00e5 Deepchill\u00ae stasjoner langs prosesserings- og pakkelinjen. Se videoen for \u00e5 finne ut mer Fersk kj\u00f8ling og pakking av fersk fisk. Integrering av et...","protected":false},"author":2,"featured_media":0,"parent":13259,"menu_order":0,"comment_status":"closed","ping_status":"closed","template":"","meta":{"footnotes":""},"class_list":["post-13272","page","type-page","status-publish","hentry"],"aioseo_notices":[],"_links":{"self":[{"href":"https:\/\/www.deepchill.com\/no\/wp-json\/wp\/v2\/pages\/13272","targetHints":{"allow":["GET"]}}],"collection":[{"href":"https:\/\/www.deepchill.com\/no\/wp-json\/wp\/v2\/pages"}],"about":[{"href":"https:\/\/www.deepchill.com\/no\/wp-json\/wp\/v2\/types\/page"}],"author":[{"embeddable":true,"href":"https:\/\/www.deepchill.com\/no\/wp-json\/wp\/v2\/users\/2"}],"replies":[{"embeddable":true,"href":"https:\/\/www.deepchill.com\/no\/wp-json\/wp\/v2\/comments?post=13272"}],"version-history":[{"count":5,"href":"https:\/\/www.deepchill.com\/no\/wp-json\/wp\/v2\/pages\/13272\/revisions"}],"predecessor-version":[{"id":17109,"href":"https:\/\/www.deepchill.com\/no\/wp-json\/wp\/v2\/pages\/13272\/revisions\/17109"}],"up":[{"embeddable":true,"href":"https:\/\/www.deepchill.com\/no\/wp-json\/wp\/v2\/pages\/13259"}],"wp:attachment":[{"href":"https:\/\/www.deepchill.com\/no\/wp-json\/wp\/v2\/media?parent=13272"}],"curies":[{"name":"wp","href":"https:\/\/api.w.org\/{rel}","templated":true}]}}