{"id":13278,"date":"2020-10-29T10:03:14","date_gmt":"2020-10-29T10:03:14","guid":{"rendered":"https:\/\/www.deepchill.com\/success-stories\/sashimi-quality-shrimp-from-the-desert\/"},"modified":"2023-04-18T09:50:28","modified_gmt":"2023-04-18T09:50:28","slug":"sashimi-quality-shrimp-from-the-desert","status":"publish","type":"page","link":"https:\/\/www.deepchill.com\/no\/success-stories\/sashimi-quality-shrimp-from-the-desert\/","title":{"rendered":"Sashimi-reker fra \u00f8rkenen"},"content":{"rendered":"<section class=\"l-section wpb_row height_medium\"><div class=\"l-section-h i-cf\"><div class=\"g-cols vc_row type_default valign_top\"><div class=\"vc_col-sm-12 wpb_column vc_column_container\"><div class=\"vc_column-inner\"><div class=\"wpb_wrapper\"><div class=\"wpb_text_column dc-normal-font\" ><div class=\"wpb_wrapper\"><h4>Al-lith Saudi Arabia<\/h4>\n<\/div><\/div>[vc_raw_html]JTNDYSUyMGlkJTNEJTIybmFxdWElMjIlMjBjbGFzcyUzRCUyMmRjLWNhcmV0LWxpbmslMjBkYy1kb3dubG9hZC1saW5rJTIwZGMtZG93bmxvYWQtYnJvY2h1cmUtbGluayUyMGRjLXN1Y2Nlc3Mtc3Rvcmllcy1icm9jaHVyZS1saW5rJTIyJTIwaHJlZiUzRCUyMmphdmFzY3JpcHQlM0F2b2lkJTI4MCUyOSUzQiUyMiUzRSUzQ2ltZyUyMHNyYyUzRCUyMiUyMGh0dHBzJTNBJTJGJTJGc3Vud2VsbC5jb20lMkZ3cC1jb250ZW50JTJGdXBsb2FkcyUyRjIwMjAlMkYxMCUyRmRvd25sb2FkLXBkZi1pY29uLnBuZyUyMiUyMGFsdCUzRCUyMmRvd25sb2FkLXBkZi1pY29uJTIyJTIwJTJGJTNFJTIwJTNDaSUyMGNsYXNzJTNEJTIyZGMtbGluay10ZXh0JTIyJTNFTGFzdCUyMG5lZCUyMHN1a3Nlc3NoaXN0b3JpZW4lM0NpJTIwY2xhc3MlM0QlMjJmYSUyMGZhLWFuZ2xlLWRvd24lMjIlM0UlM0MlMkZpJTNFJTNDJTJGaSUzRSUzQyUyRmElM0U=[\/vc_raw_html]<\/div><\/div><\/div><\/div><\/div><\/section><section class=\"l-section wpb_row height_auto width_full dc-inner-banner-img with_img\"><div class=\"l-section-img\" style=\"background-image: url(https:\/\/www.deepchill.com\/wp-content\/uploads\/2020\/10\/naqua-img-1.jpg);background-repeat: no-repeat;\" data-img-width=\"1920\" data-img-height=\"520\"><\/div><div class=\"l-section-h i-cf\"><div class=\"g-cols vc_row type_default valign_top\"><div class=\"vc_col-sm-12 wpb_column vc_column_container\"><div class=\"vc_column-inner\"><div class=\"wpb_wrapper\"><\/div><\/div><\/div><\/div><\/div><\/section><section class=\"l-section wpb_row us_custom_19737bc8 height_medium dc-normal-font\"><div class=\"l-section-h i-cf\"><div class=\"g-cols vc_row type_default valign_top\"><div class=\"vc_col-sm-12 wpb_column vc_column_container\"><div class=\"vc_column-inner\"><div class=\"wpb_wrapper\"><div class=\"wpb_text_column\" ><div class=\"wpb_wrapper\"><h4>Fra oppdrett til prosessering er et integrert Deepchill\u00ae-system brukt av NAQUA for \u00e5 \u00f8ke produksjonen av f\u00f8rsteklasses reker og sikre jevn levering av produkter av h\u00f8y kvalitet.<\/h4>\n<\/div><\/div><\/div><\/div><\/div><\/div><\/div><\/section><section class=\"l-section wpb_row height_medium dc-success-story-section\"><div class=\"l-section-h i-cf\"><div class=\"g-cols vc_row type_default valign_top\"><div class=\"vc_col-sm-6 wpb_column vc_column_container dc-success-story-left-box\"><div class=\"vc_column-inner\"><div class=\"wpb_wrapper\"><div class=\"wpb_text_column\" ><div class=\"wpb_wrapper\"><h2>Forbedret kvalitet<\/h2>\n<p>Introduksjon av Deepchilling-prosessen har tredoblet utbyttet av klasse A head-on reker rettet mot de krevende europeiske og asiatiske markedene.<\/p>\n<h2>Redusert manuelt arbeid<\/h2>\n<p>Deepchill\u00ae systemet automatiserte NAQUAs isproduksjon og levering, forbedret prosesseffektivitet og eliminerte manuell ish\u00e5ndtering b\u00e5de p\u00e5 oppdrettsanlegget og i prosessanlegget.<\/p>\n<h2>Str\u00f8mlinjeformet drift<\/h2>\n<p>Med forenklet og automatisert prosess og bedre kj\u00f8ling \u00f8kte Deepchill\u00ae effektiviteten i operasjonene. Med Deepchilling ble frysetiden ogs\u00e5 redusert &#8211; slik at mer reker kan behandles per dag.<\/p>\n<\/div><\/div><\/div><\/div><\/div><div class=\"vc_col-sm-6 wpb_column vc_column_container dc-normal-font dc-success-story-right-box\"><div class=\"vc_column-inner\"><div class=\"wpb_wrapper\"><div class=\"wpb_text_column\" ><div class=\"wpb_wrapper\"><h4>Last ned suksesshistorien og finn ut mer om Deepchill\u00ae-applikasjonen og resultatene.<\/h4>\n<\/div><\/div><div role=\"form\" class=\"wpcf7\" id=\"wpcf7-f10002-o1\" lang=\"en-US\" dir=\"ltr\">\n<div class=\"screen-reader-response\"><p role=\"status\" aria-live=\"polite\" aria-atomic=\"true\"><\/p> <ul><\/ul><\/div>\n<form action=\"\/no\/wp-json\/wp\/v2\/pages\/13278#wpcf7-f10002-o1\" method=\"post\" class=\"wpcf7-form init\" novalidate=\"novalidate\" data-status=\"init\">\n<div style=\"display: none;\">\n<input type=\"hidden\" name=\"_wpcf7\" value=\"10002\" \/>\n<input type=\"hidden\" name=\"_wpcf7_version\" value=\"5.4.2\" \/>\n<input type=\"hidden\" name=\"_wpcf7_locale\" value=\"en_US\" \/>\n<input type=\"hidden\" name=\"_wpcf7_unit_tag\" value=\"wpcf7-f10002-o1\" \/>\n<input type=\"hidden\" name=\"_wpcf7_container_post\" value=\"0\" \/>\n<input type=\"hidden\" name=\"_wpcf7_posted_data_hash\" value=\"\" \/>\n<input type=\"hidden\" name=\"_cf7a__timestamp\" value=\"c97vDgq0mGBFCnrmfXSklQ==\" \/>\n<input type=\"hidden\" name=\"_cf7a_version\" value=\"1.0\" \/>\n<input type=\"hidden\" name=\"_cf7a_address\" value=\"ZmYiKKMY0116gv2bT8tnXA==\" \/>\n<input type=\"hidden\" name=\"_cf7a_referer\" value=\"afvH1J1ZaRHqhSK6FhxB0A==\" \/>\n<input type=\"hidden\" name=\"_cf7a_protocol\" value=\"pWtprw5AzwDCaANKy52cYA==\" \/>\n<input type=\"hidden\" name=\"_wpcf7_recaptcha_response\" value=\"\" \/>\n<input type=\"hidden\" name=\"_cf7a_bot_fingerprint\" value=\"c97vDgq0mGBFCnrmfXSklQ==\" \/>\n<input type=\"hidden\" name=\"_cf7a_bot_fingerprint_extras\" value=\"\" \/>\n<input type=\"hidden\" name=\"_cf7a_append_on_submit\" value=\"\" \/>\n<\/div>\n<div class=\"dc-success-story\">\n<p><label> Company name<\/label><br \/>\n<span class=\"wpcf7-form-control-wrap company-name\"><input type=\"text\" name=\"company-name\" value=\"\" size=\"40\" maxlength=\"200\" class=\"wpcf7-form-control wpcf7-text wpcf7-validates-as-required\" aria-required=\"true\" aria-invalid=\"false\" \/><input type=\"text\" name=\"name\" value=\"\" autocomplete=\"fill\" class=\"fit-the-fullspace\" aria-hidden=\"true\" tabindex=\"-1\" \/><\/span> <\/p>\n<p><label> First name<\/label><br \/>\n<span class=\"wpcf7-form-control-wrap first-name\"><input type=\"text\" name=\"first-name\" value=\"\" size=\"40\" maxlength=\"100\" class=\"wpcf7-form-control wpcf7-text wpcf7-validates-as-required\" aria-required=\"true\" aria-invalid=\"false\" \/><input type=\"text\" name=\"email\" value=\"\" autocomplete=\"fill\" class=\"fit-the-fullspace\" aria-hidden=\"true\" tabindex=\"-1\" \/><\/span> <\/p>\n<p><label> Last name<\/label><br \/>\n<span class=\"wpcf7-form-control-wrap last-name\"><input type=\"text\" name=\"address\" value=\"\" autocomplete=\"fill\" class=\"fit-the-fullspace\" aria-hidden=\"true\" tabindex=\"-1\" \/><input type=\"text\" name=\"last-name\" value=\"\" size=\"40\" maxlength=\"100\" class=\"wpcf7-form-control wpcf7-text wpcf7-validates-as-required\" aria-required=\"true\" aria-invalid=\"false\" \/><\/span> <\/p>\n<p><label> Email<\/label><br \/>\n<span class=\"wpcf7-form-control-wrap your-email\"><input type=\"email\" name=\"your-email\" value=\"\" size=\"40\" maxlength=\"200\" class=\"wpcf7-form-control wpcf7-text wpcf7-email wpcf7-validates-as-required wpcf7-validates-as-email\" aria-required=\"true\" aria-invalid=\"false\" \/><\/span><\/p>\n<p><label> Phone Number <\/label><br \/>\n<span class=\"wpcf7-form-control-wrap phone-number\"><input type=\"tel\" name=\"phone-number\" value=\"\" size=\"40\" class=\"wpcf7-form-control wpcf7-text wpcf7-tel wpcf7-validates-as-required wpcf7-validates-as-tel\" aria-required=\"true\" aria-invalid=\"false\" \/><\/span><\/p>\n<p><label>How did you hear about us?*<\/label><br \/>\n<span class=\"wpcf7-form-control-wrap find-us\"><select name=\"find-us\" class=\"wpcf7-form-control wpcf7-select\" aria-invalid=\"false\"><option value=\"\">---<\/option><option value=\"Google Search\">Google Search<\/option><option value=\"LinkedIn\">LinkedIn<\/option><option value=\"Instagram\">Instagram<\/option><option value=\"Facebook\">Facebook<\/option><option value=\"Company Email\">Company Email<\/option><option value=\"Tradeshow\">Tradeshow<\/option><option value=\"Other\">Other<\/option><\/select><\/span><\/p>\n<p><span class=\"wpcf7-form-control-wrap dc-agree\"><span class=\"wpcf7-form-control wpcf7-checkbox wpcf7-validates-as-required\"><span class=\"wpcf7-list-item first last\"><label><input type=\"checkbox\" name=\"dc-agree[]\" value=\"I agree to the Terms and Conditions\" \/><span class=\"wpcf7-list-item-label\">I agree to the Terms and Conditions<\/span><\/label><\/span><\/span><\/span><\/p>\n<input type=\"hidden\" name=\"bro_id\" value=\"\" class=\"wpcf7-form-control wpcf7-hidden\" id=\"bro_id\" \/>\n<div class=\"dc-form-submit-link\"><input type=\"submit\" value=\"Download file\" class=\"wpcf7-form-control wpcf7-submit\" \/><\/div>\n<\/div>\n<div class=\"wpcf7-response-output\" aria-hidden=\"true\"><\/div><\/form><\/div><\/div><\/div><\/div><\/div><\/div><\/section>\n","protected":false},"excerpt":{"rendered":"Al-lith Saudi Arabia [vc_raw_html]JTNDYSUyMGlkJTNEJTIybmFxdWElMjIlMjBjbGFzcyUzRCUyMmRjLWNhcmV0LWxpbmslMjBkYy1kb3dubG9hZC1saW5rJTIwZGMtZG93bmxvYWQtYnJvY2h1cmUtbGluayUyMGRjLXN1Y2Nlc3Mtc3Rvcmllcy1icm9jaHVyZS1saW5rJTIyJTIwaHJlZiUzRCUyMmphdmFzY3JpcHQlM0F2b2lkJTI4MCUyOSUzQiUyMiUzRSUzQ2ltZyUyMHNyYyUzRCUyMiUyMGh0dHBzJTNBJTJGJTJGc3Vud2VsbC5jb20lMkZ3cC1jb250ZW50JTJGdXBsb2FkcyUyRjIwMjAlMkYxMCUyRmRvd25sb2FkLXBkZi1pY29uLnBuZyUyMiUyMGFsdCUzRCUyMmRvd25sb2FkLXBkZi1pY29uJTIyJTIwJTJGJTNFJTIwJTNDaSUyMGNsYXNzJTNEJTIyZGMtbGluay10ZXh0JTIyJTNFTGFzdCUyMG5lZCUyMHN1a3Nlc3NoaXN0b3JpZW4lM0NpJTIwY2xhc3MlM0QlMjJmYSUyMGZhLWFuZ2xlLWRvd24lMjIlM0UlM0MlMkZpJTNFJTNDJTJGaSUzRSUzQyUyRmElM0U=[\/vc_raw_html] Fra oppdrett til prosessering er et integrert Deepchill\u00ae-system brukt av NAQUA for \u00e5 \u00f8ke produksjonen av f\u00f8rsteklasses reker og sikre jevn levering av produkter av h\u00f8y kvalitet. Forbedret kvalitet Introduksjon av Deepchilling-prosessen har tredoblet utbyttet av klasse A head-on reker rettet mot de krevende europeiske og asiatiske markedene. Redusert manuelt arbeid...","protected":false},"author":2,"featured_media":0,"parent":13259,"menu_order":0,"comment_status":"closed","ping_status":"closed","template":"","meta":{"footnotes":""},"class_list":["post-13278","page","type-page","status-publish","hentry"],"aioseo_notices":[],"_links":{"self":[{"href":"https:\/\/www.deepchill.com\/no\/wp-json\/wp\/v2\/pages\/13278","targetHints":{"allow":["GET"]}}],"collection":[{"href":"https:\/\/www.deepchill.com\/no\/wp-json\/wp\/v2\/pages"}],"about":[{"href":"https:\/\/www.deepchill.com\/no\/wp-json\/wp\/v2\/types\/page"}],"author":[{"embeddable":true,"href":"https:\/\/www.deepchill.com\/no\/wp-json\/wp\/v2\/users\/2"}],"replies":[{"embeddable":true,"href":"https:\/\/www.deepchill.com\/no\/wp-json\/wp\/v2\/comments?post=13278"}],"version-history":[{"count":5,"href":"https:\/\/www.deepchill.com\/no\/wp-json\/wp\/v2\/pages\/13278\/revisions"}],"predecessor-version":[{"id":17118,"href":"https:\/\/www.deepchill.com\/no\/wp-json\/wp\/v2\/pages\/13278\/revisions\/17118"}],"up":[{"embeddable":true,"href":"https:\/\/www.deepchill.com\/no\/wp-json\/wp\/v2\/pages\/13259"}],"wp:attachment":[{"href":"https:\/\/www.deepchill.com\/no\/wp-json\/wp\/v2\/media?parent=13278"}],"curies":[{"name":"wp","href":"https:\/\/api.w.org\/{rel}","templated":true}]}}