{"id":13281,"date":"2020-10-25T05:23:36","date_gmt":"2020-10-25T05:23:36","guid":{"rendered":"https:\/\/www.deepchill.com\/insights\/"},"modified":"2023-04-19T22:09:12","modified_gmt":"2023-04-19T22:09:12","slug":"insights","status":"publish","type":"page","link":"https:\/\/www.deepchill.com\/no\/insights\/","title":{"rendered":"Innsikt"},"content":{"rendered":"<section class=\"l-section wpb_row height_small dc-normal-font\"><div class=\"l-section-h i-cf\"><div class=\"g-cols vc_row type_default valign_top\"><div class=\"vc_col-sm-12 wpb_column vc_column_container\"><div class=\"vc_column-inner\"><div class=\"wpb_wrapper\"><div class=\"wpb_text_column\" ><div class=\"wpb_wrapper\"><h4>L\u00e6r mer om Deepchill Solutions Inc.&#8217;s Deepchill\u00ae-teknologi, dens forskjellige bruksomr\u00e5der og fordelene den gir n\u00e6ringer og bedrifter over hele verden.<\/h4>\n<\/div><\/div><\/div><\/div><\/div><\/div><\/div><\/section><section class=\"l-section wpb_row us_custom_887a049b height_medium\"><div class=\"l-section-h i-cf\"><div class=\"g-cols vc_row type_default valign_top\"><div class=\"vc_col-sm-12 wpb_column vc_column_container\"><div class=\"vc_column-inner\"><div class=\"wpb_wrapper\"><div class=\"g-cols wpb_row  type_default valign_top reversed vc_inner dc-alternate-section\"><div class=\"vc_col-sm-6 wpb_column vc_column_container has-fill cd-alternate-img-box\"><div class=\"vc_column-inner us_custom_3eeec56a\"><div class=\"wpb_wrapper\"><\/div><\/div><\/div><div class=\"vc_col-sm-6 wpb_column vc_column_container dc-light-blue-bg dc-with-subtitle-section\"><div class=\"vc_column-inner\"><div class=\"wpb_wrapper\"><div class=\"wpb_text_column\" ><div class=\"wpb_wrapper\"><h3>Deepchilling reker<\/h3>\n<p>I samarbeid med The Fisheries and Marine Institute of Memorial University of Newfoundland har Deepchill Solutions Inc. forsket p\u00e5 effekten av Deepchilling p\u00e5 sj\u00f8mat i sammenligning med andre avkj\u00f8lings- og konserveringsmetoder. Denne rapporten gjennomg\u00e5r resultater fra noen f\u00e5 studier og presenterer implikasjonene for rekeindustrien.<\/p>\n<p><a class=\"dc-caret-link\" href=\"https:\/\/www.deepchill.com\/insights\/deepchilling-shrimp\/\">Finn ut mer<i class=\"fa fa-angle-right\"><\/i><\/a><\/p>\n<\/div><\/div><\/div><\/div><\/div><\/div><div class=\"g-cols wpb_row  type_default valign_top vc_inner dc-alternate-section\"><div class=\"vc_col-sm-6 wpb_column vc_column_container dc-light-blue-bg dc-with-subtitle-section\"><div class=\"vc_column-inner\"><div class=\"wpb_wrapper\"><div class=\"wpb_text_column\" ><div class=\"wpb_wrapper\"><h3><strong>Deepchill<sup>\u00ae<\/sup> vs. RSW<\/strong><\/h3>\n<p>Kj\u00f8lt sj\u00f8vann (RSW) er en vanlig metode for kj\u00f8ling av fisk om bord p\u00e5 fiskefart\u00f8yer. For pelagisk fisk som blir fanget i store mengder p\u00e5 kort tid, gir RSW bedre turbulens og mer jevn kj\u00f8ling sammenlignet med is med flak. Sp\u00f8rsm\u00e5let er: Finnesdet en bedre m\u00e5te?<\/p>\n<p><a class=\"dc-caret-link\" href=\"https:\/\/www.deepchill.com\/insights\/deepchill-vs-rsw\/\">Finn ut mer<i class=\"fa fa-angle-right\"><\/i><\/a><\/p>\n<\/div><\/div><\/div><\/div><\/div><div class=\"vc_col-sm-6 wpb_column vc_column_container has-fill cd-alternate-img-box\"><div class=\"vc_column-inner us_custom_370030d4\"><div class=\"wpb_wrapper\"><\/div><\/div><\/div><\/div><div class=\"g-cols wpb_row  type_default valign_top reversed vc_inner dc-alternate-section\"><div class=\"vc_col-sm-6 wpb_column vc_column_container has-fill cd-alternate-img-box\"><div class=\"vc_column-inner us_custom_a47b9a24\"><div class=\"wpb_wrapper\"><\/div><\/div><\/div><div class=\"vc_col-sm-6 wpb_column vc_column_container dc-light-blue-bg dc-with-subtitle-section\"><div class=\"vc_column-inner\"><div class=\"wpb_wrapper\"><div class=\"wpb_text_column\" ><div class=\"wpb_wrapper\"><h3>Deepchilling av torsk<\/h3>\n<p>Denne rapporten presenterer resultatene av en gjennomgangsstudie om anvendelse av Deepchill\u00ae for kj\u00f8ling og konservering av torsk. Rapporten avsluttes med implikasjoner for torskn\u00e6ringen.<\/p>\n<p><a class=\"dc-caret-link\" href=\"https:\/\/www.deepchill.com\/insights\/deepchilling-cod\/?lang=no\">Finn ut mer <i class=\"fa fa-angle-right\"><\/i><\/a><\/p>\n<\/div><\/div><\/div><\/div><\/div><\/div><div class=\"g-cols wpb_row  type_default valign_top vc_inner dc-alternate-section\"><div class=\"vc_col-sm-6 wpb_column vc_column_container dc-light-blue-bg dc-with-subtitle-section\"><div class=\"vc_column-inner\"><div class=\"wpb_wrapper\"><div class=\"wpb_text_column\" ><div class=\"wpb_wrapper\"><h3>Bruksomr\u00e5der for slurry-is<\/h3>\n<p>Det forventes at rollen til sekund\u00e6re kj\u00f8lemidler vil vokse ettersom fokuset p\u00e5 reduksjon av klimagassutslipp \u00f8ker. Effektiviteten til sekund\u00e6re kj\u00f8lemedier kan forbedres n\u00e5r faseskiftende medier innf\u00f8res i stedet for enfasede medier. Fordi den opererer under frysepunktet for vann muliggj\u00f8r slurry-is flere effektivitetsforbedringer, slik som reduksjoner i energiforbruket for pumper ogreduksjon av den n\u00f8dvendige temperaturforskjellen i varmevekslere p\u00e5 grunn av de gunstige termofysiske egenskapene til slurry-is.<\/p>\n<p><a class=\"dc-caret-link\" href=\"https:\/\/www.deepchill.com\/insights\/ice-slurry-applications\/?lang=no\">Finn ut mer <i class=\"fa fa-angle-right\"><\/i><\/a><\/p>\n<\/div><\/div><\/div><\/div><\/div><div class=\"vc_col-sm-6 wpb_column vc_column_container cd-alternate-img-box\"><div class=\"vc_column-inner\"><div class=\"wpb_wrapper\"><div class=\"w-image align_none\"><div class=\"w-image-h\"><img loading=\"lazy\" decoding=\"async\" width=\"1024\" height=\"647\" src=\"https:\/\/www.deepchill.com\/wp-content\/uploads\/2020\/11\/Ice-Slurry-Applications-1024x647.jpg\" class=\"attachment-large size-large\" alt=\"\" srcset=\"https:\/\/www.deepchill.com\/wp-content\/uploads\/2020\/11\/Ice-Slurry-Applications-1024x647.jpg 1024w, https:\/\/www.deepchill.com\/wp-content\/uploads\/2020\/11\/Ice-Slurry-Applications-300x190.jpg 300w, https:\/\/www.deepchill.com\/wp-content\/uploads\/2020\/11\/Ice-Slurry-Applications-scaled.jpg 80w\" sizes=\"auto, (max-width: 1024px) 100vw, 1024px\" \/><\/div><\/div><\/div><\/div><\/div><\/div><div class=\"g-cols wpb_row  type_default valign_top reversed vc_inner dc-alternate-section\"><div class=\"vc_col-sm-6 wpb_column vc_column_container has-fill cd-alternate-img-box\"><div class=\"vc_column-inner us_custom_d552fc74\"><div class=\"wpb_wrapper\"><\/div><\/div><\/div><div class=\"vc_col-sm-6 wpb_column vc_column_container dc-light-blue-bg dc-with-subtitle-section\"><div class=\"vc_column-inner\"><div class=\"wpb_wrapper\"><div class=\"wpb_text_column\" ><div class=\"wpb_wrapper\"><h3>Slurry-is: Avansert kj\u00f8ling og konservering av fisk<\/h3>\n<p>Den raske \u00f8kningen i verdens befolkning de siste ti\u00e5rene har lagt press p\u00e5 fiske- og havbruksn\u00e6ringen for \u00e5 forbedre produksjonen, kvaliteten og holdbarheten til fisk. Et fokus er \u00e5 implementere avanserte metoder for beskyttelse av fisk for alle foredlingsprosesser.<\/p>\n<p><a class=\"dc-caret-link\" href=\"https:\/\/www.deepchill.com\/insights\/ice-slurry-advanced-fish-chilling-and-preservation-technology\/?lang=no\">Finn ut mer <i class=\"fa fa-angle-right\"><\/i><\/a><\/p>\n<\/div><\/div><\/div><\/div><\/div><\/div><\/div><\/div><\/div><\/div><\/div><\/section>\n","protected":false},"excerpt":{"rendered":"L\u00e6r mer om Deepchill Solutions Inc.&#8217;s Deepchill\u00ae-teknologi, dens forskjellige bruksomr\u00e5der og fordelene den gir n\u00e6ringer og bedrifter over hele verden. Deepchilling reker I samarbeid med The Fisheries and Marine Institute of Memorial University of Newfoundland har Deepchill Solutions Inc. forsket p\u00e5 effekten av Deepchilling p\u00e5 sj\u00f8mat i sammenligning med andre avkj\u00f8lings- og konserveringsmetoder. Denne rapporten...","protected":false},"author":2,"featured_media":0,"parent":0,"menu_order":0,"comment_status":"closed","ping_status":"closed","template":"","meta":{"footnotes":""},"class_list":["post-13281","page","type-page","status-publish","hentry"],"aioseo_notices":[],"_links":{"self":[{"href":"https:\/\/www.deepchill.com\/no\/wp-json\/wp\/v2\/pages\/13281","targetHints":{"allow":["GET"]}}],"collection":[{"href":"https:\/\/www.deepchill.com\/no\/wp-json\/wp\/v2\/pages"}],"about":[{"href":"https:\/\/www.deepchill.com\/no\/wp-json\/wp\/v2\/types\/page"}],"author":[{"embeddable":true,"href":"https:\/\/www.deepchill.com\/no\/wp-json\/wp\/v2\/users\/2"}],"replies":[{"embeddable":true,"href":"https:\/\/www.deepchill.com\/no\/wp-json\/wp\/v2\/comments?post=13281"}],"version-history":[{"count":9,"href":"https:\/\/www.deepchill.com\/no\/wp-json\/wp\/v2\/pages\/13281\/revisions"}],"predecessor-version":[{"id":17275,"href":"https:\/\/www.deepchill.com\/no\/wp-json\/wp\/v2\/pages\/13281\/revisions\/17275"}],"wp:attachment":[{"href":"https:\/\/www.deepchill.com\/no\/wp-json\/wp\/v2\/media?parent=13281"}],"curies":[{"name":"wp","href":"https:\/\/api.w.org\/{rel}","templated":true}]}}