{"id":13301,"date":"2020-10-25T09:39:36","date_gmt":"2020-10-25T09:39:36","guid":{"rendered":"https:\/\/www.deepchill.com\/get-in-touch\/"},"modified":"2023-04-18T17:48:44","modified_gmt":"2023-04-18T17:48:44","slug":"get-in-touch","status":"publish","type":"page","link":"https:\/\/www.deepchill.com\/no\/get-in-touch\/","title":{"rendered":"Ta kontakt"},"content":{"rendered":"<section class=\"l-section wpb_row height_small dc-normal-font\"><div class=\"l-section-h i-cf\"><div class=\"g-cols vc_row type_default valign_top\"><div class=\"vc_col-sm-12 wpb_column vc_column_container\"><div class=\"vc_column-inner\"><div class=\"wpb_wrapper\"><div class=\"wpb_text_column\" ><div class=\"wpb_wrapper\"><h4>Hos Deepchill\u00ae er vi forpliktet til \u00e5 hjelpe deg med \u00e5 lage en overlegen l\u00f8sning som oppfyller dine behov og st\u00f8tter dine forretningsm\u00e5l.<\/h4>\n<\/div><\/div><div class=\"g-cols wpb_row  type_default valign_top vc_inner\"><div class=\"vc_col-sm-6 wpb_column vc_column_container\"><div class=\"vc_column-inner\"><div class=\"wpb_wrapper\"><div class=\"wpb_text_column\" ><div class=\"wpb_wrapper\"><h4>Deepchill Solutions Inc.<br \/>\n180 Caster Avenue<br \/>\nWoodbridge, Ontario L4L 5Y7<br \/>\nCanada<\/h4>\n<\/div><\/div><\/div><\/div><\/div><div class=\"vc_col-sm-6 wpb_column vc_column_container\"><div class=\"vc_column-inner\"><div class=\"wpb_wrapper\"><div class=\"wpb_text_column\" ><div class=\"wpb_wrapper\"><h4><a class=\"dc-tel-link\" href=\"tel:+19058560400\">+1 (905) 856 0400<\/a><br \/>\n<a class=\"dc-tel-link\" href=\"tel:+14166701404\">+1 (416) 670 1404 (Service Hotline)<\/a><br \/>\n<a href=\"mailto:inquiries@deepchill.com\">inquiries@deepchill.com<\/a><\/h4>\n<\/div><\/div><\/div><\/div><\/div><\/div><\/div><\/div><\/div><\/div><\/div><\/section><section class=\"l-section wpb_row us_custom_887a049b height_medium\"><div class=\"l-section-h i-cf\"><div class=\"g-cols vc_row type_default valign_top\"><div class=\"vc_col-sm-12 wpb_column vc_column_container\"><div class=\"vc_column-inner\"><div class=\"wpb_wrapper\">[vc_raw_html]JTNDaWZyYW1lJTIwZnJhbWVib3JkZXIlM0QlMjIwJTIyJTIwY2xhc3MlM0QlMjJkYy1nZXQtaW4tdG91Y2gtZm9ybS1pZnJhbWUlMjIlMjBzcmMlM0QlMjdodHRwcyUzQSUyRiUyRmZvcm1zLnpvaG9wdWJsaWMuY29tJTJGc3Vud2VsbCUyRmZvcm0lMkZHZXRpblRvdWNoJTJGZm9ybXBlcm1hJTJGdHNVbDV1cjBsa1A2MWR6NjBabVhHTktDbzIxUU1nN25Za1p6c1YxUFBSZyUyNyUzRSUzQyUyRmlmcmFtZSUzRQ==[\/vc_raw_html]<\/div><\/div><\/div><\/div><\/div><\/section>\n","protected":false},"excerpt":{"rendered":"Hos Deepchill\u00ae er vi forpliktet til \u00e5 hjelpe deg med \u00e5 lage en overlegen l\u00f8sning som oppfyller dine behov og st\u00f8tter dine forretningsm\u00e5l. Deepchill Solutions Inc. 180 Caster Avenue Woodbridge, Ontario L4L 5Y7 Canada +1 (905) 856 0400 +1 (416) 670 1404 (Service Hotline) inquiries@deepchill.com [vc_raw_html]JTNDaWZyYW1lJTIwZnJhbWVib3JkZXIlM0QlMjIwJTIyJTIwY2xhc3MlM0QlMjJkYy1nZXQtaW4tdG91Y2gtZm9ybS1pZnJhbWUlMjIlMjBzcmMlM0QlMjdodHRwcyUzQSUyRiUyRmZvcm1zLnpvaG9wdWJsaWMuY29tJTJGc3Vud2VsbCUyRmZvcm0lMkZHZXRpblRvdWNoJTJGZm9ybXBlcm1hJTJGdHNVbDV1cjBsa1A2MWR6NjBabVhHTktDbzIxUU1nN25Za1p6c1YxUFBSZyUyNyUzRSUzQyUyRmlmcmFtZSUzRQ==[\/vc_raw_html]","protected":false},"author":2,"featured_media":0,"parent":0,"menu_order":0,"comment_status":"closed","ping_status":"closed","template":"","meta":{"footnotes":""},"class_list":["post-13301","page","type-page","status-publish","hentry"],"aioseo_notices":[],"_links":{"self":[{"href":"https:\/\/www.deepchill.com\/no\/wp-json\/wp\/v2\/pages\/13301","targetHints":{"allow":["GET"]}}],"collection":[{"href":"https:\/\/www.deepchill.com\/no\/wp-json\/wp\/v2\/pages"}],"about":[{"href":"https:\/\/www.deepchill.com\/no\/wp-json\/wp\/v2\/types\/page"}],"author":[{"embeddable":true,"href":"https:\/\/www.deepchill.com\/no\/wp-json\/wp\/v2\/users\/2"}],"replies":[{"embeddable":true,"href":"https:\/\/www.deepchill.com\/no\/wp-json\/wp\/v2\/comments?post=13301"}],"version-history":[{"count":4,"href":"https:\/\/www.deepchill.com\/no\/wp-json\/wp\/v2\/pages\/13301\/revisions"}],"predecessor-version":[{"id":17132,"href":"https:\/\/www.deepchill.com\/no\/wp-json\/wp\/v2\/pages\/13301\/revisions\/17132"}],"wp:attachment":[{"href":"https:\/\/www.deepchill.com\/no\/wp-json\/wp\/v2\/media?parent=13301"}],"curies":[{"name":"wp","href":"https:\/\/api.w.org\/{rel}","templated":true}]}}