{"id":13309,"date":"2020-10-25T05:46:50","date_gmt":"2020-10-25T05:46:50","guid":{"rendered":"https:\/\/www.deepchill.com\/about-sunwell\/"},"modified":"2023-04-19T00:03:23","modified_gmt":"2023-04-19T00:03:23","slug":"about-deepchill","status":"publish","type":"page","link":"https:\/\/www.deepchill.com\/no\/about-deepchill\/","title":{"rendered":"OM DEEPCHILL"},"content":{"rendered":"<section class=\"l-section wpb_row height_medium dc-normal-font\"><div class=\"l-section-h i-cf\"><div class=\"g-cols vc_row type_default valign_top\"><div class=\"vc_col-sm-12 wpb_column vc_column_container\"><div class=\"vc_column-inner\"><div class=\"wpb_wrapper\"><div class=\"wpb_text_column\" ><div class=\"wpb_wrapper\"><h4>Deepchill Solutions Inc. er den ledende globale leverand\u00f8ren av avansert teknologi for konservering og kj\u00f8ling av mat til ledende virksomheter innen ulike bransjer over hele verden.<\/h4>\n<\/div><\/div><div class=\"g-cols wpb_row  type_default valign_top vc_inner\"><div class=\"vc_col-sm-6 wpb_column vc_column_container\"><div class=\"vc_column-inner\"><div class=\"wpb_wrapper\"><div class=\"wpb_text_column\" ><div class=\"wpb_wrapper\"><h3>Installert og brukt over hele verden<\/h3>\n<p>Deepchill Solutions Inc. ble grunnlagt i Canada i 1978 og er opphavet til slurry-is teknologi. Vi fortsetter \u00e5 v\u00e6re verdensledende innen produksjon av slurry-is og lagrings- og distribusjonssystemer. I over 40 \u00e5r har vi kontinuerlig introdusert banebrytende teknologir til verden. V\u00e5re patenterte l\u00f8sninger har f\u00f8rt til store endringer i en rekke bransjer, fra matforedling til transport til HVAC.<\/p>\n<p>V\u00e5r teknologi er blitt anerkjent som det mest avanserte og effektive kj\u00f8le- og konserveringsmetode som er tilgjengelig for et bredt spekter av bruksomr\u00e5der. Vi er stolte av effekten som teknologien gir for kundene v\u00e5re: ferskere matvarer, renere milj\u00f8 og energibesparelser.<\/p>\n<p>Vi frykter ingen utfordringer, og vi fortsetter \u00e5 innovere og skyve grensene for teknologi. Fra kj\u00f8levogner for futuristiske transportprosjekter, revolusjonering av shippingindustrien med off-grid TES-batteriteknologi, klimaanlegg for noen av Japans mest fremtredende landemerker, kunstsn\u00f8 for pingviner ved SeaWorld, is-pigging av amerikanske vannr\u00f8rledninger med Suez Group, til kj\u00f8ling dypt nede i gullgruver i S\u00f8r-Afrika \u2013 vi har gjort det!<\/p>\n<\/div><\/div><\/div><\/div><\/div><div class=\"vc_col-sm-6 wpb_column vc_column_container\"><div class=\"vc_column-inner\"><div class=\"wpb_wrapper\"><div id=\"ultimate-video-80369e1508c26f09\" class=\"ult-video  vc_custom_1606502097364 ult-adjust-bottom-margin ultimate-video-80369e1508c26f09 ultv-8695 \"><div class=\"ultv-video ultv-aspect-ratio-16_9 ultv-subscribe-responsive-none\" data-videotype=\"uv_iframe\">\r\n\t\t\t\t\t\t<div class=\"ultv-video__outer-wrap\" data-autoplay=\"0\" data-device=\"false\"  data-iconbg=\"#3a3a3a\" data-overcolor=\"\" data-defaultbg=\"#1f1f1e\" data-defaultplay=\"icon\"><div class=\"ultv-video__play\" data-src=\"https:\/\/www.youtube.com\/embed\/a11ark55Jsc?rel=0&amp;start&amp;end&amp;controls=1&amp;mute=0&amp;modestbranding=0&amp;autoplay=1\">\r\n\t\t\t\t\t\t\t\t<img decoding=\"async\" class=\"ultv-video__thumb\" src=\"https:\/\/i.ytimg.com\/vi\/a11ark55Jsc\/maxresdefault.jpg\"\/>\r\n\t\t\t\t\t\t\t\t<div class=\"ultv-video__play-icon Defaults-play-circle ultv-animation-none\" style=\"font-size:81px;\"><\/div> <\/div> <\/div><\/div><\/div><\/div><\/div><\/div><\/div><\/div><\/div><\/div><\/div><\/div><\/section><section class=\"l-section wpb_row height_medium dc-blue-bg dc-map-section\"><div class=\"l-section-h i-cf\"><div class=\"g-cols vc_row type_default valign_middle\"><div class=\"vc_col-sm-6 wpb_column vc_column_container\"><div class=\"vc_column-inner\"><div class=\"wpb_wrapper\"><div class=\"wpb_text_column\" ><div class=\"wpb_wrapper\"><h2>Over 2000 enheter installert og brukt i mer enn 40 land over hele verden.<\/h2>\n<\/div><\/div><\/div><\/div><\/div><div class=\"vc_col-sm-6 wpb_column vc_column_container\"><div class=\"vc_column-inner\"><div class=\"wpb_wrapper\"><div class=\"w-image align_center\"><div class=\"w-image-h\"><img loading=\"lazy\" decoding=\"async\" width=\"589\" height=\"295\" src=\"https:\/\/www.deepchill.com\/wp-content\/uploads\/2020\/10\/map-img.png\" class=\"attachment-full size-full\" alt=\"map-img\" srcset=\"https:\/\/www.deepchill.com\/wp-content\/uploads\/2020\/10\/map-img.png 589w, https:\/\/www.deepchill.com\/wp-content\/uploads\/2020\/10\/map-img-300x150.png 300w\" sizes=\"auto, (max-width: 589px) 100vw, 589px\" \/><\/div><\/div><\/div><\/div><\/div><\/div><\/div><\/section><section class=\"l-section wpb_row height_medium dc-light-blue-bg dc-years-of-innovation\"><div class=\"l-section-h i-cf\"><div class=\"g-cols vc_row type_default valign_top\"><div class=\"vc_col-sm-12 wpb_column vc_column_container\"><div class=\"vc_column-inner\"><div class=\"wpb_wrapper\"><div class=\"wpb_text_column\" ><div class=\"wpb_wrapper\"><h2 style=\"text-align: center;\">40 \u00e5r med innovasjon<\/h2>\n<\/div><\/div><div class=\"w-grid dc-innovation-timeline type_carousel layout_8793\" id=\"us_grid_1\" data-grid-filter=\"false\"><style id=\"us_grid_1_css\">#us_grid_1 .owl-nav div{font-size:1.8rem}#us_grid_1 .w-grid-item{padding:1.5rem}#us_grid_1 .w-grid-list{margin:-1.5rem}.w-grid + #us_grid_1 .w-grid-list{margin-top:1.5rem}<\/style><style>.layout_8793 .w-grid-item-h{}<\/style><div class=\"w-grid-list owl-carousel navstyle_circle navpos_outside\" ><article class=\"w-grid-item post-13314 timeline-and-process type-timeline-and-process status-publish format-standard hentry category-process-timeline-shrimp-no\" data-id=\"13314\">\r\n\t<div class=\"w-grid-item-h\">\r\n\t\t\t\t<div class=\"w-post-elm post_content usg_post_content_1\"><div class=\"wpb_text_column\" ><div class=\"wpb_wrapper\"><h3>1978<\/h3>\n<p>Den f\u00f8rste utviklingen av og patent for verdens f\u00f8rste system for slurry-is<\/p>\n<\/div><\/div>\n<\/div>\t<\/div>\r\n<\/article>\r\n<article class=\"w-grid-item post-13317 timeline-and-process type-timeline-and-process status-publish format-standard hentry category-process-timeline-shrimp-no\" data-id=\"13317\">\r\n\t<div class=\"w-grid-item-h\">\r\n\t\t\t\t<div class=\"w-post-elm post_content usg_post_content_1\"><div class=\"wpb_text_column\" ><div class=\"wpb_wrapper\"><h3>1984<\/h3>\n<p>F\u00f8rste slurry-is system om bord p\u00e5 et fiskefart\u00f8y,Canada<\/p>\n<\/div><\/div>\n<\/div>\t<\/div>\r\n<\/article>\r\n<article class=\"w-grid-item post-13320 timeline-and-process type-timeline-and-process status-publish format-standard hentry category-process-timeline-shrimp-no\" data-id=\"13320\">\r\n\t<div class=\"w-grid-item-h\">\r\n\t\t\t\t<div class=\"w-post-elm post_content usg_post_content_1\"><div class=\"wpb_text_column\" ><div class=\"wpb_wrapper\"><h3>1985<\/h3>\n<p>F\u00f8rste fabrikk anlegg for slurry-is for leveranser til lokalt fiskeri i Barbados<\/p>\n<\/div><\/div>\n<\/div>\t<\/div>\r\n<\/article>\r\n<article class=\"w-grid-item post-13324 timeline-and-process type-timeline-and-process status-publish format-standard hentry category-process-timeline-shrimp-no\" data-id=\"13324\">\r\n\t<div class=\"w-grid-item-h\">\r\n\t\t\t\t<div class=\"w-post-elm post_content usg_post_content_1\"><div class=\"wpb_text_column\" ><div class=\"wpb_wrapper\"><h3>1986<\/h3>\n<p>DeepChill<sup>\u00ae<\/sup>-basert kj\u00f8lesystem for gullgruve, S\u00f8r-Afrika<\/p>\n<\/div><\/div>\n<\/div>\t<\/div>\r\n<\/article>\r\n<article class=\"w-grid-item post-13326 timeline-and-process type-timeline-and-process status-publish format-standard hentry category-process-timeline-shrimp-no\" data-id=\"13326\">\r\n\t<div class=\"w-grid-item-h\">\r\n\t\t\t\t<div class=\"w-post-elm post_content usg_post_content_1\"><div class=\"wpb_text_column\" ><div class=\"wpb_wrapper\"><h3>1987<\/h3>\n<p>F\u00f8rste DeepChill\u00ae-system for fj\u00f8rfebehandling,Canada<\/p>\n<\/div><\/div>\n<\/div>\t<\/div>\r\n<\/article>\r\n<article class=\"w-grid-item post-13329 timeline-and-process type-timeline-and-process status-publish format-standard hentry category-process-timeline-shrimp-no\" data-id=\"13329\">\r\n\t<div class=\"w-grid-item-h\">\r\n\t\t\t\t<div class=\"w-post-elm post_content usg_post_content_1\"><div class=\"wpb_text_column\" ><div class=\"wpb_wrapper\"><h3>1988<\/h3>\n<p>F\u00f8rste system for pakking av broccoli, Canada<\/p>\n<\/div><\/div>\n<\/div>\t<\/div>\r\n<\/article>\r\n<article class=\"w-grid-item post-13331 timeline-and-process type-timeline-and-process status-publish format-standard hentry category-process-timeline-shrimp-no\" data-id=\"13331\">\r\n\t<div class=\"w-grid-item-h\">\r\n\t\t\t\t<div class=\"w-post-elm post_content usg_post_content_1\"><div class=\"wpb_text_column\" ><div class=\"wpb_wrapper\"><h3>1999<\/h3>\n<p>Kunstig sn\u00f8 \u00a0tilarktisk habitat, USA<\/p>\n<\/div><\/div>\n<\/div>\t<\/div>\r\n<\/article>\r\n<article class=\"w-grid-item post-13333 timeline-and-process type-timeline-and-process status-publish format-standard hentry category-process-timeline-shrimp-no\" data-id=\"13333\">\r\n\t<div class=\"w-grid-item-h\">\r\n\t\t\t\t<div class=\"w-post-elm post_content usg_post_content_1\"><div class=\"wpb_text_column\" ><div class=\"wpb_wrapper\"><h3>2001<\/h3>\n<p>F\u00f8rste DeepChill<sup>\u00ae<\/sup>\u00a0-system for supermarkedskjermer, Canada<\/p>\n<\/div><\/div>\n<\/div>\t<\/div>\r\n<\/article>\r\n<article class=\"w-grid-item post-13335 timeline-and-process type-timeline-and-process status-publish format-standard hentry category-process-timeline-shrimp-no\" data-id=\"13335\">\r\n\t<div class=\"w-grid-item-h\">\r\n\t\t\t\t<div class=\"w-post-elm post_content usg_post_content_1\"><div class=\"wpb_text_column\" ><div class=\"wpb_wrapper\"><h3>2004<\/h3>\n<p>F\u00f8rste slurry-is kj\u00f8lesystem for meieri, Danmark<\/p>\n<\/div><\/div>\n<\/div>\t<\/div>\r\n<\/article>\r\n<article class=\"w-grid-item post-13338 timeline-and-process type-timeline-and-process status-publish format-standard hentry category-process-timeline-shrimp-no\" data-id=\"13338\">\r\n\t<div class=\"w-grid-item-h\">\r\n\t\t\t\t<div class=\"w-post-elm post_content usg_post_content_1\"><div class=\"wpb_text_column\" ><div class=\"wpb_wrapper\"><h3>2005<\/h3>\n<p>F\u00f8rste slurry-is kj\u00f8lesystem for deig, Ecuador<\/p>\n<\/div><\/div>\n<\/div>\t<\/div>\r\n<\/article>\r\n<article class=\"w-grid-item post-13340 timeline-and-process type-timeline-and-process status-publish format-standard hentry category-process-timeline-shrimp-no\" data-id=\"13340\">\r\n\t<div class=\"w-grid-item-h\">\r\n\t\t\t\t<div class=\"w-post-elm post_content usg_post_content_1\"><div class=\"wpb_text_column\" ><div class=\"wpb_wrapper\"><h3>2009<\/h3>\n<p>H\u00f8ykraftenhetens kj\u00f8lesystem for milit\u00e6r applikasjon, U.S.A.<\/p>\n<\/div><\/div>\n<\/div>\t<\/div>\r\n<\/article>\r\n<article class=\"w-grid-item post-13342 timeline-and-process type-timeline-and-process status-publish format-standard hentry category-process-timeline-shrimp-no\" data-id=\"13342\">\r\n\t<div class=\"w-grid-item-h\">\r\n\t\t\t\t<div class=\"w-post-elm post_content usg_post_content_1\"><div class=\"wpb_text_column\" ><div class=\"wpb_wrapper\"><h3>2015<\/h3>\n<p>F\u00f8rste DeepChill\u00ae baserte is-pigging system, U.S.A<\/p>\n<\/div><\/div>\n<\/div>\t<\/div>\r\n<\/article>\r\n<article class=\"w-grid-item post-13344 timeline-and-process type-timeline-and-process status-publish format-standard hentry category-process-timeline-shrimp-no\" data-id=\"13344\">\r\n\t<div class=\"w-grid-item-h\">\r\n\t\t\t\t<div class=\"w-post-elm post_content usg_post_content_1\"><div class=\"wpb_text_column\" ><div class=\"wpb_wrapper\"><h3>2016<\/h3>\n<p>Chill-X aktiv varmeisolasjon for frakt container<\/p>\n<\/div><\/div>\n<\/div>\t<\/div>\r\n<\/article>\r\n<article class=\"w-grid-item post-13346 timeline-and-process type-timeline-and-process status-publish format-standard hentry category-process-timeline-shrimp-no\" data-id=\"13346\">\r\n\t<div class=\"w-grid-item-h\">\r\n\t\t\t\t<div class=\"w-post-elm post_content usg_post_content_1\"><div class=\"wpb_text_column\" ><div class=\"wpb_wrapper\"><h3>2019<\/h3>\n<p>Neste generasjon DeepChill\u00ae Crystallisers<\/p>\n<\/div><\/div>\n<\/div>\t<\/div>\r\n<\/article>\r\n<article class=\"w-grid-item post-13348 timeline-and-process type-timeline-and-process status-publish format-standard hentry category-process-timeline-shrimp-no\" data-id=\"13348\">\r\n\t<div class=\"w-grid-item-h\">\r\n\t\t\t\t<div class=\"w-post-elm post_content usg_post_content_1\"><div class=\"wpb_text_column\" ><div class=\"wpb_wrapper\"><h3>2020<\/h3>\n<p>DeepChill\u00ae Ingerdiator for industrielle bakerier<\/p>\n<\/div><\/div>\n<\/div>\t<\/div>\r\n<\/article>\r\n<\/div><div class=\"g-preloader type_1\">\r\n\t<div><\/div>\r\n<\/div>\r\n\t<div class=\"w-grid-json hidden\" onclick='return {&quot;action&quot;:&quot;us_ajax_grid&quot;,&quot;ajax_url&quot;:&quot;https:\\\/\\\/www.deepchill.com\\\/wp-admin\\\/admin-ajax.php&quot;,&quot;infinite_scroll&quot;:0,&quot;max_num_pages&quot;:1,&quot;pagination&quot;:&quot;none&quot;,&quot;permalink_url&quot;:&quot;https:\\\/\\\/www.deepchill.com\\\/no\\\/wp-json\\\/wp\\\/v2\\\/pages\\\/13309\\\/&quot;,&quot;template_vars&quot;:{&quot;columns&quot;:&quot;6&quot;,&quot;exclude_items&quot;:&quot;none&quot;,&quot;img_size&quot;:&quot;default&quot;,&quot;ignore_items_size&quot;:false,&quot;items_layout&quot;:&quot;8793&quot;,&quot;items_offset&quot;:&quot;1&quot;,&quot;overriding_link&quot;:&quot;none&quot;,&quot;post_id&quot;:13309,&quot;query_args&quot;:{&quot;post_type&quot;:[&quot;timeline-and-process&quot;],&quot;tax_query&quot;:[{&quot;taxonomy&quot;:&quot;category&quot;,&quot;field&quot;:&quot;slug&quot;,&quot;terms&quot;:[&quot;progress-timeline&quot;]}],&quot;post_status&quot;:[&quot;publish&quot;,&quot;acf-disabled&quot;],&quot;orderby&quot;:{&quot;date&quot;:&quot;ASC&quot;},&quot;posts_per_page&quot;:&quot;15&quot;},&quot;type&quot;:&quot;carousel&quot;,&quot;us_grid_ajax_index&quot;:1,&quot;us_grid_filter_params&quot;:null,&quot;us_grid_index&quot;:1,&quot;_us_grid_post_type&quot;:&quot;timeline-and-process&quot;,&quot;lang&quot;:&quot;no&quot;},&quot;carousel_settings&quot;:{&quot;autoHeight&quot;:0,&quot;autoplay&quot;:0,&quot;carousel_fade&quot;:0,&quot;center&quot;:0,&quot;dots&quot;:0,&quot;items&quot;:&quot;6&quot;,&quot;loop&quot;:false,&quot;nav&quot;:1,&quot;slideby&quot;:&quot;1&quot;,&quot;smooth_play&quot;:0,&quot;speed&quot;:250,&quot;timeout&quot;:3000,&quot;transition&quot;:&quot;&quot;},&quot;carousel_breakpoints&quot;:{&quot;1200&quot;:{&quot;items&quot;:6},&quot;900&quot;:{&quot;autoHeight&quot;:0,&quot;autoplay&quot;:1,&quot;autoplayHoverPause&quot;:1,&quot;items&quot;:6,&quot;loop&quot;:false},&quot;600&quot;:{&quot;autoHeight&quot;:0,&quot;autoplay&quot;:1,&quot;autoplayHoverPause&quot;:1,&quot;items&quot;:4,&quot;loop&quot;:false},&quot;0&quot;:{&quot;autoHeight&quot;:0,&quot;autoplay&quot;:1,&quot;autoplayHoverPause&quot;:1,&quot;items&quot;:2,&quot;loop&quot;:false}}}'><\/div>\r\n<\/div><\/div><\/div><\/div><\/div><\/div><\/section><section class=\"l-section wpb_row height_medium\"><div class=\"l-section-h i-cf\"><div class=\"g-cols vc_row type_default valign_middle\"><div class=\"vc_col-sm-5 wpb_column vc_column_container\"><div class=\"vc_column-inner\"><div class=\"wpb_wrapper\"><div class=\"wpb_text_column\" ><div class=\"wpb_wrapper\"><h2>Patentert teknologi<\/h2>\n<\/div><\/div><\/div><\/div><\/div><div class=\"vc_col-sm-2 wpb_column vc_column_container\"><div class=\"vc_column-inner\"><div class=\"wpb_wrapper\"><div class=\"w-image align_center\"><div class=\"w-image-h\"><img loading=\"lazy\" decoding=\"async\" width=\"81\" height=\"15\" src=\"https:\/\/www.deepchill.com\/wp-content\/uploads\/2020\/10\/long-arrow-img2.png\" class=\"attachment-full size-full\" alt=\"\" \/><\/div><\/div><\/div><\/div><\/div><div class=\"vc_col-sm-5 wpb_column vc_column_container\"><div class=\"vc_column-inner\"><div class=\"wpb_wrapper\"><div class=\"wpb_text_column\" ><div class=\"wpb_wrapper\"><p>Deepchill\u00ae er pioneren innen slurry-teknologi, med over 30 globale patenter innen feltet. Ingen andre is-systemer gir den samme effektiviteten, fleksibiliteten eller brukervennligheten. I dag fortsetter v\u00e5r forsknings- og utviklingsarm \u00e5 innovere og skyve grensene for teknologi.<\/p>\n<\/div><\/div><\/div><\/div><\/div><\/div><\/div><\/section><section class=\"l-section wpb_row height_large dc-testimonials-home-section with_img parallax_hor bgwidth_130\"><div class=\"l-section-img\" style=\"background-image: url(https:\/\/www.deepchill.com\/wp-content\/uploads\/2020\/10\/testimonial-bg.png);background-repeat: no-repeat;\" data-img-width=\"1920\" data-img-height=\"571\"><\/div><div class=\"l-section-h i-cf\"><div class=\"g-cols vc_row type_default valign_top\"><div class=\"vc_col-sm-6 wpb_column vc_column_container\"><div class=\"vc_column-inner\"><div class=\"wpb_wrapper\"><div class=\"w-grid type_carousel layout_7703\" id=\"us_grid_2\" data-grid-filter=\"false\"><style>.layout_7703 .w-grid-item-h{}<\/style><div class=\"w-grid-list owl-carousel navstyle_circle navpos_outside\" ><article class=\"w-grid-item post-13653 us_testimonial type-us_testimonial status-publish hentry\" data-id=\"13653\">\r\n\t<div class=\"w-grid-item-h\">\r\n\t\t\t\t<div class=\"w-post-elm post_content usg_post_content_1\">\u00abDeepchill er uunnv\u00e6rlig for \u00e5 opprettholde ferskheten av v\u00e5r saury som skal konsumeres r\u00e5. P\u00e5 grunn av Deepchill er n\u00e5 overlegenheten til v\u00e5re produkter anerkjent i markedet\u00bb.<\/div><div class=\"w-hwrapper usg_hwrapper_2 align_left valign_top\"><div class=\"w-post-elm post_custom_field usg_post_custom_field_1 type_text color_link_inherit dc-author-name\"><p>Mr. Haruo Yamamoto<\/p>\n<\/div><\/div><div class=\"w-hwrapper usg_hwrapper_3 align_left valign_top\"><div class=\"w-post-elm post_custom_field usg_post_custom_field_3 type_text color_link_inherit dc-author-role\"><p>President<\/p>\n<\/div><div class=\"w-post-elm post_custom_field usg_post_custom_field_2 type_text color_link_inherit dc-author-company\"><p>Yamahon Corporation<\/p>\n<\/div><\/div><div class=\"w-hwrapper usg_hwrapper_1 align_left valign_top\"><div class=\"w-post-elm post_custom_field usg_post_custom_field_4 type_text color_link_inherit dc-testimonial-country\">Japan<\/div><\/div>\t<\/div>\r\n<\/article>\r\n<\/div><div class=\"g-preloader type_1\">\r\n\t<div><\/div>\r\n<\/div>\r\n\t<div class=\"w-grid-json hidden\" onclick='return {&quot;action&quot;:&quot;us_ajax_grid&quot;,&quot;ajax_url&quot;:&quot;https:\\\/\\\/www.deepchill.com\\\/wp-admin\\\/admin-ajax.php&quot;,&quot;infinite_scroll&quot;:0,&quot;max_num_pages&quot;:1,&quot;pagination&quot;:&quot;none&quot;,&quot;permalink_url&quot;:&quot;https:\\\/\\\/www.deepchill.com\\\/no\\\/wp-json\\\/wp\\\/v2\\\/pages\\\/13309\\\/&quot;,&quot;template_vars&quot;:{&quot;columns&quot;:&quot;1&quot;,&quot;exclude_items&quot;:&quot;none&quot;,&quot;img_size&quot;:&quot;default&quot;,&quot;ignore_items_size&quot;:false,&quot;items_layout&quot;:&quot;7703&quot;,&quot;items_offset&quot;:&quot;1&quot;,&quot;overriding_link&quot;:&quot;none&quot;,&quot;post_id&quot;:13348,&quot;query_args&quot;:{&quot;ignore_sticky_posts&quot;:1,&quot;post_type&quot;:&quot;any&quot;,&quot;post__in&quot;:[&quot;8216&quot;],&quot;orderby&quot;:{&quot;date&quot;:&quot;DESC&quot;},&quot;posts_per_page&quot;:&quot;1&quot;},&quot;type&quot;:&quot;carousel&quot;,&quot;us_grid_ajax_index&quot;:2,&quot;us_grid_filter_params&quot;:null,&quot;us_grid_index&quot;:2,&quot;_us_grid_post_type&quot;:&quot;ids&quot;,&quot;lang&quot;:&quot;no&quot;},&quot;carousel_settings&quot;:{&quot;autoHeight&quot;:0,&quot;autoplay&quot;:0,&quot;carousel_fade&quot;:0,&quot;center&quot;:0,&quot;dots&quot;:0,&quot;items&quot;:&quot;1&quot;,&quot;loop&quot;:false,&quot;nav&quot;:0,&quot;slideby&quot;:&quot;1&quot;,&quot;smooth_play&quot;:0,&quot;speed&quot;:250,&quot;timeout&quot;:3000,&quot;transition&quot;:&quot;&quot;},&quot;carousel_breakpoints&quot;:{&quot;1200&quot;:{&quot;items&quot;:1},&quot;900&quot;:{&quot;autoHeight&quot;:0,&quot;autoplay&quot;:0,&quot;autoplayHoverPause&quot;:0,&quot;items&quot;:1,&quot;loop&quot;:false},&quot;600&quot;:{&quot;autoHeight&quot;:0,&quot;autoplay&quot;:0,&quot;autoplayHoverPause&quot;:0,&quot;items&quot;:1,&quot;loop&quot;:false},&quot;0&quot;:{&quot;autoHeight&quot;:0,&quot;autoplay&quot;:0,&quot;autoplayHoverPause&quot;:0,&quot;items&quot;:1,&quot;loop&quot;:false}}}'><\/div>\r\n<\/div><\/div><\/div><\/div><div class=\"vc_col-sm-6 wpb_column vc_column_container\"><div class=\"vc_column-inner\"><div class=\"wpb_wrapper\"><\/div><\/div><\/div><\/div><\/div><\/section>\n","protected":false},"excerpt":{"rendered":"\u00abDeepchill er uunnv\u00e6rlig for \u00e5 opprettholde ferskheten av v\u00e5r saury som skal konsumeres r\u00e5. P\u00e5 grunn av Deepchill er n\u00e5 overlegenheten til v\u00e5re produkter anerkjent i markedet\u00bb.","protected":false},"author":2,"featured_media":0,"parent":0,"menu_order":0,"comment_status":"closed","ping_status":"closed","template":"","meta":{"footnotes":""},"class_list":["post-13309","page","type-page","status-publish","hentry"],"aioseo_notices":[],"_links":{"self":[{"href":"https:\/\/www.deepchill.com\/no\/wp-json\/wp\/v2\/pages\/13309","targetHints":{"allow":["GET"]}}],"collection":[{"href":"https:\/\/www.deepchill.com\/no\/wp-json\/wp\/v2\/pages"}],"about":[{"href":"https:\/\/www.deepchill.com\/no\/wp-json\/wp\/v2\/types\/page"}],"author":[{"embeddable":true,"href":"https:\/\/www.deepchill.com\/no\/wp-json\/wp\/v2\/users\/2"}],"replies":[{"embeddable":true,"href":"https:\/\/www.deepchill.com\/no\/wp-json\/wp\/v2\/comments?post=13309"}],"version-history":[{"count":8,"href":"https:\/\/www.deepchill.com\/no\/wp-json\/wp\/v2\/pages\/13309\/revisions"}],"predecessor-version":[{"id":17187,"href":"https:\/\/www.deepchill.com\/no\/wp-json\/wp\/v2\/pages\/13309\/revisions\/17187"}],"wp:attachment":[{"href":"https:\/\/www.deepchill.com\/no\/wp-json\/wp\/v2\/media?parent=13309"}],"curies":[{"name":"wp","href":"https:\/\/api.w.org\/{rel}","templated":true}]}}