{"id":13352,"date":"2020-10-28T05:38:41","date_gmt":"2020-10-28T05:38:41","guid":{"rendered":"https:\/\/www.deepchill.com\/careers\/"},"modified":"2023-04-18T16:48:16","modified_gmt":"2023-04-18T16:48:16","slug":"careers","status":"publish","type":"page","link":"https:\/\/www.deepchill.com\/no\/careers\/","title":{"rendered":"Karriere"},"content":{"rendered":"<section class=\"l-section wpb_row height_small dc-normal-font\"><div class=\"l-section-h i-cf\"><div class=\"g-cols vc_row type_default valign_top\"><div class=\"vc_col-sm-12 wpb_column vc_column_container\"><div class=\"vc_column-inner\"><div class=\"wpb_wrapper\"><div class=\"wpb_text_column\" ><div class=\"wpb_wrapper\"><h4>Hva gj\u00f8r at Deepchill Solutions Inc. skiller seg ut? Oppfinnsomhet, motstandsdyktighet og innovasjon. Hvis du ogs\u00e5 ser deg selv slik, er du den rette kandidaten til \u00e5 bli med i teamet v\u00e5rt!<\/h4>\n<h4>Vi er alltid p\u00e5 utkikk etter lidenskapelige og talentfulle mennesker som kan bli med oss. V\u00e5re n\u00e5v\u00e6rende \u00e5pninger er listet opp nedenfor. For \u00e5 sp\u00f8rre om andre muligheter, vennligst kontakt oss ved \u00e5 sende en e-post til <a href=\"mailto:info@deepchill.com\">info@deepchill.com<\/a>.<\/h4>\n<\/div><\/div><\/div><\/div><\/div><\/div><\/div><\/section><section class=\"l-section wpb_row us_custom_887a049b height_medium\"><div class=\"l-section-h i-cf\"><div class=\"g-cols vc_row type_default valign_top\"><div class=\"vc_col-sm-12 wpb_column vc_column_container\"><div class=\"vc_column-inner\"><div class=\"wpb_wrapper\"><div class=\"w-grid type_grid layout_8186 cols_2 with_pagination\" id=\"us_grid_1\" data-grid-filter=\"true\"><style id=\"us_grid_1_css\">#us_grid_1 .w-grid-item{padding:1.5rem}#us_grid_1 .w-grid-list{margin:-1.5rem -1.5rem 1.5rem}.w-grid + #us_grid_1 .w-grid-list{margin-top:1.5rem}@media (max-width:599px){#us_grid_1 .w-grid-list{margin:0}#us_grid_1 .w-grid-item{width:100%;padding:0;margin-bottom:1.5rem}}<\/style><style>.layout_8186 .w-grid-item-h{}<\/style><div class=\"w-grid-list\" ><article class=\"w-grid-item size_1x1 post-13356 career type-career status-publish format-standard hentry\" data-id=\"13356\">\r\n\t<div class=\"w-grid-item-h\">\r\n\t\t\t\t<h2 class=\"w-post-elm post_title usg_post_title_1 entry-title color_link_inherit\"><a href=\"https:\/\/www.deepchill.com\/no\/career\/process-engineer\/\">Process Engineer<\/a><\/h2><div class=\"w-post-elm post_content usg_post_content_1\">We are looking for a passionate Process Engineer to join our Engineering Department and support the execution of projects. You will report to the Head of Engineering, and work closely with stakeholders, sales team, engineers, designers, production and services teams.&hellip;<\/div><a class=\"w-btn us-btn-style_1 usg_btn_1 dc-caret-link2\" href=\"https:\/\/www.deepchill.com\/no\/career\/process-engineer\/\"><span class=\"w-btn-label\">Learn more<\/span><\/a>\t<\/div>\r\n<\/article>\r\n<\/div><div class=\"w-grid-preloader\"><div class=\"g-preloader type_1\">\r\n\t<div><\/div>\r\n<\/div>\r\n<\/div>\t<div class=\"w-grid-json hidden\" onclick='return {&quot;action&quot;:&quot;us_ajax_grid&quot;,&quot;ajax_url&quot;:&quot;https:\\\/\\\/www.deepchill.com\\\/wp-admin\\\/admin-ajax.php&quot;,&quot;infinite_scroll&quot;:0,&quot;max_num_pages&quot;:1,&quot;pagination&quot;:&quot;regular&quot;,&quot;permalink_url&quot;:&quot;https:\\\/\\\/www.deepchill.com\\\/no\\\/wp-json\\\/wp\\\/v2\\\/pages\\\/13352\\\/&quot;,&quot;template_vars&quot;:{&quot;columns&quot;:&quot;2&quot;,&quot;exclude_items&quot;:&quot;none&quot;,&quot;img_size&quot;:&quot;default&quot;,&quot;ignore_items_size&quot;:false,&quot;items_layout&quot;:&quot;8186&quot;,&quot;items_offset&quot;:&quot;1&quot;,&quot;overriding_link&quot;:&quot;none&quot;,&quot;post_id&quot;:13352,&quot;query_args&quot;:{&quot;post_type&quot;:[&quot;career&quot;],&quot;post_status&quot;:[&quot;publish&quot;,&quot;acf-disabled&quot;],&quot;orderby&quot;:{&quot;date&quot;:&quot;DESC&quot;},&quot;posts_per_page&quot;:&quot;4&quot;},&quot;type&quot;:&quot;grid&quot;,&quot;us_grid_ajax_index&quot;:1,&quot;us_grid_filter_params&quot;:null,&quot;us_grid_index&quot;:1,&quot;_us_grid_post_type&quot;:&quot;career&quot;,&quot;lang&quot;:&quot;no&quot;}}'><\/div>\r\n<\/div><\/div><\/div><\/div><\/div><\/div><\/section>\n","protected":false},"excerpt":{"rendered":"We are looking for a passionate Process Engineer to join our Engineering Department and support the execution of projects. You will report to the Head of Engineering, and work closely with stakeholders, sales team, engineers, designers, production and services teams. You will be involved in a number of projects around the world and at the...","protected":false},"author":2,"featured_media":0,"parent":0,"menu_order":0,"comment_status":"closed","ping_status":"closed","template":"","meta":{"footnotes":""},"class_list":["post-13352","page","type-page","status-publish","hentry"],"aioseo_notices":[],"_links":{"self":[{"href":"https:\/\/www.deepchill.com\/no\/wp-json\/wp\/v2\/pages\/13352","targetHints":{"allow":["GET"]}}],"collection":[{"href":"https:\/\/www.deepchill.com\/no\/wp-json\/wp\/v2\/pages"}],"about":[{"href":"https:\/\/www.deepchill.com\/no\/wp-json\/wp\/v2\/types\/page"}],"author":[{"embeddable":true,"href":"https:\/\/www.deepchill.com\/no\/wp-json\/wp\/v2\/users\/2"}],"replies":[{"embeddable":true,"href":"https:\/\/www.deepchill.com\/no\/wp-json\/wp\/v2\/comments?post=13352"}],"version-history":[{"count":3,"href":"https:\/\/www.deepchill.com\/no\/wp-json\/wp\/v2\/pages\/13352\/revisions"}],"predecessor-version":[{"id":17121,"href":"https:\/\/www.deepchill.com\/no\/wp-json\/wp\/v2\/pages\/13352\/revisions\/17121"}],"wp:attachment":[{"href":"https:\/\/www.deepchill.com\/no\/wp-json\/wp\/v2\/media?parent=13352"}],"curies":[{"name":"wp","href":"https:\/\/api.w.org\/{rel}","templated":true}]}}