{"id":13372,"date":"2020-10-28T05:44:01","date_gmt":"2020-10-28T05:44:01","guid":{"rendered":"https:\/\/www.deepchill.com\/how-can-we-help-you-save\/"},"modified":"2023-04-19T06:59:51","modified_gmt":"2023-04-19T06:59:51","slug":"how-can-we-help-you-save","status":"publish","type":"page","link":"https:\/\/www.deepchill.com\/no\/how-can-we-help-you-save\/","title":{"rendered":"Hvordan kan vi hjelpe deg med \u00e5 spare?"},"content":{"rendered":"<section class=\"l-section wpb_row height_medium dc-normal-font\"><div class=\"l-section-h i-cf\"><div class=\"g-cols vc_row type_default valign_top\"><div class=\"vc_col-sm-12 wpb_column vc_column_container\"><div class=\"vc_column-inner\"><div class=\"wpb_wrapper\"><div class=\"wpb_text_column\" ><div class=\"wpb_wrapper\"><h4>Hos Deepchill Solutions Inc. tror vi p\u00e5 l\u00f8sninger som gir st\u00f8rre kostnadsbesparelser og l\u00f8nnsomhet for virksomheten din.<\/h4>\n<p>Vi kan designe et Deepchill\u00ae-system som vil hjelpe deg:<\/p>\n<ul>\n<li>\n<h4>\u00d8ke avkastningen<\/h4>\n<\/li>\n<li>\n<h4>Spare kostnader innen h\u00e5ndtering av is<\/h4>\n<\/li>\n<li>\n<h4>Reduser isforbruket<\/h4>\n<\/li>\n<li>\n<h4>Redusere overpakking<\/h4>\n<\/li>\n<li>\n<h4>Lavere energiforbruk<\/h4>\n<\/li>\n<li>\n<h4>og mer<\/h4>\n<\/li>\n<\/ul>\n<h4>L\u00e6r hvordan Deepchill\u00ae kan hjelpe deg med \u00e5 spare. La oss gjennomg\u00e5 driften din sammen, og teamet v\u00e5rt hjelper deg med \u00e5 beregne kostnadsbesparelser og avkastning.<\/h4>\n<\/div><\/div><\/div><\/div><\/div><\/div><\/div><\/section><section class=\"l-section wpb_row us_custom_887a049b height_medium\"><div class=\"l-section-h i-cf\"><div class=\"g-cols vc_row type_default valign_top\"><div class=\"vc_col-sm-12 wpb_column vc_column_container\"><div class=\"vc_column-inner\"><div class=\"wpb_wrapper\">[vc_raw_html]JTNDaWZyYW1lJTIwZnJhbWVib3JkZXIlM0QlMjIwJTIyJTIwc3R5bGUlM0QlMjJoZWlnaHQlM0E4OTBweCUzQndpZHRoJTNBMTAwJTI1JTNCYm9yZGVyJTNBbm9uZSUzQiUyMiUyMHNyYyUzRCUyN2h0dHBzJTNBJTJGJTJGZm9ybXMuem9ob3B1YmxpYy5jb20lMkZzdW53ZWxsJTJGZm9ybSUyRkdldGludG91Y2gxJTJGZm9ybXBlcm1hJTJGZG9KU0xCenh4MlMwVS1qUDdhZ2U2dDR1Z2FmUFJCQzBGVGtic1U4a1VuVSUyNyUzRSUzQyUyRmlmcmFtZSUzRSUyMA==[\/vc_raw_html]<\/div><\/div><\/div><\/div><\/div><\/section>\n","protected":false},"excerpt":{"rendered":"Hos Deepchill Solutions Inc. tror vi p\u00e5 l\u00f8sninger som gir st\u00f8rre kostnadsbesparelser og l\u00f8nnsomhet for virksomheten din. Vi kan designe et Deepchill\u00ae-system som vil hjelpe deg: \u00d8ke avkastningen Spare kostnader innen h\u00e5ndtering av is Reduser isforbruket Redusere overpakking Lavere energiforbruk og mer L\u00e6r hvordan Deepchill\u00ae kan hjelpe deg med \u00e5 spare. La oss gjennomg\u00e5 driften...","protected":false},"author":2,"featured_media":0,"parent":0,"menu_order":0,"comment_status":"closed","ping_status":"closed","template":"","meta":{"footnotes":""},"class_list":["post-13372","page","type-page","status-publish","hentry"],"aioseo_notices":[],"_links":{"self":[{"href":"https:\/\/www.deepchill.com\/no\/wp-json\/wp\/v2\/pages\/13372","targetHints":{"allow":["GET"]}}],"collection":[{"href":"https:\/\/www.deepchill.com\/no\/wp-json\/wp\/v2\/pages"}],"about":[{"href":"https:\/\/www.deepchill.com\/no\/wp-json\/wp\/v2\/types\/page"}],"author":[{"embeddable":true,"href":"https:\/\/www.deepchill.com\/no\/wp-json\/wp\/v2\/users\/2"}],"replies":[{"embeddable":true,"href":"https:\/\/www.deepchill.com\/no\/wp-json\/wp\/v2\/comments?post=13372"}],"version-history":[{"count":3,"href":"https:\/\/www.deepchill.com\/no\/wp-json\/wp\/v2\/pages\/13372\/revisions"}],"predecessor-version":[{"id":17232,"href":"https:\/\/www.deepchill.com\/no\/wp-json\/wp\/v2\/pages\/13372\/revisions\/17232"}],"wp:attachment":[{"href":"https:\/\/www.deepchill.com\/no\/wp-json\/wp\/v2\/media?parent=13372"}],"curies":[{"name":"wp","href":"https:\/\/api.w.org\/{rel}","templated":true}]}}