{"id":13376,"date":"2020-10-28T05:46:52","date_gmt":"2020-10-28T05:46:52","guid":{"rendered":"https:\/\/www.deepchill.com\/sunwell-at-your-service\/"},"modified":"2023-04-18T23:54:46","modified_gmt":"2023-04-18T23:54:46","slug":"deepchill-at-your-service","status":"publish","type":"page","link":"https:\/\/www.deepchill.com\/no\/deepchill-at-your-service\/","title":{"rendered":"Deepchill til din tjeneste"},"content":{"rendered":"<section class=\"l-section wpb_row height_medium dc-at-your-service-section\"><div class=\"l-section-h i-cf\"><div class=\"g-cols vc_row type_default valign_top\"><div class=\"vc_col-sm-6 wpb_column vc_column_container\"><div class=\"vc_column-inner\"><div class=\"wpb_wrapper\"><div class=\"w-iconbox iconpos_left style_default color_primary align_left icontype_img\"><div class=\"w-iconbox-icon\" style=\"font-size:81px;\"><img loading=\"lazy\" decoding=\"async\" width=\"81\" height=\"81\" src=\"https:\/\/www.deepchill.com\/wp-content\/uploads\/2020\/10\/phone-icon.png\" class=\"attachment-full size-full\" alt=\"phone-icon\" \/><\/div><div class=\"w-iconbox-meta\"><h4 class=\"w-iconbox-title\">D\u00f8gn\u00e5pen kundest\u00f8tte:<\/h4><div class=\"w-iconbox-text\"><p><a class=\"dc-tel-link\" href=\"tel:+14166701404\">+1 416-670-1404<\/a><\/p>\n<\/div><\/div><\/div><\/div><\/div><\/div><div class=\"vc_col-sm-6 wpb_column vc_column_container\"><div class=\"vc_column-inner\"><div class=\"wpb_wrapper\"><div class=\"w-iconbox iconpos_left style_default color_primary align_left icontype_img\"><div class=\"w-iconbox-icon\" style=\"font-size:81px;\"><img loading=\"lazy\" decoding=\"async\" width=\"81\" height=\"81\" src=\"https:\/\/www.deepchill.com\/wp-content\/uploads\/2020\/10\/email-icon.png\" class=\"attachment-full size-full\" alt=\"email-icon\" \/><\/div><div class=\"w-iconbox-meta\"><h4 class=\"w-iconbox-title\">Email<\/h4><div class=\"w-iconbox-text\"><p><a href=\"mailto:service@sunwell.com\">service@deepchill.com<\/a><\/p>\n<\/div><\/div><\/div><\/div><\/div><\/div><\/div><\/div><\/section><section class=\"l-section wpb_row height_medium\"><div class=\"l-section-h i-cf\"><div class=\"g-cols vc_row type_default valign_top\"><div class=\"vc_col-sm-12 wpb_column vc_column_container\"><div class=\"vc_column-inner\"><div class=\"wpb_wrapper\"><div class=\"wpb_text_column\" ><div class=\"wpb_wrapper\"><h2 style=\"text-align: center;\">Hvordan vi kan hjelpe<\/h2>\n<\/div><\/div><div class=\"g-cols wpb_row  type_default valign_top reversed vc_inner dc-alternate-section\"><div class=\"vc_col-sm-6 wpb_column vc_column_container has-fill cd-alternate-img-box\"><div class=\"vc_column-inner us_custom_6c8e7cdc\"><div class=\"wpb_wrapper\"><\/div><\/div><\/div><div class=\"vc_col-sm-6 wpb_column vc_column_container dc-light-blue-bg dc-with-subtitle-section\"><div class=\"vc_column-inner\"><div class=\"wpb_wrapper\"><div class=\"wpb_text_column\" ><div class=\"wpb_wrapper\"><h3>R\u00e5dgivning om bruk og ingeni\u00f8rdesign<\/h3>\n<p>Som pioner innen teknologi for slurry-is har Deepchill Solutions Inc. bygget over 40 \u00e5rs kunnskap og erfaring. V\u00e5rt team av probleml\u00f8sere har v\u00e6rt i forkant med bruk av slurry-is i nye n\u00e6ringer.<\/p>\n<p>Vi tror at en st\u00f8rrelse ikke passer alle. V\u00e5re l\u00f8sninger er spesialdesignet og bygget etter individuelle krav fra v\u00e5re kunder. Og fordi hver bruk er forskjellig, og hver operasjon er unik, tilbyr vi r\u00e5dgivning om bruk. Vi s\u00f8rger for at systemene v\u00e5re er integrert i klientens prosesser, og passer til deres spesifikke bruk for \u00e5 oppn\u00e5 optimale resultater.<\/p>\n<\/div><\/div><\/div><\/div><\/div><\/div><div class=\"g-cols wpb_row  type_default valign_top vc_inner dc-alternate-section\"><div class=\"vc_col-sm-6 wpb_column vc_column_container dc-light-blue-bg dc-with-subtitle-section\"><div class=\"vc_column-inner\"><div class=\"wpb_wrapper\"><div class=\"wpb_text_column\" ><div class=\"wpb_wrapper\"><h3>Igangkj\u00f8ring og installasjon<\/h3>\n<p>Ved levering vil en sertifisert Deepchill\u00ae-tekniker sette i gang systemet p\u00e5 stedet for \u00e5 sikre s\u00f8ml\u00f8s installasjon og optimal drift.<\/p>\n<\/div><\/div><\/div><\/div><\/div><div class=\"vc_col-sm-6 wpb_column vc_column_container has-fill cd-alternate-img-box\"><div class=\"vc_column-inner us_custom_f61b2392\"><div class=\"wpb_wrapper\"><\/div><\/div><\/div><\/div><div class=\"g-cols wpb_row  type_default valign_top reversed vc_inner dc-alternate-section\"><div class=\"vc_col-sm-6 wpb_column vc_column_container has-fill cd-alternate-img-box\"><div class=\"vc_column-inner us_custom_0273858d\"><div class=\"wpb_wrapper\"><\/div><\/div><\/div><div class=\"vc_col-sm-6 wpb_column vc_column_container dc-light-blue-bg dc-with-subtitle-section\"><div class=\"vc_column-inner\"><div class=\"wpb_wrapper\"><div class=\"wpb_text_column\" ><div class=\"wpb_wrapper\"><h3>Sertifisert oppl\u00e6ring<\/h3>\n<p>Vi tilbyr omfattende oppl\u00e6ring p\u00e5 stedet for teamet ditt for \u00e5 sikre at de kan betjene og vedlikeholde systemet p\u00e5 riktig m\u00e5te. Praktisk oppl\u00e6ring leveres av en Deepchill\u00ae-tekniker, og et sertifikat utstedes til alle deltakere n\u00e5r kurset er fullf\u00f8rt.<\/p>\n<\/div><\/div><\/div><\/div><\/div><\/div><div class=\"g-cols wpb_row  type_default valign_top vc_inner dc-alternate-section\"><div class=\"vc_col-sm-6 wpb_column vc_column_container dc-light-blue-bg dc-with-subtitle-section\"><div class=\"vc_column-inner\"><div class=\"wpb_wrapper\"><div class=\"wpb_text_column\" ><div class=\"wpb_wrapper\"><h3>Service og vedlikehold<\/h3>\n<p>Alt utstyret v\u00e5rt er med garanti. Vi tilbyr ogs\u00e5 serviceavtaler for \u00e5 optimalisere ytelsen og forlenge levetiden til systemet. Avtalene er skreddersydd etter dine behov. Den inkluderer typisk fjernoverv\u00e5king, \u00e5rlige vedlikeholds- og servicebes\u00f8k og gunstige priser for deler og tekniker for service.<\/p>\n<\/div><\/div><\/div><\/div><\/div><div class=\"vc_col-sm-6 wpb_column vc_column_container has-fill cd-alternate-img-box\"><div class=\"vc_column-inner us_custom_8edcb07c\"><div class=\"wpb_wrapper\"><\/div><\/div><\/div><\/div><div class=\"g-cols wpb_row  type_default valign_top reversed vc_inner dc-alternate-section\"><div class=\"vc_col-sm-6 wpb_column vc_column_container has-fill cd-alternate-img-box\"><div class=\"vc_column-inner us_custom_8d81cf3d\"><div class=\"wpb_wrapper\"><\/div><\/div><\/div><div class=\"vc_col-sm-6 wpb_column vc_column_container dc-light-blue-bg dc-with-subtitle-section\"><div class=\"vc_column-inner\"><div class=\"wpb_wrapper\"><div class=\"wpb_text_column\" ><div class=\"wpb_wrapper\"><h3>Originale reservedeler<\/h3>\n<p>Vi garanterer tilgjengeligheten av originale reservedeler over hele verden. Deler kan bestilles hver for seg eller som pakker. Disse pakkene er utviklet for \u00e5 gi rask tilgang til kritiske deler, redusere feils\u00f8kingstid og levere h\u00f8yest mulig verdi.<\/p>\n<\/div><\/div><\/div><\/div><\/div><\/div><div class=\"g-cols wpb_row  type_default valign_top vc_inner dc-alternate-section\"><div class=\"vc_col-sm-6 wpb_column vc_column_container dc-light-blue-bg dc-with-subtitle-section\"><div class=\"vc_column-inner\"><div class=\"wpb_wrapper\"><div class=\"wpb_text_column\" ><div class=\"wpb_wrapper\"><h3>D\u00f8gn\u00e5pen kundest\u00f8tte<\/h3>\n<p>N\u00e5r som helst, uavhengig av tidssone, kan du enkelt komme i kontakt med en Deepchill\u00ae-tekniker ved \u00e5 ringe v\u00e5r d\u00f8gn\u00e5pne kundest\u00f8tte p\u00e5 <a href=\"tel:14166701404\">1-416-670-1404<\/a>, eller ved \u00e5 sende en e-post til <a href=\"mailto:service@deepchill.com\">service@deepchill.com<\/a>. Hvis det kreves arbeid p\u00e5 stedet, arrangeres det et bes\u00f8k av en servicetekniker s\u00e5 raskt som mulig.<\/p>\n<\/div><\/div><\/div><\/div><\/div><div class=\"vc_col-sm-6 wpb_column vc_column_container has-fill cd-alternate-img-box\"><div class=\"vc_column-inner us_custom_fff5d62c\"><div class=\"wpb_wrapper\"><\/div><\/div><\/div><\/div><div class=\"g-cols wpb_row  type_default valign_top reversed vc_inner dc-alternate-section\"><div class=\"vc_col-sm-6 wpb_column vc_column_container has-fill cd-alternate-img-box\"><div class=\"vc_column-inner us_custom_5e0d79a1\"><div class=\"wpb_wrapper\"><\/div><\/div><\/div><div class=\"vc_col-sm-6 wpb_column vc_column_container dc-light-blue-bg dc-with-subtitle-section\"><div class=\"vc_column-inner\"><div class=\"wpb_wrapper\"><div class=\"wpb_text_column\" ><div class=\"wpb_wrapper\"><h3>Fjernoverv\u00e5king og feils\u00f8king<\/h3>\n<p>Systemene v\u00e5re er utstyrt med eksterne overv\u00e5kingsfunksjoner. Dette gj\u00f8r det mulig for oss \u00e5 proaktivt overv\u00e5ke og feils\u00f8ke systemet ditt online. Denne forebyggende tiln\u00e6rmingen til service betyr at vi kan unng\u00e5 produksjonsproblemer. Det sikrer ogs\u00e5 at systemet ditt alltid kj\u00f8rer med topp effektivitet og reduserer vedlikeholdskostnadene.<\/p>\n<\/div><\/div><\/div><\/div><\/div><\/div><div class=\"g-cols wpb_row  type_default valign_top vc_inner dc-alternate-section\"><div class=\"vc_col-sm-6 wpb_column vc_column_container dc-light-blue-bg dc-with-subtitle-section\"><div class=\"vc_column-inner\"><div class=\"wpb_wrapper\"><div class=\"wpb_text_column\" ><div class=\"wpb_wrapper\"><h3>TIlpasning av programvare<\/h3>\n<p>Fullautomatiske Deepchill\u00ae-systemer styres av propriet\u00e6r programvare utstyrt med HMI-skjermer. Basert p\u00e5 kundens krav kan programvare, grensesnitt og spr\u00e5k tilpasses.<\/p>\n<\/div><\/div><\/div><\/div><\/div><div class=\"vc_col-sm-6 wpb_column vc_column_container has-fill cd-alternate-img-box\"><div class=\"vc_column-inner us_custom_9e5c2441\"><div class=\"wpb_wrapper\"><\/div><\/div><\/div><\/div><\/div><\/div><\/div><\/div><\/div><\/section>\n","protected":false},"excerpt":{"rendered":"D\u00f8gn\u00e5pen kundest\u00f8tte:+1 416-670-1404 Emailservice@deepchill.com Hvordan vi kan hjelpe R\u00e5dgivning om bruk og ingeni\u00f8rdesign Som pioner innen teknologi for slurry-is har Deepchill Solutions Inc. bygget over 40 \u00e5rs kunnskap og erfaring. V\u00e5rt team av probleml\u00f8sere har v\u00e6rt i forkant med bruk av slurry-is i nye n\u00e6ringer. Vi tror at en st\u00f8rrelse ikke passer alle. V\u00e5re l\u00f8sninger...","protected":false},"author":2,"featured_media":0,"parent":0,"menu_order":0,"comment_status":"closed","ping_status":"closed","template":"","meta":{"footnotes":""},"class_list":["post-13376","page","type-page","status-publish","hentry"],"aioseo_notices":[],"_links":{"self":[{"href":"https:\/\/www.deepchill.com\/no\/wp-json\/wp\/v2\/pages\/13376","targetHints":{"allow":["GET"]}}],"collection":[{"href":"https:\/\/www.deepchill.com\/no\/wp-json\/wp\/v2\/pages"}],"about":[{"href":"https:\/\/www.deepchill.com\/no\/wp-json\/wp\/v2\/types\/page"}],"author":[{"embeddable":true,"href":"https:\/\/www.deepchill.com\/no\/wp-json\/wp\/v2\/users\/2"}],"replies":[{"embeddable":true,"href":"https:\/\/www.deepchill.com\/no\/wp-json\/wp\/v2\/comments?post=13376"}],"version-history":[{"count":7,"href":"https:\/\/www.deepchill.com\/no\/wp-json\/wp\/v2\/pages\/13376\/revisions"}],"predecessor-version":[{"id":17179,"href":"https:\/\/www.deepchill.com\/no\/wp-json\/wp\/v2\/pages\/13376\/revisions\/17179"}],"wp:attachment":[{"href":"https:\/\/www.deepchill.com\/no\/wp-json\/wp\/v2\/media?parent=13376"}],"curies":[{"name":"wp","href":"https:\/\/api.w.org\/{rel}","templated":true}]}}