{"id":13421,"date":"2020-10-13T06:46:10","date_gmt":"2020-10-13T06:46:10","guid":{"rendered":"https:\/\/www.deepchill.com\/industries\/seafood\/"},"modified":"2023-04-19T04:13:33","modified_gmt":"2023-04-19T04:13:33","slug":"seafood","status":"publish","type":"page","link":"https:\/\/www.deepchill.com\/no\/industries\/seafood\/","title":{"rendered":"Deepchill for Sj\u00f8mat"},"content":{"rendered":"<section class=\"l-section wpb_row height_medium dc-normal-font\"><div class=\"l-section-h i-cf\"><div class=\"g-cols vc_row type_default valign_top\"><div class=\"vc_col-sm-12 wpb_column vc_column_container\"><div class=\"vc_column-inner\"><div class=\"wpb_wrapper\"><div class=\"wpb_text_column\" ><div class=\"wpb_wrapper\"><h2 style=\"font-family: 'AvenirNextLTProRegular'!important; font-size: 24px !important;\">Friskere. Lengre.<\/h2>\n<\/div><\/div><\/div><\/div><\/div><\/div><\/div><\/section><section class=\"l-section wpb_row height_auto width_full dc-inner-banner-img with_img\"><div class=\"l-section-img\" style=\"background-image: url(https:\/\/www.deepchill.com\/wp-content\/uploads\/2020\/10\/seafood-img3.jpg);background-repeat: no-repeat;\" data-img-width=\"1920\" data-img-height=\"520\"><\/div><div class=\"l-section-h i-cf\"><div class=\"g-cols vc_row type_default valign_top\"><div class=\"vc_col-sm-12 wpb_column vc_column_container\"><div class=\"vc_column-inner\"><div class=\"wpb_wrapper\"><\/div><\/div><\/div><\/div><\/div><\/section><section class=\"l-section wpb_row us_custom_19737bc8 height_medium dc-normal-font\"><div class=\"l-section-h i-cf\"><div class=\"g-cols vc_row type_default valign_top\"><div class=\"vc_col-sm-12 wpb_column vc_column_container\"><div class=\"vc_column-inner\"><div class=\"wpb_wrapper\"><div class=\"wpb_text_column\" ><div class=\"wpb_wrapper\"><p>I f\u00f8lge FN blir om lag 35%* av fisk og sj\u00f8mat kastet, tapt p\u00e5 annen m\u00e5te gjennom forskjellige stadier i forsyningskjeden. St\u00f8rstedelen av dette tapet (rundt 27%) skjer f\u00f8r sj\u00f8maten n\u00e5r forbrukerne. Bedre teknologier for bevaring og h\u00e5ndtering av matvarer kan bidra til \u00e5 gj\u00f8re en forskjell i \u00e5 redusere avfall fra sj\u00f8mat.<\/p>\n<p>Siden 1982 har Deepchill Solutions Inc. hjulpet sj\u00f8matbedrifter over hele verden med \u00e5 optimalisere driften ved \u00e5 hjelpe dem med \u00e5 utnytte kraften i Deepchill\u00ae for \u00e5 sikre god konservering.<\/p>\n<p>Enten du driver et fiskefart\u00f8y, en akvakulturfarm eller et prosessanlegg, passer Deepchill\u00ae lett inn i din virksomhet. Det lar deg skape det beste milj\u00f8et for sj\u00f8maten din i hvert trinn, fra innh\u00f8sting helt til forbruker.<\/p>\n<\/div><\/div><\/div><\/div><\/div><\/div><\/div><\/section><section class=\"l-section wpb_row height_medium dc-image-zoom-effect\"><div class=\"l-section-h i-cf\"><div class=\"g-cols vc_row type_default valign_top\"><div class=\"vc_col-sm-12 wpb_column vc_column_container\"><div class=\"vc_column-inner\"><div class=\"wpb_wrapper\"><div class=\"g-cols wpb_row  type_default valign_top vc_inner dc-industries-range dc-industries-range2 dc-small-height-img-box\"><div class=\"vc_col-sm-4 wpb_column vc_column_container\"><div class=\"vc_column-inner\"><div class=\"wpb_wrapper\"><div class=\"w-image align_center meta_modern\"><a title=\"Shrimp\" href=\"https:\/\/sunwell.com\/industries\/seafood\/shrimp\/?lang=no\" aria-label=\"Reker\" class=\"w-image-h\"><img loading=\"lazy\" decoding=\"async\" width=\"768\" height=\"768\" src=\"https:\/\/www.deepchill.com\/wp-content\/uploads\/2021\/07\/shrimp-img.jpg\" class=\"attachment-full size-full\" alt=\"Reker\" srcset=\"https:\/\/www.deepchill.com\/wp-content\/uploads\/2021\/07\/shrimp-img.jpg 768w, https:\/\/www.deepchill.com\/wp-content\/uploads\/2021\/07\/shrimp-img-300x300.jpg 300w, https:\/\/www.deepchill.com\/wp-content\/uploads\/2021\/07\/shrimp-img-150x150.jpg 150w, https:\/\/www.deepchill.com\/wp-content\/uploads\/2021\/07\/shrimp-img-600x600.jpg 600w, https:\/\/www.deepchill.com\/wp-content\/uploads\/2021\/07\/shrimp-img-400x400.jpg 400w\" sizes=\"auto, (max-width: 768px) 100vw, 768px\" \/><\/a><div class=\"w-image-meta\"><div class=\"w-image-title\">Reker<\/div><\/div><\/div><\/div><\/div><\/div><div class=\"vc_col-sm-4 wpb_column vc_column_container\"><div class=\"vc_column-inner\"><div class=\"wpb_wrapper\"><div class=\"w-image align_center meta_modern\"><a title=\"Mussels\" href=\"https:\/\/sunwell.com\/industries\/seafood\/mussels\/?lang=no\" aria-label=\"Bl\u00e5skjell\" class=\"w-image-h\"><img loading=\"lazy\" decoding=\"async\" width=\"768\" height=\"768\" src=\"https:\/\/www.deepchill.com\/wp-content\/uploads\/2021\/07\/mussels-img.jpg\" class=\"attachment-full size-full\" alt=\"Bl\u00e5skjell\" srcset=\"https:\/\/www.deepchill.com\/wp-content\/uploads\/2021\/07\/mussels-img.jpg 768w, https:\/\/www.deepchill.com\/wp-content\/uploads\/2021\/07\/mussels-img-300x300.jpg 300w, https:\/\/www.deepchill.com\/wp-content\/uploads\/2021\/07\/mussels-img-150x150.jpg 150w, https:\/\/www.deepchill.com\/wp-content\/uploads\/2021\/07\/mussels-img-600x600.jpg 600w, https:\/\/www.deepchill.com\/wp-content\/uploads\/2021\/07\/mussels-img-400x400.jpg 400w\" sizes=\"auto, (max-width: 768px) 100vw, 768px\" \/><\/a><div class=\"w-image-meta\"><div class=\"w-image-title\">Bl\u00e5skjell<\/div><\/div><\/div><\/div><\/div><\/div><div class=\"vc_col-sm-4 wpb_column vc_column_container\"><div class=\"vc_column-inner\"><div class=\"wpb_wrapper\"><div class=\"w-image align_center meta_modern\"><a title=\"Crab\" href=\"https:\/\/sunwell.com\/industries-we-work-with\/seafood\/crab\/?lang=no\" aria-label=\"Krabbe\" class=\"w-image-h\"><img loading=\"lazy\" decoding=\"async\" width=\"768\" height=\"768\" src=\"https:\/\/www.deepchill.com\/wp-content\/uploads\/2021\/07\/crab-img.jpg\" class=\"attachment-full size-full\" alt=\"Krabbe\" srcset=\"https:\/\/www.deepchill.com\/wp-content\/uploads\/2021\/07\/crab-img.jpg 768w, https:\/\/www.deepchill.com\/wp-content\/uploads\/2021\/07\/crab-img-300x300.jpg 300w, https:\/\/www.deepchill.com\/wp-content\/uploads\/2021\/07\/crab-img-150x150.jpg 150w, https:\/\/www.deepchill.com\/wp-content\/uploads\/2021\/07\/crab-img-600x600.jpg 600w, https:\/\/www.deepchill.com\/wp-content\/uploads\/2021\/07\/crab-img-400x400.jpg 400w\" sizes=\"auto, (max-width: 768px) 100vw, 768px\" \/><\/a><div class=\"w-image-meta\"><div class=\"w-image-title\">Krabbe<\/div><\/div><\/div><\/div><\/div><\/div><\/div><div class=\"g-cols wpb_row  type_default valign_top vc_inner dc-industries-range dc-industries-range2 dc-small-height-img-box\"><div class=\"vc_col-sm-4 wpb_column vc_column_container\"><div class=\"vc_column-inner\"><div class=\"wpb_wrapper\"><div class=\"w-image align_center meta_modern\"><a title=\"Wild-Caught Fish\" href=\"https:\/\/sunwell.com\/industries-we-work-with\/seafood\/wild-caught-fish\/?lang=no\" aria-label=\"Villfanget fisk\" class=\"w-image-h\"><img loading=\"lazy\" decoding=\"async\" width=\"768\" height=\"768\" src=\"https:\/\/www.deepchill.com\/wp-content\/uploads\/2021\/07\/wild-caught-fish-img.jpg\" class=\"attachment-full size-full\" alt=\"Villfanget fisk\" srcset=\"https:\/\/www.deepchill.com\/wp-content\/uploads\/2021\/07\/wild-caught-fish-img.jpg 768w, https:\/\/www.deepchill.com\/wp-content\/uploads\/2021\/07\/wild-caught-fish-img-300x300.jpg 300w, https:\/\/www.deepchill.com\/wp-content\/uploads\/2021\/07\/wild-caught-fish-img-150x150.jpg 150w, https:\/\/www.deepchill.com\/wp-content\/uploads\/2021\/07\/wild-caught-fish-img-600x600.jpg 600w, https:\/\/www.deepchill.com\/wp-content\/uploads\/2021\/07\/wild-caught-fish-img-400x400.jpg 400w\" sizes=\"auto, (max-width: 768px) 100vw, 768px\" \/><\/a><div class=\"w-image-meta\"><div class=\"w-image-title\">Villfanget fisk<\/div><\/div><\/div><\/div><\/div><\/div><div class=\"vc_col-sm-4 wpb_column vc_column_container\"><div class=\"vc_column-inner\"><div class=\"wpb_wrapper\"><div class=\"w-image align_center meta_modern\"><a title=\"Farmed Fish\" href=\"https:\/\/sunwell.com\/industries-we-work-with\/seafood\/farmed-fish\/?lang=no\" aria-label=\"Oppdrettsfisk\" class=\"w-image-h\"><img loading=\"lazy\" decoding=\"async\" width=\"768\" height=\"768\" src=\"https:\/\/www.deepchill.com\/wp-content\/uploads\/2021\/07\/farmed-fish-img.jpg\" class=\"attachment-full size-full\" alt=\"Oppdrettsfisk\" srcset=\"https:\/\/www.deepchill.com\/wp-content\/uploads\/2021\/07\/farmed-fish-img.jpg 768w, https:\/\/www.deepchill.com\/wp-content\/uploads\/2021\/07\/farmed-fish-img-300x300.jpg 300w, https:\/\/www.deepchill.com\/wp-content\/uploads\/2021\/07\/farmed-fish-img-150x150.jpg 150w, https:\/\/www.deepchill.com\/wp-content\/uploads\/2021\/07\/farmed-fish-img-600x600.jpg 600w, https:\/\/www.deepchill.com\/wp-content\/uploads\/2021\/07\/farmed-fish-img-400x400.jpg 400w\" sizes=\"auto, (max-width: 768px) 100vw, 768px\" \/><\/a><div class=\"w-image-meta\"><div class=\"w-image-title\">Oppdrettsfisk<\/div><\/div><\/div><\/div><\/div><\/div><div class=\"vc_col-sm-4 wpb_column vc_column_container\"><div class=\"vc_column-inner\"><div class=\"wpb_wrapper\"><div class=\"w-image align_center meta_modern\"><a title=\"Lobster\" href=\"https:\/\/sunwell.com\/industries-we-work-with\/seafood\/lobster\/?lang=no\" aria-label=\"Hummer\" class=\"w-image-h\"><img loading=\"lazy\" decoding=\"async\" width=\"768\" height=\"768\" src=\"https:\/\/www.deepchill.com\/wp-content\/uploads\/2021\/07\/lobster-img.jpg\" class=\"attachment-full size-full\" alt=\"Hummer\" srcset=\"https:\/\/www.deepchill.com\/wp-content\/uploads\/2021\/07\/lobster-img.jpg 768w, https:\/\/www.deepchill.com\/wp-content\/uploads\/2021\/07\/lobster-img-300x300.jpg 300w, https:\/\/www.deepchill.com\/wp-content\/uploads\/2021\/07\/lobster-img-150x150.jpg 150w, https:\/\/www.deepchill.com\/wp-content\/uploads\/2021\/07\/lobster-img-600x600.jpg 600w, https:\/\/www.deepchill.com\/wp-content\/uploads\/2021\/07\/lobster-img-400x400.jpg 400w\" sizes=\"auto, (max-width: 768px) 100vw, 768px\" \/><\/a><div class=\"w-image-meta\"><div class=\"w-image-title\">Hummer<\/div><\/div><\/div><\/div><\/div><\/div><\/div><\/div><\/div><\/div><\/div><\/div><\/section><section class=\"l-section wpb_row height_medium color_footer-top\"><div class=\"l-section-h i-cf\"><div class=\"g-cols vc_row type_default valign_top\"><div class=\"vc_col-sm-6 wpb_column vc_column_container\"><div class=\"vc_column-inner\"><div class=\"wpb_wrapper\"><div class=\"wpb_text_column\" ><div class=\"wpb_wrapper\"><p><strong>Visste du at..?<\/strong><\/p>\n<h3>Deepchilling, kvalitet og holdbarhet<\/h3>\n<p>Studier viser at reduksjon av lagringstemperatur fra 1,5 \u00b0C til -1,5 \u00b0C reduserer bakterieveksten med 50%, forsinker naturlig nedbrytning og forlenger holdbarheten til sj\u00f8mat.<\/p>\n<p>Deepchilling er kunsten \u00e5 raskt avkj\u00f8le sj\u00f8mat og samtidig opprettholde temperaturen mellom 0 \u00b0 C og -1,5 \u00b0 C, rett over frysepunktet. Deepchilling produserer sj\u00f8mat av h\u00f8yeste kvalitet og forlenger holdbarheten.<\/p>\n<p>Fisk nedkj\u00f8lt med Deepchill\u00ae har fastere kj\u00f8tt og t\u00e5ler videre foredling bedre. Den kan fileteres og skinnes mer presiste, noe som reduserer svinn<\/p>\n<\/div><\/div><\/div><\/div><\/div><div class=\"vc_col-sm-6 wpb_column vc_column_container\"><div class=\"vc_column-inner\"><div class=\"wpb_wrapper\"><div class=\"w-separator size_medium\"><\/div><div class=\"w-image align_center\"><div class=\"w-image-h\"><img loading=\"lazy\" decoding=\"async\" width=\"586\" height=\"352\" src=\"https:\/\/www.deepchill.com\/wp-content\/uploads\/2020\/10\/deep-chilling-img.jpg\" class=\"attachment-full size-full\" alt=\"deep-chilling-img\" srcset=\"https:\/\/www.deepchill.com\/wp-content\/uploads\/2020\/10\/deep-chilling-img.jpg 586w, https:\/\/www.deepchill.com\/wp-content\/uploads\/2020\/10\/deep-chilling-img-300x180.jpg 300w\" sizes=\"auto, (max-width: 586px) 100vw, 586px\" \/><\/div><\/div><\/div><\/div><\/div><\/div><\/div><\/section>\n","protected":false},"excerpt":{"rendered":"Friskere. Lengre. I f\u00f8lge FN blir om lag 35%* av fisk og sj\u00f8mat kastet, tapt p\u00e5 annen m\u00e5te gjennom forskjellige stadier i forsyningskjeden. St\u00f8rstedelen av dette tapet (rundt 27%) skjer f\u00f8r sj\u00f8maten n\u00e5r forbrukerne. Bedre teknologier for bevaring og h\u00e5ndtering av matvarer kan bidra til \u00e5 gj\u00f8re en forskjell i \u00e5 redusere avfall fra sj\u00f8mat....","protected":false},"author":2,"featured_media":0,"parent":12953,"menu_order":0,"comment_status":"closed","ping_status":"closed","template":"","meta":{"footnotes":""},"class_list":["post-13421","page","type-page","status-publish","hentry"],"aioseo_notices":[],"_links":{"self":[{"href":"https:\/\/www.deepchill.com\/no\/wp-json\/wp\/v2\/pages\/13421","targetHints":{"allow":["GET"]}}],"collection":[{"href":"https:\/\/www.deepchill.com\/no\/wp-json\/wp\/v2\/pages"}],"about":[{"href":"https:\/\/www.deepchill.com\/no\/wp-json\/wp\/v2\/types\/page"}],"author":[{"embeddable":true,"href":"https:\/\/www.deepchill.com\/no\/wp-json\/wp\/v2\/users\/2"}],"replies":[{"embeddable":true,"href":"https:\/\/www.deepchill.com\/no\/wp-json\/wp\/v2\/comments?post=13421"}],"version-history":[{"count":11,"href":"https:\/\/www.deepchill.com\/no\/wp-json\/wp\/v2\/pages\/13421\/revisions"}],"predecessor-version":[{"id":17196,"href":"https:\/\/www.deepchill.com\/no\/wp-json\/wp\/v2\/pages\/13421\/revisions\/17196"}],"up":[{"embeddable":true,"href":"https:\/\/www.deepchill.com\/no\/wp-json\/wp\/v2\/pages\/12953"}],"wp:attachment":[{"href":"https:\/\/www.deepchill.com\/no\/wp-json\/wp\/v2\/media?parent=13421"}],"curies":[{"name":"wp","href":"https:\/\/api.w.org\/{rel}","templated":true}]}}